{"id":17320,"date":"2025-09-11T15:15:36","date_gmt":"2025-09-11T13:15:36","guid":{"rendered":"https:\/\/quantum.com.pl\/product\/mt328\/"},"modified":"2025-11-04T15:29:39","modified_gmt":"2025-11-04T14:29:39","slug":"mt328","status":"publish","type":"product","link":"https:\/\/quantum.com.pl\/pl\/product\/mt328\/","title":{"rendered":"MT328"},"content":{"rendered":"<h4>Dane techniczne:<\/h4>\n<table>\n<tbody>\n<tr>\n<td>orm Factor<\/td>\n<td>Mini PCIe<\/td>\n<\/tr>\n<tr>\n<td>Input I\/F<\/td>\n<td>PCIExpress2.0 x 1<\/td>\n<\/tr>\n<tr>\n<td>Output I\/F<\/td>\n<td>RS232\/422\/485<\/td>\n<\/tr>\n<tr>\n<td>Output Connector<\/td>\n<td>DB-9 x 8<\/td>\n<\/tr>\n<tr>\n<td>TDP<\/td>\n<td>0.478W(3.3V x 145mA)<\/td>\n<\/tr>\n<tr>\n<td>Dimension(W x H x L)<\/td>\n<td>Main Board : 30 x 50.9 x 8.45 mm<\/p>\n<p>Daughter Board : 23.2 x 36 x 16.35 mm<\/td>\n<\/tr>\n<tr>\n<td>Temperture<\/td>\n<td>Operating temperature: -40\u00b0C to 85\u00b0C<\/p>\n<p>Storage temperature: -55\u00b0C to 95\u00b0C<\/td>\n<\/tr>\n<tr>\n<td>Environment<\/td>\n<td>Vibration : 5G @7~2000Hz, Shock : 50G @ 0.5ms<\/td>\n<\/tr>\n<tr>\n<td>Notes<\/td>\n<td>Please download driver from MyInnodisk website. Windows: XP(32 bit), 7(32\/64 bit), 8\/8.1(32\/64 bit), 10, WES7, CE7.0 Linux: Kernel 2.6.x and above.(We can provide Linux source for modification.)<\/td>\n<\/tr>\n<\/tbody>\n<\/table>\n","protected":false},"excerpt":{"rendered":"<div class=\"product__body\">\n<p>Mini PCIe\u00a0 COM Module to 8 x RS232\/422\/485<\/p>\n<h4>Najwa\u017cniejsze cechy:<\/h4>\n<ul>\n<li>Zgodno\u015b\u0107 ze standardem PCIe 2.0. Tryb RS-232\/422\/485 konfigurowalny programowo.<\/li>\n<li>Przepustowo\u015b\u0107 transmisji szeregowej od 4800 do 3 Mb\/s (RS232 921,6 kb\/s), kompatybilno\u015b\u0107 z 16C550. 256-bajtowe pami\u0119ci FIFO.<\/li>\n<li>Elastyczna konstrukcja z 8 kablami i p\u0142ytami rozszerze\u0144 (z\u0142\u0105cza DB-9).<\/li>\n<li>Rezystor ko\u0144cowy i wyj\u015bcie 5 V\/12 V ustawiane zwork\u0105 na p\u0142ycie rozszerze\u0144.<\/li>\n<li>Uk\u0142ad zabezpieczaj\u0105cy przed wy\u0142adowaniami elektrostatycznymi (ESD) zapobiegaj\u0105cy uszkodzeniom systemu.<\/li>\n<li>Temperatura pracy: od -40\u00b0C do 85\u00b0C.<\/li>\n<\/ul>\n<h4><span class=\"HwtZe\" lang=\"pl\"><span class=\"jCAhz ChMk0b\"><span class=\"ryNqvb\">Wi\u0119cej informacji: <\/span><\/span><\/span><\/h4>\n<p><span class=\"HwtZe\" lang=\"pl\"><span class=\"jCAhz ChMk0b\"><span class=\"ryNqvb\">Karta rozszerze\u0144 <a href=\"https:\/\/perfectron.com\/sites\/default\/files\/inline-images\/MT328%E6%8B%89%E7%B7%9A%E5%9C%96.jpg\">MT328<\/a> zapewnia elastyczno\u015b\u0107 o\u015bmiu port\u00f3w COM RS232\/422\/485 dla p\u0142yty g\u0142\u00f3wnej i systemu z interfejsem mPCIe.<\/span><\/span> <span class=\"jCAhz ChMk0b\"><span class=\"ryNqvb\">Obs\u0142uguje rozszerzon\u0105 temperatur\u0119 pracy: od -40\u00b0C do 85\u00b0C.<\/span><\/span> <span class=\"jCAhz ChMk0b\"><span class=\"ryNqvb\">MT328 idealnie nadaje si\u0119 do zastosowa\u0144 w pojazdach i automatyce.<\/span><\/span><\/span><\/p>\n<\/div>\n","protected":false},"featured_media":17312,"template":"","meta":{"_acf_changed":false,"inline_featured_image":false,"_monsterinsights_skip_tracking":false,"_monsterinsights_sitenote_active":false,"_monsterinsights_sitenote_note":"","_monsterinsights_sitenote_category":0},"product_brand":[],"product_cat":[509,673],"product_tag":[],"class_list":{"0":"post-17320","1":"product","2":"type-product","3":"status-publish","4":"has-post-thumbnail","6":"product_cat-perfectron","7":"product_cat-peryferia-2","9":"first","10":"instock","11":"shipping-taxable","12":"product-type-simple"},"acf":[],"_links":{"self":[{"href":"https:\/\/quantum.com.pl\/pl\/wp-json\/wp\/v2\/product\/17320","targetHints":{"allow":["GET"]}}],"collection":[{"href":"https:\/\/quantum.com.pl\/pl\/wp-json\/wp\/v2\/product"}],"about":[{"href":"https:\/\/quantum.com.pl\/pl\/wp-json\/wp\/v2\/types\/product"}],"wp:featuredmedia":[{"embeddable":true,"href":"https:\/\/quantum.com.pl\/pl\/wp-json\/wp\/v2\/media\/17312"}],"wp:attachment":[{"href":"https:\/\/quantum.com.pl\/pl\/wp-json\/wp\/v2\/media?parent=17320"}],"wp:term":[{"taxonomy":"product_brand","embeddable":true,"href":"https:\/\/quantum.com.pl\/pl\/wp-json\/wp\/v2\/product_brand?post=17320"},{"taxonomy":"product_cat","embeddable":true,"href":"https:\/\/quantum.com.pl\/pl\/wp-json\/wp\/v2\/product_cat?post=17320"},{"taxonomy":"product_tag","embeddable":true,"href":"https:\/\/quantum.com.pl\/pl\/wp-json\/wp\/v2\/product_tag?post=17320"}],"curies":[{"name":"wp","href":"https:\/\/api.w.org\/{rel}","templated":true}]}}