{"id":17327,"date":"2025-10-17T15:39:57","date_gmt":"2025-10-17T13:39:57","guid":{"rendered":"https:\/\/quantum.com.pl\/product\/mt203\/"},"modified":"2025-10-17T15:56:59","modified_gmt":"2025-10-17T13:56:59","slug":"mt203","status":"publish","type":"product","link":"https:\/\/quantum.com.pl\/pl\/product\/mt203\/","title":{"rendered":"MT203"},"content":{"rendered":"<h4>Dane techniczne:<\/h4>\n<table class=\"TableNormal\">\n<tbody>\n<tr>\n<th colspan=\"2\"><span lang=\"EN-US\">System<\/span><\/th>\n<\/tr>\n<tr>\n<td><span lang=\"EN-US\">Bus Type<\/span><\/td>\n<td><span lang=\"EN-US\">PCIe x8 (Gen2 x8 bus)<\/span><\/td>\n<\/tr>\n<tr>\n<td><span lang=\"EN-US\">Chipset ID<\/span><\/td>\n<td><span lang=\"EN-US\">Intel\u00ae X550-AT2<\/span><\/td>\n<\/tr>\n<tr>\n<td><span lang=\"EN-US\">Number of Ports<\/span><\/td>\n<td><span lang=\"EN-US\">4 x 10GBASE-T RJ45 LAN ports<\/span><\/td>\n<\/tr>\n<tr>\n<td><span lang=\"EN-US\">Transfer Rate<\/span><\/td>\n<td><span lang=\"EN-US\">Supports 10Gb\/s, 1Gb\/s per port<\/span><\/td>\n<\/tr>\n<tr>\n<td><span lang=\"EN-US\">Dimension<\/span><\/td>\n<td><span lang=\"EN-US\">168 x 68.9 mm<\/span><\/td>\n<\/tr>\n<\/tbody>\n<\/table>\n","protected":false},"excerpt":{"rendered":"<h4>Najwa\u017cniejsze cechy:<\/h4>\n<div class=\"product__field-features\">\n<p>Modu\u0142 sieciowy Intel\u00ae X550-AT2 10 Gb\/s 4-portowy<\/p>\n<ul>\n<li>4 porty LAN 10GBASE-T RJ45<\/li>\n<li>Obs\u0142uguje 10 Gb\/s, 1 Gb\/s na port<\/li>\n<li>2 x Intel\u00ae X550-AT2<\/li>\n<li>PCIe 3.0 x8<\/li>\n<li>Niski profil, po\u0142owa d\u0142ugo\u015bci<\/li>\n<li>168 x 68,9 mm<\/li>\n<\/ul>\n<h4>Wi\u0119cej informacji<\/h4>\n<p>Modu\u0142 sieciowy MT203 10 Gb\/s 4-portowy z interfejsem PCIe i obs\u0142ug\u0105 wysokiej wydajno\u015bci. MT203 jest wyposa\u017cony w uk\u0142ad kontrolera Intel\u00ae X550-AT2, kt\u00f3ry obs\u0142uguje inteligentne odci\u0105\u017canie i zwi\u0119ksza stabilno\u015b\u0107 komputera. MT203 zapewnia moc, wydajno\u015b\u0107 i rozszerzone mo\u017cliwo\u015bci niezb\u0119dne do niezawodnych po\u0142\u0105cze\u0144 sieciowych.<\/p>\n<\/div>\n","protected":false},"featured_media":17324,"template":"","meta":{"_acf_changed":false,"inline_featured_image":false,"_monsterinsights_skip_tracking":false,"_monsterinsights_sitenote_active":false,"_monsterinsights_sitenote_note":"","_monsterinsights_sitenote_category":0},"product_brand":[],"product_cat":[509,673],"product_tag":[],"class_list":{"0":"post-17327","1":"product","2":"type-product","3":"status-publish","4":"has-post-thumbnail","6":"product_cat-perfectron","7":"product_cat-peryferia-2","9":"first","10":"instock","11":"shipping-taxable","12":"product-type-simple"},"acf":[],"_links":{"self":[{"href":"https:\/\/quantum.com.pl\/pl\/wp-json\/wp\/v2\/product\/17327","targetHints":{"allow":["GET"]}}],"collection":[{"href":"https:\/\/quantum.com.pl\/pl\/wp-json\/wp\/v2\/product"}],"about":[{"href":"https:\/\/quantum.com.pl\/pl\/wp-json\/wp\/v2\/types\/product"}],"wp:featuredmedia":[{"embeddable":true,"href":"https:\/\/quantum.com.pl\/pl\/wp-json\/wp\/v2\/media\/17324"}],"wp:attachment":[{"href":"https:\/\/quantum.com.pl\/pl\/wp-json\/wp\/v2\/media?parent=17327"}],"wp:term":[{"taxonomy":"product_brand","embeddable":true,"href":"https:\/\/quantum.com.pl\/pl\/wp-json\/wp\/v2\/product_brand?post=17327"},{"taxonomy":"product_cat","embeddable":true,"href":"https:\/\/quantum.com.pl\/pl\/wp-json\/wp\/v2\/product_cat?post=17327"},{"taxonomy":"product_tag","embeddable":true,"href":"https:\/\/quantum.com.pl\/pl\/wp-json\/wp\/v2\/product_tag?post=17327"}],"curies":[{"name":"wp","href":"https:\/\/api.w.org\/{rel}","templated":true}]}}