{"id":17345,"date":"2025-10-20T15:14:34","date_gmt":"2025-10-20T13:14:34","guid":{"rendered":"https:\/\/quantum.com.pl\/product\/mt321\/"},"modified":"2025-11-05T11:11:07","modified_gmt":"2025-11-05T10:11:07","slug":"mt321","status":"publish","type":"product","link":"https:\/\/quantum.com.pl\/pl\/product\/mt321\/","title":{"rendered":"MT321"},"content":{"rendered":"<h4>Dane techniczne:<\/h4>\n<table class=\"TableNormal\">\n<tbody>\n<tr>\n<th colspan=\"2\"><strong><span lang=\"EN-US\" xml:lang=\"EN-US\">System<\/span><\/strong><\/th>\n<\/tr>\n<tr>\n<td><span lang=\"EN-US\" xml:lang=\"EN-US\">Interface<\/span><\/td>\n<td><span lang=\"EN-US\" xml:lang=\"EN-US\">Mini PCI Express<\/span><\/td>\n<\/tr>\n<tr>\n<td><span lang=\"EN-US\" xml:lang=\"EN-US\">Chipset ID<\/span><\/td>\n<td><span lang=\"EN-US\" xml:lang=\"EN-US\">Intel\u00ae i210IT<\/span><\/td>\n<\/tr>\n<tr>\n<td><span lang=\"EN-US\" xml:lang=\"EN-US\">Number of Ports<\/span><\/td>\n<td><span lang=\"EN-US\" xml:lang=\"EN-US\">2 x GbE<\/span><\/td>\n<\/tr>\n<tr>\n<td><span lang=\"EN-US\" xml:lang=\"EN-US\">Transfer Rate<\/span><\/td>\n<td><span lang=\"EN-US\" xml:lang=\"EN-US\">10\/100\/1000 Mbps<\/span><\/td>\n<\/tr>\n<tr>\n<td><span lang=\"EN-US\" xml:lang=\"EN-US\">Dimension<\/span><\/td>\n<td><span lang=\"EN-US\" xml:lang=\"EN-US\">30 x 52 mm (W x L)<\/span><\/td>\n<\/tr>\n<tr>\n<td><span lang=\"EN-US\" xml:lang=\"EN-US\">Environment<\/span><\/td>\n<td><span lang=\"EN-US\" xml:lang=\"EN-US\">Operating temperature: -40\u00b0C to 85\u00b0C<\/span><\/p>\n<p><span lang=\"EN-US\" xml:lang=\"EN-US\">Storage temperature: -40\u00b0C to 85\u00b0C<\/span><\/td>\n<\/tr>\n<tr>\n<td><\/td>\n<td><\/td>\n<\/tr>\n<\/tbody>\n<\/table>\n","protected":false},"excerpt":{"rendered":"<h4>Najwa\u017cniejsze cechy:<\/h4>\n<div class=\"col-sm-6 bs-region bs-region--right\">\n<div class=\"product__field-features\">\n<p>Modu\u0142 sieciowy Intel\u00ae i210IT Mini PCIe Dual Gigabit Ethernet, rozszerzony zakres temperatur od -40\u00b0C do 85\u00b0C<\/p>\n<ul>\n<li>Zgodno\u015b\u0107 z PCI Express 1.1<\/li>\n<li>Zgodno\u015b\u0107 z interfejsem Ethernet IEEE802.3 dla aplikacji 1000Base-T, 100Base-TX i 10Base-T (802.3, 802.3u, 802.3ab)<\/li>\n<li>Obs\u0142uguje standardy IEEE 802.3az (EEE), 802.1AS i 802.1Qav (AVB)<\/li>\n<li>Rozszerzony zakres temperatur od -40\u00b0C do 85\u00b0C<\/li>\n<\/ul>\n<h4>Wi\u0119cej informacji:<\/h4>\n<p>Karta rozszerze\u0144 MT321 zapewnia elastyczno\u015b\u0107 pod\u0142\u0105czenia dw\u00f3ch port\u00f3w LAN 10\/100\/1000 Mb\/s do p\u0142yty g\u0142\u00f3wnej i systemu z interfejsem mPCIe. Obs\u0142uguje rozszerzon\u0105 temperatur\u0119 pracy od -40\u00b0C do 85\u00b0C. Karta MT321 idealnie nadaje si\u0119 do zastosowa\u0144 wymagaj\u0105cych du\u017cej intensywno\u015bci pracy sieci i monitoringu.<\/p>\n<\/div>\n<\/div>\n","protected":false},"featured_media":17344,"template":"","meta":{"_acf_changed":false,"inline_featured_image":false,"_monsterinsights_skip_tracking":false,"_monsterinsights_sitenote_active":false,"_monsterinsights_sitenote_note":"","_monsterinsights_sitenote_category":0},"product_brand":[],"product_cat":[509,673],"product_tag":[],"class_list":{"0":"post-17345","1":"product","2":"type-product","3":"status-publish","4":"has-post-thumbnail","6":"product_cat-perfectron","7":"product_cat-peryferia-2","9":"first","10":"instock","11":"shipping-taxable","12":"product-type-simple"},"acf":[],"_links":{"self":[{"href":"https:\/\/quantum.com.pl\/pl\/wp-json\/wp\/v2\/product\/17345","targetHints":{"allow":["GET"]}}],"collection":[{"href":"https:\/\/quantum.com.pl\/pl\/wp-json\/wp\/v2\/product"}],"about":[{"href":"https:\/\/quantum.com.pl\/pl\/wp-json\/wp\/v2\/types\/product"}],"wp:featuredmedia":[{"embeddable":true,"href":"https:\/\/quantum.com.pl\/pl\/wp-json\/wp\/v2\/media\/17344"}],"wp:attachment":[{"href":"https:\/\/quantum.com.pl\/pl\/wp-json\/wp\/v2\/media?parent=17345"}],"wp:term":[{"taxonomy":"product_brand","embeddable":true,"href":"https:\/\/quantum.com.pl\/pl\/wp-json\/wp\/v2\/product_brand?post=17345"},{"taxonomy":"product_cat","embeddable":true,"href":"https:\/\/quantum.com.pl\/pl\/wp-json\/wp\/v2\/product_cat?post=17345"},{"taxonomy":"product_tag","embeddable":true,"href":"https:\/\/quantum.com.pl\/pl\/wp-json\/wp\/v2\/product_tag?post=17345"}],"curies":[{"name":"wp","href":"https:\/\/api.w.org\/{rel}","templated":true}]}}