{"id":17365,"date":"2025-10-20T15:59:11","date_gmt":"2025-10-20T13:59:11","guid":{"rendered":"https:\/\/quantum.com.pl\/product\/ssd\/"},"modified":"2026-01-07T11:42:01","modified_gmt":"2026-01-07T10:42:01","slug":"ssd","status":"publish","type":"product","link":"https:\/\/quantum.com.pl\/pl\/product\/ssd\/","title":{"rendered":"SSD"},"content":{"rendered":"<h4>Dane techniczne:<\/h4>\n<table class=\"specs-table\">\n<tbody>\n<tr id=\"seriesNameRow\" class=\"table-row firstRow\">\n<th colspan=\"2\"><\/th>\n<td><\/td>\n<td><\/td>\n<td><\/td>\n<td><\/td>\n<\/tr>\n<tr id=\"interfaceRow\" class=\"table-row\">\n<th colspan=\"2\">Interface<\/th>\n<td>SATA Revision 3.1<\/td>\n<td><\/td>\n<td><\/td>\n<td><\/td>\n<\/tr>\n<tr id=\"capacityCoverageRow\" class=\"table-row\">\n<th colspan=\"2\">Capacity Coverage<\/th>\n<td>8GB~1TB<\/td>\n<td><\/td>\n<td><\/td>\n<td><\/td>\n<\/tr>\n<tr id=\"capacityTitle\" class=\"table-row\">\n<th colspan=\"1\" rowspan=\"7\">Capacity<\/th>\n<th colspan=\"1\" rowspan=\"1\"><\/th>\n<th colspan=\"1\" rowspan=\"1\"><\/th>\n<th colspan=\"1\" rowspan=\"1\"><\/th>\n<th colspan=\"1\" rowspan=\"1\"><\/th>\n<th colspan=\"1\" rowspan=\"1\"><\/th>\n<\/tr>\n<tr class=\"sub-row capacity-sub-row\">\n<th>SLC<\/th>\n<td>8GB~128GB<\/td>\n<td><\/td>\n<td><\/td>\n<td><\/td>\n<\/tr>\n<tr class=\"sub-row capacity-sub-row\">\n<th>MLC<\/th>\n<td>32GB~512GB<\/td>\n<td><\/td>\n<td><\/td>\n<td><\/td>\n<\/tr>\n<tr class=\"sub-row capacity-sub-row\">\n<th>2D pSLC<\/th>\n<td>16GB~256GB<\/td>\n<td><\/td>\n<td><\/td>\n<td><\/td>\n<\/tr>\n<tr class=\"sub-row capacity-sub-row\">\n<th>3D TLC<\/th>\n<td>32GB~1TB<\/td>\n<td><\/td>\n<td><\/td>\n<td><\/td>\n<\/tr>\n<tr class=\"sub-row capacity-sub-row\">\n<th>3D pSLC<\/th>\n<td>8GB~256GB<\/td>\n<td><\/td>\n<td><\/td>\n<td><\/td>\n<\/tr>\n<tr id=\"performanceRow\" class=\"table-row\">\n<th colspan=\"2\">Performance Overview<\/th>\n<td>Seq. R : 550 MB\/s ; Seq. W :500 MB\/s<\/td>\n<td><\/td>\n<td><\/td>\n<\/tr>\n<tr id=\"performanceTitle\" class=\"table-row\">\n<th colspan=\"1\" rowspan=\"6\">Performance<\/th>\n<th colspan=\"1\" rowspan=\"1\"><\/th>\n<th colspan=\"1\" rowspan=\"1\"><\/th>\n<th colspan=\"1\" rowspan=\"1\"><\/th>\n<th colspan=\"1\" rowspan=\"1\"><\/th>\n<th colspan=\"1\" rowspan=\"1\"><\/th>\n<\/tr>\n<tr class=\"sub-row performance-sub-row\">\n<th>SLC<\/th>\n<td>Seq. R : 540 MB\/s ; Seq. W :420 MB\/s<\/td>\n<td><\/td>\n<td><\/td>\n<td><\/td>\n<\/tr>\n<tr class=\"sub-row performance-sub-row\">\n<th>MLC<\/th>\n<td>Seq. R : 550 MB\/s ; Seq. W : 490 MB\/s<\/td>\n<td><\/td>\n<td><\/td>\n<td><\/td>\n<\/tr>\n<tr class=\"sub-row performance-sub-row\">\n<th>2D pSLC<\/th>\n<td>Seq. R : 550 MB\/s ; Seq. W : 490 MB\/s<\/td>\n<td><\/td>\n<td><\/td>\n<td><\/td>\n<\/tr>\n<tr class=\"sub-row performance-sub-row\">\n<th>3D TLC<\/th>\n<td>Seq. R : 550 MB\/s ; Seq. W : 500 MB\/s<\/td>\n<td><\/td>\n<td><\/td>\n<td><\/td>\n<\/tr>\n<tr class=\"sub-row performance-sub-row\">\n<th>3D pSLC<\/th>\n<td>Seq. R : 550 MB\/s ; Seq. W : 470 MB\/s<\/td>\n<td><\/td>\n<td><\/td>\n<td><\/td>\n<\/tr>\n<tr id=\"operatingTempRow\" class=\"table-row\">\n<th colspan=\"2\">Standard Operating Temperature<\/th>\n<td>0~70\u00b0C<\/td>\n<td><\/td>\n<td><\/td>\n<td><\/td>\n<\/tr>\n<tr id=\"extendedTempRow\" class=\"table-row\">\n<th colspan=\"2\">Extended Operating Temperature<\/th>\n<td>-40~85\u00b0C<\/td>\n<td><\/td>\n<td><\/td>\n<td><\/td>\n<\/tr>\n<tr id=\"dimensionsRow\" class=\"table-row\">\n<th colspan=\"2\">Dimension LxWxH (mm)<\/th>\n<td colspan=\"4\">54mm(L) x 39mm(W) x 4.00mm(H)<\/td>\n<\/tr>\n<tr id=\"techRow\" class=\"table-row\">\n<th colspan=\"2\">Technology<\/th>\n<td>#S.M.A.R.T<\/td>\n<\/tr>\n<\/tbody>\n<\/table>\n<p>&nbsp;<\/p>\n<p>&nbsp;<\/p>\n","protected":false},"excerpt":{"rendered":"<h4>Najwa\u017cniejsze cechy dysk\u00f3w SATA:<\/h4>\n<ul>\n<li>Niskie zu\u017cycie energii w por\u00f3wnaniu z tradycyjnymi dyskami twardymi oraz mo\u017cliwo\u015b\u0107 wymiany dysk\u00f3w flash podczas ich wyjmowania, wymiany i modernizacji.<\/li>\n<li>Praca z maksymaln\u0105 cz\u0119stotliwo\u015bci\u0105 200 MHz z zewn\u0119trznym kwarcem 30 MHz.<\/li>\n<li>Szeroki zakres pojemno\u015bci do 1 TB.<\/li>\n<li>Osi\u0105gni\u0119cie pr\u0119dko\u015bci odczytu do 550 MB\/s oraz zapisu do 500 MB\/s (z w\u0142\u0105czon\u0105 pami\u0119ci\u0105 podr\u0119czn\u0105 SDR o pojemno\u015bci 32 MB, mierzon\u0105 przez CrystalDiskMark v5.0).<\/li>\n<\/ul>\n","protected":false},"featured_media":17354,"template":"","meta":{"_acf_changed":false,"inline_featured_image":false,"_monsterinsights_skip_tracking":false,"_monsterinsights_sitenote_active":false,"_monsterinsights_sitenote_note":"","_monsterinsights_sitenote_category":0},"product_brand":[],"product_cat":[1717],"product_tag":[],"class_list":{"0":"post-17365","1":"product","2":"type-product","3":"status-publish","4":"has-post-thumbnail","6":"product_cat-dyski-ssd","8":"first","9":"instock","10":"shipping-taxable","11":"product-type-simple"},"acf":[],"_links":{"self":[{"href":"https:\/\/quantum.com.pl\/pl\/wp-json\/wp\/v2\/product\/17365","targetHints":{"allow":["GET"]}}],"collection":[{"href":"https:\/\/quantum.com.pl\/pl\/wp-json\/wp\/v2\/product"}],"about":[{"href":"https:\/\/quantum.com.pl\/pl\/wp-json\/wp\/v2\/types\/product"}],"wp:featuredmedia":[{"embeddable":true,"href":"https:\/\/quantum.com.pl\/pl\/wp-json\/wp\/v2\/media\/17354"}],"wp:attachment":[{"href":"https:\/\/quantum.com.pl\/pl\/wp-json\/wp\/v2\/media?parent=17365"}],"wp:term":[{"taxonomy":"product_brand","embeddable":true,"href":"https:\/\/quantum.com.pl\/pl\/wp-json\/wp\/v2\/product_brand?post=17365"},{"taxonomy":"product_cat","embeddable":true,"href":"https:\/\/quantum.com.pl\/pl\/wp-json\/wp\/v2\/product_cat?post=17365"},{"taxonomy":"product_tag","embeddable":true,"href":"https:\/\/quantum.com.pl\/pl\/wp-json\/wp\/v2\/product_tag?post=17365"}],"curies":[{"name":"wp","href":"https:\/\/api.w.org\/{rel}","templated":true}]}}