{"id":17373,"date":"2025-10-30T13:00:06","date_gmt":"2025-10-30T12:00:06","guid":{"rendered":"https:\/\/quantum.com.pl\/product\/sd-hc\/"},"modified":"2026-01-07T11:37:01","modified_gmt":"2026-01-07T10:37:01","slug":"sd-hc","status":"publish","type":"product","link":"https:\/\/quantum.com.pl\/pl\/product\/sd-hc\/","title":{"rendered":"SD HC"},"content":{"rendered":"<h4>Dane techniczne kart pami\u0119ci SD-HC:<\/h4>\n<table class=\"specs-table\">\n<tbody>\n<tr id=\"seriesNameRow\" class=\"table-row firstRow\">\n<th colspan=\"2\">Series Name<\/th>\n<td><\/td>\n<td><\/td>\n<td><\/td>\n<td><\/td>\n<\/tr>\n<tr id=\"interfaceRow\" class=\"table-row\">\n<th colspan=\"2\">Interface<\/th>\n<td>SD 7.0<\/td>\n<td><\/td>\n<td><\/td>\n<td><\/td>\n<\/tr>\n<tr id=\"capacityCoverageRow\" class=\"table-row\">\n<th colspan=\"2\">Capacity Coverage<\/th>\n<td>32GB~1TB<\/td>\n<td><\/td>\n<td><\/td>\n<td><\/td>\n<\/tr>\n<tr id=\"capacityTitle\" class=\"table-row\">\n<th colspan=\"1\" rowspan=\"3\">Capacity<\/th>\n<th colspan=\"1\" rowspan=\"1\"><\/th>\n<th colspan=\"1\" rowspan=\"1\"><\/th>\n<th colspan=\"1\" rowspan=\"1\"><\/th>\n<th colspan=\"1\" rowspan=\"1\"><\/th>\n<th colspan=\"1\" rowspan=\"1\"><\/th>\n<\/tr>\n<tr class=\"sub-row capacity-sub-row\">\n<th>3D TLC<\/th>\n<td>32GB~1TB<\/td>\n<td><\/td>\n<td><\/td>\n<td><\/td>\n<\/tr>\n<tr class=\"sub-row capacity-sub-row\">\n<th>3D pSLC<\/th>\n<td>32GB~512GB<\/td>\n<td><\/td>\n<td><\/td>\n<td><\/td>\n<\/tr>\n<tr id=\"performanceRow\" class=\"table-row\">\n<th colspan=\"2\">Performance Overview<\/th>\n<td>Seq. R : 287 MB\/s ; Seq. W :195 MB\/s<\/td>\n<td><\/td>\n<td><\/td>\n<td><\/td>\n<\/tr>\n<tr id=\"performanceTitle\" class=\"table-row\">\n<th colspan=\"1\" rowspan=\"3\">Performance<\/th>\n<th colspan=\"1\" rowspan=\"1\"><\/th>\n<th colspan=\"1\" rowspan=\"1\"><\/th>\n<th colspan=\"1\" rowspan=\"1\"><\/th>\n<th colspan=\"1\" rowspan=\"1\"><\/th>\n<th colspan=\"1\" rowspan=\"1\"><\/th>\n<\/tr>\n<tr class=\"sub-row performance-sub-row\">\n<th>3D TLC<\/th>\n<td>Seq. R : 287MB\/s ; Seq. W : 195 MB\/s<\/td>\n<td><\/td>\n<td><\/td>\n<td><\/td>\n<\/tr>\n<tr class=\"sub-row performance-sub-row\">\n<th>3D pSLC<\/th>\n<td>Seq. R : 290 MB\/s ; Seq. W : 269 MB\/s<\/td>\n<td><\/td>\n<td><\/td>\n<td><\/td>\n<\/tr>\n<tr id=\"operatingTempRow\" class=\"table-row\">\n<th colspan=\"2\">Standard Operating Temperature<\/th>\n<td>-25~85\u00b0C<\/td>\n<td><\/td>\n<td><\/td>\n<td><\/td>\n<\/tr>\n<tr id=\"extendedTempRow\" class=\"table-row\">\n<th colspan=\"2\">Extended Operating Temperature<\/th>\n<td>-40~85\u00b0C<\/td>\n<td><\/td>\n<td><\/td>\n<td><\/td>\n<\/tr>\n<tr id=\"dimensionsRow\" class=\"table-row\">\n<th colspan=\"2\">Dimension LxWxH (mm)<\/th>\n<td colspan=\"4\">32mm(L) x 24mm(W) x 2.1mm(H)<\/td>\n<\/tr>\n<tr id=\"techRow\" class=\"table-row\">\n<th colspan=\"2\">Technology<\/th>\n<td>#S.M.A.R.T<\/td>\n<td><\/td>\n<td><\/td>\n<td><\/td>\n<\/tr>\n<tr id=\"datasheetRow\" class=\"table-row\">\n<th colspan=\"2\"><\/th>\n<td><\/td>\n<\/tr>\n<\/tbody>\n<\/table>\n","protected":false},"excerpt":{"rendered":"<h4>Najwa\u017cniejsze cechy:<\/h4>\n<ul>\n<li>Praca z maksymaln\u0105 przepustowo\u015bci\u0105 (logiczna\/idealna wydajno\u015b\u0107) do 312 MB\/s. Mo\u017cliwo\u015b\u0107 prze\u0142\u0105czania protoko\u0142u komunikacyjnego mi\u0119dzy trybem SD a trybem SPI.<\/li>\n<li>Pojemno\u015b\u0107 karty wynosi od 32 GB do 1 TB (SDXC).<\/li>\n<li>Nowy interfejs i design karty SD do rejestrator\u00f3w 8K i 4K2K, a tak\u017ce najcie\u0144sze i najl\u017cejsze urz\u0105dzenie pami\u0119ci masowej z pr\u0119dko\u015bci\u0105 ponad 245 MB\/s.<\/li>\n<\/ul>\n","protected":false},"featured_media":17372,"template":"","meta":{"_acf_changed":false,"inline_featured_image":false,"_monsterinsights_skip_tracking":false,"_monsterinsights_sitenote_active":false,"_monsterinsights_sitenote_note":"","_monsterinsights_sitenote_category":0},"product_brand":[],"product_cat":[1717],"product_tag":[],"class_list":{"0":"post-17373","1":"product","2":"type-product","3":"status-publish","4":"has-post-thumbnail","6":"product_cat-dyski-ssd","8":"first","9":"instock","10":"shipping-taxable","11":"product-type-simple"},"acf":[],"_links":{"self":[{"href":"https:\/\/quantum.com.pl\/pl\/wp-json\/wp\/v2\/product\/17373","targetHints":{"allow":["GET"]}}],"collection":[{"href":"https:\/\/quantum.com.pl\/pl\/wp-json\/wp\/v2\/product"}],"about":[{"href":"https:\/\/quantum.com.pl\/pl\/wp-json\/wp\/v2\/types\/product"}],"wp:featuredmedia":[{"embeddable":true,"href":"https:\/\/quantum.com.pl\/pl\/wp-json\/wp\/v2\/media\/17372"}],"wp:attachment":[{"href":"https:\/\/quantum.com.pl\/pl\/wp-json\/wp\/v2\/media?parent=17373"}],"wp:term":[{"taxonomy":"product_brand","embeddable":true,"href":"https:\/\/quantum.com.pl\/pl\/wp-json\/wp\/v2\/product_brand?post=17373"},{"taxonomy":"product_cat","embeddable":true,"href":"https:\/\/quantum.com.pl\/pl\/wp-json\/wp\/v2\/product_cat?post=17373"},{"taxonomy":"product_tag","embeddable":true,"href":"https:\/\/quantum.com.pl\/pl\/wp-json\/wp\/v2\/product_tag?post=17373"}],"curies":[{"name":"wp","href":"https:\/\/api.w.org\/{rel}","templated":true}]}}