{"id":17389,"date":"2025-11-04T13:55:23","date_gmt":"2025-11-04T12:55:23","guid":{"rendered":"https:\/\/quantum.com.pl\/product\/mt325\/"},"modified":"2025-11-04T13:55:23","modified_gmt":"2025-11-04T12:55:23","slug":"mt325","status":"publish","type":"product","link":"https:\/\/quantum.com.pl\/pl\/product\/mt325\/","title":{"rendered":"MT325"},"content":{"rendered":"<h4>Dane techniczne:<\/h4>\n<table class=\"Table\">\n<tbody>\n<tr>\n<th>\n<h6><strong>Main<\/strong><\/h6>\n<\/th>\n<th><\/th>\n<\/tr>\n<tr>\n<td>Model Name<\/td>\n<td>MT325<\/td>\n<\/tr>\n<tr>\n<td>Max Input Resolution<\/td>\n<td>1920&#215;1080@60\/50fps<\/td>\n<\/tr>\n<tr>\n<td>Recording Mode<\/td>\n<td>\u00a0Software Compression, Real-Time Mode<\/td>\n<\/tr>\n<tr>\n<td>Interface<\/td>\n<td>M.2 2280 M Key (PCIe x 4)<\/td>\n<\/tr>\n<tr>\n<td>Dimension<\/td>\n<td>22 x 80(mm)<\/td>\n<\/tr>\n<tr>\n<td>Feature<\/td>\n<td>Multi Instances<\/p>\n<p>Multi Devices<\/td>\n<\/tr>\n<tr>\n<th>\n<h6><strong>Video<\/strong><\/h6>\n<\/th>\n<th><\/th>\n<\/tr>\n<tr>\n<td>Input<\/td>\n<td>1 x SDI<\/td>\n<\/tr>\n<tr>\n<td>Output<\/td>\n<td>N\/A<\/td>\n<\/tr>\n<tr>\n<td>Color Pormat<\/td>\n<td>Capture\/Preview<\/p>\n<p>4:4:4 8Bit RGB24<\/p>\n<p>4:4:4 8Bit RGB32<\/p>\n<p>4:2:2 8Bit YUY2<\/p>\n<p>4:2:0 8Bit YV12, NV12<\/p>\n<p>4:2:0 10Bit P010<\/td>\n<\/tr>\n<tr>\n<td>Video Processing<\/td>\n<td>Video, Audio and VANC Capture<\/p>\n<p>Video Cropping and Scaling<\/p>\n<p>Auto Signal Detection<\/p>\n<p>Deinterlace Engine<\/p>\n<p>Multi Instances<\/td>\n<\/tr>\n<tr>\n<td>Video Resolution<\/td>\n<td>3G-SDI :<\/p>\n<p>1920\u00d71080p@60\/50fps<\/p>\n<p>HD-SDI :<\/p>\n<p>1920\u00d71080p@30\/25\/24fps<\/p>\n<p>1920\u00d71080i@60\/50fps<\/p>\n<p>1280\u00d7720p@60\/50fps<\/p>\n<p>SD-SDI :<\/p>\n<p>720\u00d7480i@60fps<\/p>\n<p>720\u00d7576i@50fps<\/td>\n<\/tr>\n<tr>\n<th>\n<h6><strong>Audio<\/strong><\/h6>\n<\/th>\n<th><\/th>\n<\/tr>\n<tr>\n<td>Input<\/td>\n<td>1\u00d7Stereo Embedded Audio<\/p>\n<p>Audio L\/R ( Through Wafer Connector )<\/td>\n<\/tr>\n<tr>\n<td>Audio Format<\/td>\n<td>Stereo \/ 16-bit \/ 32000 ~ 48000Hz<\/td>\n<\/tr>\n<tr>\n<th>OS Support<\/th>\n<th><\/th>\n<\/tr>\n<tr>\n<td>OS Support<\/td>\n<td>Windows 7\/Windows 8\/Windows 8.1\/Windows 10\/Windows 11<\/p>\n<p>Linux 2.6.14 or Higher ( 32-bit and 64-bit )<\/p>\n<p>Linux ARM<\/p>\n<p>nVIDIA Jetson TX2, NANO, AGX Xavier, Xavier NX<\/td>\n<\/tr>\n<\/tbody>\n<\/table>\n<p>&nbsp;<\/p>\n","protected":false},"excerpt":{"rendered":"<h4>Najwa\u017cniejsze cechy:<\/h4>\n<div class=\"col-sm-6 bs-region bs-region--right\">\n<p>Karta przechwytuj\u0105ca M.2 2280 3G-SDI<\/p>\n<ul>\n<li>Maksymalna rozdzielczo\u015b\u0107 wej\u015bciowa: 1920\u00d71080p@60\/50 kl.\/s<\/li>\n<li>Wej\u015bcie wideo: 4 x SDI<\/li>\n<li>Format wideo: YV12, NV12, YUY2, RGB24, RGB32, P010<\/li>\n<li>Wej\u015bcie audio: 4 x wbudowane audio stereo<\/li>\n<li>Format audio: Stereo \/ 16 bit\u00f3w \/ 32000~48000 Hz<\/li>\n<li>Interfejs: M.2 2280 (PCIe x 4)<\/li>\n<\/ul>\n<p>&nbsp;<\/p>\n<p>Ordering information:<\/p>\n<p>MT325\u00a0 \u00a0M.2 2280 M-Key (PCIe x 4) 4 Channel 1080P60 3G-SDI Capture<\/p>\n<\/div>\n","protected":false},"featured_media":17383,"template":"","meta":{"_acf_changed":false,"inline_featured_image":false,"_monsterinsights_skip_tracking":false,"_monsterinsights_sitenote_active":false,"_monsterinsights_sitenote_note":"","_monsterinsights_sitenote_category":0},"product_brand":[],"product_cat":[509,673],"product_tag":[],"class_list":{"0":"post-17389","1":"product","2":"type-product","3":"status-publish","4":"has-post-thumbnail","6":"product_cat-perfectron","7":"product_cat-peryferia-2","9":"first","10":"instock","11":"shipping-taxable","12":"product-type-simple"},"acf":[],"_links":{"self":[{"href":"https:\/\/quantum.com.pl\/pl\/wp-json\/wp\/v2\/product\/17389","targetHints":{"allow":["GET"]}}],"collection":[{"href":"https:\/\/quantum.com.pl\/pl\/wp-json\/wp\/v2\/product"}],"about":[{"href":"https:\/\/quantum.com.pl\/pl\/wp-json\/wp\/v2\/types\/product"}],"wp:featuredmedia":[{"embeddable":true,"href":"https:\/\/quantum.com.pl\/pl\/wp-json\/wp\/v2\/media\/17383"}],"wp:attachment":[{"href":"https:\/\/quantum.com.pl\/pl\/wp-json\/wp\/v2\/media?parent=17389"}],"wp:term":[{"taxonomy":"product_brand","embeddable":true,"href":"https:\/\/quantum.com.pl\/pl\/wp-json\/wp\/v2\/product_brand?post=17389"},{"taxonomy":"product_cat","embeddable":true,"href":"https:\/\/quantum.com.pl\/pl\/wp-json\/wp\/v2\/product_cat?post=17389"},{"taxonomy":"product_tag","embeddable":true,"href":"https:\/\/quantum.com.pl\/pl\/wp-json\/wp\/v2\/product_tag?post=17389"}],"curies":[{"name":"wp","href":"https:\/\/api.w.org\/{rel}","templated":true}]}}