{"id":17506,"date":"2026-01-15T12:16:18","date_gmt":"2026-01-15T11:16:18","guid":{"rendered":"https:\/\/quantum.com.pl\/product\/power-debug-la-3504\/"},"modified":"2026-01-20T12:28:35","modified_gmt":"2026-01-20T11:28:35","slug":"power-debug-la-3504","status":"publish","type":"product","link":"https:\/\/quantum.com.pl\/pl\/product\/power-debug-la-3504\/","title":{"rendered":"Power Debug (LA-3504)"},"content":{"rendered":"<p>Uniwersalny modu\u0142 bazowy debugowania Essential Line (Gen 5) z 1 Gbit Ethernet (opcjonalnie) i USB 3.x Gen 1 dla system\u00f3w Windows\/Linux\/macOS.<\/p>\n<p>Wymaga licencji LA-3544X do bezpo\u015bredniego dost\u0119pu do sieci Ethernet (przez TCP\/IPv4 i TCP\/IPv6).<\/p>\n<p>Wymaga kabla debuggera lub narz\u0119dzia CombiProbe.<\/p>\n<p>Wymaga oprogramowania TRACE32 w wersji R.2022.09-SP2 lub nowszej z portem USB.<br \/>\nWymaga oprogramowania TRACE32 w wersji R.2025.09 lub nowszej z portem Ethernet.<br \/>\nWymaga komputera PC lub Mac z systemem Windows, Linux lub macOS.<\/p>\n<p><span class=\"HwtZe\" lang=\"pl\"><span class=\"jCAhz ChMk0b\"><span class=\"ryNqvb\">PowerDebug E50 nie posiada z\u0142\u0105czy PodBus<\/span><\/span><\/span>. Aby m\u00f3c korzysta\u0107 z rozszerze\u0144 PodBus, trzeba zastosowa\u0107 modu\u0142 PowerDebug X51 (<strong>LA-3507<\/strong>) w miejsce LA-3504.<\/p>\n<p>Zawiera<br \/>\n<strong>LA-1952<\/strong>: Zasilacz<br \/>\n<strong>LA-1943<\/strong>: Kabel USB-A do USB-B 3.0<br \/>\n<strong>LA-7411<\/strong>: Konektor Trigger dla PowerTools<\/p>\n<p>Dozwolone licencje:<\/p>\n<p><strong>LA-3544X<\/strong>\u00a0 \u00a0Licencja umo\u017cliwiaj\u0105ca obs\u0142ug\u0119 interfejsu Ethernet w module PowerDebug E50.<\/p>\n","protected":false},"excerpt":{"rendered":"<p>Uniwersalny modu\u0142 bazowy debugowania Essential Line (Gen 5) z 1 Gbit Ethernet (opcjonalnie) i USB 3.x Gen 1 dla system\u00f3w Windows\/Linux\/macOS. Wymaga licencji LA-3544X do bezpo\u015bredniego dost\u0119pu do sieci Ethernet (przez TCP\/IPv4 i TCP\/IPv6). Wymaga kabla debuggera lub narz\u0119dzia CombiProbe. Wymaga oprogramowania TRACE32 w wersji R.2022.09-SP2 lub nowszej z portem USB. Wymaga oprogramowania TRACE32 w [&hellip;]<\/p>\n","protected":false},"featured_media":17501,"template":"","meta":{"_acf_changed":false,"inline_featured_image":false,"_monsterinsights_skip_tracking":false,"_monsterinsights_sitenote_active":false,"_monsterinsights_sitenote_note":"","_monsterinsights_sitenote_category":0},"product_brand":[],"product_cat":[1623,105,1629],"product_tag":[],"class_list":{"0":"post-17506","1":"product","2":"type-product","3":"status-publish","4":"has-post-thumbnail","6":"product_cat-debugger-hardware","7":"product_cat-lauterbach","8":"product_cat-powerdebug-usb-3-x","10":"first","11":"instock","12":"shipping-taxable","13":"product-type-simple"},"acf":[],"_links":{"self":[{"href":"https:\/\/quantum.com.pl\/pl\/wp-json\/wp\/v2\/product\/17506","targetHints":{"allow":["GET"]}}],"collection":[{"href":"https:\/\/quantum.com.pl\/pl\/wp-json\/wp\/v2\/product"}],"about":[{"href":"https:\/\/quantum.com.pl\/pl\/wp-json\/wp\/v2\/types\/product"}],"wp:featuredmedia":[{"embeddable":true,"href":"https:\/\/quantum.com.pl\/pl\/wp-json\/wp\/v2\/media\/17501"}],"wp:attachment":[{"href":"https:\/\/quantum.com.pl\/pl\/wp-json\/wp\/v2\/media?parent=17506"}],"wp:term":[{"taxonomy":"product_brand","embeddable":true,"href":"https:\/\/quantum.com.pl\/pl\/wp-json\/wp\/v2\/product_brand?post=17506"},{"taxonomy":"product_cat","embeddable":true,"href":"https:\/\/quantum.com.pl\/pl\/wp-json\/wp\/v2\/product_cat?post=17506"},{"taxonomy":"product_tag","embeddable":true,"href":"https:\/\/quantum.com.pl\/pl\/wp-json\/wp\/v2\/product_tag?post=17506"}],"curies":[{"name":"wp","href":"https:\/\/api.w.org\/{rel}","templated":true}]}}