{"id":2546,"date":"2018-05-09T22:40:55","date_gmt":"2018-05-09T20:40:55","guid":{"rendered":"http:\/\/quantum.bartlomiejmusial.com\/?post_type=product&#038;p=2546"},"modified":"2020-09-25T13:32:57","modified_gmt":"2020-09-25T11:32:57","slug":"adld25pc","status":"publish","type":"product","link":"https:\/\/quantum.com.pl\/pl\/product\/adld25pc\/","title":{"rendered":"ADLD25PC"},"content":{"rendered":"<p>ADLD25PC wyposa\u017cony jest w procesor Intel Atom D525, kt\u00f3ry jest przeznaczony dla platformy 2-chip, w przeciwie\u0144stwie do tradycyjnych platform 3-chip wymagaj\u0105cych CPU, GMCH oraz ICH. Procesor Atom D525 cechuje si\u0119 lokaln\u0105 integracj\u0105 funkcji graficznych oraz tradycyjnym kontrolerem pami\u0119ci GMCH. Interfejsy procesora do ICH9M-E, kt\u00f3ry jest r\u00f3wnie\u017c u\u017cywany na ADLGS45PC i zapewnia podobn\u0105 przepustowo\u015b\u0107 PCI\/104 Express I\/O, umo\u017cliwiaj\u0105 oparte na wydajno\u015bci, przeno\u015bne i termiczne zastosowania. Procesor D252 zosta\u0142 okre\u015blony przez Intel (Thermal Design Power) na maksymaln\u0105 moc od 10 do 13 W, a jego stan bezczynno\u015bci umiejscowiono w zakresie 4-4.8 W. TDP odnosi si\u0119 do ilo\u015bci ciep\u0142a odnotowanej w watach, a rozwi\u0105zanie termiczne musi by\u0107 w stanie rozprasza\u0107 to ciep\u0142o, utrzymuj\u0105c procesor poni\u017cej maksymalnej temperatury matrycy.<\/p>\n<p>ADLD25PC jest idealny do zastosowa\u0144 trudnych i mobilnych, gdzie pob\u00f3r mocy jest du\u017cy. Zadania te obejmuj\u0105 g\u0142\u0119boko osadzone obudowy do zastosowa\u0144 przemys\u0142owych, a tak\u017ce wytrzyma\u0142e przeno\u015bne zastosowania, takie jak nadajniki do komunikacji taktycznej, mapowanie GIS, aplikacje noktowizyjne, kolejnictwo i inne zastosowania, kt\u00f3re cz\u0119sto wykorzystuj\u0105 baterie jako \u017ar\u00f3d\u0142o zasilania.<\/p>\n<p>Opr\u00f3cz szerokiej gamy zastosowa\u0144 w trudnych temperaturach i ci\u0119\u017ckich warunkach \u015brodowiskowych, kt\u00f3rych wymaganiom ADLD25PC jest w stanie sprosta\u0107, wspiera r\u00f3wnie\u017c dodatkowy zestaw funkcji. ADLD25PC posiada dyskretny 16-bitowy cyfrowy port I\/O, oddzielny port LPT, a tak\u017ce 4 porty COM. Podczas gdy dwa porty obs\u0142uguj\u0105 RS232, pozosta\u0142e dwa s\u0105 konfigurowane do RS232 lub 4-Wire RS422\/485. 2x SATA z obs\u0142ug\u0105 RAID, 8 x USB 2.0 oraz dolny uk\u0142ad PCI Express 4 x1 to tylko niekt\u00f3re z dost\u0119pnych funkcji. ADLD25PC ma r\u00f3wnie\u017c mo\u017cliwo\u015b\u0107 dodania PCIe Mini Socket do rozbudowy Mini PCIe (np. Wi-Fi itp.).<\/p>\n<p>&nbsp;<\/p>\n<h4>Cechy produktu:<\/h4>\n<ul>\n<li>CPU: Intel\u00ae Atom&#x2122; D500 (Pineview)<\/li>\n<li>CPU Choice: D525<\/li>\n<li>Chipset: Intel\u00ae ICH9SFF-IUX<\/li>\n<\/ul>\n<p>&nbsp;<\/p>\n<h4>Informacje o zamawianiu:<\/h4>\n<p>&nbsp;<\/p>\n\n<table id=\"tablepress-13\" class=\"tablepress tablepress-id-13 tbody-has-connected-cells\">\n<thead>\n<tr class=\"row-1\">\n\t<th class=\"column-1\">ITEM CODES<\/th><th class=\"column-2\">PART#<\/th><th class=\"column-3\">DESCRIPTION<\/th>\n<\/tr>\n<\/thead>\n<tbody class=\"row-striping row-hover\">\n<tr class=\"row-2\">\n\t<td colspan=\"3\" class=\"column-1\"><strong style=\"display: block; text-align: center;\">CPU-Boards<\/strong><\/td>\n<\/tr>\n<tr class=\"row-3\">\n\t<td class=\"column-1\">ADLE3900SEC-E3930-4<\/td><td class=\"column-2\">tbd.<\/td><td class=\"column-3\">Intel x5-E3930 Atom Processor; Dual Core, 2x 1.3 GHz, 2MB Cache, 6,5W TDP, 4GB RAM soldered<\/td>\n<\/tr>\n<tr class=\"row-4\">\n\t<td class=\"column-1\">ADLE3900SEC-E3950-8<\/td><td class=\"column-2\">tbd.<\/td><td class=\"column-3\">Intel x7-E3950 Atom Processor; Quad Core, 4x 1.6GHz, 2MB Cache, 12W TDP, 8GB RAM soldered<\/td>\n<\/tr>\n<tr class=\"row-5\">\n\t<td colspan=\"3\" class=\"column-1\"><strong style=\"display: block; text-align: center;\">Thermal solutions<\/strong><\/td>\n<\/tr>\n<tr class=\"row-6\">\n\t<td class=\"column-1\">ADLE3900SEC-Spreader<\/td><td class=\"column-2\">tbd.<\/td><td class=\"column-3\">Low-Profile E3900SEC Heat Spreader<\/td>\n<\/tr>\n<tr class=\"row-7\">\n\t<td colspan=\"3\" class=\"column-1\"><strong style=\"display: block; text-align: center;\">Options<\/strong><\/td>\n<\/tr>\n<tr class=\"row-8\">\n\t<td class=\"column-1\">ADL-ET<\/td><td class=\"column-2\">290000<\/td><td class=\"column-3\">Extended Temperature Screening (\u201340C to +85C)<\/td>\n<\/tr>\n<tr class=\"row-9\">\n\t<td class=\"column-1\">UNDERFILL<\/td><td class=\"column-2\">807707<\/td><td class=\"column-3\">BGA underfill req\u2019d for <1nm BGA solderballs w\/ Ext Temp<\/td>\n<\/tr>\n<tr class=\"row-10\">\n\t<td class=\"column-1\">COATING<\/td><td class=\"column-2\">807706<\/td><td class=\"column-3\">Conformal Coating<\/td>\n<\/tr>\n<tr class=\"row-11\">\n\t<td class=\"column-1\">UNDERFILL\/BONDING\/COATING<\/td><td class=\"column-2\">807709<\/td><td class=\"column-3\">Underfilling, Bonding, and Conformal Coating<\/td>\n<\/tr>\n<\/tbody>\n<\/table>\n<!-- #tablepress-13 from cache -->\n","protected":false},"excerpt":{"rendered":"<p>ADLD25PC wyposa\u017cony jest w procesor Intel Atom D525, kt\u00f3ry jest przeznaczony dla platformy 2-chip, w przeciwie\u0144stwie do tradycyjnych platform 3-chip wymagaj\u0105cych CPU, GMCH oraz ICH. Procesor Atom D525 cechuje si\u0119 lokaln\u0105 integracj\u0105 funkcji graficznych oraz tradycyjnym kontrolerem pami\u0119ci GMCH. Interfejsy procesora do ICH9M-E, kt\u00f3ry jest r\u00f3wnie\u017c u\u017cywany na ADLGS45PC i zapewnia podobn\u0105 przepustowo\u015b\u0107 PCI\/104 Express I\/O, umo\u017cliwiaj\u0105 oparte na wydajno\u015bci, przeno\u015bne i termiczne zastosowania.<\/p>\n","protected":false},"featured_media":10738,"template":"","meta":{"_acf_changed":false,"inline_featured_image":false,"_monsterinsights_skip_tracking":false,"_monsterinsights_sitenote_active":false,"_monsterinsights_sitenote_note":"","_monsterinsights_sitenote_category":0},"product_brand":[],"product_cat":[106,1584,108],"product_tag":[],"class_list":{"0":"post-2546","1":"product","2":"type-product","3":"status-publish","4":"has-post-thumbnail","6":"product_cat-adl-embedded-solutions","7":"product_cat-komputery-jednoplytkowe-sbc-2","8":"product_cat-komputery-jednoplytkowe","10":"first","11":"instock","12":"shipping-taxable","13":"product-type-simple"},"acf":[],"_links":{"self":[{"href":"https:\/\/quantum.com.pl\/pl\/wp-json\/wp\/v2\/product\/2546","targetHints":{"allow":["GET"]}}],"collection":[{"href":"https:\/\/quantum.com.pl\/pl\/wp-json\/wp\/v2\/product"}],"about":[{"href":"https:\/\/quantum.com.pl\/pl\/wp-json\/wp\/v2\/types\/product"}],"wp:featuredmedia":[{"embeddable":true,"href":"https:\/\/quantum.com.pl\/pl\/wp-json\/wp\/v2\/media\/10738"}],"wp:attachment":[{"href":"https:\/\/quantum.com.pl\/pl\/wp-json\/wp\/v2\/media?parent=2546"}],"wp:term":[{"taxonomy":"product_brand","embeddable":true,"href":"https:\/\/quantum.com.pl\/pl\/wp-json\/wp\/v2\/product_brand?post=2546"},{"taxonomy":"product_cat","embeddable":true,"href":"https:\/\/quantum.com.pl\/pl\/wp-json\/wp\/v2\/product_cat?post=2546"},{"taxonomy":"product_tag","embeddable":true,"href":"https:\/\/quantum.com.pl\/pl\/wp-json\/wp\/v2\/product_tag?post=2546"}],"curies":[{"name":"wp","href":"https:\/\/api.w.org\/{rel}","templated":true}]}}