{"id":2548,"date":"2018-05-09T22:51:58","date_gmt":"2018-05-09T20:51:58","guid":{"rendered":"http:\/\/quantum.bartlomiejmusial.com\/?post_type=product&#038;p=2548"},"modified":"2020-11-18T10:40:37","modified_gmt":"2020-11-18T09:40:37","slug":"adl855pc","status":"publish","type":"product","link":"https:\/\/quantum.com.pl\/pl\/product\/adl855pc\/","title":{"rendered":"ADL855PC"},"content":{"rendered":"<p>ADL855PC bazuje na procesorach Intel\u00ae Pentium\u00ae M\/Celeron\u00ae M oferuj\u0105cych cz\u0119stotliwo\u015b\u0107 zegara do 1,8 GHz. Chipset Intel\u00ae 855GME (GMCH) obs\u0142uguje FSB 400 MHz ze zintegrowanym kontrolerem graficznym Intel\u00ae &#8222;Extreme Graphics 2&#8221;, dzi\u0119ki czemu mo\u017ce by\u0107 nap\u0119dzane wy\u015bwietlanie CRT albo LVDS LCD. Pami\u0119\u0107 jest dodawana przez gniazdo SODIMM200 i mo\u017ce pomie\u015bci\u0107 do 1 GB DDR333 SDRAM.<\/p>\n<p>ADL855PC zawiera funkcje ACPI\/APM, kt\u00f3re wykorzystuj\u0105 zaawansowan\u0105 cech\u0119 Intel SpeedStep\u00ae (tylko Pentium\u00ae M). W standardzie ADL855PC s\u0105 r\u00f3wnie\u017c porty PCI 2,2 Bus, EIDE, 4xUSB 2,0, 2xRS232 COM, port komunikacyjny PS\/2 do pod\u0142\u0105czania klawiatury i myszy, port r\u00f3wnoleg\u0142y do po\u0142\u0105czenia drukarki, AC97 Sound (tylko od 0\u00b0C do + 70\u00b0C) oraz 10\/100MBit LAN i inne.<\/p>\n<p>Rozwi\u0105zania wbudowane ADL oferuj\u0105 wysoce efektywne aktywne i pasywne mo\u017cliwo\u015bci ch\u0142odzenia oparte na sprawdzonych technikach termowizyjnych i monta\u017cowych; ma\u0142o prawdopodobne mechaniczne napr\u0119\u017cenia p\u0142ytki. Skontaktuj si\u0119 z dzia\u0142em sprzeda\u017cy, aby uzyska\u0107 szczeg\u00f3\u0142owe informacje na temat rozwi\u0105za\u0144 ch\u0142odz\u0105cych dopasowanych do twoich potrzeb.<\/p>\n<p>Uwaga: w oparciu o bie\u017c\u0105ce planowanie materia\u0142\u00f3w, ADL Embedded Solutions gwarantuje dost\u0119pno\u015b\u0107 produkt\u00f3w dla zestawu uk\u0142ad\u00f3w scalonych 855GME, Pentium-M 745 1.8 GHz i Celeron-M 373 1.0 GHz do 2015, zapewniaj\u0105c tym samym wystarczaj\u0105c\u0105 ilo\u015b\u0107 czasu klientom na przej\u015bcie z 16-bitowej magistrali ISA do nowszych technologii wzajemnych po\u0142\u0105cze\u0144. Procesory Celeron-M na 600 MHz i 1.5 GHz i Pentium-M na 1.4 GHz b\u0119d\u0105 sprzedawane do wyczerpania zapas\u00f3w, gdy EOL b\u0119dzie og\u0142oszony przez Intel.<\/p>\n<h4>Cechy produktu:<\/h4>\n<ul class=\"features-list\">\n<li>Intel\u00ae Pentium\u00ae M \/ Celeron\u00ae M, 1.0GHz &#8211; 1.8GHz<\/li>\n<li>Intel\u00ae 855GME \/ ICH4, 400MHz FSB<\/li>\n<li>Power Management (APM 1.2 plus features)<\/li>\n<li>128MB &#8211; 1024MB DDR-SDRAM<\/li>\n<li>Direct-X Video Controller<\/li>\n<li>CRT\/LCD on-board<\/li>\n<li>10\/100 Base-T LAN-Ethernet<\/li>\n<li>4 x USB2.0 Ports<\/li>\n<li>EIDE Hard Disk Interface<\/li>\n<li>COM1, COM2, LPT1<\/li>\n<li>RTC and Watchdog Timer<\/li>\n<li>Windows 7, Windows 8, Linux Compatible<\/li>\n<li>Non Volatile Setup Save<\/li>\n<li>Single 5VDC Power Supply<\/li>\n<\/ul>\n<p>&nbsp;<\/p>\n<h4>Informacje o zamawianiu:<\/h4>\n\n<table id=\"tablepress-43\" class=\"tablepress tablepress-id-43\">\n<thead>\n<tr class=\"row-1\">\n\t<th class=\"column-1\">ITEM CODES<\/th><th class=\"column-2\">PART#<\/th><th class=\"column-3\">DESCRIPTION<\/th>\n<\/tr>\n<\/thead>\n<tbody class=\"row-striping row-hover\">\n<tr class=\"row-2\">\n\t<td class=\"column-1\"><strong>CPU-Boards<\/strong><\/td><td class=\"column-2\"><\/td><td class=\"column-3\"><\/td>\n<\/tr>\n<tr class=\"row-3\">\n\t<td class=\"column-1\">ADL945PC-T7400<\/td><td class=\"column-2\">292115<\/td><td class=\"column-3\">Dual Core (2) 2.16GHz, 4M cache<\/td>\n<\/tr>\n<tr class=\"row-4\">\n\t<td class=\"column-1\">ADL945PC-L7400<\/td><td class=\"column-2\">292116<\/td><td class=\"column-3\">Dual Core (2) 1.5GHz, 4M cache<\/td>\n<\/tr>\n<tr class=\"row-5\">\n\t<td class=\"column-1\">ADL945PC-L2400<\/td><td class=\"column-2\">292113<\/td><td class=\"column-3\">Dual Core 1.66GHz, 2M cache<\/td>\n<\/tr>\n<tr class=\"row-6\">\n\t<td class=\"column-1\"><strong>Memories<\/strong><\/td><td class=\"column-2\"><\/td><td class=\"column-3\"><\/td>\n<\/tr>\n<tr class=\"row-7\">\n\t<td class=\"column-1\">DDR2-DRAM1024-(V)<\/td><td class=\"column-2\">996050<\/td><td class=\"column-3\">1024MB 666MHz 200pin SODIMM<\/td>\n<\/tr>\n<tr class=\"row-8\">\n\t<td class=\"column-1\">DDR2-DRAM2048-(V)<\/td><td class=\"column-2\">996150<\/td><td class=\"column-3\">2048MB 666MHz 200pin SODIMM<\/td>\n<\/tr>\n<tr class=\"row-9\">\n\t<td class=\"column-1\">DDR2-DRAM1024-EX-(V)<\/td><td class=\"column-2\">996051<\/td><td class=\"column-3\">DDR2 RAM 1GB, for 945\/Atom CPU, 667MHz, Extended Temperature<\/td>\n<\/tr>\n<tr class=\"row-10\">\n\t<td class=\"column-1\">DDR2-DRAM2048-EX-(V)<\/td><td class=\"column-2\">996150<\/td><td class=\"column-3\">DDR2 RAM 2GB, for 945\/Atom CPU, 667MHz, Extended Temperature<\/td>\n<\/tr>\n<tr class=\"row-11\">\n\t<td class=\"column-1\"><strong>Thermal solutions<\/strong><\/td><td class=\"column-2\"><\/td><td class=\"column-3\"><\/td>\n<\/tr>\n<tr class=\"row-12\">\n\t<td class=\"column-1\">ADLTS2HSS<\/td><td class=\"column-2\">292054<\/td><td class=\"column-3\">2 piece heat sink set for ADL855\/945PC<\/td>\n<\/tr>\n<tr class=\"row-13\">\n\t<td class=\"column-1\">ADLTS2HSS-FAN<\/td><td class=\"column-2\">293057<\/td><td class=\"column-3\">fan for ADLTS2HSS thermal solution<\/td>\n<\/tr>\n<tr class=\"row-14\">\n\t<td class=\"column-1\">ADLTS2PIPE<\/td><td class=\"column-2\">293054<\/td><td class=\"column-3\">heat pipe solution for ADL855\/945PC<\/td>\n<\/tr>\n<tr class=\"row-15\">\n\t<td class=\"column-1\">SPREADER-FANSINK SINGLE<\/td><td class=\"column-2\">292415M-SET<\/td><td class=\"column-3\">heat sink with single fan assembly fpr ADL855\/945\/GS45PC to be mounted on top of ADL SP0600\/SP1000 typical bench- &amp; development usw only!<\/td>\n<\/tr>\n<tr class=\"row-16\">\n\t<td class=\"column-1\">ADL945PC-SP0600<\/td><td class=\"column-2\">293162<\/td><td class=\"column-3\">0.6\" heat spreader for chassis mount, suggest QTY 4 293406<\/td>\n<\/tr>\n<tr class=\"row-17\">\n\t<td class=\"column-1\">ADL945PC-SP1000<\/td><td class=\"column-2\">293163<\/td><td class=\"column-3\">1.0\" heat spreader for chassis mount, suggest QTY 4 91075A107<\/td>\n<\/tr>\n<tr class=\"row-18\">\n\t<td class=\"column-1\">CS-100<\/td><td class=\"column-2\">290010<\/td><td class=\"column-3\">10\"x10\" thermal chassis simulator for development<\/td>\n<\/tr>\n<tr class=\"row-19\">\n\t<td class=\"column-1\"><strong>Cables&amp;Accessoires<\/strong><\/td><td class=\"column-2\"><\/td><td class=\"column-3\"><\/td>\n<\/tr>\n<tr class=\"row-20\">\n\t<td class=\"column-1\">ADL945PC-CK<\/td><td class=\"column-2\">293046<\/td><td class=\"column-3\">Development cable kit for for ADL945PC<\/td>\n<\/tr>\n<tr class=\"row-21\">\n\t<td class=\"column-1\">ADL9XX-PC<\/td><td class=\"column-2\">100-9812<\/td><td class=\"column-3\">ADL power cable for ADL945<\/td>\n<\/tr>\n<tr class=\"row-22\">\n\t<td class=\"column-1\"><strong>Options<\/strong><\/td><td class=\"column-2\"><\/td><td class=\"column-3\"><\/td>\n<\/tr>\n<tr class=\"row-23\">\n\t<td class=\"column-1\">ADL-ET<\/td><td class=\"column-2\">290000<\/td><td class=\"column-3\">Extended Temperature Screening (\u201340C to +85C)<\/td>\n<\/tr>\n<tr class=\"row-24\">\n\t<td class=\"column-1\">UNDERFILL<\/td><td class=\"column-2\">807707<\/td><td class=\"column-3\">BGA underfill req\u2019d for <1nm BGA solderballs w\/ Ext Temp<\/td>\n<\/tr>\n<tr class=\"row-25\">\n\t<td class=\"column-1\">COATING<\/td><td class=\"column-2\">807706<\/td><td class=\"column-3\">Conformal Coating<\/td>\n<\/tr>\n<tr class=\"row-26\">\n\t<td class=\"column-1\">UNDERFILL\/BONDING\/COATING<\/td><td class=\"column-2\">807709<\/td><td class=\"column-3\">Underfilling, Bonding, and Conformal Coating<\/td>\n<\/tr>\n<\/tbody>\n<\/table>\n<!-- #tablepress-43 from cache -->\n","protected":false},"excerpt":{"rendered":"<p>ADL855PC bazuje na procesorach Intel\u00ae Pentium\u00ae M\/Celeron\u00ae M oferuj\u0105cych cz\u0119stotliwo\u015b\u0107 zegara do 1,8 GHz. Chipset Intel\u00ae 855GME (GMCH) obs\u0142uguje FSB 400 MHz ze zintegrowanym kontrolerem graficznym Intel\u00ae &#8222;Extreme Graphics 2&#8221;, dzi\u0119ki czemu CRT albo LVDS LCD mog\u0105 by\u0107 nap\u0119dzane. Pami\u0119\u0107 jest dodawana przez gniazdo SODIMM200 i mo\u017ce akceptowa\u0107 do 1 GB DDR333 SDRAM.<\/p>\n","protected":false},"featured_media":11524,"template":"","meta":{"_acf_changed":false,"inline_featured_image":false,"_monsterinsights_skip_tracking":false,"_monsterinsights_sitenote_active":false,"_monsterinsights_sitenote_note":"","_monsterinsights_sitenote_category":0},"product_brand":[],"product_cat":[112],"product_tag":[],"class_list":{"0":"post-2548","1":"product","2":"type-product","3":"status-publish","4":"has-post-thumbnail","6":"product_cat-systemy-chlodzenia","8":"first","9":"instock","10":"shipping-taxable","11":"product-type-simple"},"acf":[],"_links":{"self":[{"href":"https:\/\/quantum.com.pl\/pl\/wp-json\/wp\/v2\/product\/2548","targetHints":{"allow":["GET"]}}],"collection":[{"href":"https:\/\/quantum.com.pl\/pl\/wp-json\/wp\/v2\/product"}],"about":[{"href":"https:\/\/quantum.com.pl\/pl\/wp-json\/wp\/v2\/types\/product"}],"wp:featuredmedia":[{"embeddable":true,"href":"https:\/\/quantum.com.pl\/pl\/wp-json\/wp\/v2\/media\/11524"}],"wp:attachment":[{"href":"https:\/\/quantum.com.pl\/pl\/wp-json\/wp\/v2\/media?parent=2548"}],"wp:term":[{"taxonomy":"product_brand","embeddable":true,"href":"https:\/\/quantum.com.pl\/pl\/wp-json\/wp\/v2\/product_brand?post=2548"},{"taxonomy":"product_cat","embeddable":true,"href":"https:\/\/quantum.com.pl\/pl\/wp-json\/wp\/v2\/product_cat?post=2548"},{"taxonomy":"product_tag","embeddable":true,"href":"https:\/\/quantum.com.pl\/pl\/wp-json\/wp\/v2\/product_tag?post=2548"}],"curies":[{"name":"wp","href":"https:\/\/api.w.org\/{rel}","templated":true}]}}