{"id":2550,"date":"2018-05-09T23:01:15","date_gmt":"2018-05-09T21:01:15","guid":{"rendered":"http:\/\/quantum.bartlomiejmusial.com\/?post_type=product&#038;p=2550"},"modified":"2021-01-14T14:25:07","modified_gmt":"2021-01-14T13:25:07","slug":"adllx8pc","status":"publish","type":"product","link":"https:\/\/quantum.com.pl\/pl\/product\/adllx8pc\/","title":{"rendered":"ADLLX8PC"},"content":{"rendered":"<p>ADLLX8PC bazuje na wbudowanym procesorze AMD Geode&#x2122; LX800 z zegarem o szybko\u015bci 500MHz. \u0141\u0105czy w sobie pe\u0142n\u0105 funkcjonalno\u015b\u0107 znacznie wi\u0119kszych p\u0142yt w kompaktowej i rozszerzalnej obudowie PC\/104-Plus. W rozmiarze zaledwie 96 mm x 90 mm z procesorem o mocy do 0,9 W, ADLLX8PC jest idealny do zastosowa\u0144 w warunkach trudnych, mobilnych i zdalnych.<\/p>\n<p>Kontroler graficzny jest zintegrowany z chipsetem AMD Geode&#x2122; i mo\u017ce prowadzi\u0107 CRT przez port VGA, lub LCD przez 18-bitowy interfejs LVDS. W z\u0142\u0105czu SoDIMM200 mo\u017cliwe jest zainstalowanie do 1GB pami\u0119ci DDR-400 SDRAM. Zarz\u0105dzanie zasilaniem ADLLX8PC zawiera funkcje ACPI\/APM.<\/p>\n<p>Standardowe ADLLX8PC zawiera r\u00f3wnie\u017c PCI 2.2 Bus, EIDE, 4xUSB 2.0, 2xRS232 port COM, port komunikacyjny PS\/2 do pod\u0142\u0105czania klawiatury i myszy, port r\u00f3wnoleg\u0142y do po\u0142\u0105czenia drukarki, AC97 kompatybilny ze SPDif In\/Out, 10\/100MBit LAN i wi\u0119cej. Opcjonalnie ADLLX8PC mo\u017ce by\u0107 wyposa\u017cony we wbudowan\u0105 pami\u0119\u0107 flash SSD. Opcja ta znacznie ograniczy og\u00f3lne zu\u017cycie systemu, zapewniaj\u0105c mo\u017cliwo\u015b\u0107 jego pe\u0142nej obs\u0142ugi bez potrzeby pod\u0142\u0105czania no\u015bnik\u00f3w zewn\u0119trznych. ADLLX8PC spe\u0142nia wszystkie specyfikacje elektryczne PC\/104-Plus, dzi\u0119ki czemu mo\u017ce by\u0107 &#8222;upuszczony&#8221; do dowolnego zgodnego systemu. Szybki procesor i niski pob\u00f3r mocy sprawiaj\u0105, \u017ce ADLLX8PC jest idealny do wbudowanych p\u00f3\u0142niestandardowych rozwi\u0105za\u0144.<\/p>\n<p>&nbsp;<\/p>\n<h4>Cechy produktu:<\/h4>\n<ul>\n<li>AMD Geode&#x2122; LX800<\/li>\n<li>500MHz<\/li>\n<li>Power Management (ACPI 2.0 &amp; APM 1.2)<\/li>\n<li>SoDIMM200 up to 1GB DDR-400<\/li>\n<li>Optional On-Board SSD Flash Up To 8GB<\/li>\n<li>Built In Geode LX800 @ 0.9W<\/li>\n<li>CRT\/LCD on-board<\/li>\n<li>10\/100 Base-T LAN-Ethernet<\/li>\n<li>4x USB V2.0 Ports<\/li>\n<li>EIDE Hard Disk Interface<\/li>\n<li>COM1, COM2, LPT1<\/li>\n<li>RTC and Watchdog Timer<\/li>\n<li>Windows 7, Windows 8, Linux Compatible<\/li>\n<li>AC97 Sound Interface (in &amp; out)<\/li>\n<li>Single 5VDC Power Supply<\/li>\n<li>PC\/104-Plus BUS Connector<\/li>\n<\/ul>\n<p>&nbsp;<\/p>\n<h4>Informacje o zamawianiu:<\/h4>\n\n<table id=\"tablepress-39\" class=\"tablepress tablepress-id-39 tbody-has-connected-cells\">\n<thead>\n<tr class=\"row-1\">\n\t<th class=\"column-1\"><strong>Item Codes\t<\/strong><\/th><th class=\"column-2\"><strong>Part#\t<\/strong><\/th><th class=\"column-3\"><strong>Description<\/strong><br \/>\n<\/th>\n<\/tr>\n<\/thead>\n<tbody class=\"row-striping row-hover\">\n<tr class=\"row-2\">\n\t<td colspan=\"3\" class=\"column-1\"><strong style=\"display: block; text-align: center;\">CPU-Boards<\/strong><\/td>\n<\/tr>\n<tr class=\"row-3\">\n\t<td class=\"column-1\">ADLLX8PC-F0<\/td><td class=\"column-2\">292035<\/td><td class=\"column-3\">PC\/104-Plus with AMD LX800, 500MHz CPU<br \/>\n<\/td>\n<\/tr>\n<tr class=\"row-4\">\n\t<td class=\"column-1\">ADLLX8PC-F2<\/td><td class=\"column-2\">292033<\/td><td class=\"column-3\">PC\/104-Plus with AMD LX800, 500MHz CPU, 2GB on board flash<br \/>\n<\/td>\n<\/tr>\n<tr class=\"row-5\">\n\t<td class=\"column-1\">ADLLX8PC-F4<\/td><td class=\"column-2\">292036<\/td><td class=\"column-3\">PC\/104-Plus with AMD LX800, 500MHz CPU, 4GB on board flash<br \/>\n<\/td>\n<\/tr>\n<tr class=\"row-6\">\n\t<td class=\"column-1\">ADLLX8PC-F8<\/td><td class=\"column-2\">292037<\/td><td class=\"column-3\">PC\/104-Plus with AMD LX800, 500MHz CPU, 8GB on board flash<br \/>\n<\/td>\n<\/tr>\n<tr class=\"row-7\">\n\t<td colspan=\"3\" class=\"column-1\"><strong style=\"display: block; text-align: center;\">Memories<\/strong><\/td>\n<\/tr>\n<tr class=\"row-8\">\n\t<td class=\"column-1\">DDR-DRAM256-(A)<\/td><td class=\"column-2\">994825<\/td><td class=\"column-3\">256MB DDR 333MHz STD TEMP<br \/>\n<\/td>\n<\/tr>\n<tr class=\"row-9\">\n\t<td class=\"column-1\">DDR-DRAM512-(A)<\/td><td class=\"column-2\">994925<\/td><td class=\"column-3\">512MB DDR 333MHz STD TEMP<br \/>\n<\/td>\n<\/tr>\n<tr class=\"row-10\">\n\t<td class=\"column-1\">DDR-RAM1024-(A)<\/td><td class=\"column-2\">994023<\/td><td class=\"column-3\">1024MB 333MHz DDR<br \/>\n<\/td>\n<\/tr>\n<tr class=\"row-11\">\n\t<td class=\"column-1\">DDR-RAM256-EX-(A)<\/td><td class=\"column-2\">994828<\/td><td class=\"column-3\">256MB 333MHz DDR -40\u00ba to +85\u00ba C<br \/>\n<\/td>\n<\/tr>\n<tr class=\"row-12\">\n\t<td class=\"column-1\">DDR-RAM512-EX-(A)<\/td><td class=\"column-2\">994928<\/td><td class=\"column-3\">512MB 333MHz DDR -40\u00ba to +85\u00ba C<br \/>\n<\/td>\n<\/tr>\n<tr class=\"row-13\">\n\t<td class=\"column-1\">DDR-RAM1024-EX-(A)<\/td><td class=\"column-2\">994028<\/td><td class=\"column-3\">1024MB 333MHz DDR -40\u00ba to +85\u00ba C<br \/>\n<\/td>\n<\/tr>\n<tr class=\"row-14\">\n\t<td colspan=\"3\" class=\"column-1\"><strong style=\"display: block; text-align: center;\">Thermal solutions<\/strong><\/td>\n<\/tr>\n<tr class=\"row-15\">\n\t<td class=\"column-1\">ADLLX8PC-PASSIVE HP<\/td><td class=\"column-2\">292059<\/td><td class=\"column-3\">High profile passive heat sink (screw mounted to cpu)<br \/>\n<\/td>\n<\/tr>\n<tr class=\"row-16\">\n\t<td class=\"column-1\">ADLLX8PC-PASSIVE LP<\/td><td class=\"column-2\">292055<\/td><td class=\"column-3\">Low profile passive heat sink (bonded to cpu)<br \/>\n<\/td>\n<\/tr>\n<tr class=\"row-17\">\n\t<td class=\"column-1\">ADLLX8PC-SP0600<\/td><td class=\"column-2\">292056<\/td><td class=\"column-3\">0.6\" heat spreader for chassis mount, suggest QTY 4 293406<br \/>\n<\/td>\n<\/tr>\n<tr class=\"row-18\">\n\t<td class=\"column-1\">ADLLX8PC-SP1000<\/td><td class=\"column-2\">292057<\/td><td class=\"column-3\">1.0\" heat spreader for chassis mount, suggest QTY 4 91075A107<br \/>\n<\/td>\n<\/tr>\n<tr class=\"row-19\">\n\t<td class=\"column-1\">CS-100<\/td><td class=\"column-2\">290010<\/td><td class=\"column-3\">10\"x10\" thermal chassis simulator for development<br \/>\n<\/td>\n<\/tr>\n<tr class=\"row-20\">\n\t<td colspan=\"3\" class=\"column-1\"><strong style=\"display: block; text-align: center;\">Cables &amp; Accessoires<\/strong><\/td>\n<\/tr>\n<tr class=\"row-21\">\n\t<td class=\"column-1\">ADL855PC-CK<\/td><td class=\"column-2\">293045<\/td><td class=\"column-3\">Development cable kit for ADL855\/LX8PC<br \/>\n<\/td>\n<\/tr>\n<tr class=\"row-22\">\n\t<td class=\"column-1\">STANDOFF-MSS<\/td><td class=\"column-2\">293406<\/td><td class=\"column-3\">.6\" (15.24mm) PC\/104 M3, QTY 1 precision milled SS stand-off\/post<br \/>\n<\/td>\n<\/tr>\n<tr class=\"row-23\">\n\t<td class=\"column-1\">STANDOFF-1\"M3\t<\/td><td class=\"column-2\">293436<\/td><td class=\"column-3\">1\" PC\/104 M3, QTY 1 precision milled SS stand-off\/post<br \/>\n<\/td>\n<\/tr>\n<tr class=\"row-24\">\n\t<td class=\"column-1\">ADLLVDSTTL<\/td><td class=\"column-2\">299915<\/td><td class=\"column-3\">LVDS to TTl converter board for ADL CPU'S (not in stack)<br \/>\n<\/td>\n<\/tr>\n<tr class=\"row-25\">\n\t<td class=\"column-1\">ADLCF-II-D<\/td><td class=\"column-2\">989020<\/td><td class=\"column-3\">compact flash to IDE type II dual adapter<br \/>\n<\/td>\n<\/tr>\n<tr class=\"row-26\">\n\t<td class=\"column-1\">ADLCF-II-S<\/td><td class=\"column-2\">989010<\/td><td class=\"column-3\">compact flash to IDE type II single adapter<br \/>\n<\/td>\n<\/tr>\n<tr class=\"row-27\">\n\t<td colspan=\"3\" class=\"column-1\"><strong style=\"display: block; text-align: center;\">Options<\/strong><\/td>\n<\/tr>\n<tr class=\"row-28\">\n\t<td class=\"column-1\">ADL-ET<\/td><td class=\"column-2\">290000<\/td><td class=\"column-3\">Extended Temperature Screening (\u201340C to +85C)<br \/>\n<\/td>\n<\/tr>\n<tr class=\"row-29\">\n\t<td class=\"column-1\">UNDERFILL<\/td><td class=\"column-2\">807707<\/td><td class=\"column-3\">BGA underfill req\u2019d for <1nm BGA solderballs w\/ Ext Temp<br \/>\n<\/td>\n<\/tr>\n<tr class=\"row-30\">\n\t<td class=\"column-1\">COATING<\/td><td class=\"column-2\">807706<\/td><td class=\"column-3\">Conformal Coating<br \/>\n<\/td>\n<\/tr>\n<tr class=\"row-31\">\n\t<td class=\"column-1\">UNDERFILL\/BONDING\/COATING<\/td><td class=\"column-2\">807709<\/td><td class=\"column-3\">Underfilling, Bonding, and Conformal Coating<br \/>\n<\/td>\n<\/tr>\n<\/tbody>\n<\/table>\n<!-- #tablepress-39 from cache -->\n","protected":false},"excerpt":{"rendered":"<p>ADLLX8PC bazuje na wbudowanym procesorze AMD Geode&#x2122; LX800 z zegarem o szybko\u015bci 500MHz. \u0141\u0105czy w sobie pe\u0142n\u0105 funkcjonalno\u015b\u0107 znacznie wi\u0119kszych p\u0142yt w kompaktowej i rozszerzalnej obudowie PC\/104-Plus. W rozmiarze zaledwie 96 mm x 90 mm z procesorem o mocy do 0,9 W, ADLLX8PC jest idealny do zastosowa\u0144 w warunkach trudnych, mobilnych i zdalnych.<\/p>\n","protected":false},"featured_media":11526,"template":"","meta":{"_acf_changed":false,"inline_featured_image":false,"_monsterinsights_skip_tracking":false,"_monsterinsights_sitenote_active":false,"_monsterinsights_sitenote_note":"","_monsterinsights_sitenote_category":0},"product_brand":[],"product_cat":[106,108,1568],"product_tag":[],"class_list":{"0":"post-2550","1":"product","2":"type-product","3":"status-publish","4":"has-post-thumbnail","6":"product_cat-adl-embedded-solutions","7":"product_cat-komputery-jednoplytkowe","8":"product_cat-producenci","10":"first","11":"instock","12":"shipping-taxable","13":"product-type-simple"},"acf":[],"_links":{"self":[{"href":"https:\/\/quantum.com.pl\/pl\/wp-json\/wp\/v2\/product\/2550","targetHints":{"allow":["GET"]}}],"collection":[{"href":"https:\/\/quantum.com.pl\/pl\/wp-json\/wp\/v2\/product"}],"about":[{"href":"https:\/\/quantum.com.pl\/pl\/wp-json\/wp\/v2\/types\/product"}],"wp:featuredmedia":[{"embeddable":true,"href":"https:\/\/quantum.com.pl\/pl\/wp-json\/wp\/v2\/media\/11526"}],"wp:attachment":[{"href":"https:\/\/quantum.com.pl\/pl\/wp-json\/wp\/v2\/media?parent=2550"}],"wp:term":[{"taxonomy":"product_brand","embeddable":true,"href":"https:\/\/quantum.com.pl\/pl\/wp-json\/wp\/v2\/product_brand?post=2550"},{"taxonomy":"product_cat","embeddable":true,"href":"https:\/\/quantum.com.pl\/pl\/wp-json\/wp\/v2\/product_cat?post=2550"},{"taxonomy":"product_tag","embeddable":true,"href":"https:\/\/quantum.com.pl\/pl\/wp-json\/wp\/v2\/product_tag?post=2550"}],"curies":[{"name":"wp","href":"https:\/\/api.w.org\/{rel}","templated":true}]}}