{"id":3291,"date":"2019-07-08T12:20:58","date_gmt":"2019-07-08T10:20:58","guid":{"rendered":"https:\/\/quantum.com.pl\/?post_type=product&#038;p=3291"},"modified":"2020-12-04T15:02:27","modified_gmt":"2020-12-04T14:02:27","slug":"adl-sp1000","status":"publish","type":"product","link":"https:\/\/quantum.com.pl\/pl\/product\/adl-sp1000\/","title":{"rendered":"ADL SP1000"},"content":{"rendered":"<h4><strong>ADL SP1000<\/strong>\u00a0(wzmocniony miedzi\u0105)<\/h4>\n<p>Rozpraszacz ciep\u0142a jest przymocowany do tafli ch\u0142odz\u0105cej. Termiczna \u015bcie\u017cka przewodzenia jest wzmocniona miedzi\u0105 \u2013 s\u0142u\u017cy do transportu ciep\u0142a z CPU\u00a0 i CHIPSET tak szybko jak to mo\u017cliwe od gor\u0105cego dna do ch\u0142odnej g\u00f3rnej powierzchni.<\/p>\n<p>Nie jest to samodzielny system ch\u0142odzenia! Ka\u017cdy termorozrzutnik ADL musi by\u0107 zamontowany do w\u0142a\u015bciwego radiatora.<\/p>\n<p>U\u017cywa\u0107 z: ADLQM67PC, ADLQM87PC<\/p>\n<p>&nbsp;<\/p>\n<h4><strong>ADL SP1000<\/strong>\u00a0(niewzmocniony miedzi\u0105)<\/h4>\n<p>Rozpraszacz ciep\u0142a jest przymocowany do tafli ch\u0142odz\u0105cej. Termiczna \u015bcie\u017cka przewodzenia jest bezpo\u015brednia \u2013 s\u0142u\u017cy do transportu ciep\u0142a z CPU\u00a0 i CHIPSET tak szybko jak to mo\u017cliwe od gor\u0105cego dna do ch\u0142odnej g\u00f3rnej powierzchni. W tym przypadku nie ma potrzeby ulepszania rdzenia miedzi\u0105, dzi\u0119ki czemu produkt jest lekki, a jego cena zdecydowanie ni\u017csza.<\/p>\n<p>Nie jest to samodzielny system ch\u0142odzenia! Ka\u017cdy termorozrzutnik ADL musi by\u0107 zamontowany do w\u0142a\u015bciwego radiatora.<\/p>\n<p>U\u017cywa\u0107 z: ADLLX8PC, ADL855PC, ADL945PC, ADLGS45PC ADLD25PC, ADLN2000PC, ADLE3800PC<\/p>\n<p>&nbsp;<\/p>\n<h4>Informacje o zamawianiu:<\/h4>\n\n<table id=\"tablepress-2\" class=\"tablepress tablepress-id-2 tbody-has-connected-cells\">\n<thead>\n<tr class=\"row-1\">\n\t<th class=\"column-1\">ITEM CODES<\/th><th class=\"column-2\">PART#<\/th><th class=\"column-3\">DESCRIPTION<\/th>\n<\/tr>\n<\/thead>\n<tbody class=\"row-striping row-hover\">\n<tr class=\"row-2\">\n\t<td colspan=\"3\" class=\"column-1\"><strong style=\"display: block; text-align: center;\">Thermal solutions:<\/strong><\/td>\n<\/tr>\n<tr class=\"row-3\">\n\t<td class=\"column-1\">ADLE3800PC-SP1000<\/td><td class=\"column-2\">292808M<\/td><td class=\"column-3\">1.0\" heat spreader for chassis mount, suggest QTY 4 91075A107<\/td>\n<\/tr>\n<tr class=\"row-4\">\n\t<td class=\"column-1\">ADLQM87PC-SP1000<\/td><td class=\"column-2\">292761<\/td><td class=\"column-3\">1.0\" heat spreader (cu enhanced) for chassis mount, suggest QTY 4 91075A107<\/td>\n<\/tr>\n<tr class=\"row-5\">\n\t<td class=\"column-1\">ADLQM67PC-SP1000<\/td><td class=\"column-2\">292614<\/td><td class=\"column-3\">1.0\" heat spreader (cu enhanced) for chassis mount, suggest QTY 4 91075A107<\/td>\n<\/tr>\n<tr class=\"row-6\">\n\t<td class=\"column-1\">ADLN2000PC-SP1000<\/td><td class=\"column-2\">292711<\/td><td class=\"column-3\">1.0\" heat spreader for chassis mount, suggest QTY 4 91075A107<\/td>\n<\/tr>\n<tr class=\"row-7\">\n\t<td class=\"column-1\">ADLD25PC-SP1000<\/td><td class=\"column-2\">292514<\/td><td class=\"column-3\">1.0\" heat spreader for chassis mount, suggest QTY 4 91075A107<\/td>\n<\/tr>\n<tr class=\"row-8\">\n\t<td class=\"column-1\">ADLGS45PC-SP1000<\/td><td class=\"column-2\">292410M<\/td><td class=\"column-3\">1.0\" heat spreader for chassis mount, suggest QTY 4 91075A107<\/td>\n<\/tr>\n<tr class=\"row-9\">\n\t<td class=\"column-1\">ADL945PC-SP1000<\/td><td class=\"column-2\">293163<\/td><td class=\"column-3\">1.0\" heat spreader for chassis mount, suggest QTY 4 91075A107<\/td>\n<\/tr>\n<tr class=\"row-10\">\n\t<td class=\"column-1\">ADLS15PC-SP1000<\/td><td class=\"column-2\">292064<\/td><td class=\"column-3\">1.0\" heat spreader for chassis mount, suggest QTY 4 91075A107<\/td>\n<\/tr>\n<tr class=\"row-11\">\n\t<td class=\"column-1\">ADL855PC-SP1000<\/td><td class=\"column-2\">293153<\/td><td class=\"column-3\">1.0\" heat spreader for chassis mount, suggest QTY 4 91075A107<\/td>\n<\/tr>\n<tr class=\"row-12\">\n\t<td class=\"column-1\">ADLLX8PC-SP1000<\/td><td class=\"column-2\">292057<\/td><td class=\"column-3\">1.0\" heat spreader for chassis mount, suggest QTY 4 91075A107<\/td>\n<\/tr>\n<tr class=\"row-13\">\n\t<td colspan=\"3\" class=\"column-1\"><strong style=\"display: block; text-align: center;\">Accessoires:<\/strong><\/td>\n<\/tr>\n<tr class=\"row-14\">\n\t<td class=\"column-1\">1.0\" Standoff\t<\/td><td class=\"column-2\">91075A107<\/td><td class=\"column-3\">1.0\" standoff precision milled M3 suggested OTY 4 pcs.<\/td>\n<\/tr>\n<\/tbody>\n<\/table>\n<!-- #tablepress-2 from cache -->\n","protected":false},"excerpt":{"rendered":"<p>Rozpraszacze ciep\u0142a s\u0105 przymocowane do tafli ch\u0142odz\u0105cej. Termiczne \u015bcie\u017cki transportuj\u0105 ciep\u0142o z CPU i CHIPSET tak szybko jak to mo\u017cliwe od gor\u0105cego dna do ch\u0142odnej g\u00f3rnej powierzchni.<\/p>\n","protected":false},"featured_media":3303,"template":"","meta":{"_acf_changed":false,"inline_featured_image":false,"_monsterinsights_skip_tracking":false,"_monsterinsights_sitenote_active":false,"_monsterinsights_sitenote_note":"","_monsterinsights_sitenote_category":0},"product_brand":[],"product_cat":[112],"product_tag":[],"class_list":{"0":"post-3291","1":"product","2":"type-product","3":"status-publish","4":"has-post-thumbnail","6":"product_cat-systemy-chlodzenia","8":"first","9":"instock","10":"shipping-taxable","11":"product-type-simple"},"acf":[],"_links":{"self":[{"href":"https:\/\/quantum.com.pl\/pl\/wp-json\/wp\/v2\/product\/3291","targetHints":{"allow":["GET"]}}],"collection":[{"href":"https:\/\/quantum.com.pl\/pl\/wp-json\/wp\/v2\/product"}],"about":[{"href":"https:\/\/quantum.com.pl\/pl\/wp-json\/wp\/v2\/types\/product"}],"wp:featuredmedia":[{"embeddable":true,"href":"https:\/\/quantum.com.pl\/pl\/wp-json\/wp\/v2\/media\/3303"}],"wp:attachment":[{"href":"https:\/\/quantum.com.pl\/pl\/wp-json\/wp\/v2\/media?parent=3291"}],"wp:term":[{"taxonomy":"product_brand","embeddable":true,"href":"https:\/\/quantum.com.pl\/pl\/wp-json\/wp\/v2\/product_brand?post=3291"},{"taxonomy":"product_cat","embeddable":true,"href":"https:\/\/quantum.com.pl\/pl\/wp-json\/wp\/v2\/product_cat?post=3291"},{"taxonomy":"product_tag","embeddable":true,"href":"https:\/\/quantum.com.pl\/pl\/wp-json\/wp\/v2\/product_tag?post=3291"}],"curies":[{"name":"wp","href":"https:\/\/api.w.org\/{rel}","templated":true}]}}