{"id":3293,"date":"2019-07-08T12:20:43","date_gmt":"2019-07-08T10:20:43","guid":{"rendered":"https:\/\/quantum.com.pl\/?post_type=product&#038;p=3293"},"modified":"2019-07-23T12:45:32","modified_gmt":"2019-07-23T10:45:32","slug":"adl-sp0600","status":"publish","type":"product","link":"https:\/\/quantum.com.pl\/pl\/product\/adl-sp0600\/","title":{"rendered":"ADL SP0600"},"content":{"rendered":"<h4>ADL SP0600 (wzmocniony miedzi\u0105)<\/h4>\n<p>Rozpraszacz ciep\u0142a jest przymocowany do tafli ch\u0142odz\u0105cej. Termiczna \u015bcie\u017cka przewodzenia jest wzmocniona miedzi\u0105 \u2013 s\u0142u\u017cy do transportu ciep\u0142a z CPU i CHIPSET tak szybko jak to mo\u017cliwe od gor\u0105cego dna do ch\u0142odnej g\u00f3rnej powierzchni.<\/p>\n<p>Nie jest to samodzielny system ch\u0142odzenia! Ka\u017cdy termorozrzutnik ADL musi by\u0107 zamontowany do w\u0142a\u015bciwego radiatora.<\/p>\n<p>U\u017cywa\u0107 z: ADLQM67PC, ADLQM87PC<\/p>\n<p>&nbsp;<\/p>\n<h4>ADL SP0600 (niewzmocniony miedzi\u0105)<\/h4>\n<p>Rozpraszacz ciep\u0142a jest przymocowany do tafli ch\u0142odz\u0105cej. Termiczna \u015bcie\u017cka przewodzenia jest bezpo\u015brednia \u2013 s\u0142u\u017cy <span id=\"tgtAlignment_23\" class=\"ts-alignment-element\" data-is-focusable=\"true\">do<\/span> <span id=\"tgtAlignment_24\" class=\"ts-alignment-element\" data-is-focusable=\"true\">transportu<\/span> <span id=\"tgtAlignment_25\" class=\"ts-alignment-element\" data-is-focusable=\"true\">ciep\u0142a<\/span> <span id=\"tgtAlignment_26\" class=\"ts-alignment-element\" data-is-focusable=\"true\">z<\/span> <span id=\"tgtAlignment_27\" class=\"ts-alignment-element\" data-is-focusable=\"true\">CPU<\/span> <span id=\"tgtAlignment_28\" class=\"ts-alignment-element\" data-is-focusable=\"true\">i<\/span> <span id=\"tgtAlignment_29\" class=\"ts-alignment-element\" data-is-focusable=\"true\">CHIPSET<\/span> <span id=\"tgtAlignment_30\" class=\"ts-alignment-element\" data-is-focusable=\"true\">tak<\/span> <span id=\"tgtAlignment_31\" class=\"ts-alignment-element\" data-is-focusable=\"true\">szybko<\/span> <span id=\"tgtAlignment_32\" class=\"ts-alignment-element\" data-is-focusable=\"true\">jak<\/span> <span id=\"tgtAlignment_33\" class=\"ts-alignment-element\" data-is-focusable=\"true\">to<\/span> <span id=\"tgtAlignment_34\" class=\"ts-alignment-element\" data-is-focusable=\"true\">mo\u017cliwe<\/span> od <span id=\"tgtAlignment_35\" class=\"ts-alignment-element\" data-is-focusable=\"true\">gor\u0105cego<\/span> <span id=\"tgtAlignment_36\" class=\"ts-alignment-element\" data-is-focusable=\"true\">dna<\/span> <span id=\"tgtAlignment_37\" class=\"ts-alignment-element\" data-is-focusable=\"true\">do<\/span> <span id=\"tgtAlignment_38\" class=\"ts-alignment-element\" data-is-focusable=\"true\">ch\u0142odnej<\/span> <span id=\"tgtAlignment_39\" class=\"ts-alignment-element\" data-is-focusable=\"true\">g\u00f3rnej<\/span> <span id=\"tgtAlignment_40\" class=\"ts-alignment-element\" data-is-focusable=\"true\">powierzchni<\/span><span id=\"tgtAlignment_41\" class=\"ts-alignment-element\" data-is-focusable=\"true\">. <\/span>W tym przypadku nie ma potrzeby ulepszania rdzenia miedzi\u0105, dzi\u0119ki czemu produkt jest lekki, a jego cena zdecydowanie ni\u017csza.<\/p>\n<p><span id=\"tgtAlignment_42\" class=\"ts-alignment-element\" data-is-focusable=\"true\">Nie<\/span> <span id=\"tgtAlignment_43\" class=\"ts-alignment-element\" data-is-focusable=\"true\">jest<\/span> to <span id=\"tgtAlignment_44\" class=\"ts-alignment-element\" data-is-focusable=\"true\">samodzielny system ch\u0142odzenia<\/span><span id=\"tgtAlignment_47\" class=\"ts-alignment-element\" data-is-focusable=\"true\">!<\/span> Ka\u017cdy <span id=\"tgtAlignment_49\" class=\"ts-alignment-element\" data-is-focusable=\"true\">termorozrzutnik <\/span><span id=\"tgtAlignment_50\" class=\"ts-alignment-element\" data-is-focusable=\"true\">ADL<\/span> <span id=\"tgtAlignment_51\" class=\"ts-alignment-element\" data-is-focusable=\"true\">musi<\/span> <span id=\"tgtAlignment_52\" class=\"ts-alignment-element\" data-is-focusable=\"true\">by\u0107<\/span> <span id=\"tgtAlignment_53\" class=\"ts-alignment-element\" data-is-focusable=\"true\">zamontowany<\/span> <span id=\"tgtAlignment_54\" class=\"ts-alignment-element\" data-is-focusable=\"true\">do<\/span> w\u0142a\u015bciwego\u00a0<span id=\"tgtAlignment_58\" class=\"ts-alignment-element\" data-is-focusable=\"true\">radiatora<\/span><span id=\"tgtAlignment_59\" class=\"ts-alignment-element\" data-is-focusable=\"true\">.<\/span><\/p>\n<p>U\u017cywa\u0107 z: ADLLX8PC, ADL855PC, ADL945PC, ADLGS45PC ADLD25PC, ADLN2000PC, ADLE3800PC<\/p>\n<p>&nbsp;<\/p>\n<h4>Informacje o zamawianiu:<\/h4>\n<p>&nbsp;<\/p>\n\n<table id=\"tablepress-1\" class=\"tablepress tablepress-id-1 tbody-has-connected-cells\">\n<thead>\n<tr class=\"row-1\">\n\t<th class=\"column-1\">ITEM CODES<\/th><th class=\"column-2\">PART#<\/th><th class=\"column-3\">DESCRIPTION<\/th>\n<\/tr>\n<\/thead>\n<tbody class=\"row-striping row-hover\">\n<tr class=\"row-2\">\n\t<td colspan=\"3\" class=\"column-1\"><strong style=\"display: block; text-align: center;\">Thermal solutions:<\/strong><\/td>\n<\/tr>\n<tr class=\"row-3\">\n\t<td class=\"column-1\">ADLQM87PC-SP060<\/td><td class=\"column-2\">292806M<\/td><td class=\"column-3\">0.6\" heat spreader for chassis mount, suggest QTY 4 293406<\/td>\n<\/tr>\n<tr class=\"row-4\">\n\t<td class=\"column-1\">ADLQM87PC-SP0600<\/td><td class=\"column-2\">292760<\/td><td class=\"column-3\">0.6\" heat spreader (cu enhanced) for chassis mount, suggest QTY 4 293406<\/td>\n<\/tr>\n<tr class=\"row-5\">\n\t<td class=\"column-1\">ADLQM67PC-SP0600<\/td><td class=\"column-2\">292612<\/td><td class=\"column-3\">0.6\" heat spreader (cu enhanced) for chassis mount, suggest QTY 4 293406<\/td>\n<\/tr>\n<tr class=\"row-6\">\n\t<td class=\"column-1\">ADLN2000PC-SP06000<\/td><td class=\"column-2\">292710<\/td><td class=\"column-3\">0.6\" heat spreader for chassis mount, suggest QTY 4 293406<\/td>\n<\/tr>\n<tr class=\"row-7\">\n\t<td class=\"column-1\">ADLD25PC-SP0600<\/td><td class=\"column-2\">292513<\/td><td class=\"column-3\">0.6\" heat spreader for chassis mount, suggest QTY 4 293406<\/td>\n<\/tr>\n<tr class=\"row-8\">\n\t<td class=\"column-1\">ADLGS45PC-SP0600<\/td><td class=\"column-2\">292406M<\/td><td class=\"column-3\">0.6\" heat spreader for chassis mount, suggest QTY 4 293406<\/td>\n<\/tr>\n<tr class=\"row-9\">\n\t<td class=\"column-1\">ADL945PC-SP0600<\/td><td class=\"column-2\">293162<\/td><td class=\"column-3\">0.6\" heat spreader for chassis mount, suggest QTY 4 293406<\/td>\n<\/tr>\n<tr class=\"row-10\">\n\t<td class=\"column-1\">ADLS15PC-SP0600<\/td><td class=\"column-2\">292061<\/td><td class=\"column-3\">0.6\" heat spreader for chassis mount, suggest QTY 4 293406<\/td>\n<\/tr>\n<tr class=\"row-11\">\n\t<td class=\"column-1\">ADL855PC-SP0600<\/td><td class=\"column-2\">293152<\/td><td class=\"column-3\">0.6\" heat spreader for chassis mount, suggest QTY 4 293406<\/td>\n<\/tr>\n<tr class=\"row-12\">\n\t<td class=\"column-1\">ADLLX8PC-SP0600<\/td><td class=\"column-2\">292056<\/td><td class=\"column-3\">0.6\" heat spreader for chassis mount, suggest QTY 4 293406<\/td>\n<\/tr>\n<tr class=\"row-13\">\n\t<td colspan=\"3\" class=\"column-1\"><strong style=\"display: block; text-align: center;\">Accessoires:<\/strong><\/td>\n<\/tr>\n<tr class=\"row-14\">\n\t<td class=\"column-1\">0.6\" Standoff\t<\/td><td class=\"column-2\">293406<\/td><td class=\"column-3\">0.6\" standoff precision milled M3 suggested OTY 4 pcs.<\/td>\n<\/tr>\n<\/tbody>\n<\/table>\n<!-- #tablepress-1 from cache -->\n","protected":false},"excerpt":{"rendered":"<p>Rozpraszacze ciep\u0142a s\u0105 przymocowane do tafli ch\u0142odz\u0105cej. Termiczne <span data-is-focusable=\"true\">\u015bcie\u017cki<\/span> <span data-is-focusable=\"true\">transportuj\u0105 ciep\u0142o<\/span> <span data-is-focusable=\"true\">z<\/span> <span data-is-focusable=\"true\">CPU<\/span> <span data-is-focusable=\"true\">i<\/span> <span data-is-focusable=\"true\">CHIPSET<\/span> <span data-is-focusable=\"true\">tak<\/span> <span data-is-focusable=\"true\">szybko<\/span>\u00a0<span data-is-focusable=\"true\">jak<\/span> <span data-is-focusable=\"true\">to<\/span> <span data-is-focusable=\"true\">mo\u017cliwe<\/span> od <span data-is-focusable=\"true\">gor\u0105cego<\/span> dna <span data-is-focusable=\"true\">do<\/span> <span data-is-focusable=\"true\">ch\u0142odnej<\/span> <span data-is-focusable=\"true\">g\u00f3rnej<\/span> <span data-is-focusable=\"true\">powierzchni<\/span><span data-is-focusable=\"true\">.<\/span><\/p>\n","protected":false},"featured_media":3301,"template":"","meta":{"_acf_changed":false,"inline_featured_image":false,"_monsterinsights_skip_tracking":false,"_monsterinsights_sitenote_active":false,"_monsterinsights_sitenote_note":"","_monsterinsights_sitenote_category":0},"product_brand":[],"product_cat":[112],"product_tag":[],"class_list":{"0":"post-3293","1":"product","2":"type-product","3":"status-publish","4":"has-post-thumbnail","6":"product_cat-systemy-chlodzenia","8":"first","9":"instock","10":"shipping-taxable","11":"product-type-simple"},"acf":[],"_links":{"self":[{"href":"https:\/\/quantum.com.pl\/pl\/wp-json\/wp\/v2\/product\/3293","targetHints":{"allow":["GET"]}}],"collection":[{"href":"https:\/\/quantum.com.pl\/pl\/wp-json\/wp\/v2\/product"}],"about":[{"href":"https:\/\/quantum.com.pl\/pl\/wp-json\/wp\/v2\/types\/product"}],"wp:featuredmedia":[{"embeddable":true,"href":"https:\/\/quantum.com.pl\/pl\/wp-json\/wp\/v2\/media\/3301"}],"wp:attachment":[{"href":"https:\/\/quantum.com.pl\/pl\/wp-json\/wp\/v2\/media?parent=3293"}],"wp:term":[{"taxonomy":"product_brand","embeddable":true,"href":"https:\/\/quantum.com.pl\/pl\/wp-json\/wp\/v2\/product_brand?post=3293"},{"taxonomy":"product_cat","embeddable":true,"href":"https:\/\/quantum.com.pl\/pl\/wp-json\/wp\/v2\/product_cat?post=3293"},{"taxonomy":"product_tag","embeddable":true,"href":"https:\/\/quantum.com.pl\/pl\/wp-json\/wp\/v2\/product_tag?post=3293"}],"curies":[{"name":"wp","href":"https:\/\/api.w.org\/{rel}","templated":true}]}}