{"id":3306,"date":"2019-07-08T17:18:00","date_gmt":"2019-07-08T15:18:00","guid":{"rendered":"https:\/\/quantum.com.pl\/?post_type=product&#038;p=3306"},"modified":"2020-12-04T15:05:18","modified_gmt":"2020-12-04T14:05:18","slug":"heatsink","status":"publish","type":"product","link":"https:\/\/quantum.com.pl\/pl\/product\/heatsink\/","title":{"rendered":"Heatsink"},"content":{"rendered":"<h4>Radiator ADL z wentylatorami\u00a0(dwa ustawienia wentylatora)<\/h4>\n<p>Termiczna \u015bcie\u017cka przewodzenia jest bezpo\u015brednia \u2013 s\u0142u\u017cy do transportu ciep\u0142a do radiatora z CPU\u00a0 i CHIPSET tak szybko jak to mo\u017cliwe. Dwa wentylatory najlepszej jako\u015bci wspomagaj\u0105 usuwanie ciep\u0142a. Do uk\u0142ad\u00f3w scalonych o du\u017cej mocy wymagane s\u0105 dwa rdzenie wzmocnione miedzi\u0105 wewn\u0105trz radiatora, co skutkuje rozwi\u0105zaniem termicznym ma\u0142ych rozmiar\u00f3w.<\/p>\n<p>Radiator ADL z ustawieniem wentylatora to samodzielny system ch\u0142odzenia.<\/p>\n<p>U\u017cywa\u0107 z: ADLQM67PC,\u00a0ADLQM87PC<\/p>\n<p>&nbsp;<\/p>\n<h4>Radiator ADL\u00a0 z wentylatorem (jedno ustawienie wentylatora)<\/h4>\n<p>Termiczna \u015bcie\u017cka przewodzenia jest bezpo\u015brednia \u2013 s\u0142u\u017cy do transportu ciep\u0142a do radiatora z CPU\u00a0 i CHIPSET tak szybko jak to mo\u017cliwe. Jeden wentylator najlepszej jako\u015bci wspomaga usuwanie ciep\u0142a. Do uk\u0142ad\u00f3w scalonych o niskiej mocy nie s\u0105 wymagane drugi wentylator czy ulepszenia rdzenia miedzianego wewn\u0105trz radiatora, dzi\u0119ki czemu produkt jest lekki, a jego cena zdecydowanie ni\u017csza. Radiator ADL przeznaczony dla procesora Intel Core du\u017cej mocy zawiera dwa wentylatory i rdze\u0144 wzmocniony miedzi\u0105.<\/p>\n<p>Radiator ADL z ustawieniem wentylatora to samodzielny system ch\u0142odzenia.<\/p>\n<p>U\u017cywa\u0107 z: ADLS15PC, ADLD25PC, ADLN2000PC, ADLE3800PC, ADLGS45PC<\/p>\n<p>&nbsp;<\/p>\n<h4>Zestaw radiatora ADL 2 (jedno ustawienie wentylatora)<\/h4>\n<p>Termiczna \u015bcie\u017cka przewodzenia jest bezpo\u015brednia \u2013 s\u0142u\u017cy do transportu ciep\u0142a do radiatora z CPU\u00a0 i CHIPSET tak szybko jak to mo\u017cliwe do dw\u00f3ch pojedynczych radiator\u00f3w. Jeden wentylator najlepszej jako\u015bci wspomaga usuwanie ciep\u0142a. Do uk\u0142ad\u00f3w scalonych o niskiej mocy nie s\u0105 wymagane drugi wentylator czy ulepszenia rdzenia miedzianego wewn\u0105trz radiatora, dzi\u0119ki czemu produkt jest lekki, a jego cena zdecydowanie ni\u017csza. Radiator ADL przeznaczony dla procesora Intel Core du\u017cej mocy zawiera dwa wentylatory i rdze\u0144 wzmocniony miedzi\u0105.<\/p>\n<p>Zestaw radiatora ADL 2 (z wentylatorem) to samodzielny system ch\u0142odzenia.<\/p>\n<p>U\u017cywa\u0107 z: ADL855PC, ADL945PC<\/p>\n<p>&nbsp;<\/p>\n<h4>Informacje o zamawianiu:<\/h4>\n<p>&nbsp;<\/p>\n\n<table id=\"tablepress-3\" class=\"tablepress tablepress-id-3 tbody-has-connected-cells\">\n<thead>\n<tr class=\"row-1\">\n\t<th class=\"column-1\">ITEM CODES<\/th><th class=\"column-2\">PART#<\/th><th class=\"column-3\">DESCRIPTION<\/th>\n<\/tr>\n<\/thead>\n<tbody class=\"row-striping row-hover\">\n<tr class=\"row-2\">\n\t<td colspan=\"3\" class=\"column-1\"><strong style=\"display: block; text-align: center;\">Thermal solutions<\/strong><\/td>\n<\/tr>\n<tr class=\"row-3\">\n\t<td class=\"column-1\">ADLE3800PC-FANSINK<\/td><td class=\"column-2\">292812<\/td><td class=\"column-3\">2\" x 2\" heat sink and fan assembly for ADLE3800PC<\/td>\n<\/tr>\n<tr class=\"row-4\">\n\t<td class=\"column-1\">ADLQM87PC-FANSINK<\/td><td class=\"column-2\">292762M-SET<\/td><td class=\"column-3\">heat sink (cu enhanced) and fan assembly for ADLQM87PC dual\/quad<\/td>\n<\/tr>\n<tr class=\"row-5\">\n\t<td class=\"column-1\">ADLQM67PC-FANSINK<\/td><td class=\"column-2\">292610M-SET<\/td><td class=\"column-3\">heat sink (cu enhanced) and fan assembly for ADLQM67PC dual\/quad<\/td>\n<\/tr>\n<tr class=\"row-6\">\n\t<td class=\"column-1\">ADLN2000PC-FANSINK<\/td><td class=\"column-2\">292511<\/td><td class=\"column-3\">heat sink and fan assembly for ADLN2000PC<\/td>\n<\/tr>\n<tr class=\"row-7\">\n\t<td class=\"column-1\">ADLD25PC-FANSINK<\/td><td class=\"column-2\">272413<\/td><td class=\"column-3\">heat sink and fan assembly for ADLG45PC<\/td>\n<\/tr>\n<tr class=\"row-8\">\n\t<td class=\"column-1\">ADLS15PC-FANSINK<\/td><td class=\"column-2\">292063<\/td><td class=\"column-3\">heat sink and fan assembly for ADLS15PC<\/td>\n<\/tr>\n<tr class=\"row-9\">\n\t<td class=\"column-1\">ADLTS2HSS<\/td><td class=\"column-2\">292054<\/td><td class=\"column-3\">2 piece heat sink set for ADL855\/945PC<\/td>\n<\/tr>\n<tr class=\"row-10\">\n\t<td class=\"column-1\">ADLTS2HSS-FAN<\/td><td class=\"column-2\">293057<\/td><td class=\"column-3\">fan for ADLTS2HSS thermal solution<\/td>\n<\/tr>\n<\/tbody>\n<\/table>\n<!-- #tablepress-3 from cache -->\n","protected":false},"excerpt":{"rendered":"<p>Termiczna \u015bcie\u017cka przewodzenia jest bezpo\u015brednia \u2013 s\u0142u\u017cy do transportu ciep\u0142a do radiatora z CPU\u00a0 i CHIPSET tak szybko jak to mo\u017cliwe. Jeden lub dwa wentylatory wspomagaj\u0105 usuwanie ciep\u0142a. Radiator ADL z ustawieniem wentylatora to samodzielne rozwi\u0105zanie termiczne.<\/p>\n","protected":false},"featured_media":3314,"template":"","meta":{"_acf_changed":false,"inline_featured_image":false,"_monsterinsights_skip_tracking":false,"_monsterinsights_sitenote_active":false,"_monsterinsights_sitenote_note":"","_monsterinsights_sitenote_category":0},"product_brand":[],"product_cat":[112],"product_tag":[],"class_list":{"0":"post-3306","1":"product","2":"type-product","3":"status-publish","4":"has-post-thumbnail","6":"product_cat-systemy-chlodzenia","8":"first","9":"instock","10":"shipping-taxable","11":"product-type-simple"},"acf":[],"_links":{"self":[{"href":"https:\/\/quantum.com.pl\/pl\/wp-json\/wp\/v2\/product\/3306","targetHints":{"allow":["GET"]}}],"collection":[{"href":"https:\/\/quantum.com.pl\/pl\/wp-json\/wp\/v2\/product"}],"about":[{"href":"https:\/\/quantum.com.pl\/pl\/wp-json\/wp\/v2\/types\/product"}],"wp:featuredmedia":[{"embeddable":true,"href":"https:\/\/quantum.com.pl\/pl\/wp-json\/wp\/v2\/media\/3314"}],"wp:attachment":[{"href":"https:\/\/quantum.com.pl\/pl\/wp-json\/wp\/v2\/media?parent=3306"}],"wp:term":[{"taxonomy":"product_brand","embeddable":true,"href":"https:\/\/quantum.com.pl\/pl\/wp-json\/wp\/v2\/product_brand?post=3306"},{"taxonomy":"product_cat","embeddable":true,"href":"https:\/\/quantum.com.pl\/pl\/wp-json\/wp\/v2\/product_cat?post=3306"},{"taxonomy":"product_tag","embeddable":true,"href":"https:\/\/quantum.com.pl\/pl\/wp-json\/wp\/v2\/product_tag?post=3306"}],"curies":[{"name":"wp","href":"https:\/\/api.w.org\/{rel}","templated":true}]}}