{"id":3334,"date":"2019-07-08T19:48:10","date_gmt":"2019-07-08T17:48:10","guid":{"rendered":"https:\/\/quantum.com.pl\/?post_type=product&#038;p=3334"},"modified":"2020-12-04T15:08:32","modified_gmt":"2020-12-04T14:08:32","slug":"heatsink-passive","status":"publish","type":"product","link":"https:\/\/quantum.com.pl\/pl\/product\/heatsink-passive\/","title":{"rendered":"Heatsink Passive"},"content":{"rendered":"<p>Termiczna \u015bcie\u017cka przewodzenia jest bezpo\u015brednia \u2013 s\u0142u\u017cy do transportu ciep\u0142a do dw\u00f3ch pojedynczych radiator\u00f3w z CPU i CHIPSET tak szybko jak to mo\u017cliwe. Nie jest wymagany dodatkowy wentylator. W tym radiatorze obs\u0142ugiwane s\u0105 tylko uk\u0142ady scalone o niskim zasilaniu. Produkt jest lekki, a jego cena niska. Radiator ADL przeznaczony dla procesora Intel Core du\u017cej mocy zawiera dwa wentylatory oraz rdze\u0144 wzmocniony miedzi\u0105.<\/p>\n<p>Pasywny radiator jest samodzielnym systemem ch\u0142odzenia!<\/p>\n<p>U\u017cywa\u0107 z: ADLLX8PC, ADLS15PC, ADLN2000PC, ADLE3800PC (not QuadCore)<\/p>\n<p>&nbsp;<\/p>\n<h4>Informacje o zamawianiu:<\/h4>\n<p>&nbsp;<\/p>\n\n<table id=\"tablepress-4\" class=\"tablepress tablepress-id-4 tbody-has-connected-cells\">\n<thead>\n<tr class=\"row-1\">\n\t<th class=\"column-1\">Item Codes<\/th><th class=\"column-2\">Part#<\/th><th class=\"column-3\">Description<\/th>\n<\/tr>\n<\/thead>\n<tbody class=\"row-striping row-hover\">\n<tr class=\"row-2\">\n\t<td colspan=\"3\" class=\"column-1\"><strong style=\"display: block; text-align: center;\">Thermal solutions<\/strong><\/td>\n<\/tr>\n<tr class=\"row-3\">\n\t<td class=\"column-1\">ADLE3800PC-PASSIVE LP<\/td><td class=\"column-2\">292810<\/td><td class=\"column-3\">Low Profile Passive Heatsink<br \/>\n<\/td>\n<\/tr>\n<tr class=\"row-4\">\n\t<td class=\"column-1\">ADLN2000PC-PASSIVE LP<\/td><td class=\"column-2\">292512<\/td><td class=\"column-3\">Low Profile Passive Heatsink<br \/>\n<\/td>\n<\/tr>\n<tr class=\"row-5\">\n\t<td class=\"column-1\">ADLD25PC-PASSIVE LP<\/td><td class=\"column-2\">292512<\/td><td class=\"column-3\">Low Profile Passive Heatsink<br \/>\n<\/td>\n<\/tr>\n<tr class=\"row-6\">\n\t<td class=\"column-1\">ADLS15PC-PASSIVE LP<\/td><td class=\"column-2\">292062<\/td><td class=\"column-3\">Low Profile Passive Heatsink<br \/>\n<\/td>\n<\/tr>\n<tr class=\"row-7\">\n\t<td class=\"column-1\">ADLLX8PC-PASSIVE LP<\/td><td class=\"column-2\">292055<\/td><td class=\"column-3\">Low Profile Passive Heatsink<br \/>\n<\/td>\n<\/tr>\n<\/tbody>\n<\/table>\n<!-- #tablepress-4 from cache -->\n","protected":false},"excerpt":{"rendered":"<p>Termiczna \u015bcie\u017cka przewodzenia jest bezpo\u015brednia \u2013 s\u0142u\u017cy do transportu ciep\u0142a do dw\u00f3ch pojedynczych radiator\u00f3w z CPU i CHIPSET tak szybko jak to mo\u017cliwe. Nie jest wymagany dodatkowy wentylator. W tym radiatorze obs\u0142ugiwane s\u0105 tylko uk\u0142ady scalone o niskim zasilaniu. Produkt jest lekki, a jego cena niska.<\/p>\n","protected":false},"featured_media":3336,"template":"","meta":{"_acf_changed":false,"inline_featured_image":false,"_monsterinsights_skip_tracking":false,"_monsterinsights_sitenote_active":false,"_monsterinsights_sitenote_note":"","_monsterinsights_sitenote_category":0},"product_brand":[],"product_cat":[112],"product_tag":[],"class_list":{"0":"post-3334","1":"product","2":"type-product","3":"status-publish","4":"has-post-thumbnail","6":"product_cat-systemy-chlodzenia","8":"first","9":"instock","10":"shipping-taxable","11":"product-type-simple"},"acf":[],"_links":{"self":[{"href":"https:\/\/quantum.com.pl\/pl\/wp-json\/wp\/v2\/product\/3334","targetHints":{"allow":["GET"]}}],"collection":[{"href":"https:\/\/quantum.com.pl\/pl\/wp-json\/wp\/v2\/product"}],"about":[{"href":"https:\/\/quantum.com.pl\/pl\/wp-json\/wp\/v2\/types\/product"}],"wp:featuredmedia":[{"embeddable":true,"href":"https:\/\/quantum.com.pl\/pl\/wp-json\/wp\/v2\/media\/3336"}],"wp:attachment":[{"href":"https:\/\/quantum.com.pl\/pl\/wp-json\/wp\/v2\/media?parent=3334"}],"wp:term":[{"taxonomy":"product_brand","embeddable":true,"href":"https:\/\/quantum.com.pl\/pl\/wp-json\/wp\/v2\/product_brand?post=3334"},{"taxonomy":"product_cat","embeddable":true,"href":"https:\/\/quantum.com.pl\/pl\/wp-json\/wp\/v2\/product_cat?post=3334"},{"taxonomy":"product_tag","embeddable":true,"href":"https:\/\/quantum.com.pl\/pl\/wp-json\/wp\/v2\/product_tag?post=3334"}],"curies":[{"name":"wp","href":"https:\/\/api.w.org\/{rel}","templated":true}]}}