{"id":3335,"date":"2019-07-08T20:13:46","date_gmt":"2019-07-08T18:13:46","guid":{"rendered":"https:\/\/quantum.com.pl\/?post_type=product&#038;p=3335"},"modified":"2020-12-04T15:07:24","modified_gmt":"2020-12-04T14:07:24","slug":"heatsink-for-heatspreader","status":"publish","type":"product","link":"https:\/\/quantum.com.pl\/pl\/product\/heatsink-for-heatspreader\/","title":{"rendered":"Heatsink for Heatspreader"},"content":{"rendered":"<h4>Radiator ADL do monta\u017cu rozpraszacza ciep\u0142a (2 wentylatory)<\/h4>\n<p>Radiator z dwoma wentylatorami najlepszej jako\u015bci zosta\u0142 zaprojektowany do aplikacji w \u015brodowisku rozwojowym. Konfiguracja jest doskonale przygotowana do u\u017cycia w obu opcjach termicznych:<\/p>\n<ol>\n<li>Z radiatorem i wentylatorem<\/li>\n<li>Bez radiatora\/bez wentylatora (przewodnictwo ch\u0142odz\u0105ce)<\/li>\n<\/ol>\n<p>Ogromna moc Generacji CPU wykazuje zapotrzebowanie na dwa wentylatory zainstalowane w radiatorze. Ten samodzielny system ch\u0142odzenia charakteryzuje si\u0119 d\u0142ugim czasem monta\u017cu na wz\u00f3r czarnego radiatora z wentylatorem. Klient mo\u017ce w ka\u017cdej chwili usun\u0105\u0107 czarny radiator, by nast\u0119pnie zamontowa\u0107 rozpraszacz ciep\u0142a bezpo\u015brednio w miejsce metalowej obudowy do dzia\u0142a\u0144 bez wentylatora.<\/p>\n<p>U\u017cywa\u0107 z: ADLQM67PC (i7 QuadCore), ADLQM87PC<\/p>\n<p>&nbsp;<\/p>\n<h4>Radiator ADL do monta\u017cu rozpraszacza ciep\u0142a (1 wentylator)<\/h4>\n<p>Radiator z jednym wentylatorem najlepszej jako\u015bci, zosta\u0142 zaprojektowany do aplikacji w \u015brodowisku rozwojowym. Konfiguracja jest doskonale przygotowana do u\u017cycia w obu opcjach termicznych:<\/p>\n<ol>\n<li>Z radiatorem i wentylatorem<\/li>\n<li>Bez radiatora\/bez wentylatora (przewodnictwo ch\u0142odz\u0105ce)<\/li>\n<\/ol>\n<p>\u015aredniej klasy Generacja CPU wykazuje zapotrzebowanie tylko na jeden wentylator zainstalowany w radiatorze. Ten samodzielny system ch\u0142odzenia charakteryzuje si\u0119 d\u0142ugim czasem monta\u017cu na wz\u00f3r czarnego radiatora z wentylatorem. Klient mo\u017ce w ka\u017cdej chwili usun\u0105\u0107 czarny radiator, by nast\u0119pnie zamontowa\u0107 rozpraszacz ciep\u0142a bezpo\u015brednio w miejsce metalowej obudowy do dzia\u0142a\u0144 bez wentylatora.<\/p>\n<p>U\u017cywa\u0107 z: ADLQM67PC (i7 DualCore &amp; Celeron), ADLGS45PC<\/p>\n<p>&nbsp;<\/p>\n<h4>Informacje o zamawianiu:<\/h4>\n\n<table id=\"tablepress-5\" class=\"tablepress tablepress-id-5 tbody-has-connected-cells\">\n<thead>\n<tr class=\"row-1\">\n\t<th class=\"column-1\">ITEM CODES<\/th><th class=\"column-2\">PART#<\/th><th class=\"column-3\">DESCRIPTION<\/th>\n<\/tr>\n<\/thead>\n<tbody class=\"row-striping row-hover\">\n<tr class=\"row-2\">\n\t<td colspan=\"3\" class=\"column-1\"><strong style=\"display: block; text-align: center;\">Thermal solutions<\/strong><\/td>\n<\/tr>\n<tr class=\"row-3\">\n\t<td class=\"column-1\">ADLQM87PC SPREADER FANSINK DUAL<\/td><td class=\"column-2\">292416M-SET<\/td><td class=\"column-3\">Heatsink with dual fan assembly to be mounted on top of ADL SP0600\/SP1000 typical bench- &amp; development use only!<\/td>\n<\/tr>\n<tr class=\"row-4\">\n\t<td class=\"column-1\">ADLQM67PC SPREADER FANSINK DUAL<\/td><td class=\"column-2\">292416M-SET<\/td><td class=\"column-3\">Heatsink with dual fan assembly to be mounted on top of ADL SP0600\/SP1000 typical bench- &amp; development use only!<\/td>\n<\/tr>\n<tr class=\"row-5\">\n\t<td class=\"column-1\">ADLGS45PC SPREADER-FANSINK SINGLE<\/td><td class=\"column-2\">292415M-SET<\/td><td class=\"column-3\">Heatsink with dual fan assembly to be mounted on top of ADL SP0600\/SP1000 typical bench- &amp; development use only!<\/td>\n<\/tr>\n<tr class=\"row-6\">\n\t<td class=\"column-1\">ADL945PC SPREADER-FANSINK SINGLE<\/td><td class=\"column-2\">292415M-SET<\/td><td class=\"column-3\">Heatsink with dual fan assembly to be mounted on top of ADL SP0600\/SP1000 typical bench- &amp; development use only!<\/td>\n<\/tr>\n<tr class=\"row-7\">\n\t<td class=\"column-1\">ADL855PC SPREADER-FANSINK SINGLE<\/td><td class=\"column-2\">292415M-SET<\/td><td class=\"column-3\">Heatsink with dual fan assembly to be mounted on top of ADL SP0600\/SP1000 typical bench- &amp; development use only!<\/td>\n<\/tr>\n<\/tbody>\n<\/table>\n<!-- #tablepress-5 from cache -->\n<p>&nbsp;<\/p>\n<p>&nbsp;<\/p>\n","protected":false},"excerpt":{"rendered":"<p>Radiatory z jednym lub dwoma wentylatorami najlepszej jako\u015bci zosta\u0142y zaprojektowane do aplikacji w \u015brodowisku rozwojowym. Konfiguracja jest doskonale przygotowana do u\u017cycia w obu opcjach termicznych:<\/p>\n<ol>\n<li>Z radiatorem i wentylatorem<\/li>\n<li>Bez radiatora\/bez wentylatora (przewodnictwo ch\u0142odz\u0105ce).<\/li>\n<\/ol>\n","protected":false},"featured_media":11528,"template":"","meta":{"_acf_changed":false,"inline_featured_image":false,"_monsterinsights_skip_tracking":false,"_monsterinsights_sitenote_active":false,"_monsterinsights_sitenote_note":"","_monsterinsights_sitenote_category":0},"product_brand":[],"product_cat":[112],"product_tag":[],"class_list":{"0":"post-3335","1":"product","2":"type-product","3":"status-publish","4":"has-post-thumbnail","6":"product_cat-systemy-chlodzenia","8":"first","9":"instock","10":"shipping-taxable","11":"product-type-simple"},"acf":[],"_links":{"self":[{"href":"https:\/\/quantum.com.pl\/pl\/wp-json\/wp\/v2\/product\/3335","targetHints":{"allow":["GET"]}}],"collection":[{"href":"https:\/\/quantum.com.pl\/pl\/wp-json\/wp\/v2\/product"}],"about":[{"href":"https:\/\/quantum.com.pl\/pl\/wp-json\/wp\/v2\/types\/product"}],"wp:featuredmedia":[{"embeddable":true,"href":"https:\/\/quantum.com.pl\/pl\/wp-json\/wp\/v2\/media\/11528"}],"wp:attachment":[{"href":"https:\/\/quantum.com.pl\/pl\/wp-json\/wp\/v2\/media?parent=3335"}],"wp:term":[{"taxonomy":"product_brand","embeddable":true,"href":"https:\/\/quantum.com.pl\/pl\/wp-json\/wp\/v2\/product_brand?post=3335"},{"taxonomy":"product_cat","embeddable":true,"href":"https:\/\/quantum.com.pl\/pl\/wp-json\/wp\/v2\/product_cat?post=3335"},{"taxonomy":"product_tag","embeddable":true,"href":"https:\/\/quantum.com.pl\/pl\/wp-json\/wp\/v2\/product_tag?post=3335"}],"curies":[{"name":"wp","href":"https:\/\/api.w.org\/{rel}","templated":true}]}}