{"id":3349,"date":"2019-07-09T08:01:59","date_gmt":"2019-07-09T06:01:59","guid":{"rendered":"https:\/\/quantum.com.pl\/?post_type=product&#038;p=3349"},"modified":"2020-12-04T15:09:36","modified_gmt":"2020-12-04T14:09:36","slug":"passive-heatpipe","status":"publish","type":"product","link":"https:\/\/quantum.com.pl\/pl\/product\/passive-heatpipe\/","title":{"rendered":"Passive Heatpipe"},"content":{"rendered":"<h4><strong>Rurka cieplna ADL Thermalsolution<\/strong><\/h4>\n<p>Rurka cieplna ADL Embedded Solution zosta\u0142a zaprojektowana z my\u015bl\u0105 o ograniczonej aplikacji w trudnych i nieprzyjaznych warunkach. Przemys\u0142owe rurki cieplne zosta\u0142y stworzone do pracy w r\u00f3\u017cnych orientacjach, przez co mog\u0105 by\u0107 montowane w dowolnych kierunkach. Ten system ch\u0142odzenia dzia\u0142a w ekstremalnych warunkach tj. brak powietrza czy grawitacji. <span lang=\"pl\" tabindex=\"0\">Dzi\u0119ki opatentowanej w USA konstrukcji ten zaawansowany system ch\u0142odzenia jest w stanie dostosowa\u0107 r\u00f3\u017cne poziomy z niedok\u0142adnego frezowania obudowy. <\/span><span lang=\"pl\" tabindex=\"0\">Dodatkowo \u201eSpring-Design\u201d chroni p\u0142yt\u0119 przylutowanym CPU i zestawem uk\u0142ad\u00f3w scalonych przed wysok\u0105 si\u0142\u0105 wstrz\u0105s\u00f3w i wibracji.\u00a0<\/span><\/p>\n<p>Nie jest to samodzielny system ch\u0142odzenia! Rurka cieplna ADL musi by\u0107 montowana do odpowiedniego radiatora.<\/p>\n<p>U\u017cywa\u0107 z: ADL855PC, ADL945PC<\/p>\n<p>&nbsp;<\/p>\n<h4>Informacje do zamawiania:<\/h4>\n\n<table id=\"tablepress-6\" class=\"tablepress tablepress-id-6 tbody-has-connected-cells\">\n<thead>\n<tr class=\"row-1\">\n\t<th class=\"column-1\">Item Codes<\/th><th class=\"column-2\">Part#<\/th><th class=\"column-3\">Description<\/th>\n<\/tr>\n<\/thead>\n<tbody class=\"row-striping row-hover\">\n<tr class=\"row-2\">\n\t<td colspan=\"3\" class=\"column-1\"><strong style=\"display: block; text-align: center;\">Thermal solutions\t<\/strong><\/td>\n<\/tr>\n<tr class=\"row-3\">\n\t<td class=\"column-1\">ADLTS2PIPE<\/td><td class=\"column-2\">293054<\/td><td class=\"column-3\">heat pipe for ADL855\/945PC<br \/>\n<\/td>\n<\/tr>\n<\/tbody>\n<\/table>\n<!-- #tablepress-6 from cache -->\n","protected":false},"excerpt":{"rendered":"<p>Rurka cieplna ADL Embedded Solution zosta\u0142a zaprojektowana z my\u015bl\u0105 o ograniczonej aplikacji w trudnych i nieprzyjaznych warunkach. Przemys\u0142owe rurki cieplne zosta\u0142y stworzone do pracy w r\u00f3\u017cnych orientacjach, przez co mog\u0105 by\u0107 montowane w dowolnych kierunkach. To rozwi\u0105zanie termiczne dzia\u0142a w ekstremalnych warunkach tj. brak powietrza czy grawitacji.<\/p>\n","protected":false},"featured_media":11530,"template":"","meta":{"_acf_changed":false,"inline_featured_image":false,"_monsterinsights_skip_tracking":false,"_monsterinsights_sitenote_active":false,"_monsterinsights_sitenote_note":"","_monsterinsights_sitenote_category":0},"product_brand":[],"product_cat":[112],"product_tag":[],"class_list":{"0":"post-3349","1":"product","2":"type-product","3":"status-publish","4":"has-post-thumbnail","6":"product_cat-systemy-chlodzenia","8":"first","9":"instock","10":"shipping-taxable","11":"product-type-simple"},"acf":[],"_links":{"self":[{"href":"https:\/\/quantum.com.pl\/pl\/wp-json\/wp\/v2\/product\/3349","targetHints":{"allow":["GET"]}}],"collection":[{"href":"https:\/\/quantum.com.pl\/pl\/wp-json\/wp\/v2\/product"}],"about":[{"href":"https:\/\/quantum.com.pl\/pl\/wp-json\/wp\/v2\/types\/product"}],"wp:featuredmedia":[{"embeddable":true,"href":"https:\/\/quantum.com.pl\/pl\/wp-json\/wp\/v2\/media\/11530"}],"wp:attachment":[{"href":"https:\/\/quantum.com.pl\/pl\/wp-json\/wp\/v2\/media?parent=3349"}],"wp:term":[{"taxonomy":"product_brand","embeddable":true,"href":"https:\/\/quantum.com.pl\/pl\/wp-json\/wp\/v2\/product_brand?post=3349"},{"taxonomy":"product_cat","embeddable":true,"href":"https:\/\/quantum.com.pl\/pl\/wp-json\/wp\/v2\/product_cat?post=3349"},{"taxonomy":"product_tag","embeddable":true,"href":"https:\/\/quantum.com.pl\/pl\/wp-json\/wp\/v2\/product_tag?post=3349"}],"curies":[{"name":"wp","href":"https:\/\/api.w.org\/{rel}","templated":true}]}}