{"id":3352,"date":"2019-07-09T08:35:23","date_gmt":"2019-07-09T06:35:23","guid":{"rendered":"https:\/\/quantum.com.pl\/?post_type=product&#038;p=3352"},"modified":"2020-12-04T15:11:04","modified_gmt":"2020-12-04T14:11:04","slug":"thermal-chassis-simulator","status":"publish","type":"product","link":"https:\/\/quantum.com.pl\/pl\/product\/thermal-chassis-simulator\/","title":{"rendered":"Thermal Chassis Simulator"},"content":{"rendered":"<p>Thermal Chassis Simulator 100 jest produktem o powierzchni 100 cm2 s\u0142u\u017c\u0105cym do dostarczenia masy termicznej i radiacyjnej powierzchni ch\u0142odz\u0105cej pasywnym ch\u0142odzeniom procesor\u00f3w ADL Embedded Solutions. Przytwierdzony do ADL Embedded Solutions, Thermal Chassis Simulator stanowi uniwersalny wz\u00f3r monta\u017cowy \u2013 jest kompatybilny ze wszystkimi ADL Embedded Solutions PC\/104 Heat Spreaders i Pipes, niezale\u017cnie od procesora, na kt\u00f3rym s\u0105 zamontowane. W zestawie znajduj\u0105 si\u0119 zar\u00f3wno sprz\u0119t M3, jak i 4-40, a tak\u017ce precyzyjne tuleje dystansowe do obs\u0142ugi 0.600&#8221; i 1.000&#8221; Spreader Solutions.<\/p>\n<p>Wykonany z blachy aluminium Blanchard-ground, cechuje si\u0119 p\u0142asko\u015bci\u0105 powierzchni mniejsz\u0105 ni\u017c 0.001&#8221;. Anodowanie daje podstawow\u0105 emisyjno\u015b\u0107 0,75 lub lepsz\u0105, i reprezentuje promieniuj\u0105cy obszar aluminiowej obudowy z 200 cm2 powierzchni. Rejestruj\u0105c zg\u0142oszon\u0105 temperatur\u0119 procesora, temperatur\u0119 p\u0142yty i temperatur\u0119 otoczenia, mo\u017cna \u0142atwo okre\u015bli\u0107 referencyjne parametry cieplne dla konkretnego zastosowania, a prze\u0142omow\u0105 decyzj\u0119 dotycz\u0105c\u0105 powierzchni promieniowania w obudowie mo\u017cna \u0142atwo odczyta\u0107 i przetestowa\u0107 w odniesieniu do podanych referencji.<\/p>\n<p>Thermal Chassis Simulator 100 jest r\u00f3wnie\u017c wdro\u017cony jako platforma rozwojowa koncepcji pasywnych system\u00f3w ch\u0142odzenia. Dodatkowe otwory pary znajduj\u0105ce si\u0119 na obwodzie s\u0105 po\u0142\u0105czone przez wg\u0142\u0119biony rowek zlokalizowany z ty\u0142u CS-100. W po\u0142\u0105czeniu z nylonowymi suwakami, te otwory pary stwarzaj\u0105 wygodne odci\u0105\u017caj\u0105ce punkty mocowania dla przewod\u00f3w interfejsu z zamontowanego procesora PC\/104. Dbaj\u0105c o stan przewod\u00f3w i zapobiegaj\u0105c nadmiernym uszkodzeniom z\u0142\u0105czy na p\u0142ycie g\u0142\u00f3wnej PC\/104, Thermal Chassis Simulator 100 staje si\u0119 g\u0142\u00f3wnym elementem twojego do\u015bwiadczenia w prototypowaniu.<\/p>\n<h4>Cechy produktu:<\/h4>\n<ul>\n<li>10\u201d X 10\u201d X 1\/2\u201d Thermal Chassis Simulator<\/li>\n<li>Run Fanless in a Development Environment<\/li>\n<li>Simulates \u201cReal World\u201d Thermal Dissipation on the Benchtop<\/li>\n<li>Precision Milled Standoffs for 0.600\u201d and 1.000\u201d Clearance<\/li>\n<li>K-100 Powder Cast, Precision Milled Aluminum<\/li>\n<li>Universal Mount Pattern Supports all ADL Thermal Solutions<\/li>\n<li>Compatible with both M3 and 4-40 Hardware<\/li>\n<li>Represents an Aluminum Enclosure of 200sq in. Surface Area<\/li>\n<\/ul>\n<p>&nbsp;<\/p>\n<h4>Informacje o zamawianiu:<\/h4>\n\n<table id=\"tablepress-7\" class=\"tablepress tablepress-id-7 tbody-has-connected-cells\">\n<thead>\n<tr class=\"row-1\">\n\t<th class=\"column-1\">ITEM CODES<\/th><th class=\"column-2\">PART#<\/th><th class=\"column-3\">DESCRIPTION<\/th>\n<\/tr>\n<\/thead>\n<tbody class=\"row-striping row-hover\">\n<tr class=\"row-2\">\n\t<td colspan=\"3\" class=\"column-1\"><strong style=\"display: block; text-align: center;\">Thermal solutions<\/strong><\/td>\n<\/tr>\n<tr class=\"row-3\">\n\t<td class=\"column-1\">CS-100<\/td><td class=\"column-2\">290010<\/td><td class=\"column-3\">10\u201d X 10\u201d X 1\/2\u201d Thermal Chassis Simulator<\/td>\n<\/tr>\n<\/tbody>\n<\/table>\n<!-- #tablepress-7 from cache -->\n","protected":false},"excerpt":{"rendered":"<p>Thermal Chassis Simulator 100 jest produktem o powierzchni 100 centymetr\u00f3w kwadratowych s\u0142u\u017c\u0105cym do dostarczenia masy termicznej i radiacyjnej powierzchni ch\u0142odz\u0105cej pasywnym ch\u0142odzeniom procesor\u00f3w ADL Embedded Solutions. Przytwierdzony do ADL Embedded Solutions, Thermal Chassis Simulator stanowi uniwersalny wz\u00f3r monta\u017cowy \u2013 jest kompatybilny ze wszystkimi ADL Embedded Solutions PC\/104 Heat Spreaders i Pipes, niezale\u017cnie od procesora, na kt\u00f3rym s\u0105 zamontowane. W zestawie znajduj\u0105 si\u0119 zar\u00f3wno sprz\u0119t M3, jak i 4-40, a tak\u017ce precyzyjne tuleje dystansowe do obs\u0142ugi 0.600\u2019\u2019 i 1.000\u2019\u2019 Spreader Solutions.<\/p>\n","protected":false},"featured_media":11522,"template":"","meta":{"_acf_changed":false,"inline_featured_image":false,"_monsterinsights_skip_tracking":false,"_monsterinsights_sitenote_active":false,"_monsterinsights_sitenote_note":"","_monsterinsights_sitenote_category":0},"product_brand":[],"product_cat":[112],"product_tag":[],"class_list":{"0":"post-3352","1":"product","2":"type-product","3":"status-publish","4":"has-post-thumbnail","6":"product_cat-systemy-chlodzenia","8":"first","9":"instock","10":"shipping-taxable","11":"product-type-simple"},"acf":[],"_links":{"self":[{"href":"https:\/\/quantum.com.pl\/pl\/wp-json\/wp\/v2\/product\/3352","targetHints":{"allow":["GET"]}}],"collection":[{"href":"https:\/\/quantum.com.pl\/pl\/wp-json\/wp\/v2\/product"}],"about":[{"href":"https:\/\/quantum.com.pl\/pl\/wp-json\/wp\/v2\/types\/product"}],"wp:featuredmedia":[{"embeddable":true,"href":"https:\/\/quantum.com.pl\/pl\/wp-json\/wp\/v2\/media\/11522"}],"wp:attachment":[{"href":"https:\/\/quantum.com.pl\/pl\/wp-json\/wp\/v2\/media?parent=3352"}],"wp:term":[{"taxonomy":"product_brand","embeddable":true,"href":"https:\/\/quantum.com.pl\/pl\/wp-json\/wp\/v2\/product_brand?post=3352"},{"taxonomy":"product_cat","embeddable":true,"href":"https:\/\/quantum.com.pl\/pl\/wp-json\/wp\/v2\/product_cat?post=3352"},{"taxonomy":"product_tag","embeddable":true,"href":"https:\/\/quantum.com.pl\/pl\/wp-json\/wp\/v2\/product_tag?post=3352"}],"curies":[{"name":"wp","href":"https:\/\/api.w.org\/{rel}","templated":true}]}}