{"id":3364,"date":"2019-07-09T10:20:18","date_gmt":"2019-07-09T08:20:18","guid":{"rendered":"https:\/\/quantum.com.pl\/?post_type=product&#038;p=3364"},"modified":"2020-12-04T16:03:07","modified_gmt":"2020-12-04T15:03:07","slug":"cb6464","status":"publish","type":"product","link":"https:\/\/quantum.com.pl\/pl\/product\/cb6464\/","title":{"rendered":"CB6464 (ADL120S)"},"content":{"rendered":"<p>ADL120S jest jednym z najnowszych produkt\u00f3w w linii ADL o wysokiej wydajno\u015bci, maj\u0105c wymiary 120 mm x 120 mm i opieraj\u0105c si\u0119 na VI\/VII generacji procesor\u00f3w Intel\u00ae Core&#x2122; i Celeron\u00ae. Wyposa\u017cony w Chipset Intel Q170, stanowi w pe\u0142ni funkcjonalny SBC z solidnym I\/O zawieraj\u0105cym USB 3.0, LAN, M.2 PCIe\/SATA oraz wyj\u015bcia port\u00f3w Display o wysokiej rozdzielczo\u015bci. Cechuje si\u0119 r\u00f3wnie\u017c szerokim zakresem temperatur pracy (-40\u00b0C \u2013 85\u00b0C).<\/p>\n<p>To sprawia, \u017ce produkt ten jest odpowiedni dla r\u00f3\u017cnych, krytycznych dla systemu, zastosowa\u0144 przemys\u0142owych, gdzie wysoka wydajno\u015b\u0107 jest absolutn\u0105 konieczno\u015bci\u0105. Wa\u017cne s\u0105 w\u00f3wczas r\u00f3wnie\u017c takie funkcje, jak wysoki MTBF, d\u0142ugi okres dost\u0119pno\u015bci, kontrola rewizji sprz\u0119tu i oprogramowania oraz wsparcie techniczne, in\u017cynierskie i projektowe.<\/p>\n<h4>Cechy produktu:<\/h4>\n<ul>\n<li>CPU: Intel\u00ae Core&#x2122; Celeron\/I5\/I7\/Xeon Processor (Skylake and Kaby Lake)<\/li>\n<li>CPU Choice: Celeron G3900TE, i5-6500TE, i7-6700TE, Xeon E3-1268L v5 (Socket LGA1151) Celeron G3930TE, i5-7500T, i7-7700T<\/li>\n<li>Chipset: Intel\u00ae Q170 Sunrise Point<\/li>\n<li>RAM: Up to 32GB DDR4-2133 SoDIMM<\/li>\n<\/ul>\n<h4>Zastosowanie:<\/h4>\n<p>Secure Networking, Secure Routing, Traffic Monitoring and Gateways, Cyber Security Edge Devices for ICS and SCADA threat security, Unmanned and Drone Payload Computing, Industrial IoT Gateways and Controllers, Mobile Telephony, Traffic Engineering, Transportation, Wind Turbine Datalogging and Collision Avoidance, Oil and Gas IPC.<\/p>\n<p>&nbsp;<\/p>\n<h4>Informacje o zamawianiu:<\/h4>\n<p>&nbsp;<\/p>\n\n<table id=\"tablepress-8\" class=\"tablepress tablepress-id-8 tbody-has-connected-cells\">\n<thead>\n<tr class=\"row-1\">\n\t<th class=\"column-1\">ITEM CODES<\/th><th class=\"column-2\">PART#<\/th><th class=\"column-3\">DESCRIPTION<\/th>\n<\/tr>\n<\/thead>\n<tbody class=\"row-striping row-hover\">\n<tr class=\"row-2\">\n\t<td colspan=\"3\" class=\"column-1\"><strong style=\"display: block; text-align: center;\">CPU-Board<\/strong><\/td>\n<\/tr>\n<tr class=\"row-3\">\n\t<td class=\"column-1\">ADL120S<\/td><td class=\"column-2\">tbd.<\/td><td class=\"column-3\">\tBoard only!<br \/>\nSocket LGA1151<br \/>\nSupports max, 65W class CPU<br \/>\nCPU-Option to be ordered separately!<\/td>\n<\/tr>\n<tr class=\"row-4\">\n\t<td colspan=\"3\" class=\"column-1\"><strong style=\"display: block; text-align: center;\">CPU-Option\t<\/strong><\/td>\n<\/tr>\n<tr class=\"row-5\">\n\t<td class=\"column-1\">Intel i7-7700T<\/td><td class=\"column-2\">tbd.<\/td><td class=\"column-3\">Intel\u00ae Core\u2122 i7-7700TE Processor (8M Cache, up to 3.80 GHz)<\/td>\n<\/tr>\n<tr class=\"row-6\">\n\t<td class=\"column-1\">Intel i5-7500T<\/td><td class=\"column-2\">tbd.<\/td><td class=\"column-3\">Intel\u00ae Core\u2122 i5-7500TE Processor (6M Cache, up to 3.30 GHz)<\/td>\n<\/tr>\n<tr class=\"row-7\">\n\t<td class=\"column-1\">Intel G3930TE<\/td><td class=\"column-2\">tbd.<\/td><td class=\"column-3\">Intel\u00ae Celeron\u00ae Processor G3930TE (2M Cache, 2.70 GHz), Intel\u00ae HD Graphics 610<\/td>\n<\/tr>\n<tr class=\"row-8\">\n\t<td class=\"column-1\">Intel Xeon E3-1268L<\/td><td class=\"column-2\">tbd.<\/td><td class=\"column-3\">Intel\u00ae Xeon\u2122 E3-1268L v5 Processor (8M Cache, up to 3.40 GHz)<\/td>\n<\/tr>\n<tr class=\"row-9\">\n\t<td class=\"column-1\">Intel i7-6700TE<\/td><td class=\"column-2\">tbd.<\/td><td class=\"column-3\">Intel\u00ae Core\u2122 i7-6700TE Processor (8M Cache, up to 3.40 GHz)<\/td>\n<\/tr>\n<tr class=\"row-10\">\n\t<td class=\"column-1\">Intel i5-6500TE<\/td><td class=\"column-2\">tbd.<\/td><td class=\"column-3\">Intel\u00ae Core\u2122 i5-6500TE Processor (6M Cache, up to 3.30 GHz)<\/td>\n<\/tr>\n<tr class=\"row-11\">\n\t<td class=\"column-1\">Intel G3900TE<\/td><td class=\"column-2\">tbd.<\/td><td class=\"column-3\">Intel\u00ae Celeron\u00ae Processor G3900TE (2M Cache, 2.30 GHz), Intel\u00ae HD Graphics 510<\/td>\n<\/tr>\n<tr class=\"row-12\">\n\t<td colspan=\"3\" class=\"column-1\"><strong style=\"display: block; text-align: center;\">Memories<\/strong><\/td>\n<\/tr>\n<tr class=\"row-13\">\n\t<td class=\"column-1\">DDR4-DRAM4096<\/td><td class=\"column-2\">tbd.<\/td><td class=\"column-3\">4GB DDR4 DRAM 2133MHZ<\/td>\n<\/tr>\n<tr class=\"row-14\">\n\t<td class=\"column-1\">DDR4-DRAM8192<\/td><td class=\"column-2\">tbd.<\/td><td class=\"column-3\">8GB DDR4 DRAM 2133MHZ<\/td>\n<\/tr>\n<tr class=\"row-15\">\n\t<td class=\"column-1\">DDR4-DRAM16384<\/td><td class=\"column-2\">tbd.<\/td><td class=\"column-3\">16GB DDR4 DRAM 2133MHZ<\/td>\n<\/tr>\n<tr class=\"row-16\">\n\t<td class=\"column-1\">DDR4-DRAM4096EX<\/td><td class=\"column-2\">tbd.<\/td><td class=\"column-3\">4GB DDR4 DRAM-EX 2133MHZ -40\u00b0C TO +85\u00b0C<\/td>\n<\/tr>\n<tr class=\"row-17\">\n\t<td class=\"column-1\">DDR4-DRAM8192EX<\/td><td class=\"column-2\">tbd.<\/td><td class=\"column-3\">8GB DDR4 DRAM-EX 2133MHZ -40\u00b0C TO +85\u00b0C<\/td>\n<\/tr>\n<tr class=\"row-18\">\n\t<td class=\"column-1\">DDR4-DRAM16384EX<\/td><td class=\"column-2\">tbd.<\/td><td class=\"column-3\">16GB DDR4 DRAM-EX 2133MHZ -40\u00b0C TO +85\u00b0C<\/td>\n<\/tr>\n<tr class=\"row-19\">\n\t<td colspan=\"3\" class=\"column-1\"><strong style=\"display: block; text-align: center;\">Thermal solutions\t<\/strong><\/td>\n<\/tr>\n<tr class=\"row-20\">\n\t<td class=\"column-1\">ADL120S-Spreader<\/td><td class=\"column-2\">tbd.<\/td><td class=\"column-3\">Heat Spreader for 8mm Heatpipe mount<\/td>\n<\/tr>\n<tr class=\"row-21\">\n\t<td class=\"column-1\">ADL120S-Spreader + Pipes Set<\/td><td class=\"column-2\">tbd.<\/td><td class=\"column-3\">Heat Spreader and 8mm Heatpipe Set<\/td>\n<\/tr>\n<tr class=\"row-22\">\n\t<td class=\"column-1\">ADL120S-Heatsink + Fan Set<\/td><td class=\"column-2\">tbd.<\/td><td class=\"column-3\">Heatsink + active Fan (top blower) Set<\/td>\n<\/tr>\n<tr class=\"row-23\">\n\t<td colspan=\"3\" class=\"column-1\"><strong style=\"display: block; text-align: center;\">Options\t<\/strong><\/td>\n<\/tr>\n<tr class=\"row-24\">\n\t<td class=\"column-1\">ADL-ET<\/td><td class=\"column-2\">290000<\/td><td class=\"column-3\">Extended Temperature Screening (\u201340C to +85C)<\/td>\n<\/tr>\n<tr class=\"row-25\">\n\t<td class=\"column-1\">UNDERFILL<\/td><td class=\"column-2\">807707<\/td><td class=\"column-3\">BGA underfill req\u2019d for <1nm BGA solderballs w\/ Ext Temp<\/td>\n<\/tr>\n<tr class=\"row-26\">\n\t<td class=\"column-1\">COATING<\/td><td class=\"column-2\">807706<\/td><td class=\"column-3\">Conformal Coating<\/td>\n<\/tr>\n<tr class=\"row-27\">\n\t<td class=\"column-1\">UNDERFILL\/BONDING\/COATING<\/td><td class=\"column-2\">807709<\/td><td class=\"column-3\">Underfilling, Bonding, and Conformal Coating<\/td>\n<\/tr>\n<\/tbody>\n<\/table>\n\n","protected":false},"excerpt":{"rendered":"<p>ADL120S jest jednym z najnowszych produkt\u00f3w w linii ADL o wysokiej wydajno\u015bci, maj\u0105c wymiary 120 mm x 120 mm i opieraj\u0105c si\u0119 na VI\/VII generacji procesor\u00f3w Intel\u00ae Core&#x2122; i Celeron\u00ae. Wyposa\u017cony w Chipset Intel Q170, stanowi w pe\u0142ni funkcjonalny SBC z solidnym I\/O zawieraj\u0105cym USB 3.0, LAN, M.2 PCIe\/SATA oraz wyj\u015bcia port\u00f3w Display o wysokiej rozdzielczo\u015bci. Cechuje si\u0119 r\u00f3wnie\u017c szerokim zakresem temperatur pracy (-40\u00b0C \u2013 85\u00b0C).<\/p>\n","protected":false},"featured_media":10735,"template":"","meta":{"_acf_changed":false,"inline_featured_image":false,"_monsterinsights_skip_tracking":false,"_monsterinsights_sitenote_active":false,"_monsterinsights_sitenote_note":"","_monsterinsights_sitenote_category":0},"product_brand":[],"product_cat":[106,108,1584],"product_tag":[],"class_list":{"0":"post-3364","1":"product","2":"type-product","3":"status-publish","4":"has-post-thumbnail","6":"product_cat-adl-embedded-solutions","7":"product_cat-komputery-jednoplytkowe","8":"product_cat-komputery-jednoplytkowe-sbc-2","10":"first","11":"instock","12":"shipping-taxable","13":"product-type-simple"},"acf":[],"_links":{"self":[{"href":"https:\/\/quantum.com.pl\/pl\/wp-json\/wp\/v2\/product\/3364","targetHints":{"allow":["GET"]}}],"collection":[{"href":"https:\/\/quantum.com.pl\/pl\/wp-json\/wp\/v2\/product"}],"about":[{"href":"https:\/\/quantum.com.pl\/pl\/wp-json\/wp\/v2\/types\/product"}],"wp:featuredmedia":[{"embeddable":true,"href":"https:\/\/quantum.com.pl\/pl\/wp-json\/wp\/v2\/media\/10735"}],"wp:attachment":[{"href":"https:\/\/quantum.com.pl\/pl\/wp-json\/wp\/v2\/media?parent=3364"}],"wp:term":[{"taxonomy":"product_brand","embeddable":true,"href":"https:\/\/quantum.com.pl\/pl\/wp-json\/wp\/v2\/product_brand?post=3364"},{"taxonomy":"product_cat","embeddable":true,"href":"https:\/\/quantum.com.pl\/pl\/wp-json\/wp\/v2\/product_cat?post=3364"},{"taxonomy":"product_tag","embeddable":true,"href":"https:\/\/quantum.com.pl\/pl\/wp-json\/wp\/v2\/product_tag?post=3364"}],"curies":[{"name":"wp","href":"https:\/\/api.w.org\/{rel}","templated":true}]}}