{"id":3366,"date":"2019-07-09T10:15:55","date_gmt":"2019-07-09T08:15:55","guid":{"rendered":"https:\/\/quantum.com.pl\/?post_type=product&#038;p=3366"},"modified":"2020-12-04T15:54:10","modified_gmt":"2020-12-04T14:54:10","slug":"adlsec-1710","status":"publish","type":"product","link":"https:\/\/quantum.com.pl\/pl\/product\/adlsec-1710\/","title":{"rendered":"ADLSEC-1710"},"content":{"rendered":"<h4>Cechy produktu:<\/h4>\n<ul>\n<li>IPEX Connector: DP 1920&#215;1080 @ 60Hz 24bpp; Supports DVI\/HDMI; USB 3.0<\/li>\n<li>UPS Option: 50mWh UPS Battery Option<\/li>\n<li>Storage: 1x SATA II<\/li>\n<li>PCIe Expansion: 1x M.2 Key B 2280; 1x M.2 Key B 2260<\/li>\n<li>GPIO: 16bit GPIO; PCA9535BS Controller; Non-Interrupt<\/li>\n<li>Temp Ext.: -20\u00b0 to +85\u00b0C (option upon request)<\/li>\n<li>PSU Input: Vin = 20V to 30V with Power Reset Buttong<\/li>\n<li>Battery: 3V Circular CR2032 Socket<\/li>\n<li>Dimension: 145mm x 102mm (5.7&#8243; x 4.0&#8243;)<\/li>\n<\/ul>\n<p>&nbsp;<\/p>\n<p class=\"tw-data-text tw-ta tw-text-small\" dir=\"ltr\" data-placeholder=\"T\u0142umaczenie\"><span lang=\"pl\" tabindex=\"0\">P\u0142yta ADLSEC-1710 zosta\u0142a zaprojektowana z my\u015bl\u0105 o wygodnej rozbudowie ADLE3800SEC Bay Trail Atom SBC poprzez architektur\u0119 \u0142\u0105czenia kraw\u0119dzi. <\/span><span lang=\"pl\" tabindex=\"0\">P\u0142yty ADLE3800SEC i ADLSEC-1710 stanowi\u0105 kompletne rozwi\u0105zanie SBC 3,5 &#8221; z wieloma rozszerzonymi funkcjami, w tym M.2 PCIe, SATA, DVI \/ DP \/ HDMI lub USB 3.0, opcj\u0105 UPS i inne.\u00a0<\/span><\/p>\n<div class=\"jhH5U r-ikTnJQYM0VcY\" data-rtid=\"ikTnJQYM0VcY\">\n<div id=\"tw-ob\" class=\"tw-src-ltr\">\n<div class=\"oSioSc\">\n<div id=\"tw-target\">\n<div id=\"kAz1tf\" class=\"g9WsWb\">\n<div id=\"tw-target-text-container\" class=\"tw-ta-container tw-nfl\">\n<p id=\"tw-target-text\" class=\"tw-data-text tw-ta tw-text-small\" dir=\"ltr\" data-placeholder=\"T\u0142umaczenie\"><span lang=\"pl\" tabindex=\"0\">W ramach portfolio produkt\u00f3w dla klient\u00f3w, ADLE3800SEC i ADLSEC-1710 uwzgl\u0119dniaj\u0105 pojedynczy procesor, BIOS, oprogramowanie sprz\u0119towe, a klienci maj\u0105 wyb\u00f3r oprogramowania z gamy r\u00f3\u017cnych produkt\u00f3w, od ma\u0142ych, kompaktowych rozwi\u0105za\u0144 ADLE3800SEC po bardziej z\u0142o\u017cone rozwi\u0105zania 3,5 \u201d.<\/span><\/p>\n<p id=\"tw-target-text\" class=\"tw-data-text tw-ta tw-text-small\" dir=\"ltr\" data-placeholder=\"T\u0142umaczenie\"><span lang=\"pl\" tabindex=\"0\">ADL Embedded Solutions zapewnia r\u00f3wnie\u017c us\u0142ugi projektowe, w tym niestandardowe karty rozszerze\u0144 dla rozwi\u0105za\u0144 opartych na ADLE3800SEC.<\/span><\/p>\n<\/div>\n<\/div>\n<\/div>\n<\/div>\n<\/div>\n<\/div>\n<h4 dir=\"ltr\" data-placeholder=\"T\u0142umaczenie\"><\/h4>\n<h4 dir=\"ltr\" data-placeholder=\"T\u0142umaczenie\">Informacje o zamawianiu:<\/h4>\n\n<table id=\"tablepress-9\" class=\"tablepress tablepress-id-9 tbody-has-connected-cells\">\n<thead>\n<tr class=\"row-1\">\n\t<th class=\"column-1\">Item Codes<\/th><th class=\"column-2\">Part#<\/th><th class=\"column-3\">Description<br \/>\n<\/th>\n<\/tr>\n<\/thead>\n<tbody class=\"row-striping row-hover\">\n<tr class=\"row-2\">\n\t<td colspan=\"2\" class=\"column-1\">ADLSEC-1710<\/td><td class=\"column-3\">3.5\" SBC-Sized Expansion board for ADLSEC SBCs<br \/>\n<\/td>\n<\/tr>\n<tr class=\"row-3\">\n\t<td colspan=\"2\" class=\"column-1\">ADLSEC-UPS50<\/td><td class=\"column-3\">50 mWh UPS Battery Option; -20\u00b0C to 65\u00b0C<br \/>\n<\/td>\n<\/tr>\n<\/tbody>\n<\/table>\n<!-- #tablepress-9 from cache -->\n<div class=\"jhH5U r-ikTnJQYM0VcY\" data-rtid=\"ikTnJQYM0VcY\">\n<div id=\"tw-ob\" class=\"tw-src-ltr\">\n<div class=\"oSioSc\">\n<div id=\"tw-target\">\n<div id=\"kAz1tf\" class=\"g9WsWb\">\n<div id=\"tw-target-text-container\" class=\"tw-ta-container tw-nfl\">\n<pre class=\"tw-ta tw-text-small\" lang=\"pl\"><\/pre>\n<\/div>\n<div id=\"z6maec\" class=\"tw-ta-container tw-nfl\">\n<pre id=\"tw-target-rmn\" class=\"tw-data-placeholder tw-ta tw-text-small\" dir=\"ltr\" data-placeholder=\"\"><\/pre>\n<pre class=\"tw-ta tw-text-small\"><\/pre>\n<\/div>\n<div id=\"tw-tmenu\" class=\"tw-menu\"><\/div>\n<\/div>\n<\/div>\n<\/div>\n<\/div>\n<div class=\"dURPtb\"><\/div>\n<div class=\"iKNaZGD6_RXg-pvVKlfEP0Yk\"><\/div>\n<\/div>\n","protected":false},"excerpt":{"rendered":"<p><span lang=\"pl\" tabindex=\"0\">P\u0142yta ADLSEC-1710 zosta\u0142a zaprojektowana z my\u015bl\u0105 o wygodnej rozbudowie ADLE3800SEC Bay Trail Atom SBC poprzez architektur\u0119 \u0142\u0105czenia kraw\u0119dzi. <\/span><span lang=\"pl\" tabindex=\"0\">P\u0142yty ADLE3800SEC i ADLSEC-1710 stanowi\u0105 kompletne rozwi\u0105zanie SBC 3,5 &#8221; z wieloma rozszerzonymi funkcjami, w tym M.2 PCIe, SATA, DVI \/ DP \/ HDMI lub USB 3.0, opcj\u0105 UPS i inne.\u00a0<\/span><\/p>\n","protected":false},"featured_media":10771,"template":"","meta":{"_acf_changed":false,"inline_featured_image":false,"_monsterinsights_skip_tracking":false,"_monsterinsights_sitenote_active":false,"_monsterinsights_sitenote_note":"","_monsterinsights_sitenote_category":0},"product_brand":[],"product_cat":[106,244],"product_tag":[],"class_list":{"0":"post-3366","1":"product","2":"type-product","3":"status-publish","4":"has-post-thumbnail","6":"product_cat-adl-embedded-solutions","7":"product_cat-akcesoria","9":"first","10":"instock","11":"shipping-taxable","12":"product-type-simple"},"acf":[],"_links":{"self":[{"href":"https:\/\/quantum.com.pl\/pl\/wp-json\/wp\/v2\/product\/3366","targetHints":{"allow":["GET"]}}],"collection":[{"href":"https:\/\/quantum.com.pl\/pl\/wp-json\/wp\/v2\/product"}],"about":[{"href":"https:\/\/quantum.com.pl\/pl\/wp-json\/wp\/v2\/types\/product"}],"wp:featuredmedia":[{"embeddable":true,"href":"https:\/\/quantum.com.pl\/pl\/wp-json\/wp\/v2\/media\/10771"}],"wp:attachment":[{"href":"https:\/\/quantum.com.pl\/pl\/wp-json\/wp\/v2\/media?parent=3366"}],"wp:term":[{"taxonomy":"product_brand","embeddable":true,"href":"https:\/\/quantum.com.pl\/pl\/wp-json\/wp\/v2\/product_brand?post=3366"},{"taxonomy":"product_cat","embeddable":true,"href":"https:\/\/quantum.com.pl\/pl\/wp-json\/wp\/v2\/product_cat?post=3366"},{"taxonomy":"product_tag","embeddable":true,"href":"https:\/\/quantum.com.pl\/pl\/wp-json\/wp\/v2\/product_tag?post=3366"}],"curies":[{"name":"wp","href":"https:\/\/api.w.org\/{rel}","templated":true}]}}