{"id":3379,"date":"2019-07-09T14:46:03","date_gmt":"2019-07-09T12:46:03","guid":{"rendered":"https:\/\/quantum.com.pl\/?post_type=product&#038;p=3379"},"modified":"2020-12-04T15:55:31","modified_gmt":"2020-12-04T14:55:31","slug":"adlsec-1720","status":"publish","type":"product","link":"https:\/\/quantum.com.pl\/pl\/product\/adlsec-1720\/","title":{"rendered":"ADLSEC-1720"},"content":{"rendered":"<h4>Cechy produktu:<\/h4>\n<ul>\n<li>IPEX Connector: DP 1920&#215;1080 @ 60Hz 24bpp; Supports DVI\/HDMI; USB 2.0<\/li>\n<li>PSU Option: Own 35W PSU to power PCIe X1 Option Card<\/li>\n<li>PSU Input: own Vin = 24VDC<\/li>\n<li>USB Expansion: 1x USB 2.0 Port (Type A)<\/li>\n<li>LAN Expansion: 1x Intel GbLAN i210 (RJ45 or FCI Pinheader)<\/li>\n<li>PCIe Expansion: 1x regular PCIe X1 Option Card Socket<\/li>\n<li>Fan Connector: 12VDC with fanspeed<\/li>\n<li>Peripheral DC Pwr Out: 5V , 12V<\/li>\n<li>Push Button: SW programmable (Power on\/off, Reset, Soft-Off Event)<\/li>\n<li>Temp Std.: -20\u00b0 to +70\u00b0C<\/li>\n<li>Temp Ext.: -40\u00b0 to +85\u00b0C (option upon request)<\/li>\n<li>Battery 3V Circular CR2032 Socket<\/li>\n<li>Dimension: pseudo 3.5&#8243;-SBC footprint (with ADL-SEC 75x75mm CPU)<\/li>\n<\/ul>\n<p>P\u0142yta ADLSEC-1720 zosta\u0142a zaprojektowana z my\u015bl\u0105 o wygodnej rozbudowie ADLE3800SEC Bay Trail Atom SBC poprzez architektur\u0119 \u0142\u0105czenia kraw\u0119dzi. P\u0142yty ADLE3800SEC i ADLSEC-1720 stanowi\u0105 kompletne rozwi\u0105zanie SBC 3,5 \u201d z wieloma rozszerzonymi funkcjami, w tym 1x PCIe X1 Socket z w\u0142asnym PSU, 1 GbLAN i210 i inne.<\/p>\n<p>W ramach portfolio produkt\u00f3w dla klient\u00f3w, ADLE3800SEC i ADLSEC-1720 uwzgl\u0119dniaj\u0105 pojedynczy procesor, BIOS, oprogramowanie sprz\u0119towe, a klienci maj\u0105 wyb\u00f3r oprogramowania z gamy r\u00f3\u017cnych produkt\u00f3w, od ma\u0142ych, kompaktowych rozwi\u0105za\u0144 ADLE3800SEC po bardziej z\u0142o\u017cone rozwi\u0105zania 3,5 \u201d.<\/p>\n<p>ADL Embedded Solutions zapewnia r\u00f3wnie\u017c us\u0142ugi projektowe, w tym niestandardowe karty rozszerze\u0144 dla rozwi\u0105za\u0144 opartych na ADLE3800SEC.<\/p>\n<p>&nbsp;<\/p>\n<h4>Informacje o zamawianiu:<\/h4>\n\n<table id=\"tablepress-10\" class=\"tablepress tablepress-id-10\">\n<thead>\n<tr class=\"row-1\">\n\t<th class=\"column-1\"><strong>Item Codes\t<\/strong><\/th><th class=\"column-2\"><strong>Part#\t<\/strong><\/th><th class=\"column-3\"><strong>Description<\/strong><br \/>\n<\/th>\n<\/tr>\n<\/thead>\n<tbody class=\"row-striping row-hover\">\n<tr class=\"row-2\">\n\t<td class=\"column-1\">ADLSEC-1720<\/td><td class=\"column-2\">tbd.<\/td><td class=\"column-3\">Horizontal Expansion board with PCIe X1 Connector; for ADLSEC SBCs<br \/>\n<\/td>\n<\/tr>\n<tr class=\"row-3\">\n\t<td class=\"column-1\">ADLSEC-1720-RJ45LAN<\/td><td class=\"column-2\">tbd.<\/td><td class=\"column-3\">The Connecotr of the GbLAN is RJ45 style<br \/>\n<\/td>\n<\/tr>\n<tr class=\"row-4\">\n\t<td class=\"column-1\">ADLSEC-1720-FCILAN<\/td><td class=\"column-2\">tbd.<\/td><td class=\"column-3\">The Connecotr of the GbLAN is 8-Pin FCI Pinheader style<br \/>\n<\/td>\n<\/tr>\n<\/tbody>\n<\/table>\n\n","protected":false},"excerpt":{"rendered":"<p>P\u0142yta ADLSEC-1720 zosta\u0142a zaprojektowana z my\u015bl\u0105 o wygodnej rozbudowie ADLE3800SEC Bay Trail Atom SBC poprzez architektur\u0119 \u0142\u0105czenia kraw\u0119dzi. P\u0142yty ADLE3800SEC i ADLSEC-1720 stanowi\u0105 kompletne rozwi\u0105zanie SBC 3,5 \u201d z wieloma rozszerzonymi funkcjami, w tym 1x PCIe X1 Socket z w\u0142asnym PSU, 1 GbLAN i210 i inne.<\/p>\n","protected":false},"featured_media":10769,"template":"","meta":{"_acf_changed":false,"inline_featured_image":false,"_monsterinsights_skip_tracking":false,"_monsterinsights_sitenote_active":false,"_monsterinsights_sitenote_note":"","_monsterinsights_sitenote_category":0},"product_brand":[],"product_cat":[106,244],"product_tag":[],"class_list":{"0":"post-3379","1":"product","2":"type-product","3":"status-publish","4":"has-post-thumbnail","6":"product_cat-adl-embedded-solutions","7":"product_cat-akcesoria","9":"first","10":"instock","11":"shipping-taxable","12":"product-type-simple"},"acf":[],"_links":{"self":[{"href":"https:\/\/quantum.com.pl\/pl\/wp-json\/wp\/v2\/product\/3379","targetHints":{"allow":["GET"]}}],"collection":[{"href":"https:\/\/quantum.com.pl\/pl\/wp-json\/wp\/v2\/product"}],"about":[{"href":"https:\/\/quantum.com.pl\/pl\/wp-json\/wp\/v2\/types\/product"}],"wp:featuredmedia":[{"embeddable":true,"href":"https:\/\/quantum.com.pl\/pl\/wp-json\/wp\/v2\/media\/10769"}],"wp:attachment":[{"href":"https:\/\/quantum.com.pl\/pl\/wp-json\/wp\/v2\/media?parent=3379"}],"wp:term":[{"taxonomy":"product_brand","embeddable":true,"href":"https:\/\/quantum.com.pl\/pl\/wp-json\/wp\/v2\/product_brand?post=3379"},{"taxonomy":"product_cat","embeddable":true,"href":"https:\/\/quantum.com.pl\/pl\/wp-json\/wp\/v2\/product_cat?post=3379"},{"taxonomy":"product_tag","embeddable":true,"href":"https:\/\/quantum.com.pl\/pl\/wp-json\/wp\/v2\/product_tag?post=3379"}],"curies":[{"name":"wp","href":"https:\/\/api.w.org\/{rel}","templated":true}]}}