{"id":3392,"date":"2019-07-09T15:42:17","date_gmt":"2019-07-09T13:42:17","guid":{"rendered":"https:\/\/quantum.com.pl\/?post_type=product&#038;p=3392"},"modified":"2020-12-04T15:20:51","modified_gmt":"2020-12-04T14:20:51","slug":"adllan-41000e","status":"publish","type":"product","link":"https:\/\/quantum.com.pl\/pl\/product\/adllan-41000e\/","title":{"rendered":"ADLLAN-41000e"},"content":{"rendered":"<h4>Cechy produktu:<\/h4>\n<ul>\n<li>Intel I350-AM4 Quad Port Gigabit Ethernet LAN Controller<\/li>\n<li>Type 1 PCIe\/104 (optional: PCI\/104-Express Form Factor with PCI Pass-Thru)<\/li>\n<li>PCIe V2.0 (5GT\/s with 2.5GT\/s Support) &#8211; Consumes Only 1 PCIe Lane (x1)<\/li>\n<li>Supports ACPI \/ APM Wakeup<\/li>\n<li>PXE Pre-boot Support<\/li>\n<li>Number of LAN-Ports: 4<\/li>\n<li>Port Speed: 10\/100\/1000 Mbit (Jumbo Framing up to 9.5KB)<\/li>\n<li>Number of USB-Ports: 2 (USB2.0 from Host SBC)<\/li>\n<li>Up to 4 Boards in a Stack Totaling 16 Ports at Gigabit Speed<\/li>\n<li>Temperature Range \u201340C to 85C<\/li>\n<li>Size = 90mm x 96mm<\/li>\n<li>Windows 7, XP, and Linux Compliant<\/li>\n<li>Includes: 4-CAT6E Ethernet LAN cables (100-9720)<\/li>\n<\/ul>\n<p>ADLLAN-41000e wykorzystuje czterordzeniowy kontroler Gigabit Ethernet Intel i350-AM4, aby zapewni\u0107 \u0142\u0105czno\u015b\u0107 klasy serwera z PCI\/104-Express. Dzi\u0119ki interfejsowi PCIe V2.0 cztery porty Gigabit LAN mog\u0105 dzia\u0142a\u0107 z pr\u0119dko\u015bci\u0105 Gigabit, zu\u017cywaj\u0105c tylko jeden pas PCI Express (x1). Dodatkowe trzy karty ADLLAN-41000e mog\u0105 by\u0107 u\u017cywane razem, w sumie tworz\u0105c 16 dost\u0119pnych dost\u0119pnych port\u00f3w Ethernet, \u0142aduj\u0105cych 4 pasy PCIe x1. Zapewnia to du\u017c\u0105 wydajno\u015b\u0107 serwera w stosunku do formatu PC\/104. Zgodnie z oczekiwaniami ADLLAN-41000e jest r\u00f3wnie\u017c wstecznie kompatybilny z platformami sygnalizacyjnymi PCIe V1.0, cho\u0107 mniej ni\u017c 1 Gigabit na port.<\/p>\n<p>ADLLAN-41000e zapewnia r\u00f3wnie\u017c maksymalnie dwa dodatkowe porty USB 2.0 za po\u015brednictwem interfejsu magistrali PCIe Type 1 z hosta SBC. Poniewa\u017c porty USB nie s\u0105 wdro\u017cone przy u\u017cyciu niezale\u017cnego kontrolera USB, tylko dwa porty dost\u0119pne b\u0119d\u0105 w konfiguracjach, kt\u00f3re u\u017cywaj\u0105 wi\u0119cej ni\u017c jednego ADLLAN-41000e.<\/p>\n<p>Zastosowania: Serwer mobilny\/sie\u0107 zdalna; niestabilna, powi\u0119kszona temperatura; wbudowany, monitoruj\u0105cy Ethernet; monitoring przemys\u0142owy; routing sieciowy.<\/p>\n<p>Zawiera: 4-CAT6E kable Ethernet LAN.<\/p>\n<p>&nbsp;<\/p>\n<h4>Informacje o zamawianiu:<\/h4>\n\n<table id=\"tablepress-12\" class=\"tablepress tablepress-id-12 tbody-has-connected-cells\">\n<thead>\n<tr class=\"row-1\">\n\t<th class=\"column-1\"><strong>Item Codes\t<\/strong><\/th><th class=\"column-2\"><strong>Part#\t<\/strong><\/th><th class=\"column-3\"><strong>Description<\/strong><br \/>\n<\/th>\n<\/tr>\n<\/thead>\n<tbody class=\"row-striping row-hover\">\n<tr class=\"row-2\">\n\t<td colspan=\"3\" class=\"column-1\"><strong style=\"display: block; text-align: center;\">Base<\/strong><\/td>\n<\/tr>\n<tr class=\"row-3\">\n\t<td class=\"column-1\">ADLLAN-41000e<\/td><td class=\"column-2\">299923-SET<\/td><td class=\"column-3\">4 PORT PCIE104 10\/100\/1000 LAN WITH HEATSINK AND CABLES (1 * 299919 HEATSINK AND 4 * 100-9720 ADLGBLAN-2MM)<br \/>\n<\/td>\n<\/tr>\n<tr class=\"row-4\">\n\t<td colspan=\"3\" class=\"column-1\"><strong style=\"display: block; text-align: center;\">Cables &amp; Accessories<\/strong><\/td>\n<\/tr>\n<tr class=\"row-5\">\n\t<td class=\"column-1\">ADLGBLAN-2MM<\/td><td class=\"column-2\">100-9720<\/td><td class=\"column-3\">*4x LAN cables included with ADLLAN- 41000e<br \/>\n<\/td>\n<\/tr>\n<\/tbody>\n<\/table>\n<!-- #tablepress-12 from cache -->\n<p>&nbsp;<\/p>\n","protected":false},"excerpt":{"rendered":"<p>ADLLAN-41000e wykorzystuje czterordzeniowy kontroler Gigabit Ethernet Intel i350-AM4, aby zapewni\u0107 \u0142\u0105czno\u015b\u0107 klasy serwera z PCI\/104-Express. Dzi\u0119ki interfejsowi PCIe V2.0 cztery porty Gigabit LAN mog\u0105 dzia\u0142a\u0107 z pr\u0119dko\u015bci\u0105 Gigabit, zu\u017cywaj\u0105c tylko jeden pas PCI Express (x1).<\/p>\n","protected":false},"featured_media":10767,"template":"","meta":{"_acf_changed":false,"inline_featured_image":false,"_monsterinsights_skip_tracking":false,"_monsterinsights_sitenote_active":false,"_monsterinsights_sitenote_note":"","_monsterinsights_sitenote_category":0},"product_brand":[],"product_cat":[106,244],"product_tag":[],"class_list":{"0":"post-3392","1":"product","2":"type-product","3":"status-publish","4":"has-post-thumbnail","6":"product_cat-adl-embedded-solutions","7":"product_cat-akcesoria","9":"first","10":"instock","11":"shipping-taxable","12":"product-type-simple"},"acf":[],"_links":{"self":[{"href":"https:\/\/quantum.com.pl\/pl\/wp-json\/wp\/v2\/product\/3392","targetHints":{"allow":["GET"]}}],"collection":[{"href":"https:\/\/quantum.com.pl\/pl\/wp-json\/wp\/v2\/product"}],"about":[{"href":"https:\/\/quantum.com.pl\/pl\/wp-json\/wp\/v2\/types\/product"}],"wp:featuredmedia":[{"embeddable":true,"href":"https:\/\/quantum.com.pl\/pl\/wp-json\/wp\/v2\/media\/10767"}],"wp:attachment":[{"href":"https:\/\/quantum.com.pl\/pl\/wp-json\/wp\/v2\/media?parent=3392"}],"wp:term":[{"taxonomy":"product_brand","embeddable":true,"href":"https:\/\/quantum.com.pl\/pl\/wp-json\/wp\/v2\/product_brand?post=3392"},{"taxonomy":"product_cat","embeddable":true,"href":"https:\/\/quantum.com.pl\/pl\/wp-json\/wp\/v2\/product_cat?post=3392"},{"taxonomy":"product_tag","embeddable":true,"href":"https:\/\/quantum.com.pl\/pl\/wp-json\/wp\/v2\/product_tag?post=3392"}],"curies":[{"name":"wp","href":"https:\/\/api.w.org\/{rel}","templated":true}]}}