{"id":3401,"date":"2019-07-09T17:06:46","date_gmt":"2019-07-09T15:06:46","guid":{"rendered":"https:\/\/quantum.com.pl\/?post_type=product&#038;p=3401"},"modified":"2020-12-04T15:57:09","modified_gmt":"2020-12-04T14:57:09","slug":"adlvis-1660","status":"publish","type":"product","link":"https:\/\/quantum.com.pl\/pl\/product\/adlvis-1660\/","title":{"rendered":"ADLVIS-1660"},"content":{"rendered":"<h4>Cechy produktu:<\/h4>\n<p>Choice out of fully pre-configured PCIe\/104 stacked setups:<\/p>\n<ul>\n<li>CPU: ADL PCIe\/104 Intel QuadCore Core i7-4700EQ (onboard mSATA SSD upon request)<\/li>\n<li>RAM: 8GB DDR3L<\/li>\n<li>CXP: 1 or 2 pcs. 2-CH CoaXPress PCIe\/104 Peripheral Cards (HSP, Cables, Brakout-PCB optional)<\/li>\n<li>PSU: ADL PCIe\/104 150W 5V, 5VSB, 12V DC-Output, 14-16VDC Input<\/li>\n<\/ul>\n<p>Single Card:<\/p>\n<ul>\n<li>2-CH CoaXPress PCIe\/104 Peripheral Card (HSP, Brakout-PCB: optional)<\/li>\n<li>Rugged, Small Form Factor PCIe\/104 Design (96mm x 115mm)<\/li>\n<li>1,250 MB\/s Camera Bandwidth<\/li>\n<li>2x CXP-6 DIN 1.0\/2.3 Female Connectors<\/li>\n<li>PoCXP Safe Power: 17W from Regulated 24VDC Output Per Port<\/li>\n<li>Breakout 26-pin D-sub CXP System I\/O with 12V Out<\/li>\n<li>GENICAM Compliant<\/li>\n<li>Euresys Memento Event Logging Tool<\/li>\n<li>Expandable to 2x Dual-Port CXP-6 Modules<\/li>\n<li>LEDs: A\/B Status, FPGA Status, Board Status<\/li>\n<li>C2C Link for Card to Card Link<\/li>\n<li>-20C to +70C Operation; Optional -40C to +85C<\/li>\n<li>Includes: 2x DIN cables<\/li>\n<li>Suitable for MIL-STD 810, MIL-STD 461, MIL-STD 704, MIL-STD 1275<\/li>\n<\/ul>\n<p>ADLVIS-1660 Dual CXP-6 to wytrzyma\u0142e rozwi\u0105zanie CoaXPress o ma\u0142ej obudowie (SFF) przeznaczone do zastosowa\u0144 wojskowych i przemys\u0142owych. Jest to dwup\u0142ytowe rozwi\u0105zanie PCIe\/104 z procesorem Quad Intel i7-4700EQ z podw\u00f3jnym modu\u0142em CXP-6 wykorzystuj\u0105cym magistral\u0119 x16 PCIe\/104, dzi\u0119ki czemu przepustowo\u015b\u0107 kamery wynosi 1 250 MB\/s. Funkcje ADLVIS-1660 obejmuj\u0105 ma\u0142e okablowanie koncentryczne dla z\u0142\u0105czy DIN1.0\/2.3 zoptymalizowane do projektowania SFF. Obs\u0142uguje PoCXP, jest zgodny z GENICAM i zawiera rejestrowanie zdarze\u0144 Euresys Memento w celu efektywnego tworzenia aplikacji. Drugi modu\u0142 CXP-6 mo\u017cna \u0142atwo doda\u0107 do obs\u0142ugi czterech kamer 1xCXP-6 lub dw\u00f3ch kamer 2xCXP-6. ADLVIS-1660 jest przeznaczony do wytrzyma\u0142ych, wysokowydajnych rozwi\u0105za\u0144 wizyjnych Small Form Factor w wi\u0119kszo\u015bci \u015brodowisk wojskowych i przemys\u0142owych. Umo\u017cliwia zastosowanie wysokiej rozdzielczo\u015bci, a tak\u017ce du\u017cej szybko\u015bci odtwarzania w trudnych warunkach \u015brodowiska w stosunku do parametr\u00f3w bezpiecze\u0144stwa i nadzoru, zarz\u0105dzania ruchem, nauki, wizji maszyn i szerokiej gamy produkt\u00f3w wizyjnych nowej generacji.<\/p>\n<p>Zastosowania: obrazowanie hiperspektralne, nadz\u00f3r ruchu, monitorowanie i kontrola bezpiecze\u0144stwa, systemy bezza\u0142ogowe &#8211; przechwytywanie obrazu\/wideo o wysokiej rozdzielczo\u015bci, zautomatyzowana kontrola optyczna o wysokiej pr\u0119dko\u015bci, akwizycja obrazu liniowego o bardzo wysokiej rozdzielczo\u015bci, ISR wojskowe i obronne, wysoka szybko\u015b\u0107 klatek, analiza ruchu i nagrywanie.<\/p>\n<p>&nbsp;<\/p>\n<h4>Informacje o zamawianiu:<\/h4>\n\n<table id=\"tablepress-15\" class=\"tablepress tablepress-id-15\">\n<thead>\n<tr class=\"row-1\">\n\t<th class=\"column-1\"><strong>Item Codes\t<\/strong><\/th><th class=\"column-2\"><strong>Part#\t<\/strong><\/th><th class=\"column-3\"><strong>Description<\/strong><\/th>\n<\/tr>\n<\/thead>\n<tbody class=\"row-striping row-hover\">\n<tr class=\"row-2\">\n\t<td class=\"column-1\">Sets<\/td><td class=\"column-2\"><\/td><td class=\"column-3\"><\/td>\n<\/tr>\n<tr class=\"row-3\">\n\t<td class=\"column-1\">ADLVIS-1660-SET1<\/td><td class=\"column-2\">tbd<\/td><td class=\"column-3\">PCIe\/104 Stack, including CPU, PSU (w. HSP), 1x 2-CH CXP6 Card<br \/>\n<\/td>\n<\/tr>\n<tr class=\"row-4\">\n\t<td class=\"column-1\">ADLVIS-1660-SET2<\/td><td class=\"column-2\">tbd<\/td><td class=\"column-3\">PCIe\/104 Stack, including CPU, PSU (w. HSP), 2x 2-CH CXP6 Card<br \/>\n<\/td>\n<\/tr>\n<tr class=\"row-5\">\n\t<td class=\"column-1\">Single Cards<\/td><td class=\"column-2\"><\/td><td class=\"column-3\"><\/td>\n<\/tr>\n<tr class=\"row-6\">\n\t<td class=\"column-1\">ADLQM87PC-4700EQ<\/td><td class=\"column-2\">292750<\/td><td class=\"column-3\">4th Gen Intel i7 Quadcore CPU(4x 2.4GHz, max. Turbo 3.4GHz)<br \/>\n<\/td>\n<\/tr>\n<tr class=\"row-7\">\n\t<td class=\"column-1\">CPU onboard mSATA SSD<\/td><td class=\"column-2\">tbd<\/td><td class=\"column-3\">Different Sizes and Flash Types availalbe! (SLC, MLC). Pls call for further details<br \/>\n<\/td>\n<\/tr>\n<tr class=\"row-8\">\n\t<td class=\"column-1\">2-CH CXP6 CARD<\/td><td class=\"column-2\">tbd<\/td><td class=\"column-3\">PCIe\/104 2-CH CXP6 Peripheral Card<br \/>\n<\/td>\n<\/tr>\n<tr class=\"row-9\">\n\t<td class=\"column-1\">ADLPS104-150-12<\/td><td class=\"column-2\">293033<\/td><td class=\"column-3\">ADLPS104-150-12, 5V, 5VS, 12V, 3,3V, ET<br \/>\n<\/td>\n<\/tr>\n<tr class=\"row-10\">\n\t<td class=\"column-1\">Thermal Solutions<\/td><td class=\"column-2\"><\/td><td class=\"column-3\"><\/td>\n<\/tr>\n<tr class=\"row-11\">\n\t<td class=\"column-1\">CXP6 CARD HSP<\/td><td class=\"column-2\">tbd.<\/td><td class=\"column-3\">CXP6 Card Heatspreader for chassis mount<br \/>\n<\/td>\n<\/tr>\n<tr class=\"row-12\">\n\t<td class=\"column-1\">ADLQM87PC-SP0600<\/td><td class=\"column-2\">292760M<\/td><td class=\"column-3\">0.6\" heat spreader (cu enhanced) for ADLQM87PC<br \/>\n<\/td>\n<\/tr>\n<tr class=\"row-13\">\n\t<td class=\"column-1\">ADLQM87PCPC-SP1000<\/td><td class=\"column-2\">292761M<\/td><td class=\"column-3\">1.0\" heat spreader (cu enhanced) for ADLQM87PC<br \/>\n<\/td>\n<\/tr>\n<tr class=\"row-14\">\n\t<td class=\"column-1\">ADLPS104-150-HSP<\/td><td class=\"column-2\">293034<\/td><td class=\"column-3\">ADLPS104-150-HSP Heat spreader for -40C to +85C operation; hardware kit included<br \/>\n<\/td>\n<\/tr>\n<tr class=\"row-15\">\n\t<td class=\"column-1\">Cables &amp; Accessories<\/td><td class=\"column-2\"><\/td><td class=\"column-3\"><\/td>\n<\/tr>\n<tr class=\"row-16\">\n\t<td class=\"column-1\">ADLCXP-I\/O<\/td><td class=\"column-2\">tbd<\/td><td class=\"column-3\">Breakout Board w\/ DB25 CXP GPIO and LED Activity<br \/>\n<\/td>\n<\/tr>\n<tr class=\"row-17\">\n\t<td class=\"column-1\">ADLQM87PC-CK<\/td><td class=\"column-2\">292770<\/td><td class=\"column-3\">Development cable kit for ADLQM87PC (W\/O SATA,GPIO,USB3,HDMI, DVI,DISPLAY PORT)<br \/>\n<\/td>\n<\/tr>\n<tr class=\"row-18\">\n\t<td class=\"column-1\">STANDOFF-MSS<\/td><td class=\"column-2\">293406<\/td><td class=\"column-3\">standoff 0.6\" (15,24mm) PC\/104 M3, QTY 1 precision milled<br \/>\n<\/td>\n<\/tr>\n<tr class=\"row-19\">\n\t<td class=\"column-1\">STANDOFF-1\"M3\t<\/td><td class=\"column-2\">293436<\/td><td class=\"column-3\">standoff 1.0\" (25,40 mm) PC\/104 M3, QTY 1 precision<br \/>\n<\/td>\n<\/tr>\n<tr class=\"row-20\">\n\t<td class=\"column-1\">Software<\/td><td class=\"column-2\"><\/td><td class=\"column-3\"><\/td>\n<\/tr>\n<tr class=\"row-21\">\n\t<td class=\"column-1\">MEMENTO EVENT LOGGING TOOL<\/td><td class=\"column-2\">n.a.<\/td><td class=\"column-3\">Included for free, with each CXP Peripheral Card<br \/>\n<\/td>\n<\/tr>\n<\/tbody>\n<\/table>\n<!-- #tablepress-15 from cache -->\n<p>&nbsp;<\/p>\n","protected":false},"excerpt":{"rendered":"<p>ADLVIS-1660 Dual CXP-6 to wytrzyma\u0142e rozwi\u0105zanie CoaXPress o ma\u0142ej obudowie (SFF) przeznaczone do zastosowa\u0144 wojskowych i przemys\u0142owych. Jest to dwup\u0142ytowe rozwi\u0105zanie PCIe\/104 z procesorem Quad Intel i7-4700EQ z podw\u00f3jnym modu\u0142em CXP-6 wykorzystuj\u0105cym magistral\u0119 x16 PCIe\/104, dzi\u0119ki czemu przepustowo\u015b\u0107 kamery wynosi 1 250 MB\/s.<\/p>\n","protected":false},"featured_media":10765,"template":"","meta":{"_acf_changed":false,"inline_featured_image":false,"_monsterinsights_skip_tracking":false,"_monsterinsights_sitenote_active":false,"_monsterinsights_sitenote_note":"","_monsterinsights_sitenote_category":0},"product_brand":[],"product_cat":[106,244],"product_tag":[],"class_list":{"0":"post-3401","1":"product","2":"type-product","3":"status-publish","4":"has-post-thumbnail","6":"product_cat-adl-embedded-solutions","7":"product_cat-akcesoria","9":"first","10":"instock","11":"shipping-taxable","12":"product-type-simple"},"acf":[],"_links":{"self":[{"href":"https:\/\/quantum.com.pl\/pl\/wp-json\/wp\/v2\/product\/3401","targetHints":{"allow":["GET"]}}],"collection":[{"href":"https:\/\/quantum.com.pl\/pl\/wp-json\/wp\/v2\/product"}],"about":[{"href":"https:\/\/quantum.com.pl\/pl\/wp-json\/wp\/v2\/types\/product"}],"wp:featuredmedia":[{"embeddable":true,"href":"https:\/\/quantum.com.pl\/pl\/wp-json\/wp\/v2\/media\/10765"}],"wp:attachment":[{"href":"https:\/\/quantum.com.pl\/pl\/wp-json\/wp\/v2\/media?parent=3401"}],"wp:term":[{"taxonomy":"product_brand","embeddable":true,"href":"https:\/\/quantum.com.pl\/pl\/wp-json\/wp\/v2\/product_brand?post=3401"},{"taxonomy":"product_cat","embeddable":true,"href":"https:\/\/quantum.com.pl\/pl\/wp-json\/wp\/v2\/product_cat?post=3401"},{"taxonomy":"product_tag","embeddable":true,"href":"https:\/\/quantum.com.pl\/pl\/wp-json\/wp\/v2\/product_tag?post=3401"}],"curies":[{"name":"wp","href":"https:\/\/api.w.org\/{rel}","templated":true}]}}