{"id":3404,"date":"2019-07-09T16:39:08","date_gmt":"2019-07-09T14:39:08","guid":{"rendered":"https:\/\/quantum.com.pl\/?post_type=product&#038;p=3404"},"modified":"2020-12-04T13:59:20","modified_gmt":"2020-12-04T12:59:20","slug":"cb6273","status":"publish","type":"product","link":"https:\/\/quantum.com.pl\/pl\/product\/cb6273\/","title":{"rendered":"CB6273 (ADLE3900SEC vertical)"},"content":{"rendered":"<p>Maj\u0105c wymiary zaledwie 75 x 75mm, ADLE3900SEC jest wbudowanym kontrolerem SBC drugiej generacji zoptymalizowanym pod k\u0105tem rozmiar\u00f3w, wagi i mocy (SWAP). Bazuj\u0105c na serii Intel Atom&#x2122; SoC E3900, ta niewielka deska daje maksymaln\u0105 wydajno\u015b\u0107 w mo\u017cliwie najmniejszym rozmiarze. Oferuje on czterordzeniowe procesory x 86 z 2MB pami\u0119ci podr\u0119cznej i zintegrowany silnik Intel HD Graphics 505 z 9. generacji z obs\u0142ug\u0105 DirectX 12, Open GL 4.4, OpenCL 2.0 oraz sprz\u0119towo przyspieszonym odtwarzaniem wideo UHD z H. 265\/HEVC, VC-1, WMV9 i VP9.<\/p>\n<h4>O budowie ADL Edge-Connect &#8222;vertical&#8221;:<\/h4>\n<p>W przeciwie\u0144stwie do &#8222;poziomej&#8221; mo\u017cliwo\u015bci rozszerze\u0144 przez L-Peripherals, kt\u00f3re ADL ju\u017c skutecznie wprowadzi\u0142 i u\u017cywa\u0142, &#8222;pionowe&#8221; standardowe rozszerzenie tworzy teraz powy\u017cej p\u0142yty CPU. Oznacza to, \u017ce niewielki rozmiar obudowy komputera jednop\u0142ytkowego nie jest niepotrzebnie zwi\u0119kszany.<\/p>\n<p>Z\u0142\u0105cze na tylnej kraw\u0119dzi zapewnia \u0142atwy dost\u0119p do dodatkowych I\/Os dla standardowych i niestandardowych komponent\u00f3w elektrycznych. Ta prosta rozbudowa pomaga zmniejszy\u0107 okablowanie, czas integracji i rozmiar systemu, przy jednoczesnym zwi\u0119kszeniu jako\u015bci i og\u00f3lnej MTBF. Pod\u0142\u0105czenie do czujnik\u00f3w, kamer i pami\u0119ci jest \u0142atwe dzi\u0119ki wielu wbudowanym I\/Os: 2x Gigabit LAN, 1x USB 3.0, 1x USB 2.0, 2x PCie i SATA. Silnik graficzny Intel HD generuje wideo przez port Display (opcjonalnie za pomoc\u0105 adaptera r\u00f3wnie\u017c HDMI\/DVI). Zintegrowane gniazdo M.2 umo\u017cliwia u\u017cytkownikowi zainstalowanie najszybszych rozwi\u0105za\u0144 do przechowywania p\u00f3\u0142przewodnikowe na rynku. Konstrukcja po\u0142\u0105czona z przylutowan\u0105 pami\u0119ci\u0105 sprawia, \u017ce ADLE3900SEC jest idealnym rozwi\u0105zaniem dla solidnego osadzenia w rozszerzonym zakresie temperatur, jak r\u00f3wnie\u017c wstrz\u0105sach i wibracjach.<\/p>\n<h4>Zastosowanie:<\/h4>\n<p>UAV and UUV Unmanned Systems, Industrial Control Systems, Government and Defense, Video Surveillance, Small Scale Robotics, Remote Datalogging, Man-Wearable Computing<\/p>\n<h4>Cechy produktu:<\/h4>\n<ul>\n<li>CPU: Intel\u00ae Atom&#x2122; E3900 Processor (Apollo Lake)<\/li>\n<li>CPU Choice: Quad Core (x7-E3950), Dual Core (x5-E3930)<\/li>\n<li>Chipset: Intel\u00ae SoC<\/li>\n<li>RAM: Up to 8GB LPDDR4 soldered<\/li>\n<\/ul>\n<p>&nbsp;<\/p>\n<h4>Informacje o zamawianiu:<\/h4>\n<p>&nbsp;<\/p>\n\n<table id=\"tablepress-14\" class=\"tablepress tablepress-id-14 tbody-has-connected-cells\">\n<thead>\n<tr class=\"row-1\">\n\t<th class=\"column-1\">ITEM CODES<\/th><th class=\"column-2\">PART#<\/th><th class=\"column-3\">DESCRIPTION<\/th>\n<\/tr>\n<\/thead>\n<tbody class=\"row-striping row-hover\">\n<tr class=\"row-2\">\n\t<td colspan=\"3\" class=\"column-1\"><strong style=\"display: block; text-align: center;\">CPU-Boards<\/strong><\/td>\n<\/tr>\n<tr class=\"row-3\">\n\t<td class=\"column-1\">ADLE3900SEC-E3930-4<br \/>\n\"vertical\"\t<\/td><td class=\"column-2\">tbd.<\/td><td class=\"column-3\">Intel x5-E3930 Atom Processor; Dual Core, 2x 1.3 GHz, 2MB Cache, 6,5W TDP, 4GB RAM soldered, vertical EDGE-CONNECT<\/td>\n<\/tr>\n<tr class=\"row-4\">\n\t<td class=\"column-1\">ADLE3900SEC-E3950-8<br \/>\n\"vertical\"<\/td><td class=\"column-2\">tbd.<\/td><td class=\"column-3\">Intel x7-E3950 Atom Processor; Quad Core, 4x 1.6GHz, 2MB Cache, 12W TDP, 8GB RAM soldered, vertical EDGE-CONNECT<\/td>\n<\/tr>\n<tr class=\"row-5\">\n\t<td colspan=\"3\" class=\"column-1\"><strong style=\"display: block; text-align: center;\">Thermal solutions<\/strong><\/td>\n<\/tr>\n<tr class=\"row-6\">\n\t<td class=\"column-1\">ADLE3900SEC-Spreader<\/td><td class=\"column-2\">tbd.<\/td><td class=\"column-3\">Low-Profile E3900SEC Heat Spreader<\/td>\n<\/tr>\n<tr class=\"row-7\">\n\t<td colspan=\"3\" class=\"column-1\"><strong style=\"display: block; text-align: center;\">Options<\/strong><\/td>\n<\/tr>\n<tr class=\"row-8\">\n\t<td class=\"column-1\">ADL-ET<\/td><td class=\"column-2\">290000<\/td><td class=\"column-3\">Extended Temperature Screening (\u201340C to +85C)<\/td>\n<\/tr>\n<tr class=\"row-9\">\n\t<td class=\"column-1\">UNDERFILL<\/td><td class=\"column-2\">807707<\/td><td class=\"column-3\">BGA underfill req\u2019d for <1nm BGA solderballs w\/ Ext Temp<\/td>\n<\/tr>\n<tr class=\"row-10\">\n\t<td class=\"column-1\">COATING<\/td><td class=\"column-2\">807706<\/td><td class=\"column-3\">Conformal Coating<\/td>\n<\/tr>\n<tr class=\"row-11\">\n\t<td class=\"column-1\">UNDERFILL\/BONDING\/COATING<\/td><td class=\"column-2\">807709<\/td><td class=\"column-3\">Underfilling, Bonding, and Conformal Coating<\/td>\n<\/tr>\n<\/tbody>\n<\/table>\n<!-- #tablepress-14 from cache -->\n<p>&nbsp;<\/p>\n","protected":false},"excerpt":{"rendered":"<p>Maj\u0105c wymiary zaledwie 75 x 75mm, ADLE3900SEC jest wbudowanym kontrolerem SBC drugiej generacji zoptymalizowanym pod k\u0105tem rozmiar\u00f3w, wagi i mocy (SWAP). Bazuj\u0105c na serii Intel Atom&#x2122; SoC E3900, ta niewielka deska daje maksymaln\u0105 wydajno\u015b\u0107 w mo\u017cliwie najmniejszym rozmiarze. Oferuje on czterordzeniowe procesory x 86 z 2MB pami\u0119ci podr\u0119cznej i zintegrowany silnik Intel HD Graphics 505 z 9. generacji z obs\u0142ug\u0105 DirectX 12, Open GL 4.4, OpenCL 2.0 oraz sprz\u0119towo przyspieszonym odtwarzaniem wideo UHD z H. 265\/HEVC, VC-1, WMV9 i VP9.<\/p>\n","protected":false},"featured_media":10731,"template":"","meta":{"_acf_changed":false,"inline_featured_image":false,"_monsterinsights_skip_tracking":false,"_monsterinsights_sitenote_active":false,"_monsterinsights_sitenote_note":"","_monsterinsights_sitenote_category":0},"product_brand":[],"product_cat":[106,1584,108],"product_tag":[],"class_list":{"0":"post-3404","1":"product","2":"type-product","3":"status-publish","4":"has-post-thumbnail","6":"product_cat-adl-embedded-solutions","7":"product_cat-komputery-jednoplytkowe-sbc-2","8":"product_cat-komputery-jednoplytkowe","10":"first","11":"instock","12":"shipping-taxable","13":"product-type-simple"},"acf":[],"_links":{"self":[{"href":"https:\/\/quantum.com.pl\/pl\/wp-json\/wp\/v2\/product\/3404","targetHints":{"allow":["GET"]}}],"collection":[{"href":"https:\/\/quantum.com.pl\/pl\/wp-json\/wp\/v2\/product"}],"about":[{"href":"https:\/\/quantum.com.pl\/pl\/wp-json\/wp\/v2\/types\/product"}],"wp:featuredmedia":[{"embeddable":true,"href":"https:\/\/quantum.com.pl\/pl\/wp-json\/wp\/v2\/media\/10731"}],"wp:attachment":[{"href":"https:\/\/quantum.com.pl\/pl\/wp-json\/wp\/v2\/media?parent=3404"}],"wp:term":[{"taxonomy":"product_brand","embeddable":true,"href":"https:\/\/quantum.com.pl\/pl\/wp-json\/wp\/v2\/product_brand?post=3404"},{"taxonomy":"product_cat","embeddable":true,"href":"https:\/\/quantum.com.pl\/pl\/wp-json\/wp\/v2\/product_cat?post=3404"},{"taxonomy":"product_tag","embeddable":true,"href":"https:\/\/quantum.com.pl\/pl\/wp-json\/wp\/v2\/product_tag?post=3404"}],"curies":[{"name":"wp","href":"https:\/\/api.w.org\/{rel}","templated":true}]}}