{"id":3409,"date":"2019-07-09T18:16:32","date_gmt":"2019-07-09T16:16:32","guid":{"rendered":"https:\/\/quantum.com.pl\/?post_type=product&#038;p=3409"},"modified":"2020-12-04T13:57:41","modified_gmt":"2020-12-04T12:57:41","slug":"cb4063","status":"publish","type":"product","link":"https:\/\/quantum.com.pl\/pl\/product\/cb4063\/","title":{"rendered":"CB4063 (ADLE3800SEC)"},"content":{"rendered":"<p>Maj\u0105c wymiary zaledwie 75 mm x 75 mm, ADLE3800SEC jest wbudowanym kontrolerem SBC zoptymalizowanym pod k\u0105tem wielko\u015bci, wagi i mocy (SWAP). Bazuj\u0105c na serii E3800 Intel Atom&#x2122; SoC, ta niewielka deska daje maksymaln\u0105 wydajno\u015b\u0107 w mo\u017cliwie najmniejszym rozmiarze. Posiada czterordzeniowy procesor z maksymalnie 2MB wbudowanej pami\u0119ci podr\u0119cznej i zintegrowany silnik Intel HD Graphics z obs\u0142ug\u0105 DirectX 11, Open GL 4.0 i mo\u017cliwo\u015bci\u0105 odtwarzania wideo Full HD.<\/p>\n<h4>O budowie ADL Edge-Connect:<\/h4>\n<p>Dzi\u0119ki z\u0142\u0105czu kraw\u0119dziowemu p\u0142yty tylnej, dodatkowy I\/O mo\u017ce by\u0107 \u0142atwo dost\u0119pny przy u\u017cyciu standardowych i specyficznych dla klienta komponent\u00f3w elektrycznych. Zapewnia to \u0142atwy dost\u0119p i pomaga zredukowa\u0107 okablowanie, czas integracji i rozmiar systemu, jednocze\u015bnie zwi\u0119kszaj\u0105c jako\u015b\u0107 i og\u00f3ln\u0105 MTBF. Pod\u0142\u0105czenie do czujnik\u00f3w, kamer i pami\u0119ci jest \u0142atwe dzi\u0119ki wszystkim mo\u017cliwo\u015bciom I\/O: 2x Gigabit LAN, 1x USB 3,0, 1x USB 2,0, 2x PCie i SATA. Silnik Intel HD Graphics obs\u0142uguje wyj\u015bcie wideo w formacie HDMI lub Display Port. Wbudowane gniazdo M.2 umo\u017cliwia u\u017cytkownikom instalowanie najszybszych rozwi\u0105za\u0144 pami\u0119ci masowej Solid State na rynku. Tolerancja rozszerzonego zakresu temperatur oraz wytrzyma\u0142a konstrukcja Edge-Connect sprawiaj\u0105, \u017ce ADLE3800SEC jest idealnym rozwi\u0105zaniem dla wymagaj\u0105cych zastosowa\u0144.<\/p>\n<h4>Zastosowanie:<\/h4>\n<p>UAV and UUV Unmanned Systems, Industrial Control Systems, Government and Defense, Video Surveillance, Small Scale Robotics, Remote Datalogging, Man-Wearable Computing<\/p>\n<h4>Cechy produktu:<\/h4>\n<ul>\n<li>CPU: Intel\u00ae Atom&#x2122; E3800 Processor (Bay Trail)<\/li>\n<li>CPU Choice: Quad Core E3845, Dual Core E3827, Single Core E3815<\/li>\n<li>Chipset: Intel\u00ae SoC<\/li>\n<li>RAM: Up to 4GB DDR3L 1333MHz soldered<\/li>\n<\/ul>\n<h4>Informacje o zamawianiu:<\/h4>\n\n<table id=\"tablepress-16\" class=\"tablepress tablepress-id-16 tbody-has-connected-cells\">\n<thead>\n<tr class=\"row-1\">\n\t<th class=\"column-1\">ITEM CODES<\/th><th class=\"column-2\">PART#<\/th><th class=\"column-3\">DESCRIPTION<\/th>\n<\/tr>\n<\/thead>\n<tbody class=\"row-striping row-hover\">\n<tr class=\"row-2\">\n\t<td colspan=\"3\" class=\"column-1\"><strong style=\"display: block; text-align: center;\">CPU-Boards<\/strong><\/td>\n<\/tr>\n<tr class=\"row-3\">\n\t<td class=\"column-1\">ADLE3800PC-E3845<\/td><td class=\"column-2\">292800<\/td><td class=\"column-3\">4th Gen Intel ATOM QuadCore CPU (4x 1.91GHz)Cache, 9W TDP, 4GB RAM soldered<\/td>\n<\/tr>\n<tr class=\"row-4\">\n\t<td class=\"column-1\">ADLE3800PC-E3827<\/td><td class=\"column-2\">292800<\/td><td class=\"column-3\">4th Gen Intel ATOM DualCore CPU (2x 1.75GHz)<\/td>\n<\/tr>\n<tr class=\"row-5\">\n\t<td colspan=\"3\" class=\"column-1\"><strong style=\"display: block; text-align: center;\">Memories<\/strong><\/td>\n<\/tr>\n<tr class=\"row-6\">\n\t<td class=\"column-1\">DDR3L-DRAM2048-(V)<\/td><td class=\"column-2\">997598<\/td><td class=\"column-3\">2GB DDR3L DRAM 1600MHZ (V)<\/td>\n<\/tr>\n<tr class=\"row-7\">\n\t<td class=\"column-1\">DDR3L-DRAM4096-(V)<\/td><td class=\"column-2\">997600<\/td><td class=\"column-3\">4GB DDR3L DRAM 1600MHZ (V)<\/td>\n<\/tr>\n<tr class=\"row-8\">\n\t<td class=\"column-1\">DDR3L-DRAM8192-(V)<\/td><td class=\"column-2\">997601<\/td><td class=\"column-3\">8GB DDR3L DRAM 1600MHZ (V)<\/td>\n<\/tr>\n<tr class=\"row-9\">\n\t<td class=\"column-1\">DDR3L-DRAM2048-EX-(V)<\/td><td class=\"column-2\">997599<\/td><td class=\"column-3\">2GB DDR3L DRAM 1600MHZ (V) -40\u00b0C TO +85\u00b0C<\/td>\n<\/tr>\n<tr class=\"row-10\">\n\t<td class=\"column-1\">DDR3L-DRAM4096-EX-(V)<\/td><td class=\"column-2\">997602<\/td><td class=\"column-3\">4GB DDR3L DRAM-EX 1600MHZ (V) -40\u00b0C TO +85\u00b0C<\/td>\n<\/tr>\n<tr class=\"row-11\">\n\t<td class=\"column-1\">DDR3L-DRAM8192-EX-(V)<\/td><td class=\"column-2\">997604<\/td><td class=\"column-3\">8GB DDR3L DRAM-EX 1600MHZ (V) -40\u00b0C TO +85\u00b0C<\/td>\n<\/tr>\n<tr class=\"row-12\">\n\t<td colspan=\"3\" class=\"column-1\"><strong style=\"display: block; text-align: center;\">Thermal solutions<\/strong><\/td>\n<\/tr>\n<tr class=\"row-13\">\n\t<td class=\"column-1\">ADLE3800PC-FANSINK<\/td><td class=\"column-2\">292812M-SET<\/td><td class=\"column-3\">2\" x 2\" heat sink and fan assembly for ADLE3800PC<\/td>\n<\/tr>\n<tr class=\"row-14\">\n\t<td class=\"column-1\">ADLE3800PC-LP<\/td><td class=\"column-2\">292810M<\/td><td class=\"column-3\">Low Profile Passive Heatsink<\/td>\n<\/tr>\n<tr class=\"row-15\">\n\t<td class=\"column-1\">ADLE3800PC-SP0600<\/td><td class=\"column-2\">292806M<\/td><td class=\"column-3\">0.600\u201d Heat Spreader<\/td>\n<\/tr>\n<tr class=\"row-16\">\n\t<td class=\"column-1\">ADLE3800PC-SP1000<\/td><td class=\"column-2\">292808M<\/td><td class=\"column-3\">1.000\u201d Heat Spreader<\/td>\n<\/tr>\n<tr class=\"row-17\">\n\t<td class=\"column-1\">CS-100<\/td><td class=\"column-2\">290010<\/td><td class=\"column-3\">10\"x10\" thermal chassis simulator for development<\/td>\n<\/tr>\n<tr class=\"row-18\">\n\t<td colspan=\"3\" class=\"column-1\"><strong style=\"display: block; text-align: center;\">Cables &amp; Accessoires<\/strong><\/td>\n<\/tr>\n<tr class=\"row-19\">\n\t<td class=\"column-1\">ADLE3800PC-CK<\/td><td class=\"column-2\">292820<\/td><td class=\"column-3\">Development cable kit for ADLE3800PC (W\/O SATA, GPIO, USB3, HDMI, DVI, DISPLAY PORT)<\/td>\n<\/tr>\n<tr class=\"row-20\">\n\t<td class=\"column-1\">STANDOFF-MSS<\/td><td class=\"column-2\">293406<\/td><td class=\"column-3\">.6\" (15.24mm) PC\/104 M3, QTY 1 precision milles ss stand-off\/post<\/td>\n<\/tr>\n<tr class=\"row-21\">\n\t<td class=\"column-1\">STANDOFF-1\"M3<\/td><td class=\"column-2\">293436<\/td><td class=\"column-3\">1\" PC\/104 M3, QTY 1 precision milles ss stand-off\/post<\/td>\n<\/tr>\n<tr class=\"row-22\">\n\t<td class=\"column-1\">ADL-HDSATA<\/td><td class=\"column-2\">100-9914<\/td><td class=\"column-3\">2x SATA high density cable<\/td>\n<\/tr>\n<tr class=\"row-23\">\n\t<td class=\"column-1\">ADL-HDVGA<\/td><td class=\"column-2\">100-9920<\/td><td class=\"column-3\">VGA CON high density cable<\/td>\n<\/tr>\n<tr class=\"row-24\">\n\t<td class=\"column-1\">ADL-USB3-HD<\/td><td class=\"column-2\">100-9925<\/td><td class=\"column-3\">2x USB 3.0 high density cable<\/td>\n<\/tr>\n<tr class=\"row-25\">\n\t<td class=\"column-1\">ADL-DVI-HD<\/td><td class=\"column-2\">100-9935<\/td><td class=\"column-3\">DVI-D\/F high density cable<\/td>\n<\/tr>\n<tr class=\"row-26\">\n\t<td class=\"column-1\">ADL-DP-HD<\/td><td class=\"column-2\">100-9940<\/td><td class=\"column-3\">Display port high density cable<\/td>\n<\/tr>\n<tr class=\"row-27\">\n\t<td class=\"column-1\">2MM SYST\/SMBUS\/LEDS\/BATT\/PWR CABLE<\/td><td class=\"column-2\">100-9741<\/td><td class=\"column-3\">2MM SYST\/SMBUS\/LEDS\/BATT\/PWR CABLE FOR ADLE3800PC<\/td>\n<\/tr>\n<tr class=\"row-28\">\n\t<td class=\"column-1\">2MM SYST\/BATT\/PWR CABLE<\/td><td class=\"column-2\">100-9742<\/td><td class=\"column-3\">2MM SYST\/BATT\/PWR CABLE FOR ADLE3800PC<\/td>\n<\/tr>\n<tr class=\"row-29\">\n\t<td class=\"column-1\">mSATA\/PCI Express Mini Card mounting option<\/td><td class=\"column-2\">46199042<\/td><td class=\"column-3\">Set for mechanical mounting of mSATA or PCI Express Mini Card-Modul on ADL CPU-Board<\/td>\n<\/tr>\n<tr class=\"row-30\">\n\t<td colspan=\"3\" class=\"column-1\"><strong style=\"display: block; text-align: center;\">Options<\/strong><\/td>\n<\/tr>\n<tr class=\"row-31\">\n\t<td class=\"column-1\">ADL-ET<\/td><td class=\"column-2\">290000<\/td><td class=\"column-3\">Extended Temperature Screening (\u201340C to +85C)<\/td>\n<\/tr>\n<tr class=\"row-32\">\n\t<td class=\"column-1\">UNDERFILL<\/td><td class=\"column-2\">807707<\/td><td class=\"column-3\">BGA underfill req\u2019d for <1nm BGA solderballs w\/ Ext Temp<\/td>\n<\/tr>\n<tr class=\"row-33\">\n\t<td class=\"column-1\">COATING<\/td><td class=\"column-2\">807706<\/td><td class=\"column-3\">Conformal Coating<\/td>\n<\/tr>\n<tr class=\"row-34\">\n\t<td class=\"column-1\">UNDERFILL\/BONDING\/COATING<\/td><td class=\"column-2\">UNDERFILL\/BONDING\/COATING<\/td><td class=\"column-3\">Underfilling, Bonding, and Conformal Coating<\/td>\n<\/tr>\n<\/tbody>\n<\/table>\n<!-- #tablepress-16 from cache -->\n","protected":false},"excerpt":{"rendered":"<p>Maj\u0105c wymiary zaledwie 75 mm x 75 mm, ADLE3800SEC jest wbudowanym kontrolerem SBC zoptymalizowanym pod k\u0105tem wielko\u015bci, wagi i mocy (SWAP). Bazuj\u0105c na serii E3800 Intel Atom&#x2122; SoC, ta niewielka deska daje maksymaln\u0105 wydajno\u015b\u0107 w mo\u017cliwie najmniejszym rozmiarze. Posiada czterordzeniowy procesor z maksymalnie 2MB wbudowanej pami\u0119ci podr\u0119cznej i zintegrowany silnik Intel HD Graphics z obs\u0142ug\u0105 DirectX 11, Open GL 4.0 i mo\u017cliwo\u015bci\u0105 odtwarzania wideo Full HD.<\/p>\n","protected":false},"featured_media":10729,"template":"","meta":{"_acf_changed":false,"inline_featured_image":false,"_monsterinsights_skip_tracking":false,"_monsterinsights_sitenote_active":false,"_monsterinsights_sitenote_note":"","_monsterinsights_sitenote_category":0},"product_brand":[],"product_cat":[106,108,1584],"product_tag":[],"class_list":{"0":"post-3409","1":"product","2":"type-product","3":"status-publish","4":"has-post-thumbnail","6":"product_cat-adl-embedded-solutions","7":"product_cat-komputery-jednoplytkowe","8":"product_cat-komputery-jednoplytkowe-sbc-2","10":"first","11":"instock","12":"shipping-taxable","13":"product-type-simple"},"acf":[],"_links":{"self":[{"href":"https:\/\/quantum.com.pl\/pl\/wp-json\/wp\/v2\/product\/3409","targetHints":{"allow":["GET"]}}],"collection":[{"href":"https:\/\/quantum.com.pl\/pl\/wp-json\/wp\/v2\/product"}],"about":[{"href":"https:\/\/quantum.com.pl\/pl\/wp-json\/wp\/v2\/types\/product"}],"wp:featuredmedia":[{"embeddable":true,"href":"https:\/\/quantum.com.pl\/pl\/wp-json\/wp\/v2\/media\/10729"}],"wp:attachment":[{"href":"https:\/\/quantum.com.pl\/pl\/wp-json\/wp\/v2\/media?parent=3409"}],"wp:term":[{"taxonomy":"product_brand","embeddable":true,"href":"https:\/\/quantum.com.pl\/pl\/wp-json\/wp\/v2\/product_brand?post=3409"},{"taxonomy":"product_cat","embeddable":true,"href":"https:\/\/quantum.com.pl\/pl\/wp-json\/wp\/v2\/product_cat?post=3409"},{"taxonomy":"product_tag","embeddable":true,"href":"https:\/\/quantum.com.pl\/pl\/wp-json\/wp\/v2\/product_tag?post=3409"}],"curies":[{"name":"wp","href":"https:\/\/api.w.org\/{rel}","templated":true}]}}