{"id":3415,"date":"2019-07-09T18:41:32","date_gmt":"2019-07-09T16:41:32","guid":{"rendered":"https:\/\/quantum.com.pl\/?post_type=product&#038;p=3415"},"modified":"2020-05-04T23:57:46","modified_gmt":"2020-05-04T21:57:46","slug":"phoenix-pci-104e-camera-link-frame-grabber","status":"publish","type":"product","link":"https:\/\/quantum.com.pl\/pl\/product\/phoenix-pci-104e-camera-link-frame-grabber\/","title":{"rendered":"Phoenix PCI\/104e Camera Link Frame Grabber"},"content":{"rendered":"<h4>Cechy produktu:<\/h4>\n<ul>\n<li>Single Base, Dual Base or Medium CL Configurations.<\/li>\n<li>PCI\/104-Express form factor.<\/li>\n<li>Universal board to operate in Type 1 or Type 2 host.<\/li>\n<li>Single lane (x1) v1.1 PCI Express interface.<\/li>\n<li>PCI Express burst rates in excess of 190Mbytes\/sec.<\/li>\n<li>Power over Camera Link with SafePower.<\/li>\n<li>Supports digital areascan \/ linescan cameras.<\/li>\n<li>Multi-tap &amp; multi-channel camera formats, incl. line and pixel interleaved.<\/li>\n<li>Maximum pixel clock of 66MHz.<\/li>\n<li>Extended temperature operation.<\/li>\n<li>PHX SDK supports various operating systems.<\/li>\n<li>v2.0 Camera Link compliant.<\/li>\n<li>Bus mastering hardware control without CPU intervention.<\/li>\n<li>Dual channel serial port with EIA-644 signalling.<\/li>\n<li>Supports Camera Link serial comms API.<\/li>\n<li>Data Valid (DVAL) for slow data rate cameras.<\/li>\n<li>Opto-Isolated, TTL and EIA-644 I\/O.<\/li>\n<li>Software configurable FPGA technology.<\/li>\n<li>RoHS compliant.<\/li>\n<\/ul>\n<p>Phoenix-D48CL to karta PCI\/104-Express do gromadzenia danych cyfrowych z r\u00f3\u017cnych \u017ar\u00f3de\u0142 Camera Link, w tym cyfrowych aparat\u00f3w do przechwytywania ramek i kamer liniowych. Obs\u0142uguje wszystkie formaty konfiguracji bazowej i \u015bredniej, tj. pojedyncze dane od 8 do 16 bit\u00f3w, przez 12 bit\u00f3w RGB, do czterech \u017ar\u00f3de\u0142 12-bitowych z zaczepu, a tak\u017ce konfiguracj\u0119 podw\u00f3jnej bazy, tj. pozyskiwanie z dw\u00f3ch asynchronicznych kamer bazowych.<\/p>\n<p>Phoenix-D48CL obs\u0142uguje r\u00f3wnie\u017c r\u00f3\u017cne formaty camera tap, takie jak linia z przeplotem &#8211; s\u0105siednie linie s\u0105 wyprowadzane jednocze\u015bnie; przesuni\u0119cie linii &#8211; linie s\u0105 wyprowadzane jednocze\u015bnie z r\u00f3\u017cnych cz\u0119\u015bci CCD; piksel z przeplotem &#8211; s\u0105siednie piksele na tej samej linii s\u0105 wyprowadzane jednocze\u015bnie; i przesuni\u0119cie pikseli &#8211; piksele s\u0105 wyprowadzane z r\u00f3\u017cnych cz\u0119\u015bci tej samej linii jednocze\u015bnie.<\/p>\n<p>Phoenix-D48CL obs\u0142uguje funkcj\u0119 Power Over Camera Link (PoCL) z SafePower i jest w stanie zapewni\u0107 zasilanie kamerom z w\u0142\u0105czonym PoCL za pomoc\u0105 kabla danych Camera Link, eliminuj\u0105c tym samym potrzeb\u0119 stosowania oddzielnego zasilania. Konwencjonalne kamery bez PoCL s\u0105 nadal obs\u0142ugiwane.<\/p>\n<p>ROI i kontrole podpr\u00f3bkowane s\u0142u\u017c\u0105 do zwi\u0119kszenia pr\u0119dko\u015bci przetwarzania aplikacji tylko poprzez przechowywanie wymaganych danych. Ponadto funkcjonalno\u015b\u0107 LUT zapewnia obs\u0142ug\u0119 korekcji gamma, kadrowania zakresu dynamicznego, progowania binarnego i r\u00f3wnowa\u017cenia kolor\u00f3w Bayera w czasie rzeczywistym. DataMapper dodatkowo zmniejsza obci\u0105\u017cenie procesora hosta poprzez mapowanie i pakowanie pozyskanych danych przed ich przes\u0142aniem przez magistral\u0119 PCI Express. Na przyk\u0142ad, zebrane dane mog\u0105 by\u0107 mapowane do odpowiedniego formatu i przesy\u0142ane bezpo\u015brednio na wy\u015bwietlacz graficzny, bez potrzeby jakiegokolwiek przetwarzania hosta.<\/p>\n<p>Interfejs PCI zawiera inteligentny sprz\u0119t do zbierania rozproszenia, kt\u00f3ry odczytuje swoje instrukcje bezpo\u015brednio z pami\u0119ci bez interwencji procesora hosta. To z kolei kontroluje silnik DMA, kt\u00f3ry przenosi upakowane dane wideo do dowolnej pami\u0119ci docelowej, do kt\u00f3rej mo\u017cna dotrze\u0107 z magistrali PCI. Mo\u017ce to by\u0107 pami\u0119\u0107 systemowa, pami\u0119\u0107 graficzna lub nawet inne urz\u0105dzenia na tej samej lub innych magistralach PCI, takie jak karty DSP itp.<\/p>\n<p>Wi\u0119kszo\u015b\u0107 funkcji jest zaimplementowana w pojedynczej macierzy FPGA (Field Programmable Gate Array), kt\u00f3ra zapewnia elastyczne rozwi\u0105zanie do \u0142\u0105czenia ze \u017ar\u00f3d\u0142ami zgodnymi z Camera Link. FPGA implementuje interfejs PCI Express, kontrol\u0119 zbierania rozproszenia sprz\u0119towego, kontrol\u0119 inicjowania impulsu PCI (DMA), kontrol\u0119 akwizycji, obszar zainteresowania (ROI) i kontrol\u0119 podpr\u00f3bkowania, funkcje DataMapping, FIFO Datapath i obs\u0142ug\u0119 licznika\/timera. Dodatkowo p\u0142yta zawiera funkcjonalno\u015b\u0107 Look Up Table (LUT), podw\u00f3jny uniwersalny nadajnik asynchroniczny (UART), 4-bitowe optoizolowane wej\u015bcia\/wyj\u015bcia, dwa 2-bitowe r\u00f3\u017cnicowe porty wej\u015bciowe i dwa 8-bitowe porty TTL I\/O.<\/p>\n<p>Zestaw Software Development Kit (SDK) PHX, dost\u0119pny jako osobny element, umo\u017cliwia szybki rozw\u00f3j systemu i integracj\u0119. Zapewnia kompleksowe przyk\u0142adowe aplikacje i zoptymalizowane biblioteki oraz jest dost\u0119pny dla r\u00f3\u017cnych system\u00f3w operacyjnych za po\u015brednictwem wsp\u00f3lnego interfejsu API, w tym 32-bitowego i 64-bitowego systemu Windows i Linux oraz Mac OS X, DOS i QNX. Dost\u0119pne s\u0105 r\u00f3wnie\u017c sterowniki aplikacji innych firm, np. Common Vision Blox, LabVIEW itp. Opr\u00f3cz funkcji steruj\u0105cych sprz\u0119tem, biblioteki zawieraj\u0105 funkcje og\u00f3lne przeznaczone do manipulowania i wy\u015bwietlania obraz\u00f3w. Osobny arkusz danych opisuje szczeg\u00f3\u0142owo zestaw SDK.<\/p>\n","protected":false},"excerpt":{"rendered":"<p>Phoenix-D48CL to karta PCI\/104-Express do gromadzenia danych cyfrowych z r\u00f3\u017cnych \u017ar\u00f3de\u0142 Camera Link, w tym cyfrowych aparat\u00f3w do przechwytywania ramek i kamer liniowych. Obs\u0142uguje wszystkie formaty konfiguracji bazowej i \u015bredniej, tj. pojedyncze dane od 8 do 16 bit\u00f3w, przez 12 bit\u00f3w RGB, do czterech \u017ar\u00f3de\u0142 12-bitowych z zaczepu, a tak\u017ce konfiguracj\u0119 podw\u00f3jnej bazy, tj. pozyskiwanie z dw\u00f3ch asynchronicznych kamer bazowych.<\/p>\n","protected":false},"featured_media":10763,"template":"","meta":{"_acf_changed":false,"inline_featured_image":false,"_monsterinsights_skip_tracking":false,"_monsterinsights_sitenote_active":false,"_monsterinsights_sitenote_note":"","_monsterinsights_sitenote_category":0},"product_brand":[],"product_cat":[106,244],"product_tag":[],"class_list":{"0":"post-3415","1":"product","2":"type-product","3":"status-publish","4":"has-post-thumbnail","6":"product_cat-adl-embedded-solutions","7":"product_cat-akcesoria","9":"first","10":"instock","11":"shipping-taxable","12":"product-type-simple"},"acf":[],"_links":{"self":[{"href":"https:\/\/quantum.com.pl\/pl\/wp-json\/wp\/v2\/product\/3415","targetHints":{"allow":["GET"]}}],"collection":[{"href":"https:\/\/quantum.com.pl\/pl\/wp-json\/wp\/v2\/product"}],"about":[{"href":"https:\/\/quantum.com.pl\/pl\/wp-json\/wp\/v2\/types\/product"}],"wp:featuredmedia":[{"embeddable":true,"href":"https:\/\/quantum.com.pl\/pl\/wp-json\/wp\/v2\/media\/10763"}],"wp:attachment":[{"href":"https:\/\/quantum.com.pl\/pl\/wp-json\/wp\/v2\/media?parent=3415"}],"wp:term":[{"taxonomy":"product_brand","embeddable":true,"href":"https:\/\/quantum.com.pl\/pl\/wp-json\/wp\/v2\/product_brand?post=3415"},{"taxonomy":"product_cat","embeddable":true,"href":"https:\/\/quantum.com.pl\/pl\/wp-json\/wp\/v2\/product_cat?post=3415"},{"taxonomy":"product_tag","embeddable":true,"href":"https:\/\/quantum.com.pl\/pl\/wp-json\/wp\/v2\/product_tag?post=3415"}],"curies":[{"name":"wp","href":"https:\/\/api.w.org\/{rel}","templated":true}]}}