{"id":3426,"date":"2019-07-09T19:26:31","date_gmt":"2019-07-09T17:26:31","guid":{"rendered":"https:\/\/quantum.com.pl\/?post_type=product&#038;p=3426"},"modified":"2020-12-04T16:00:36","modified_gmt":"2020-12-04T15:00:36","slug":"cb3067","status":"publish","type":"product","link":"https:\/\/quantum.com.pl\/pl\/product\/cb3067\/","title":{"rendered":"CB3067 (ADLQ170HDS)"},"content":{"rendered":"<p>ADLQ170HDS wyposa\u017cony jest w procesory Intel Core&#x2122; 6 i 7 generacji z Intel Q170 PCH (Sunrise Point) i najnowszym silnikiem iGPU HD Graphics 500\/600. IGPU obs\u0142uguje DirectX 12.1, OpenGL 4.4 i Intel QuickSync. Mikroarchitektura procesor\u00f3w firmy Intel, zbudowana na Intel 14nm Tri-Gate o niskiej mocy, zawiera nowy zestaw instrukcji AVX 2.0, wi\u0119cej instrukcji na cykl, g\u0142\u0119bsze stany bezczynno\u015bci, wi\u0119cej jednostek wykonawczych, wy\u017csz\u0105 przepustowo\u015b\u0107 cache oraz inteligentniejsze zarz\u0105dzanie energi\u0105, czego wynikiem jest znaczny wzrost wydajno\u015bci przy znacznie ni\u017cszej mocy ni\u017c w przypadku poprzedniej architektury Haswell. Aktualna Kaby Lake jest od\u015bwie\u017con\u0105 wersj\u0105 Skylake. Dzi\u0119ki nowej serii iGPU HD 600 produkty Intel Kaby Lake obs\u0142uguj\u0105 kodowanie\/dekodowanie HEVC\/4K H. 256 Hardware, a tak\u017ce dekodowanie za pomoc\u0105 sprz\u0119tu VP9.<\/p>\n<p>ADLQ170HDS jest idealny zar\u00f3wno do zastosowa\u0144 mobilnych, jak i wbudowanych, gdzie wa\u017cna jest wysoka efektywno\u015b\u0107 procesora przy niskim zu\u017cyciu baterii lub energii. Zapewnia on bezkonkurencyjn\u0105 wydajno\u015b\u0107 w zastosowaniach takich, jak: przetwarzanie radarowe i sonarowe, przetwarzanie sygna\u0142\u00f3w graficznych, taktyczne komenda i kontrola, nadz\u00f3r i rozpoznanie, analiza laboratoryjna obraz\u00f3w medycznych oraz automatyzacja przemys\u0142owa.<\/p>\n<p>Opr\u00f3cz szerokiego zakresu zastosowa\u0144, w kt\u00f3rych ADLQ170HDS mo\u017ce pracowa\u0107, obs\u0142uguje on r\u00f3wnie\u017c szeroki zestaw funkcji. ADLQ170HDS po raz pierwszy wprowadza TPM 2.0 jako opcj\u0119 i funkcjonalno\u015b\u0107 pami\u0119ci DDR4 do linii produkt\u00f3w ADL 3,5 &#8222;SBC. Pami\u0119\u0107 mo\u017cna zainstalowa\u0107 w 2 gniazda SoDimm DIMM o maksymalnej pojemno\u015bci 16GB ka\u017cde. Wbudowane z\u0142\u0105cza obs\u0142uguj\u0105 zar\u00f3wno DVI\/VGA, jak i HDMI\/DP przez IPEX. ADLQ170HDS posiada r\u00f3wnie\u017c 1x port RS232 COM, 4x SATA 6Gb\/s z obs\u0142ug\u0105 RAID 0, 1, 5 i 10. Zawiera r\u00f3wnie\u017c 6x USB 2.0, 5x USB 3.0, dwa startowe porty Gigabit Ethernet LAN, HD audio 7.1 oraz z\u0142\u0105cze rozszerze\u0144 2&#215;40-pin PCIe (gen. 3.0) z czterema pasami PCIe x1 lub jednym pasem PCIe x4, aby rozszerzy\u0107 funkcjonalno\u015b\u0107 I\/O. ADL Embedded Solutions oferuje wysoce efektywne rozwi\u0105zania termiczne dla r\u00f3\u017cnych zastosowa\u0144.<\/p>\n<h4>Cechy produktu:<\/h4>\n<ul>\n<li>CPU: Intel\u00ae Core&#x2122; Celeron\/I5\/I7\/Xeon Processor (Skylake and Kaby Lake)<\/li>\n<li>CPU Choice: Celeron G3900TE, i5-6500TE, i7-6700TE, Xeon E3-1268L v5 (Socket LGA1151) Celeron G3930TE, i5-7500T, i7-7700T<\/li>\n<li>Chipset: Intel\u00ae Q170 Sunrise Point<\/li>\n<li>RAM: Up to 32GB DDR4L-2133 SoDIMM<\/li>\n<\/ul>\n<h4>Informacje o zamawianiu:<\/h4>\n<p>&nbsp;<\/p>\n\n<table id=\"tablepress-17\" class=\"tablepress tablepress-id-17 tbody-has-connected-cells\">\n<thead>\n<tr class=\"row-1\">\n\t<th class=\"column-1\">ITEM CODES<\/th><th class=\"column-2\">PART#<\/th><th class=\"column-3\">DESCRIPTION<\/th>\n<\/tr>\n<\/thead>\n<tbody class=\"row-striping row-hover\">\n<tr class=\"row-2\">\n\t<td colspan=\"3\" class=\"column-1\"><strong style=\"display: block; text-align: center;\">CPU-Boards<\/strong><\/td>\n<\/tr>\n<tr class=\"row-3\">\n\t<td class=\"column-1\">ADLQ170HDS<\/td><td class=\"column-2\">tbd.<\/td><td class=\"column-3\">6. \/ 7. Generation Intel Core SBC 3,5\" (without CPU)<\/td>\n<\/tr>\n<tr class=\"row-4\">\n\t<td colspan=\"3\" class=\"column-1\"><strong style=\"display: block; text-align: center;\">CPU-Options<\/strong><\/td>\n<\/tr>\n<tr class=\"row-5\">\n\t<td class=\"column-1\">Intel i7-7700T<\/td><td class=\"column-2\">tbd.<\/td><td class=\"column-3\">Intel\u00ae Core\u2122 i7-7700TE Processor (8M Cache, up to 3.80 GHz)<\/td>\n<\/tr>\n<tr class=\"row-6\">\n\t<td class=\"column-1\">Intel i5-7500T<\/td><td class=\"column-2\">tbd.<\/td><td class=\"column-3\">Intel\u00ae Core\u2122 i5-7500TE Processor (6M Cache, up to 3.30 GHz)<\/td>\n<\/tr>\n<tr class=\"row-7\">\n\t<td class=\"column-1\">Intel G3930TE<\/td><td class=\"column-2\">tbd.<\/td><td class=\"column-3\">Intel\u00ae Celeron\u00ae Processor G3930TE (2M Cache, 2.70 GHz), Intel\u00ae HD Graphics 610<\/td>\n<\/tr>\n<tr class=\"row-8\">\n\t<td class=\"column-1\">Intel Xeon E3-1268L<\/td><td class=\"column-2\">tbd.<\/td><td class=\"column-3\">Intel\u00ae Xeon\u2122 E3-1268L v5 Processor (8M Cache, up to 3.40 GHz)<\/td>\n<\/tr>\n<tr class=\"row-9\">\n\t<td class=\"column-1\">Intel i7-6700TE<\/td><td class=\"column-2\">tbd.<\/td><td class=\"column-3\">Intel\u00ae Core\u2122 i7-6700TE Processor (8M Cache, up to 3.40 GHz)<\/td>\n<\/tr>\n<tr class=\"row-10\">\n\t<td class=\"column-1\">Intel i5-6500TE<\/td><td class=\"column-2\">tbd.<\/td><td class=\"column-3\">Intel\u00ae Core\u2122 i5-6500TE Processor (6M Cache, up to 3.30 GHz)<\/td>\n<\/tr>\n<tr class=\"row-11\">\n\t<td class=\"column-1\">Intel G3900TE<\/td><td class=\"column-2\">tbd.<\/td><td class=\"column-3\">Intel\u00ae Celeron\u00ae Processor G3900TE (2M Cache, 2.30 GHz), Intel\u00ae HD Graphics 510<\/td>\n<\/tr>\n<tr class=\"row-12\">\n\t<td colspan=\"3\" class=\"column-1\"><strong style=\"display: block; text-align: center;\">Memories<\/strong><\/td>\n<\/tr>\n<tr class=\"row-13\">\n\t<td class=\"column-1\">DDR4-DRAM4096<\/td><td class=\"column-2\">tbd.<\/td><td class=\"column-3\">4GB DDR4 DRAM 2133MHZ<\/td>\n<\/tr>\n<tr class=\"row-14\">\n\t<td class=\"column-1\">DDR4-DRAM8192<\/td><td class=\"column-2\">tbd.<\/td><td class=\"column-3\">8GB DDR4 DRAM 2133MHZ<\/td>\n<\/tr>\n<tr class=\"row-15\">\n\t<td class=\"column-1\">DDR4-DRAM16384<\/td><td class=\"column-2\">tbd.<\/td><td class=\"column-3\">16GB DDR4 DRAM 2133MHZ<\/td>\n<\/tr>\n<tr class=\"row-16\">\n\t<td class=\"column-1\">DDR4-DRAM4096EX<\/td><td class=\"column-2\">tbd.<\/td><td class=\"column-3\">4GB DDR4 DRAM-EX 2133MHZ -40\u00b0C TO +85\u00b0C<\/td>\n<\/tr>\n<tr class=\"row-17\">\n\t<td class=\"column-1\">DDR4-DRAM8192EX<\/td><td class=\"column-2\">tbd.<\/td><td class=\"column-3\">8GB DDR4 DRAM-EX 2133MHZ -40\u00b0C TO +85\u00b0C<\/td>\n<\/tr>\n<tr class=\"row-18\">\n\t<td class=\"column-1\">DDR4-DRAM16384EX<\/td><td class=\"column-2\">tbd.<\/td><td class=\"column-3\">16GB DDR4 DRAM-EX 2133MHZ -40\u00b0C TO +85\u00b0C<\/td>\n<\/tr>\n<tr class=\"row-19\">\n\t<td colspan=\"3\" class=\"column-1\"><strong style=\"display: block; text-align: center;\">Thermal solutions<\/strong><\/td>\n<\/tr>\n<tr class=\"row-20\">\n\t<td class=\"column-1\">ADLQ170HDS-SPREADER<\/td><td class=\"column-2\">tbd.<\/td><td class=\"column-3\">heat spreader for chassis mount ADLQ170HDS<\/td>\n<\/tr>\n<tr class=\"row-21\">\n\t<td class=\"column-1\">ADL35-BBHS<\/td><td class=\"column-2\">294152<\/td><td class=\"column-3\">large heat sink for ADLXXXHD CPU's<\/td>\n<\/tr>\n<tr class=\"row-22\">\n\t<td class=\"column-1\">ADL35-LFAN<\/td><td class=\"column-2\">294154<\/td><td class=\"column-3\">large fan for ADL35-BBHS<\/td>\n<\/tr>\n<tr class=\"row-23\">\n\t<td class=\"column-1\">ADL35-SOSET<\/td><td class=\"column-2\">294156<\/td><td class=\"column-3\">stand off set for ADL35-BBHS &amp; LFAN<\/td>\n<\/tr>\n<tr class=\"row-24\">\n\t<td class=\"column-1\">CS-100<\/td><td class=\"column-2\">290010<\/td><td class=\"column-3\">10\"x10\" thermal chassis simulator for development<\/td>\n<\/tr>\n<tr class=\"row-25\">\n\t<td colspan=\"3\" class=\"column-1\"><strong style=\"display: block; text-align: center;\">Options<\/strong><\/td>\n<\/tr>\n<tr class=\"row-26\">\n\t<td class=\"column-1\">ADL-ET<\/td><td class=\"column-2\">290000<\/td><td class=\"column-3\">Extended Temperature Screening (\u201340C to +85C)<\/td>\n<\/tr>\n<tr class=\"row-27\">\n\t<td class=\"column-1\">UNDERFILL<\/td><td class=\"column-2\">807707<\/td><td class=\"column-3\">BGA underfill req\u2019d for <1nm BGA solderballs w\/ Ext Temp<\/td>\n<\/tr>\n<tr class=\"row-28\">\n\t<td class=\"column-1\">COATING<\/td><td class=\"column-2\">807706<\/td><td class=\"column-3\">Conformal Coating<\/td>\n<\/tr>\n<tr class=\"row-29\">\n\t<td class=\"column-1\">UNDERFILL\/BONDING\/COATING<\/td><td class=\"column-2\">807709<\/td><td class=\"column-3\">Underfilling, Bonding, and Conformal Coating<\/td>\n<\/tr>\n<\/tbody>\n<\/table>\n<!-- #tablepress-17 from cache -->\n","protected":false},"excerpt":{"rendered":"<p>ADLQ170HDS wyposa\u017cony jest w procesory Intel Core&#x2122; 6 i 7 generacji z Intel Q170 PCH (Sunrise Point) i najnowszym silnikiem iGPU HD Graphics 500\/600. IGPU obs\u0142uguje DirectX 12.1, OpenGL 4.4 i Intel QuickSync. Mikroarchitektura procesor\u00f3w firmy Intel, zbudowana na Intel 14nm Tri-Gate o niskiej mocy, zawiera nowy zestaw instrukcji AVX 2.0, wi\u0119cej instrukcji na cykl, g\u0142\u0119bsze stany bezczynno\u015bci, wi\u0119cej jednostek wykonawczych, wy\u017csz\u0105 przepustowo\u015b\u0107 cache oraz inteligentniejsze zarz\u0105dzanie energi\u0105, czego wynikiem jest znaczny wzrost wydajno\u015bci przy znacznie ni\u017cszej mocy ni\u017c w przypadku poprzedniej architektury Haswell. Aktualna Kaby Lake jest od\u015bwie\u017con\u0105 wersj\u0105 Skylake. Dzi\u0119ki nowej serii iGPU HD 600 produkty Intel Kaby Lake obs\u0142uguj\u0105 kodowanie\/dekodowanie HEVC\/4K H. 256 Hardware, a tak\u017ce dekodowanie za pomoc\u0105 sprz\u0119tu VP9.<\/p>\n","protected":false},"featured_media":10727,"template":"","meta":{"_acf_changed":false,"inline_featured_image":false,"_monsterinsights_skip_tracking":false,"_monsterinsights_sitenote_active":false,"_monsterinsights_sitenote_note":"","_monsterinsights_sitenote_category":0},"product_brand":[],"product_cat":[106,108,1584],"product_tag":[],"class_list":{"0":"post-3426","1":"product","2":"type-product","3":"status-publish","4":"has-post-thumbnail","6":"product_cat-adl-embedded-solutions","7":"product_cat-komputery-jednoplytkowe","8":"product_cat-komputery-jednoplytkowe-sbc-2","10":"first","11":"instock","12":"shipping-taxable","13":"product-type-simple"},"acf":[],"_links":{"self":[{"href":"https:\/\/quantum.com.pl\/pl\/wp-json\/wp\/v2\/product\/3426","targetHints":{"allow":["GET"]}}],"collection":[{"href":"https:\/\/quantum.com.pl\/pl\/wp-json\/wp\/v2\/product"}],"about":[{"href":"https:\/\/quantum.com.pl\/pl\/wp-json\/wp\/v2\/types\/product"}],"wp:featuredmedia":[{"embeddable":true,"href":"https:\/\/quantum.com.pl\/pl\/wp-json\/wp\/v2\/media\/10727"}],"wp:attachment":[{"href":"https:\/\/quantum.com.pl\/pl\/wp-json\/wp\/v2\/media?parent=3426"}],"wp:term":[{"taxonomy":"product_brand","embeddable":true,"href":"https:\/\/quantum.com.pl\/pl\/wp-json\/wp\/v2\/product_brand?post=3426"},{"taxonomy":"product_cat","embeddable":true,"href":"https:\/\/quantum.com.pl\/pl\/wp-json\/wp\/v2\/product_cat?post=3426"},{"taxonomy":"product_tag","embeddable":true,"href":"https:\/\/quantum.com.pl\/pl\/wp-json\/wp\/v2\/product_tag?post=3426"}],"curies":[{"name":"wp","href":"https:\/\/api.w.org\/{rel}","templated":true}]}}