{"id":3430,"date":"2019-07-09T19:09:37","date_gmt":"2019-07-09T17:09:37","guid":{"rendered":"https:\/\/quantum.com.pl\/?post_type=product&#038;p=3430"},"modified":"2020-12-04T13:37:28","modified_gmt":"2020-12-04T12:37:28","slug":"firebird-quad-usb-3-0-host-controller","status":"publish","type":"product","link":"https:\/\/quantum.com.pl\/pl\/product\/firebird-quad-usb-3-0-host-controller\/","title":{"rendered":"FireBird Quad USB 3.0 Host Controller"},"content":{"rendered":"<h4>Cechy produktu:<\/h4>\n<ul>\n<li>4 x USB 3.0 compliant downstream ports.<\/li>\n<li>Dual full USB 3.0 bandwidth architecture with each channel split into 2 x USB 3.0 ports.<\/li>\n<li>Based on proven Renesas&#x2122; USB 3.0 Host Controller.<\/li>\n<li>Compliant with USB 3.0 specification Rev.1.0 and Intel xHCI specification Rev. 1.0.<\/li>\n<li>Support for USB3 Vision cameras.<\/li>\n<li>Dedicated USB power supply allows for long cables.<\/li>\n<li>Rugged PCIe\/104 form-factor.<\/li>\n<li>Universal operation: Type 1 or Type 2 hosts.<\/li>\n<li>Supports stack up or stack down configurations.<\/li>\n<li>Windows and Linux support.<\/li>\n<\/ul>\n<p>Kontroler hosta FireBird Quad USB 3.0 obs\u0142uguje cztery porty USB 3.0 rozmieszczone jako dwa porty na kontroler hosta, przy czym ka\u017cdy kontroler ma w\u0142asny interfejs PCI Express x1 Gen2, aby zapewni\u0107 \u0142\u0105czn\u0105 \u0142\u0105czn\u0105 przepustowo\u015b\u0107 danych 10 Gbps. Zastosowane kontrolery hosta USB 3.0 to sprawdzone urz\u0105dzenie Renesas &#x2122; \u03bcPD720202.<\/p>\n<p>Wiele kontroler\u00f3w host\u00f3w USB 3.0 znalezionych na p\u0142ytach g\u0142\u00f3wnych i modu\u0142ach procesor\u00f3w dzieli przepustowo\u015b\u0107 z innymi urz\u0105dzeniami, co zazwyczaj powoduje niesp\u00f3jn\u0105 wydajno\u015b\u0107 w wymagaj\u0105cych aplikacjach, takich jak szybkie pobieranie z kamer USB3 Vision. Kontroler hosta FireBird Quad USB 3.0 rozwi\u0105zuje ten problem, konfiguruj\u0105c ka\u017cd\u0105 par\u0119 port\u00f3w USB 3.0 do korzystania z pojedynczego pasa Gen2 PCI Express. Podobnie ta budowa zapewnia r\u00f3wnowag\u0119 mi\u0119dzy kosztami a wydajno\u015bci\u0105 &#8211; tak, \u017ce dwa urz\u0105dzenia USB 3.0 mog\u0105 dzia\u0142a\u0107 jednocze\u015bnie przy pe\u0142nej szeroko\u015bci pasma lub cztery urz\u0105dzenia dzia\u0142aj\u0105ce jednocze\u015bnie dziel\u0105c \u0142\u0105czn\u0105 przepustowo\u015b\u0107 dw\u00f3ch \u0142\u0105czy o pe\u0142nej pr\u0119dko\u015bci. P\u0142ytka zawiera dedykowany zasilacz USB, aby zapewni\u0107 niezawodne dzia\u0142anie urz\u0105dzenia niezale\u017cnie od g\u0142\u00f3wnego zasilania systemu. Wyj\u015bcie jest ustawione na 5,1 V, aby skompensowa\u0107 spadek napi\u0119cia wzd\u0142u\u017c d\u0142ugich kabli USB3.<\/p>\n<p>Obs\u0142uga oprogramowania opiera si\u0119 na sprawdzonym zbiorze sterownik\u00f3w Renesas &#x2122;, kt\u00f3ry zapewnia wysok\u0105 przepustowo\u015b\u0107 wymagan\u0105 przez kamery USB3 Vision. W po\u0142\u0105czeniu ze standardem GenICam te mi\u0119dzynarodowe standardy wizyjne z kolei zapewniaj\u0105 zgodno\u015b\u0107 z wieloma aplikacjami innych producent\u00f3w, umo\u017cliwiaj\u0105cymi szybki rozw\u00f3j produktu i integracj\u0119.<\/p>\n","protected":false},"excerpt":{"rendered":"<p>Kontroler hosta FireBird Quad USB 3.0 obs\u0142uguje cztery porty USB 3.0 rozmieszczone jako dwa porty na kontroler hosta, przy czym ka\u017cdy kontroler ma w\u0142asny interfejs PCI Express x1 Gen2, aby zapewni\u0107 \u0142\u0105czn\u0105 \u0142\u0105czn\u0105 przepustowo\u015b\u0107 danych 10 Gbps. Zastosowane kontrolery hosta USB 3.0 to sprawdzone urz\u0105dzenie Renesas &#x2122; \u03bcPD720202.<\/p>\n","protected":false},"featured_media":10761,"template":"","meta":{"_acf_changed":false,"inline_featured_image":false,"_monsterinsights_skip_tracking":false,"_monsterinsights_sitenote_active":false,"_monsterinsights_sitenote_note":"","_monsterinsights_sitenote_category":0},"product_brand":[],"product_cat":[106,244],"product_tag":[],"class_list":{"0":"post-3430","1":"product","2":"type-product","3":"status-publish","4":"has-post-thumbnail","6":"product_cat-adl-embedded-solutions","7":"product_cat-akcesoria","9":"first","10":"instock","11":"shipping-taxable","12":"product-type-simple"},"acf":[],"_links":{"self":[{"href":"https:\/\/quantum.com.pl\/pl\/wp-json\/wp\/v2\/product\/3430","targetHints":{"allow":["GET"]}}],"collection":[{"href":"https:\/\/quantum.com.pl\/pl\/wp-json\/wp\/v2\/product"}],"about":[{"href":"https:\/\/quantum.com.pl\/pl\/wp-json\/wp\/v2\/types\/product"}],"wp:featuredmedia":[{"embeddable":true,"href":"https:\/\/quantum.com.pl\/pl\/wp-json\/wp\/v2\/media\/10761"}],"wp:attachment":[{"href":"https:\/\/quantum.com.pl\/pl\/wp-json\/wp\/v2\/media?parent=3430"}],"wp:term":[{"taxonomy":"product_brand","embeddable":true,"href":"https:\/\/quantum.com.pl\/pl\/wp-json\/wp\/v2\/product_brand?post=3430"},{"taxonomy":"product_cat","embeddable":true,"href":"https:\/\/quantum.com.pl\/pl\/wp-json\/wp\/v2\/product_cat?post=3430"},{"taxonomy":"product_tag","embeddable":true,"href":"https:\/\/quantum.com.pl\/pl\/wp-json\/wp\/v2\/product_tag?post=3430"}],"curies":[{"name":"wp","href":"https:\/\/api.w.org\/{rel}","templated":true}]}}