{"id":3444,"date":"2019-07-10T09:05:11","date_gmt":"2019-07-10T07:05:11","guid":{"rendered":"https:\/\/quantum.com.pl\/?post_type=product&#038;p=3444"},"modified":"2020-12-04T15:19:15","modified_gmt":"2020-12-04T14:19:15","slug":"adllan","status":"publish","type":"product","link":"https:\/\/quantum.com.pl\/pl\/product\/adllan\/","title":{"rendered":"ADLLAN"},"content":{"rendered":"<h4>Cechy produktu:<\/h4>\n<ul>\n<li>PCI based Ethernet LAN card for PC\/104-Plus<\/li>\n<li>Dual Intel 82541ER Gigabit Ethernet LAN controllers support connection speeds of 10\/100\/1000 Mbps<\/li>\n<li>Enhanced Power Management for Reduced Power applications<\/li>\n<li>Single and dual port configurations available &#8211; Dual port model uses two PCI loads (slots)<\/li>\n<li>High-Performance PHY Technology meets IEEE 802.3ab Specifications<\/li>\n<li>Footprint Compatibility with other Intel PRO Connections for Flexible Designs<\/li>\n<li>Top and bottom stacking PC\/104-Plus pass-through connectors for ease of stack configuration<\/li>\n<li>Optional connection headers for cabling embedded applications<\/li>\n<li>Jumper configurable PCI load selection for flexible integration with other peripherals<\/li>\n<li>Temperature Range \u201340C to +85C<\/li>\n<\/ul>\n<p>Kontroler Gigabit Ethernet Intel 82541ER zapewnia zoptymalizowan\u0105 sie\u0107 Gigabit dla projekt\u00f3w PCI. Ten wysoce wydajny kontroler z ulepszonym zarz\u0105dzaniem energi\u0105 zu\u017cywa mniej ni\u017c 1,0 W mocy przy pr\u0119dko\u015bciach Gigabit. Gdy w przewodzie nie zostanie wykryty \u017caden sygna\u0142, kontroler zmniejsza zu\u017cycie energii przez \u201eredukcj\u0119\u201d do 100 Mb\/s do 10 Mb\/s, a nast\u0119pnie wy\u0142\u0105cza obw\u00f3d warstwy fizycznej (PHY). Po wykryciu sygna\u0142u sterownik automatycznie negocjuje po\u0142\u0105czenie z Gigabitem, je\u015bli jest dost\u0119pne.<\/p>\n<p>Intel 82541ER \u0142\u0105czy w sobie pi\u0105t\u0105 generacj\u0119 Gigabit MAC firmy Intel z w pe\u0142ni zintegrowan\u0105 najnowocze\u015bniejsz\u0105 technologi\u0105 PHY, kt\u00f3ra spe\u0142nia lub przewy\u017csza specyfikacje IEEE 802.3ab dla wydajno\u015bci b\u0142\u0119d\u00f3w bitowych.<\/p>\n<p>&nbsp;<\/p>\n<h4>Informacje o zamawianiu:<\/h4>\n\n<table id=\"tablepress-18\" class=\"tablepress tablepress-id-18 tbody-has-connected-cells\">\n<thead>\n<tr class=\"row-1\">\n\t<th class=\"column-1\"><strong>Item Codes\t<\/strong><\/th><th class=\"column-2\"><strong>Part#\t<\/strong><\/th><th class=\"column-3\"><strong>Description<\/strong><\/th>\n<\/tr>\n<\/thead>\n<tbody class=\"row-striping row-hover\">\n<tr class=\"row-2\">\n\t<td colspan=\"3\" class=\"column-1\"><strong style=\"display: block; text-align: center;\">Base<\/strong><\/td>\n<\/tr>\n<tr class=\"row-3\">\n\t<td class=\"column-1\">ADLLAN-2<\/td><td class=\"column-2\">299922<\/td><td class=\"column-3\">1Gbit dual port LAN board<br \/>\n<\/td>\n<\/tr>\n<\/tbody>\n<\/table>\n<!-- #tablepress-18 from cache -->\n","protected":false},"excerpt":{"rendered":"<p>Kontroler Gigabit Ethernet Intel 82541ER zapewnia zoptymalizowan\u0105 sie\u0107 Gigabit dla projekt\u00f3w PCI. Ten wysoce wydajny kontroler z ulepszonym zarz\u0105dzaniem energi\u0105 zu\u017cywa mniej ni\u017c 1,0 W mocy przy pr\u0119dko\u015bciach Gigabit.<\/p>\n","protected":false},"featured_media":10759,"template":"","meta":{"_acf_changed":false,"inline_featured_image":false,"_monsterinsights_skip_tracking":false,"_monsterinsights_sitenote_active":false,"_monsterinsights_sitenote_note":"","_monsterinsights_sitenote_category":0},"product_brand":[],"product_cat":[106,244],"product_tag":[],"class_list":{"0":"post-3444","1":"product","2":"type-product","3":"status-publish","4":"has-post-thumbnail","6":"product_cat-adl-embedded-solutions","7":"product_cat-akcesoria","9":"first","10":"instock","11":"shipping-taxable","12":"product-type-simple"},"acf":[],"_links":{"self":[{"href":"https:\/\/quantum.com.pl\/pl\/wp-json\/wp\/v2\/product\/3444","targetHints":{"allow":["GET"]}}],"collection":[{"href":"https:\/\/quantum.com.pl\/pl\/wp-json\/wp\/v2\/product"}],"about":[{"href":"https:\/\/quantum.com.pl\/pl\/wp-json\/wp\/v2\/types\/product"}],"wp:featuredmedia":[{"embeddable":true,"href":"https:\/\/quantum.com.pl\/pl\/wp-json\/wp\/v2\/media\/10759"}],"wp:attachment":[{"href":"https:\/\/quantum.com.pl\/pl\/wp-json\/wp\/v2\/media?parent=3444"}],"wp:term":[{"taxonomy":"product_brand","embeddable":true,"href":"https:\/\/quantum.com.pl\/pl\/wp-json\/wp\/v2\/product_brand?post=3444"},{"taxonomy":"product_cat","embeddable":true,"href":"https:\/\/quantum.com.pl\/pl\/wp-json\/wp\/v2\/product_cat?post=3444"},{"taxonomy":"product_tag","embeddable":true,"href":"https:\/\/quantum.com.pl\/pl\/wp-json\/wp\/v2\/product_tag?post=3444"}],"curies":[{"name":"wp","href":"https:\/\/api.w.org\/{rel}","templated":true}]}}