{"id":3468,"date":"2019-07-10T10:17:08","date_gmt":"2019-07-10T08:17:08","guid":{"rendered":"https:\/\/quantum.com.pl\/?post_type=product&#038;p=3468"},"modified":"2020-12-04T15:40:08","modified_gmt":"2020-12-04T14:40:08","slug":"adllan35-41000e","status":"publish","type":"product","link":"https:\/\/quantum.com.pl\/pl\/product\/adllan35-41000e\/","title":{"rendered":"ADLLAN35-41000e"},"content":{"rendered":"<h4>Cechy produktu:<\/h4>\n<ul>\n<li>4x Gigabit LAN RJ45 Ports (with status LED)<\/li>\n<li>Intel 82574L LAN Controller<\/li>\n<li>9 KB Jumbo Frame Support<\/li>\n<li>Temperature Range \u201340C to 85C<\/li>\n<li>Compatible with 2x 40 Pin PICe Expansion connector ADLGS45HDS, ADLQM67HDS, ADLQM87HD 3.5&#8243;-SBC<\/li>\n<li>Size = 73mm x 95mm<\/li>\n<li>Bus powered (no additional power input required)<\/li>\n<li>4x mounting holes for M3<\/li>\n<\/ul>\n<p>ADLLAN35-41000e jest oparty na czterech niezale\u017cnych kontrolerach LAN INTEL Typ 82574L. Ka\u017cdy kontroler LAN korzysta z w\u0142asnego \u0142\u0105cza PCIe x1. Wszystkie 4 porty mog\u0105 dzia\u0142a\u0107 z pr\u0119dko\u015bci\u0105 Gigabit. Ka\u017cda pr\u0119dko\u015b\u0107 portu LAN jest wstecznie kompatybilna z 10\/100 Mb. ADLLAN35-41000e zosta\u0142 zaprojektowany do rozszerzenia ADL 3.5 &#8222;- SBC o 4 dodatkowe porty Ethernet. PCIe Flex-Cable (4&#215;1) do wsp\u00f3\u0142pracy z ADL 3.5 &#8222;Express SBC.<\/p>\n<p>Comptibale 3,5-SBC: ADLGS45HDS, ADLQM67HDS, ADLQM87HD<\/p>\n<p>Zastosowania: Serwer mobilny\/sie\u0107 zdalna; niestabilna, powi\u0119kszona temperatura; wbudowany, monitoruj\u0105cy Ethernet; monitoring przemys\u0142owy; routing sieciowy.<\/p>\n<p>&nbsp;<\/p>\n<h4>Informacje o zamawianiu:<\/h4>\n\n<table id=\"tablepress-19\" class=\"tablepress tablepress-id-19 tbody-has-connected-cells\">\n<thead>\n<tr class=\"row-1\">\n\t<th class=\"column-1\"><strong>Item Codes\t<\/strong><\/th><th class=\"column-2\"><strong>Part#\t<\/strong><\/th><th class=\"column-3\"><strong>Description<\/strong><\/th>\n<\/tr>\n<\/thead>\n<tbody class=\"row-striping row-hover\">\n<tr class=\"row-2\">\n\t<td colspan=\"3\" class=\"column-1\"><strong style=\"display: block; text-align: center;\">Base<\/strong><\/td>\n<\/tr>\n<tr class=\"row-3\">\n\t<td class=\"column-1\">ADLLAN35-41000E<\/td><td class=\"column-2\">41015001<\/td><td class=\"column-3\">4 Port PCIE 10\/100\/1000 LAN Card for 3,5\" CPU Boards. Requires: one 43015004 PCIE-FLEXCABLE4X1<br \/>\n<\/td>\n<\/tr>\n<tr class=\"row-4\">\n\t<td colspan=\"3\" class=\"column-1\"><strong style=\"display: block; text-align: center;\">Cables &amp; Accessoires<\/strong><\/td>\n<\/tr>\n<tr class=\"row-5\">\n\t<td class=\"column-1\">PCIE-FLEXCABLE4X1<\/td><td class=\"column-2\">43015004<\/td><td class=\"column-3\">4X1 FLEX CABLE (FOR 41015001 ADLLAN4-1000 LAN CARD)<br \/>\n<\/td>\n<\/tr>\n<\/tbody>\n<\/table>\n<!-- #tablepress-19 from cache -->\n<p>&nbsp;<\/p>\n","protected":false},"excerpt":{"rendered":"<p>ADLLAN35-41000e jest oparty na czterech niezale\u017cnych kontrolerach LAN INTEL Typ 82574L. Ka\u017cdy kontroler LAN korzysta z w\u0142asnego \u0142\u0105cza PCIe x1. Wszystkie 4 porty mog\u0105 dzia\u0142a\u0107 z pr\u0119dko\u015bci\u0105 Gigabit. Ka\u017cda pr\u0119dko\u015b\u0107 portu LAN jest wstecznie kompatybilna z 10\/100 Mb. ADLLAN35-41000e zosta\u0142 zaprojektowany do rozszerzenia ADL 3.5 &#8222;- SBC o 4 dodatkowe porty Ethernet. PCIe Flex-Cable (4&#215;1) do wsp\u00f3\u0142pracy z ADL 3.5 &#8222;Express SBC.<\/p>\n","protected":false},"featured_media":10757,"template":"","meta":{"_acf_changed":false,"inline_featured_image":false,"_monsterinsights_skip_tracking":false,"_monsterinsights_sitenote_active":false,"_monsterinsights_sitenote_note":"","_monsterinsights_sitenote_category":0},"product_brand":[],"product_cat":[106,244],"product_tag":[],"class_list":{"0":"post-3468","1":"product","2":"type-product","3":"status-publish","4":"has-post-thumbnail","6":"product_cat-adl-embedded-solutions","7":"product_cat-akcesoria","9":"first","10":"instock","11":"shipping-taxable","12":"product-type-simple"},"acf":[],"_links":{"self":[{"href":"https:\/\/quantum.com.pl\/pl\/wp-json\/wp\/v2\/product\/3468","targetHints":{"allow":["GET"]}}],"collection":[{"href":"https:\/\/quantum.com.pl\/pl\/wp-json\/wp\/v2\/product"}],"about":[{"href":"https:\/\/quantum.com.pl\/pl\/wp-json\/wp\/v2\/types\/product"}],"wp:featuredmedia":[{"embeddable":true,"href":"https:\/\/quantum.com.pl\/pl\/wp-json\/wp\/v2\/media\/10757"}],"wp:attachment":[{"href":"https:\/\/quantum.com.pl\/pl\/wp-json\/wp\/v2\/media?parent=3468"}],"wp:term":[{"taxonomy":"product_brand","embeddable":true,"href":"https:\/\/quantum.com.pl\/pl\/wp-json\/wp\/v2\/product_brand?post=3468"},{"taxonomy":"product_cat","embeddable":true,"href":"https:\/\/quantum.com.pl\/pl\/wp-json\/wp\/v2\/product_cat?post=3468"},{"taxonomy":"product_tag","embeddable":true,"href":"https:\/\/quantum.com.pl\/pl\/wp-json\/wp\/v2\/product_tag?post=3468"}],"curies":[{"name":"wp","href":"https:\/\/api.w.org\/{rel}","templated":true}]}}