{"id":3471,"date":"2019-07-10T10:19:51","date_gmt":"2019-07-10T08:19:51","guid":{"rendered":"https:\/\/quantum.com.pl\/?post_type=product&#038;p=3471"},"modified":"2020-12-04T13:38:22","modified_gmt":"2020-12-04T12:38:22","slug":"cb3060","status":"publish","type":"product","link":"https:\/\/quantum.com.pl\/pl\/product\/cb3060\/","title":{"rendered":"CB3060 (ADLQM87HD)"},"content":{"rendered":"<p>ADLQM87HD cechuje si\u0119 procesorami Intel Intel CoreTM 4. generacji z najnowszym silnikiem HD Graphics 4600 z obs\u0142ug\u0105 DirectX 11.1, OpenGL 4.0 i OpenCL 1.2. Nowa mikroarchitektura Haswell, zbudowana Intel 22nm Tri-Gate o niskiej mocy, zawiera nowy zestaw instrukcji AVX2, wi\u0119cej instrukcji na cykl, g\u0142\u0119bsze stany bezczynno\u015bci, wi\u0119cej jednostek wykonawczych, wy\u017csz\u0105 przepustowo\u015b\u0107 cache oraz inteligentniejsze zarz\u0105dzanie, czego wynikiem jest znaczny wzrost wydajno\u015bci przy znacznie ni\u017cszej mocy ni\u017c w przypadku poprzedniej architektury Sandy Bridge.<\/p>\n<p>ADLQM87HD jest idealny zar\u00f3wno do zastosowa\u0144 mobilnych, jak i wbudowanych, gdzie wa\u017cna jest wysoka efektywno\u015b\u0107 procesora przy niskim zu\u017cyciu baterii lub energii. Zapewnia on bezkonkurencyjn\u0105 wydajno\u015b\u0107 w zastosowaniach takich, jak: przetwarzanie radarowe i sonarowe, przetwarzanie sygna\u0142\u00f3w graficznych, taktyczne komenda i kontrola, nadz\u00f3r i rozpoznanie, analiza laboratoryjna obraz\u00f3w medycznych oraz automatyzacja przemys\u0142owa.<\/p>\n<p>Opr\u00f3cz szerokiego zakresu zastosowa\u0144, w kt\u00f3rych ADLQM87HD mo\u017ce pracowa\u0107, obs\u0142uguje on r\u00f3wnie\u017c szeroki zestaw funkcji. ADLQM87HD po raz pierwszy wprowadza TPM 1.2 oraz USB 3.0 do linii produkt\u00f3w ADL 3,5 \u201eSBC. Wbudowane z\u0142\u0105cza obs\u0142uguj\u0105 zar\u00f3wno DVI\/VGA, jak i HDMI\/DP przez IPEX. ADLQM87HD posiada r\u00f3wnie\u017c 3x port RS232 COM, 4x SATA 6Gb\/s z obs\u0142ug\u0105 RAID 0, 1, 5 i 10. Zawiera r\u00f3wnie\u017c 8x USB 2.0, 3x USB 3.0, dwa startowe porty Gigabit Ethernet LAN, HDA 7.1 oraz z\u0142\u0105cze rozszerze\u0144 2\u00d740-pin PCIe z czterema pasami PCIe x1 lub jednym pasem PCIe x4, aby rozszerzy\u0107 funkcjonalno\u015b\u0107 Breakout Board lub Mezzanine Board. ADL Embedded Solutions oferuje wysoce efektywne, aktywne i pasywne rozwi\u0105zania termiczne dla tego produktu.<\/p>\n<h4>Cechy produktu:<\/h4>\n<ul>\n<li>CPU: Intel\u00ae Core&#x2122; Celeron\/I5\/I7 Processor (Haswell)<\/li>\n<li>CPU Choice: Celeron 2000E, i5-4400E, i7-4700EQ<\/li>\n<li>Chipset: Intel\u00ae QM87 Lynx Point-M<\/li>\n<li>RAM: Up to 16GB DDR3L 1600MHz<\/li>\n<\/ul>\n<h4>Informacje o zamawianiu:<\/h4>\n<p>&nbsp;<\/p>\n\n<table id=\"tablepress-20\" class=\"tablepress tablepress-id-20 tbody-has-connected-cells\">\n<thead>\n<tr class=\"row-1\">\n\t<th class=\"column-1\">ITEM CODES<\/th><th class=\"column-2\">PART#<\/th><th class=\"column-3\">DESCRIPTION<\/th>\n<\/tr>\n<\/thead>\n<tbody class=\"row-striping row-hover\">\n<tr class=\"row-2\">\n\t<td colspan=\"3\" class=\"column-1\"><strong style=\"display: block; text-align: center;\">CPU-Boards<\/strong><\/td>\n<\/tr>\n<tr class=\"row-3\">\n\t<td class=\"column-1\">ADLQM87HD-i7-4700QE<\/td><td class=\"column-2\">41515005<\/td><td class=\"column-3\">4th Generation Intel Core i7 2.4GHz 4C, 6M, 47W 4x COM<\/td>\n<\/tr>\n<tr class=\"row-4\">\n\t<td class=\"column-1\">ADLQM87HD-i5-4400E<\/td><td class=\"column-2\">41515004<\/td><td class=\"column-3\">4th Generation Intel Core i5 2.7GHz 2C, 3M, 37W 4x COM<\/td>\n<\/tr>\n<tr class=\"row-5\">\n\t<td class=\"column-1\">ADLQM87HD-2000E<\/td><td class=\"column-2\">41515002<\/td><td class=\"column-3\">4th Generation Intel Celeron 2.2GHz 2C, 2M, 37W 4x COM<\/td>\n<\/tr>\n<tr class=\"row-6\">\n\t<td colspan=\"3\" class=\"column-1\"><strong style=\"display: block; text-align: center;\">Memories<\/strong><\/td>\n<\/tr>\n<tr class=\"row-7\">\n\t<td class=\"column-1\">DDR3L-DRAM4096-(V)<\/td><td class=\"column-2\">997600<\/td><td class=\"column-3\">4GB DDR3L DRAM 1600MHZ (V)<\/td>\n<\/tr>\n<tr class=\"row-8\">\n\t<td class=\"column-1\">DDR3L-DRAM8192-(V)<\/td><td class=\"column-2\">997601<\/td><td class=\"column-3\">8GB DDR3L DRAM 1600MHZ (V)<\/td>\n<\/tr>\n<tr class=\"row-9\">\n\t<td class=\"column-1\">DDR3L-DRAM4096-EX-(V)<\/td><td class=\"column-2\">997602<\/td><td class=\"column-3\">4GB DDR3L DRAM-EX 1600MHZ (V) -40\u00b0C TO +85\u00b0C<\/td>\n<\/tr>\n<tr class=\"row-10\">\n\t<td class=\"column-1\">DDR3L-DRAM8192-EX-(V)<\/td><td class=\"column-2\">997604<\/td><td class=\"column-3\">8GB DDR3L DRAM-EX 1600MHZ (V) -40\u00b0C TO +85\u00b0C<\/td>\n<\/tr>\n<tr class=\"row-11\">\n\t<td colspan=\"3\" class=\"column-1\"><strong style=\"display: block; text-align: center;\">Thermal solutions<\/strong><\/td>\n<\/tr>\n<tr class=\"row-12\">\n\t<td class=\"column-1\">ADLQM87HD-SPREADER<\/td><td class=\"column-2\">294863M<\/td><td class=\"column-3\">heat spreader for chassis mount ADLQM87HD<\/td>\n<\/tr>\n<tr class=\"row-13\">\n\t<td class=\"column-1\">ADL35-BBHS<\/td><td class=\"column-2\">294152<\/td><td class=\"column-3\">large heat sink for ADLXXXHD CPU's<\/td>\n<\/tr>\n<tr class=\"row-14\">\n\t<td class=\"column-1\">ADL35-LFAN<\/td><td class=\"column-2\">294154<\/td><td class=\"column-3\">large fan for ADL35-BBHS<\/td>\n<\/tr>\n<tr class=\"row-15\">\n\t<td class=\"column-1\">ADL35-SOSET<\/td><td class=\"column-2\">294156<\/td><td class=\"column-3\">stand off set for ADL35-BBHS &amp; LFAN<\/td>\n<\/tr>\n<tr class=\"row-16\">\n\t<td class=\"column-1\">CS-100<\/td><td class=\"column-2\">290010<\/td><td class=\"column-3\">10\"x10\" thermal chassis simulator for development<\/td>\n<\/tr>\n<tr class=\"row-17\">\n\t<td colspan=\"3\" class=\"column-1\"><strong style=\"display: block; text-align: center;\">Cables&amp;Accessoires<\/strong><\/td>\n<\/tr>\n<tr class=\"row-18\">\n\t<td class=\"column-1\">ADLCOM-ISOL1<\/td><td class=\"column-2\">299941<\/td><td class=\"column-3\">Galvanically Isolated RS232 COM<\/td>\n<\/tr>\n<tr class=\"row-19\">\n\t<td class=\"column-1\">ADLCOM-ISOL2<\/td><td class=\"column-2\">299942<\/td><td class=\"column-3\">Galvanically Isolated RS485 COM<\/td>\n<\/tr>\n<tr class=\"row-20\">\n\t<td colspan=\"3\" class=\"column-1\"><strong style=\"display: block; text-align: center;\">Options<\/strong><\/td>\n<\/tr>\n<tr class=\"row-21\">\n\t<td class=\"column-1\">ADL-ET<\/td><td class=\"column-2\">290000<\/td><td class=\"column-3\">Extended Temperature Screening (\u201340C to +85C)<\/td>\n<\/tr>\n<tr class=\"row-22\">\n\t<td class=\"column-1\">UNDERFILL<\/td><td class=\"column-2\">807707<\/td><td class=\"column-3\">BGA underfill req\u2019d for <1nm BGA solderballs w\/ Ext Temp<\/td>\n<\/tr>\n<tr class=\"row-23\">\n\t<td class=\"column-1\">COATING<\/td><td class=\"column-2\">807706<\/td><td class=\"column-3\">Conformal Coating<\/td>\n<\/tr>\n<tr class=\"row-24\">\n\t<td class=\"column-1\">UNDERFILL\/BONDING\/COATING<\/td><td class=\"column-2\">807709<\/td><td class=\"column-3\">Underfilling, Bonding, and Conformal Coating<\/td>\n<\/tr>\n<\/tbody>\n<\/table>\n<!-- #tablepress-20 from cache -->\n","protected":false},"excerpt":{"rendered":"<p>ADLQM87HD cechuje si\u0119 procesorami Intel Intel CoreTM 4. generacji z najnowszym silnikiem HD Graphics 4600 z obs\u0142ug\u0105 DirectX 11.1, OpenGL 4.0 i OpenCL 1.2. Nowa mikroarchitektura Haswell, zbudowana Intel 22nm Tri-Gate o niskiej mocy, zawiera nowy zestaw instrukcji AVX2, wi\u0119cej instrukcji na cykl, g\u0142\u0119bsze stany bezczynno\u015bci, wi\u0119cej jednostek wykonawczych, wy\u017csz\u0105 przepustowo\u015b\u0107 cache oraz inteligentniejsze zarz\u0105dzanie, czego wynikiem jest znaczny wzrost wydajno\u015bci przy znacznie ni\u017cszej mocy ni\u017c w przypadku poprzedniej architektury Sandy Bridge.<\/p>\n","protected":false},"featured_media":10725,"template":"","meta":{"_acf_changed":false,"inline_featured_image":false,"_monsterinsights_skip_tracking":false,"_monsterinsights_sitenote_active":false,"_monsterinsights_sitenote_note":"","_monsterinsights_sitenote_category":0},"product_brand":[],"product_cat":[106,108,1584],"product_tag":[],"class_list":{"0":"post-3471","1":"product","2":"type-product","3":"status-publish","4":"has-post-thumbnail","6":"product_cat-adl-embedded-solutions","7":"product_cat-komputery-jednoplytkowe","8":"product_cat-komputery-jednoplytkowe-sbc-2","10":"first","11":"instock","12":"shipping-taxable","13":"product-type-simple"},"acf":[],"_links":{"self":[{"href":"https:\/\/quantum.com.pl\/pl\/wp-json\/wp\/v2\/product\/3471","targetHints":{"allow":["GET"]}}],"collection":[{"href":"https:\/\/quantum.com.pl\/pl\/wp-json\/wp\/v2\/product"}],"about":[{"href":"https:\/\/quantum.com.pl\/pl\/wp-json\/wp\/v2\/types\/product"}],"wp:featuredmedia":[{"embeddable":true,"href":"https:\/\/quantum.com.pl\/pl\/wp-json\/wp\/v2\/media\/10725"}],"wp:attachment":[{"href":"https:\/\/quantum.com.pl\/pl\/wp-json\/wp\/v2\/media?parent=3471"}],"wp:term":[{"taxonomy":"product_brand","embeddable":true,"href":"https:\/\/quantum.com.pl\/pl\/wp-json\/wp\/v2\/product_brand?post=3471"},{"taxonomy":"product_cat","embeddable":true,"href":"https:\/\/quantum.com.pl\/pl\/wp-json\/wp\/v2\/product_cat?post=3471"},{"taxonomy":"product_tag","embeddable":true,"href":"https:\/\/quantum.com.pl\/pl\/wp-json\/wp\/v2\/product_tag?post=3471"}],"curies":[{"name":"wp","href":"https:\/\/api.w.org\/{rel}","templated":true}]}}