{"id":3489,"date":"2019-07-10T10:45:13","date_gmt":"2019-07-10T08:45:13","guid":{"rendered":"https:\/\/quantum.com.pl\/?post_type=product&#038;p=3489"},"modified":"2020-12-04T13:49:07","modified_gmt":"2020-12-04T12:49:07","slug":"cb3273","status":"publish","type":"product","link":"https:\/\/quantum.com.pl\/pl\/product\/cb3273\/","title":{"rendered":"CB3273 (ADLE3900HDC)"},"content":{"rendered":"<p>ADLE3900HDC nale\u017cy do zoptymalizowanych p\u0142yt ADL HDC 2. generacji. Jest on oparty na procesorach Intel SoC Atom serii E3900. Silnik graficzny HD 9. generacji firmy Intel obs\u0142uguje znacznie lepsz\u0105 moc przetwarzania i efektywno\u015b\u0107 energetyczn\u0105, co zapewnia osza\u0142amiaj\u0105c\u0105 wydajno\u015b\u0107 graficzn\u0105. Jeszcze lepsze funkcje zarz\u0105dzania energi\u0105 oznaczaj\u0105, \u017ce moc w trybie czuwania jest mierzona w miliwatach, umo\u017cliwiaj\u0105c tygodnie czasu czuwania. ADLE3900HDC to ma\u0142y I\/O i niska cena ADLE3900HD z ekspansj\u0105 pami\u0119ci masowej M.2 (typ B) 2242 SATA i M.2 (typ B) 2280 PCIeX1.<\/p>\n<p>Pot\u0119\u017cny nowy silnik Intel HD Graphics-500\/505 jest zdolny do jednoczesnego dekodowania strumieni wideo 3x 4K lub kodowania 15x 1080p30. Wyj\u015bcia graficzne obejmuj\u0105: VGA\/CRT = 2560\u00d71600@60Hz (przez z\u0142\u0105cze DVI), DVI\/HDMI\/DP (przez z\u0142\u0105cze I-PEX), DVI = 1920\u00d71080@60Hz, HDMI = 3840&#215;2160@60Hz, DP = 4096&#215;2160@60Hz. Z obs\u0142ug\u0105 DirectX 12, Open GL 4.4, OpenCL 2.0 i akceleracj\u0105 sprz\u0119towej dla H. 265\/HEVC, VC-1, WMV9 i VP9, Intel Apollo Lake SoC Atom Processor oferuje wysok\u0105 jako\u015b\u0107 graficzn\u0105 i du\u017ce korzy\u015bci w stosunku do swojego poprzednika, Intel Bay Trail.<\/p>\n<p>ADLE3900HDC toleruje temperatur\u0119 (Tj) w zakresie od-40C do +85C, zatem jest idealny do zastosowa\u0144 w trudnych \u015brodowiskach wysokotemperaturowych.<\/p>\n<ul>\n<li>Cechy produktu:<\/li>\n<li>CPU: Intel\u00ae Atom&#x2122; E3900 Processor (Apollo Lake)<\/li>\n<li>CPU Choice: Quad Core (x7-E3950), Dual Core (x5-E3930)<\/li>\n<li>Chipset: Intel\u00ae SoC<\/li>\n<li>RAM: Up to 8GB LPDDR4 soldered<\/li>\n<\/ul>\n<h4><\/h4>\n<h4>Informacje o zamawianiu:<\/h4>\n<p>&nbsp;<\/p>\n\n<table id=\"tablepress-21\" class=\"tablepress tablepress-id-21 tbody-has-connected-cells\">\n<thead>\n<tr class=\"row-1\">\n\t<th class=\"column-1\">ITEM CODES<\/th><th class=\"column-2\">PART#<\/th><th class=\"column-3\">DESCRIPTION<\/th>\n<\/tr>\n<\/thead>\n<tbody class=\"row-striping row-hover\">\n<tr class=\"row-2\">\n\t<td colspan=\"3\" class=\"column-1\"><strong style=\"display: block; text-align: center;\">CPU-Boards<\/strong><\/td>\n<\/tr>\n<tr class=\"row-3\">\n\t<td class=\"column-1\">ADLE3900HDC-E3930<\/td><td class=\"column-2\">tbd.<\/td><td class=\"column-3\">Intel x5-E3930 Atom Processor; Dual Core, 2x 1.3 GHz, 2MB Cache, 6,5W TDP, 4GB RAM soldered<\/td>\n<\/tr>\n<tr class=\"row-4\">\n\t<td class=\"column-1\">ADLE3900HDC-E3950<\/td><td class=\"column-2\">tbd.<\/td><td class=\"column-3\">Intel x7-E3950 Atom Processor; Quad Core, 4x 1.6GHz, 2MB Cache, 12W TDP, 8GB RAM soldered<\/td>\n<\/tr>\n<tr class=\"row-5\">\n\t<td colspan=\"3\" class=\"column-1\"><strong style=\"display: block; text-align: center;\">Thermal solutions<\/strong><\/td>\n<\/tr>\n<tr class=\"row-6\">\n\t<td class=\"column-1\">ADLE3900HDC-SPREADER<\/td><td class=\"column-2\">tbd.<\/td><td class=\"column-3\">heat spreader for chassis mount ADLE3900HDC<\/td>\n<\/tr>\n<tr class=\"row-7\">\n\t<td class=\"column-1\">ADL35-BBHS<\/td><td class=\"column-2\">294152<\/td><td class=\"column-3\">large heat sink for ADLXXXHD CPU's<\/td>\n<\/tr>\n<tr class=\"row-8\">\n\t<td class=\"column-1\">ADL35-LFAN<\/td><td class=\"column-2\">294154<\/td><td class=\"column-3\">large fan for ADL35-BBHS<\/td>\n<\/tr>\n<tr class=\"row-9\">\n\t<td class=\"column-1\">ADL35-SOSET<\/td><td class=\"column-2\">294156<\/td><td class=\"column-3\">stand off set for ADL35-BBHS &amp; LFAN<\/td>\n<\/tr>\n<tr class=\"row-10\">\n\t<td class=\"column-1\">CS-100<\/td><td class=\"column-2\">290010<\/td><td class=\"column-3\">10\"x10\" thermal chassis simulator for development<\/td>\n<\/tr>\n<tr class=\"row-11\">\n\t<td colspan=\"3\" class=\"column-1\"><strong style=\"display: block; text-align: center;\">Options<\/strong><\/td>\n<\/tr>\n<tr class=\"row-12\">\n\t<td class=\"column-1\">ADL-ET<\/td><td class=\"column-2\">290000<\/td><td class=\"column-3\">Extended Temperature Screening (\u201340C to +85C)<\/td>\n<\/tr>\n<tr class=\"row-13\">\n\t<td class=\"column-1\">UNDERFILL<\/td><td class=\"column-2\">807707<\/td><td class=\"column-3\">BGA underfill req\u2019d for <1nm BGA solderballs w\/ Ext Temp<\/td>\n<\/tr>\n<tr class=\"row-14\">\n\t<td class=\"column-1\">COATING<\/td><td class=\"column-2\">807706<\/td><td class=\"column-3\">Conformal Coating<\/td>\n<\/tr>\n<tr class=\"row-15\">\n\t<td class=\"column-1\">UNDERFILL\/BONDING\/COATING<\/td><td class=\"column-2\">807709<\/td><td class=\"column-3\">Underfilling, Bonding, and Conformal Coating<\/td>\n<\/tr>\n<\/tbody>\n<\/table>\n<!-- #tablepress-21 from cache -->\n","protected":false},"excerpt":{"rendered":"<p>ADLE3900HDC jest 2. generacj\u0105 zoptymalizowanych p\u0142yt ADL HDC. Jest on oparty na procesorach Intel SoC Atom serii E3900. Silnik graficzny HD 9. generacji firmy Intel obs\u0142uguje znacznie lepsz\u0105 moc przetwarzania i efektywno\u015b\u0107 energetyczn\u0105, co zapewnia osza\u0142amiaj\u0105c\u0105 wydajno\u015b\u0107 graficzn\u0105. Jeszcze lepsze funkcje zarz\u0105dzania energi\u0105 oznaczaj\u0105, \u017ce moc w trybie czuwania jest mierzona w miliwatach, umo\u017cliwiaj\u0105c tygodnie czasu czuwania. ADLE3900HDC to ma\u0142y I\/O i niska cena ADLE3900HD z ekspansj\u0105 pami\u0119ci masowej M.2 (typ B) 2242 SATA i M.2 (typ B) 2280 PCIeX1.<\/p>\n","protected":false},"featured_media":10723,"template":"","meta":{"_acf_changed":false,"inline_featured_image":false,"_monsterinsights_skip_tracking":false,"_monsterinsights_sitenote_active":false,"_monsterinsights_sitenote_note":"","_monsterinsights_sitenote_category":0},"product_brand":[],"product_cat":[106,1584,108],"product_tag":[],"class_list":{"0":"post-3489","1":"product","2":"type-product","3":"status-publish","4":"has-post-thumbnail","6":"product_cat-adl-embedded-solutions","7":"product_cat-komputery-jednoplytkowe-sbc-2","8":"product_cat-komputery-jednoplytkowe","10":"first","11":"instock","12":"shipping-taxable","13":"product-type-simple"},"acf":[],"_links":{"self":[{"href":"https:\/\/quantum.com.pl\/pl\/wp-json\/wp\/v2\/product\/3489","targetHints":{"allow":["GET"]}}],"collection":[{"href":"https:\/\/quantum.com.pl\/pl\/wp-json\/wp\/v2\/product"}],"about":[{"href":"https:\/\/quantum.com.pl\/pl\/wp-json\/wp\/v2\/types\/product"}],"wp:featuredmedia":[{"embeddable":true,"href":"https:\/\/quantum.com.pl\/pl\/wp-json\/wp\/v2\/media\/10723"}],"wp:attachment":[{"href":"https:\/\/quantum.com.pl\/pl\/wp-json\/wp\/v2\/media?parent=3489"}],"wp:term":[{"taxonomy":"product_brand","embeddable":true,"href":"https:\/\/quantum.com.pl\/pl\/wp-json\/wp\/v2\/product_brand?post=3489"},{"taxonomy":"product_cat","embeddable":true,"href":"https:\/\/quantum.com.pl\/pl\/wp-json\/wp\/v2\/product_cat?post=3489"},{"taxonomy":"product_tag","embeddable":true,"href":"https:\/\/quantum.com.pl\/pl\/wp-json\/wp\/v2\/product_tag?post=3489"}],"curies":[{"name":"wp","href":"https:\/\/api.w.org\/{rel}","templated":true}]}}