{"id":3499,"date":"2019-07-10T11:27:52","date_gmt":"2019-07-10T09:27:52","guid":{"rendered":"https:\/\/quantum.com.pl\/?post_type=product&#038;p=3499"},"modified":"2020-12-04T13:40:52","modified_gmt":"2020-12-04T12:40:52","slug":"cb3063","status":"publish","type":"product","link":"https:\/\/quantum.com.pl\/pl\/product\/cb3063\/","title":{"rendered":"CB3063 (ADLE3800HD)"},"content":{"rendered":"<p>ADLE3800HD bazuje na rodzinie produkt\u00f3w Intel SoC E3800 Atom, kt\u00f3ra jest zbudowana przy u\u017cyciu Intel 22nm 3D Tri-Gate. Oferuje on znacznie lepsz\u0105 wydajno\u015b\u0107 obliczeniow\u0105 i efektywno\u015b\u0107 energetyczn\u0105 oraz silnik graficzny Intel 7. generacji, kt\u00f3ry zapewnia osza\u0142amiaj\u0105c\u0105 wydajno\u015b\u0107 graficzn\u0105. Ulepszone mo\u017cliwo\u015bci zarz\u0105dzania energi\u0105 powoduj\u0105, \u017ce moc w trybie czuwania jest mierzona w miliwatach, co daje kilkudniowy czas czuwania.<\/p>\n<p>Silnik graficzny ADLE3800HD jest zdolny do dekodowania 10 lub wi\u0119cej strumieni wideo 1080p oraz ma zintegrowane przyspieszenie sprz\u0119towe dla dekodowania wideo H. 264, MVC, VPG8, VC1\/WMV9 i innych standard\u00f3w. Obs\u0142uguje r\u00f3wnie\u017c DirectX 11, Open GL 4.0, odtwarzanie wideo Full HD i maksymaln\u0105 rozdzielczo\u015b\u0107 2560 x 1600 @ 60Hz i Dual Display.<\/p>\n<p>ADLE3800HD jest idealny dla system\u00f3w wbudowanych charakteryzuj\u0105cych si\u0119 temperatur\u0105 po\u0142\u0105czenia termicznego w zakresie -40C \u2013 85C. Doskonale nadaje si\u0119 do zastosowa\u0144 w ekstremalnych \u015brodowiskach, takich jak kontrola przemys\u0142owa i automatyka oraz komunikacja w pojazdach i systemy informacyjne dla komercyjnych system\u00f3w transportowych. Doskona\u0142a grafika sprawia, \u017ce idealnie nadaje si\u0119 r\u00f3wnie\u017c do komputer\u00f3w mobilnych, bezpiecznej dostawy tre\u015bci do system\u00f3w digital signage, przeno\u015bnych urz\u0105dze\u0144 medycznych, interaktywnych kiosk\u00f3w, automat\u00f3w, ATM oraz terminali w punktach sprzeda\u017cy. Opcjonalnie ADLE3800HD mo\u017ce by\u0107 wyposa\u017cony we wtyczk\u0119 SUP, kt\u00f3ra mo\u017ce utrzymywa\u0107 p\u0142yt\u0119 przy \u017cyciu przez kilka sekund w przypadku awarii zasilania lub wahania napi\u0119cia.<\/p>\n<h4>Cechy produktu:<\/h4>\n<ul>\n<li>CPU: Intel\u00ae Atom&#x2122; E3800 Processor (Bay Trail)<\/li>\n<li>CPU Choice: Dual Core E3827, Quad Core E3845<\/li>\n<li>Chipset: Intel\u00ae SoC<\/li>\n<li>RAM: Up to 8GB DDR3L 1333MHz<\/li>\n<\/ul>\n<p>&nbsp;<\/p>\n<h4>Informacje o zamawianiu:<\/h4>\n<p>&nbsp;<\/p>\n\n<table id=\"tablepress-23\" class=\"tablepress tablepress-id-23 tbody-has-connected-cells\">\n<thead>\n<tr class=\"row-1\">\n\t<th class=\"column-1\">ITEM CODES<\/th><th class=\"column-2\">PART#<\/th><th class=\"column-3\">DESCRIPTION<\/th>\n<\/tr>\n<\/thead>\n<tbody class=\"row-striping row-hover\">\n<tr class=\"row-2\">\n\t<td colspan=\"3\" class=\"column-1\"><strong style=\"display: block; text-align: center;\">CPU-Boards<\/strong><\/td>\n<\/tr>\n<tr class=\"row-3\">\n\t<td class=\"column-1\">ADLE3800HD-E3827<\/td><td class=\"column-2\">294802<\/td><td class=\"column-3\">4th Gen Intel ATOM DualCore CPU (2x 1.75GHz)<\/td>\n<\/tr>\n<tr class=\"row-4\">\n\t<td class=\"column-1\">ADLE3800HD-E3845<\/td><td class=\"column-2\">294800<\/td><td class=\"column-3\">4th Gen Intel ATOM QuadCore CPU (4x 1.91GHz)<\/td>\n<\/tr>\n<tr class=\"row-5\">\n\t<td colspan=\"3\" class=\"column-1\"><strong style=\"display: block; text-align: center;\">Memories<\/strong><\/td>\n<\/tr>\n<tr class=\"row-6\">\n\t<td class=\"column-1\">DDR3L-DRAM4096-(V)<\/td><td class=\"column-2\">997600<\/td><td class=\"column-3\">4GB DDR3L DRAM 1600MHZ (V)<\/td>\n<\/tr>\n<tr class=\"row-7\">\n\t<td class=\"column-1\">DDR3L-DRAM8192-(V)<\/td><td class=\"column-2\">997601<\/td><td class=\"column-3\">8GB DDR3L DRAM 1600MHZ (V)<\/td>\n<\/tr>\n<tr class=\"row-8\">\n\t<td class=\"column-1\">DDR3L-DRAM4096-EX-(V)<\/td><td class=\"column-2\">997602<\/td><td class=\"column-3\">4GB DDR3L DRAM-EX 1600MHZ (V) -40\u00b0C TO +85\u00b0C<\/td>\n<\/tr>\n<tr class=\"row-9\">\n\t<td class=\"column-1\">DDR3L-DRAM8192-EX-(V)<\/td><td class=\"column-2\">997604<\/td><td class=\"column-3\">8GB DDR3L DRAM-EX 1600MHZ (V) -40\u00b0C TO +85\u00b0C<\/td>\n<\/tr>\n<tr class=\"row-10\">\n\t<td colspan=\"3\" class=\"column-1\"><strong style=\"display: block; text-align: center;\">Thermal solutions<\/strong><\/td>\n<\/tr>\n<tr class=\"row-11\">\n\t<td class=\"column-1\">ADLE3800HD-SPREADER<\/td><td class=\"column-2\">294864M<\/td><td class=\"column-3\">heat spreader for chassis mount ADLE3800HD<\/td>\n<\/tr>\n<tr class=\"row-12\">\n\t<td class=\"column-1\">ADL35-BBHS<\/td><td class=\"column-2\">294152<\/td><td class=\"column-3\">large heat sink for ADLXXXHD CPU's<\/td>\n<\/tr>\n<tr class=\"row-13\">\n\t<td class=\"column-1\">ADL35-LFAN<\/td><td class=\"column-2\">294154<\/td><td class=\"column-3\">large fan for ADL35-BBHS<\/td>\n<\/tr>\n<tr class=\"row-14\">\n\t<td class=\"column-1\">ADL35-SOSET<\/td><td class=\"column-2\">294156<\/td><td class=\"column-3\">stand off set for ADL35-BBHS &amp; LFAN<\/td>\n<\/tr>\n<tr class=\"row-15\">\n\t<td class=\"column-1\">CS-100<\/td><td class=\"column-2\">290010<\/td><td class=\"column-3\">10\"x10\" thermal chassis simulator for development<\/td>\n<\/tr>\n<tr class=\"row-16\">\n\t<td colspan=\"3\" class=\"column-1\"><strong style=\"display: block; text-align: center;\">Options<\/strong><\/td>\n<\/tr>\n<tr class=\"row-17\">\n\t<td class=\"column-1\">ADL-ET<\/td><td class=\"column-2\">290000<\/td><td class=\"column-3\">Extended Temperature Screening (\u201340C to +85C)<\/td>\n<\/tr>\n<tr class=\"row-18\">\n\t<td class=\"column-1\">UNDERFILL<\/td><td class=\"column-2\">807707<\/td><td class=\"column-3\">BGA underfill req\u2019d for <1nm BGA solderballs w\/ Ext Temp<\/td>\n<\/tr>\n<tr class=\"row-19\">\n\t<td class=\"column-1\">COATING<\/td><td class=\"column-2\">807706<\/td><td class=\"column-3\">Conformal Coating<\/td>\n<\/tr>\n<tr class=\"row-20\">\n\t<td class=\"column-1\">UNDERFILL\/BONDING\/COATING<\/td><td class=\"column-2\">807709<\/td><td class=\"column-3\">Underfilling, Bonding, and Conformal Coating<\/td>\n<\/tr>\n<\/tbody>\n<\/table>\n<!-- #tablepress-23 from cache -->\n","protected":false},"excerpt":{"rendered":"<p>ADLE3800HD bazuje na rodzinie produkt\u00f3w Intel SoC E3800 Atom, kt\u00f3ra jest zbudowana przy u\u017cyciu Intel 22nm 3D Tri-Gate. Oferuje on znacznie lepsz\u0105 wydajno\u015b\u0107 obliczeniow\u0105 i efektywno\u015b\u0107 energetyczn\u0105 oraz silnik graficzny Intel 7. generacji, kt\u00f3ry zapewnia osza\u0142amiaj\u0105c\u0105 wydajno\u015b\u0107 graficzn\u0105. Ulepszone mo\u017cliwo\u015bci zarz\u0105dzania energi\u0105 powoduj\u0105, \u017ce moc w trybie czuwania jest mierzona w miliwatach, co daje kilkudniowy czas czuwania.<\/p>\n","protected":false},"featured_media":10721,"template":"","meta":{"_acf_changed":false,"inline_featured_image":false,"_monsterinsights_skip_tracking":false,"_monsterinsights_sitenote_active":false,"_monsterinsights_sitenote_note":"","_monsterinsights_sitenote_category":0},"product_brand":[],"product_cat":[106,108,1584],"product_tag":[],"class_list":{"0":"post-3499","1":"product","2":"type-product","3":"status-publish","4":"has-post-thumbnail","6":"product_cat-adl-embedded-solutions","7":"product_cat-komputery-jednoplytkowe","8":"product_cat-komputery-jednoplytkowe-sbc-2","10":"first","11":"instock","12":"shipping-taxable","13":"product-type-simple"},"acf":[],"_links":{"self":[{"href":"https:\/\/quantum.com.pl\/pl\/wp-json\/wp\/v2\/product\/3499","targetHints":{"allow":["GET"]}}],"collection":[{"href":"https:\/\/quantum.com.pl\/pl\/wp-json\/wp\/v2\/product"}],"about":[{"href":"https:\/\/quantum.com.pl\/pl\/wp-json\/wp\/v2\/types\/product"}],"wp:featuredmedia":[{"embeddable":true,"href":"https:\/\/quantum.com.pl\/pl\/wp-json\/wp\/v2\/media\/10721"}],"wp:attachment":[{"href":"https:\/\/quantum.com.pl\/pl\/wp-json\/wp\/v2\/media?parent=3499"}],"wp:term":[{"taxonomy":"product_brand","embeddable":true,"href":"https:\/\/quantum.com.pl\/pl\/wp-json\/wp\/v2\/product_brand?post=3499"},{"taxonomy":"product_cat","embeddable":true,"href":"https:\/\/quantum.com.pl\/pl\/wp-json\/wp\/v2\/product_cat?post=3499"},{"taxonomy":"product_tag","embeddable":true,"href":"https:\/\/quantum.com.pl\/pl\/wp-json\/wp\/v2\/product_tag?post=3499"}],"curies":[{"name":"wp","href":"https:\/\/api.w.org\/{rel}","templated":true}]}}