{"id":3501,"date":"2019-07-10T11:19:01","date_gmt":"2019-07-10T09:19:01","guid":{"rendered":"https:\/\/quantum.com.pl\/?post_type=product&#038;p=3501"},"modified":"2020-12-04T15:16:39","modified_gmt":"2020-12-04T14:16:39","slug":"adlcom-isol1","status":"publish","type":"product","link":"https:\/\/quantum.com.pl\/pl\/product\/adlcom-isol1\/","title":{"rendered":"ADLCOM-ISOL1"},"content":{"rendered":"<h4>Cechy produktu:<\/h4>\n<ul>\n<li>In-line RS232 to Isolated RS232 or RS232 to Isolated RS485 Transceiver<\/li>\n<li>1kV DC Isolation for 1 second; 500V AC\/ 60Hz Isolation for 1 minute<\/li>\n<li>Supports Data Rates up to 250Kbps in Isolated RS232 and Isolated RS485<\/li>\n<li>Board Dimensions: 40mm x 26mm (1.6\u201d x 1.0\u201d)<\/li>\n<li>Can be Ruggedized for Harsh Environments<\/li>\n<\/ul>\n<p>Izolowany nadajnik-odbiornik liniowy ADLCOM-ISOL, dost\u0119pny w dw\u00f3ch modelach, dla RS232 i RS485 zapewnia spok\u00f3j podczas korzystania z systemu komputerowego w ha\u0142a\u015bliwych lub niestabilnych warunkach. Dzi\u0119ki izolacji 500 V AC\/60 Hz na 1 minut\u0119 i izolacji 1 kV DC na 1 sekund\u0119, mo\u017cesz mie\u0107 pewno\u015b\u0107, \u017ce ADLCOM-ISOL ma zdolno\u015b\u0107 do przechwytywania wielu stan\u00f3w przej\u015bciowych ze \u015brodowiska zewn\u0119trznego, kt\u00f3re mog\u0105 spowodowa\u0107 katastrofalne uszkodzenie wbudowanej inwestycji komputerowej. ADLCOM-ISOL zapewnia r\u00f3wnie\u017c prost\u0105 i skuteczn\u0105 izolacj\u0119 standardowych port\u00f3w szeregowych bez konieczno\u015bci dodawania kolejnej karty do systemu wbudowanego.<\/p>\n<p>ADLCOM-ISOL jest idealny do zastosowania w przemy\u015ble samochodowym, kolejowym, automatyzacji i innych, w kt\u00f3rych ochrona przed przej\u015bciowymi napi\u0119ciami jest konieczno\u015bci\u0105 przy pod\u0142\u0105czaniu do \u015brodowiska zewn\u0119trznego. ADLCOM-ISOL mo\u017ce by\u0107 tak\u017ce odporny na trudne warunki. Dwa wygodne otwory monta\u017cowe u\u0142atwiaj\u0105 instalacj\u0119. Zaledwie 40 mm x 26 mm (1,6 \u201dx 1,0\u201d), ADLCOMISOL mo\u017ce by\u0107 zamontowany w ciasnych miejscach w wi\u0119kszo\u015bci obud\u00f3w lub \u015brodowisk.<\/p>\n<p>&nbsp;<\/p>\n<h4>Informacje o zamawianiu:<\/h4>\n\n<table id=\"tablepress-22\" class=\"tablepress tablepress-id-22 tbody-has-connected-cells\">\n<thead>\n<tr class=\"row-1\">\n\t<th class=\"column-1\"><strong>Item Codes\t<\/strong><\/th><th class=\"column-2\"><strong>Part#\t<\/strong><\/th><th class=\"column-3\"><strong>Description<\/strong><br \/>\n<\/th>\n<\/tr>\n<\/thead>\n<tbody class=\"row-striping row-hover\">\n<tr class=\"row-2\">\n\t<td colspan=\"3\" class=\"column-1\"><strong style=\"display: block; text-align: center;\">Base<\/strong><\/td>\n<\/tr>\n<tr class=\"row-3\">\n\t<td class=\"column-1\">ADLCOM-ISOL1<\/td><td class=\"column-2\">299941<\/td><td class=\"column-3\">RS232 Isolation Transceiver<br \/>\n<\/td>\n<\/tr>\n<tr class=\"row-4\">\n\t<td class=\"column-1\">ADLCOM-ISOL2<\/td><td class=\"column-2\">299942<\/td><td class=\"column-3\">RS232 to RS485 Isolation Transceiver<br \/>\n<\/td>\n<\/tr>\n<tr class=\"row-5\">\n\t<td colspan=\"3\" class=\"column-1\"><strong style=\"display: block; text-align: center;\">Cables &amp; Accessoires<\/strong><\/td>\n<\/tr>\n<tr class=\"row-6\">\n\t<td class=\"column-1\">ADL2MM-COM<\/td><td class=\"column-2\">100-9735<\/td><td class=\"column-3\">Unshielded Cable, 9-Pin D-Sub to 2MM Latching<br \/>\n<\/td>\n<\/tr>\n<tr class=\"row-7\">\n\t<td class=\"column-1\">ADL2MM-485<\/td><td class=\"column-2\">100-9900<\/td><td class=\"column-3\">Shielded Cable ADLCOM 9-Pin D-Sub to 2MM Latching<br \/>\n<\/td>\n<\/tr>\n<tr class=\"row-8\">\n\t<td class=\"column-1\">ADL2MM-ISOL<\/td><td class=\"column-2\">100-9901<\/td><td class=\"column-3\">Shielded Cable ADLCOM pass-thru 2mm - 2mm Latch<br \/>\n<\/td>\n<\/tr>\n<tr class=\"row-9\">\n\t<td class=\"column-1\">ADLIDC-ISOL<\/td><td class=\"column-2\">100-9902<\/td><td class=\"column-3\">Shielded Cable ADLCOM pass-thru 2.54mm - 2mm Latch<br \/>\n<\/td>\n<\/tr>\n<\/tbody>\n<\/table>\n<!-- #tablepress-22 from cache -->\n","protected":false},"excerpt":{"rendered":"<p>Izolowany nadajnik-odbiornik liniowy ADLCOM-ISOL, dost\u0119pny w dw\u00f3ch modelach, dla RS232 i RS485 zapewnia spok\u00f3j podczas korzystania z systemu komputerowego w ha\u0142a\u015bliwych lub niestabilnych warunkach. Dzi\u0119ki izolacji 500 V AC\/60 Hz na 1 minut\u0119 i izolacji 1 kV DC na 1 sekund\u0119, mo\u017cesz mie\u0107 pewno\u015b\u0107, \u017ce ADLCOM-ISOL ma zdolno\u015b\u0107 do przechwytywania wielu stan\u00f3w przej\u015bciowych ze \u015brodowiska zewn\u0119trznego, kt\u00f3re mog\u0105 spowodowa\u0107 katastrofalne uszkodzenie wbudowanej inwestycji komputerowej.<\/p>\n","protected":false},"featured_media":10755,"template":"","meta":{"_acf_changed":false,"inline_featured_image":false,"_monsterinsights_skip_tracking":false,"_monsterinsights_sitenote_active":false,"_monsterinsights_sitenote_note":"","_monsterinsights_sitenote_category":0},"product_brand":[],"product_cat":[106,244],"product_tag":[],"class_list":{"0":"post-3501","1":"product","2":"type-product","3":"status-publish","4":"has-post-thumbnail","6":"product_cat-adl-embedded-solutions","7":"product_cat-akcesoria","9":"first","10":"instock","11":"shipping-taxable","12":"product-type-simple"},"acf":[],"_links":{"self":[{"href":"https:\/\/quantum.com.pl\/pl\/wp-json\/wp\/v2\/product\/3501","targetHints":{"allow":["GET"]}}],"collection":[{"href":"https:\/\/quantum.com.pl\/pl\/wp-json\/wp\/v2\/product"}],"about":[{"href":"https:\/\/quantum.com.pl\/pl\/wp-json\/wp\/v2\/types\/product"}],"wp:featuredmedia":[{"embeddable":true,"href":"https:\/\/quantum.com.pl\/pl\/wp-json\/wp\/v2\/media\/10755"}],"wp:attachment":[{"href":"https:\/\/quantum.com.pl\/pl\/wp-json\/wp\/v2\/media?parent=3501"}],"wp:term":[{"taxonomy":"product_brand","embeddable":true,"href":"https:\/\/quantum.com.pl\/pl\/wp-json\/wp\/v2\/product_brand?post=3501"},{"taxonomy":"product_cat","embeddable":true,"href":"https:\/\/quantum.com.pl\/pl\/wp-json\/wp\/v2\/product_cat?post=3501"},{"taxonomy":"product_tag","embeddable":true,"href":"https:\/\/quantum.com.pl\/pl\/wp-json\/wp\/v2\/product_tag?post=3501"}],"curies":[{"name":"wp","href":"https:\/\/api.w.org\/{rel}","templated":true}]}}