{"id":3550,"date":"2019-07-10T12:28:29","date_gmt":"2019-07-10T10:28:29","guid":{"rendered":"https:\/\/quantum.com.pl\/?post_type=product&#038;p=3550"},"modified":"2020-12-04T15:53:02","modified_gmt":"2020-12-04T14:53:02","slug":"adlpcie-pci","status":"publish","type":"product","link":"https:\/\/quantum.com.pl\/pl\/product\/adlpcie-pci\/","title":{"rendered":"ADLPCIe-PCI"},"content":{"rendered":"<h4>Cechy produktu:<\/h4>\n<ul>\n<li>Pericom PCIe to PCI Bridge Chip<\/li>\n<li>2 Additional USB 2.0 from Host SBC via PCIe Bus<\/li>\n<li>Single PCIe x1 Lane Converted to 4 PCI Loads<\/li>\n<li>Provides Legacy PCI-104 Support in PCIe\/104 System<\/li>\n<li>Standard PCIe\/104 Form Factor<\/li>\n<li>Compatible with third-party PCIe\/ 104 Boards<\/li>\n<li>Temperature Range \u201340C &#8211; +85C<\/li>\n<\/ul>\n<p>UWAGA:<br \/>\nTen produkt peryferyjny podlega minimalnej ilo\u015bci zam\u00f3wienia wynosz\u0105cej 250 szt. +<\/p>\n<p>Karta mostu ADLPCIe-PCI umo\u017cliwia aktualizacj\u0119 istniej\u0105cych platform PCI do SBC opartych na PCIe\/104 przy jednoczesnym zachowaniu dotychczasowej obs\u0142ugi urz\u0105dze\u0144 peryferyjnych PCI. Na przyk\u0142ad, obecne systemy wykorzystuj\u0105ce nasz\u0105 PCI\/104 ADL945PC lub PC\/104 + ADL855PC mog\u0105 zawiera\u0107 nasze najnowsze drugie i trzecie generacje procesor\u00f3w Intel\u00ae Core &#x2122; SBC, jednocze\u015bnie zachowuj\u0105c starsz\u0105 obs\u0142ug\u0119 PCI.<\/p>\n<p>Adapter magistrali PCIe\/104 ADLPCIe-PCI konwertuje pojedynczy tor \u0142\u0105cza PCIe (x1) na maksymalnie cztery 32-bitowe obci\u0105\u017cenia PCI dzia\u0142aj\u0105ce z cz\u0119stotliwo\u015bci\u0105 33\/66 MHz; umo\u017cliwienie pod\u0142\u0105czenia starszych kart PCI-104 i PC\/104-Plus do stosu systemowego PCIe\/104.\u00a0 ADLPCIe-PCI zapewnia tak\u017ce po\u0142\u0105czenie dodatkowych 2 port\u00f3w USB kierowanych z hosta SBC przez magistral\u0119 PCI Express.<\/p>\n<p>&nbsp;<\/p>\n<h4>Informacje o zamawianiu:<\/h4>\n\n<table id=\"tablepress-27\" class=\"tablepress tablepress-id-27 tbody-has-connected-cells\">\n<thead>\n<tr class=\"row-1\">\n\t<th class=\"column-1\"><strong>Item Codes\t<\/strong><\/th><th class=\"column-2\"><strong>Part#\t<\/strong><\/th><th class=\"column-3\"><strong>Description<\/strong><br \/>\n<\/th>\n<\/tr>\n<\/thead>\n<tbody class=\"row-striping row-hover\">\n<tr class=\"row-2\">\n\t<td colspan=\"3\" class=\"column-1\"><strong style=\"display: block; text-align: center;\">Base<\/strong><\/td>\n<\/tr>\n<tr class=\"row-3\">\n\t<td class=\"column-1\">ADLPCIe-PCI<\/td><td class=\"column-2\">299940<\/td><td class=\"column-3\">PCIe\/104 x1 PCIe to PCI Bus Adapter (down-stacking only)<br \/>\n<br \/>\nATTENTION:<br \/>\nThis peripheral product is subject to a minimum order quantity of 250 pcs +<\/td>\n<\/tr>\n<tr class=\"row-4\">\n\t<td colspan=\"3\" class=\"column-1\"><strong style=\"display: block; text-align: center;\">Technical specifications<\/strong><\/td>\n<\/tr>\n<tr class=\"row-5\">\n\t<td class=\"column-1\">Bridge Controller<\/td><td class=\"column-2\"> <\/td><td class=\"column-3\">Pericom\u00ae PI7C9X111SL<br \/>\n<\/td>\n<\/tr>\n<tr class=\"row-6\">\n\t<td class=\"column-1\">USB 2.0<\/td><td class=\"column-2\"><\/td><td class=\"column-3\">2x ports from host via PCIe bus<br \/>\n<\/td>\n<\/tr>\n<tr class=\"row-7\">\n\t<td class=\"column-1\">Physical Layer Interface<\/td><td class=\"column-2\"><\/td><td class=\"column-3\">PCIe\/104 Type 1 x1 link at 2.5GT\/s data rate<br \/>\n<\/td>\n<\/tr>\n<tr class=\"row-8\">\n\t<td class=\"column-1\">PCI Express to PCI\/PCI-X Bridge<\/td><td class=\"column-2\"><\/td><td class=\"column-3\">Specification Revision 1.0 compliant<br \/>\n<\/td>\n<\/tr>\n<tr class=\"row-9\">\n\t<td class=\"column-1\">Physical Layer Interface<\/td><td class=\"column-2\"><\/td><td class=\"column-3\">PCI-104 32-Bit \/ 66MHz<br \/>\n<\/td>\n<\/tr>\n<tr class=\"row-10\">\n\t<td class=\"column-1\">PCI-104 32-Bit \/ 66MHz<\/td><td class=\"column-2\"><\/td><td class=\"column-3\">Up to four PCI loads (Masters)<br \/>\n<\/td>\n<\/tr>\n<\/tbody>\n<\/table>\n\n<p>&nbsp;<\/p>\n<p>&nbsp;<\/p>\n","protected":false},"excerpt":{"rendered":"<p>Karta mostu ADLPCIe-PCI umo\u017cliwia aktualizacj\u0119 istniej\u0105cych platform PCI do SBC opartych na PCIe\/104 przy jednoczesnym zachowaniu dotychczasowej obs\u0142ugi urz\u0105dze\u0144 peryferyjnych PCI. Adapter magistrali PCIe\/104 ADLPCIe-PCI konwertuje pojedynczy tor \u0142\u0105cza PCIe (x1) na maksymalnie cztery 32-bitowe obci\u0105\u017cenia PCI dzia\u0142aj\u0105ce z cz\u0119stotliwo\u015bci\u0105 33\/66 MHz.<\/p>\n","protected":false},"featured_media":10753,"template":"","meta":{"_acf_changed":false,"inline_featured_image":false,"_monsterinsights_skip_tracking":false,"_monsterinsights_sitenote_active":false,"_monsterinsights_sitenote_note":"","_monsterinsights_sitenote_category":0},"product_brand":[],"product_cat":[106,244],"product_tag":[],"class_list":{"0":"post-3550","1":"product","2":"type-product","3":"status-publish","4":"has-post-thumbnail","6":"product_cat-adl-embedded-solutions","7":"product_cat-akcesoria","9":"first","10":"instock","11":"shipping-taxable","12":"product-type-simple"},"acf":[],"_links":{"self":[{"href":"https:\/\/quantum.com.pl\/pl\/wp-json\/wp\/v2\/product\/3550","targetHints":{"allow":["GET"]}}],"collection":[{"href":"https:\/\/quantum.com.pl\/pl\/wp-json\/wp\/v2\/product"}],"about":[{"href":"https:\/\/quantum.com.pl\/pl\/wp-json\/wp\/v2\/types\/product"}],"wp:featuredmedia":[{"embeddable":true,"href":"https:\/\/quantum.com.pl\/pl\/wp-json\/wp\/v2\/media\/10753"}],"wp:attachment":[{"href":"https:\/\/quantum.com.pl\/pl\/wp-json\/wp\/v2\/media?parent=3550"}],"wp:term":[{"taxonomy":"product_brand","embeddable":true,"href":"https:\/\/quantum.com.pl\/pl\/wp-json\/wp\/v2\/product_brand?post=3550"},{"taxonomy":"product_cat","embeddable":true,"href":"https:\/\/quantum.com.pl\/pl\/wp-json\/wp\/v2\/product_cat?post=3550"},{"taxonomy":"product_tag","embeddable":true,"href":"https:\/\/quantum.com.pl\/pl\/wp-json\/wp\/v2\/product_tag?post=3550"}],"curies":[{"name":"wp","href":"https:\/\/api.w.org\/{rel}","templated":true}]}}