{"id":3565,"date":"2019-07-10T12:54:34","date_gmt":"2019-07-10T10:54:34","guid":{"rendered":"https:\/\/quantum.com.pl\/?post_type=product&#038;p=3565"},"modified":"2020-12-04T15:13:01","modified_gmt":"2020-12-04T14:13:01","slug":"adl1001","status":"publish","type":"product","link":"https:\/\/quantum.com.pl\/pl\/product\/adl1001\/","title":{"rendered":"ADL1001"},"content":{"rendered":"<h4>Cechy produktu:<\/h4>\n<ul>\n<li>Adapts latest M.2 (Key-B) PCIe x1 Lane to legacy mPCIe expansion Cards<\/li>\n<li>Compatible with 1\/2 size and fullsize mPCIe Cards<\/li>\n<li>Compatible with third-party mPCIe Boards (like WiFi, 3G WWAN and others)<\/li>\n<li>Optional with Conformal Coating<\/li>\n<li>Temperature Range \u201340C &#8211; +85C<\/li>\n<\/ul>\n<p>Dzi\u0119ki nowemu formatowi PCIe M.2 ADL Embedded Solutions oferuje najnowsze i zaawansowane technologie rozszerze\u0144 na pok\u0142adzie ADLE3800HDC. Ale w wielu przypadkach, na rynku s\u0105 jeszcze obs\u0142ugiwane starsze karty peryferyjne w stylu mPCIe. W tym ogromnym ekosystemie istniej\u0105cych rozszerze\u0144 kart, ADL Embedded Solutions zaprojektowa\u0142 i wyprodukowa\u0142 wyspecjalizowany typ karty &#8211; adaptera.<\/p>\n<p>Ten nowy adapter ADL1001 M.2 do mPCIe przywraca starsze mPCIe do nowoczesnego gniazda M.2 Key-B. Ju\u017c przetestowane i zatwierdzone karty to rzeczywiste urz\u0105dzenia WiFi i BT (BLE). W przypadku sieci WWAN bez pok\u0142adowej karty SIM lub bez wbudowanej karty SIM (eSIM) wymagany b\u0119dzie dodatkowy czytnik kart SIM. Kart\u0119 adaptera ADL mo\u017cna wyposa\u017cy\u0107 w oba typy wielko\u015bci &#8211; w zwyk\u0142e karty \u00bd rozmiaru i pe\u0142nowymiarowe karty mPCIe.<\/p>\n<p>Opcja Conformal Coating i dzia\u0142anie w szerokim zakresie temperatury sprawiaj\u0105, \u017ce ADL1001 jest idealnym wyborem dla trudnych aplikacji w ci\u0119\u017ckich warunkach. Rozszerzony rozmiar i mocowanie \u015brubowe tego adaptera ADL s\u0105 dopasowane do standardowego gniazda M.2 2280. Wszystkie wymagane napi\u0119cia i sygna\u0142y do \u200b\u200bobs\u0142ugi karty mPCIe s\u0105 pobierane z gniazda hosta M.2 &#8211; nie jest wi\u0119c wymagane dodatkowe przewodzenie.<\/p>\n<p>&nbsp;<\/p>\n<h4>Informacje o zamawianiu:<\/h4>\n\n<table id=\"tablepress-28\" class=\"tablepress tablepress-id-28\">\n<thead>\n<tr class=\"row-1\">\n\t<th class=\"column-1\"><strong>Item Codes\t<\/strong><\/th><th class=\"column-2\"><strong>Part#\t<\/strong><\/th><th class=\"column-3\"><strong>Description<\/strong><br \/>\n<\/th>\n<\/tr>\n<\/thead>\n<tbody class=\"row-striping row-hover\">\n<tr class=\"row-2\">\n\t<td class=\"column-1\">ADL1001<\/td><td class=\"column-2\">ADL1001<\/td><td class=\"column-3\">M.2 (Key-B) to mPCIe Adapter<br \/>\n<\/td>\n<\/tr>\n<\/tbody>\n<\/table>\n<!-- #tablepress-28 from cache -->\n","protected":false},"excerpt":{"rendered":"<p>Dzi\u0119ki nowemu formatowi PCIe M.2 ADL Embedded Solutions oferuje najnowsze i zaawansowane technologie rozszerze\u0144 na pok\u0142adzie ADLE3800HDC. Ten nowy adapter ADL1001 M.2 do mPCIe przywraca starsze mPCIe do nowoczesnego gniazda M.2 Key-B.<\/p>\n","protected":false},"featured_media":10751,"template":"","meta":{"_acf_changed":false,"inline_featured_image":false,"_monsterinsights_skip_tracking":false,"_monsterinsights_sitenote_active":false,"_monsterinsights_sitenote_note":"","_monsterinsights_sitenote_category":0},"product_brand":[],"product_cat":[106,244],"product_tag":[],"class_list":{"0":"post-3565","1":"product","2":"type-product","3":"status-publish","4":"has-post-thumbnail","6":"product_cat-adl-embedded-solutions","7":"product_cat-akcesoria","9":"first","10":"instock","11":"shipping-taxable","12":"product-type-simple"},"acf":[],"_links":{"self":[{"href":"https:\/\/quantum.com.pl\/pl\/wp-json\/wp\/v2\/product\/3565","targetHints":{"allow":["GET"]}}],"collection":[{"href":"https:\/\/quantum.com.pl\/pl\/wp-json\/wp\/v2\/product"}],"about":[{"href":"https:\/\/quantum.com.pl\/pl\/wp-json\/wp\/v2\/types\/product"}],"wp:featuredmedia":[{"embeddable":true,"href":"https:\/\/quantum.com.pl\/pl\/wp-json\/wp\/v2\/media\/10751"}],"wp:attachment":[{"href":"https:\/\/quantum.com.pl\/pl\/wp-json\/wp\/v2\/media?parent=3565"}],"wp:term":[{"taxonomy":"product_brand","embeddable":true,"href":"https:\/\/quantum.com.pl\/pl\/wp-json\/wp\/v2\/product_brand?post=3565"},{"taxonomy":"product_cat","embeddable":true,"href":"https:\/\/quantum.com.pl\/pl\/wp-json\/wp\/v2\/product_cat?post=3565"},{"taxonomy":"product_tag","embeddable":true,"href":"https:\/\/quantum.com.pl\/pl\/wp-json\/wp\/v2\/product_tag?post=3565"}],"curies":[{"name":"wp","href":"https:\/\/api.w.org\/{rel}","templated":true}]}}