{"id":3583,"date":"2019-07-10T13:42:04","date_gmt":"2019-07-10T11:42:04","guid":{"rendered":"https:\/\/quantum.com.pl\/?post_type=product&#038;p=3583"},"modified":"2020-12-04T15:52:13","modified_gmt":"2020-12-04T14:52:13","slug":"adllvdsttl","status":"publish","type":"product","link":"https:\/\/quantum.com.pl\/pl\/product\/adllvdsttl\/","title":{"rendered":"ADLLVDSTTL"},"content":{"rendered":"<h4>Cechy produktu:<\/h4>\n<ul>\n<li>4Ch, LVDS conversion to 18\/24-Bit TTL<\/li>\n<li>Compatible with most 18\/24 Bit Flat panels<\/li>\n<li>I2C for storing panel information<\/li>\n<li>Power connection with +5VDC and +12VDC<\/li>\n<li>PC\/104 Stack mountable with mounting plate<\/li>\n<li>Compatible only with ADL Embedded Solutions SBC&#8217;s<\/li>\n<\/ul>\n<p>ADLLVDSTTL konwertuje 4-kana\u0142owy LVDS na 18\/24-bitowy TTL do u\u017cytku z p\u0142askimi wy\u015bwietlaczami zgodnymi z TTL. Jego niewielkie rozmiary pozwol\u0105 na monta\u017c w prawie ka\u017cdym miejscu dzi\u0119ki obudowie. Otwory monta\u017cowe pasuj\u0105 do tego samego mocowania co seria ADLCFII-xx, wi\u0119c mog\u0105 by\u0107 r\u00f3wnie\u017c montowane na z\u0142\u0105czu PC\/104, gdy s\u0105 u\u017cywane z adapterem wielofunkcyjnym ADL Embedded Solutions. ADLLVDSTTL zapewnia r\u00f3wnie\u017c wej\u015bcie dla +12 V i +5 V dla r\u00f3\u017cnych konfiguracji p\u0142askich paneli. W przypadku korzystania z p\u0142yty ADL Embedded Solutions PC\/104, po\u0142\u0105czenie ADLLVDSTTL jest tak proste, jak pod\u0142\u0105czenie kabla interfejsu pin-for-pin.<\/p>\n<p>&nbsp;<\/p>\n<h4>Informacje o zamawianiu:<\/h4>\n\n<table id=\"tablepress-30\" class=\"tablepress tablepress-id-30 tbody-has-connected-cells\">\n<thead>\n<tr class=\"row-1\">\n\t<th class=\"column-1\"><strong>Item Codes\t<\/strong><\/th><th class=\"column-2\"><strong>Part#\t<\/strong><\/th><th class=\"column-3\"><strong>Description<\/strong><br \/>\n<\/th>\n<\/tr>\n<\/thead>\n<tbody class=\"row-striping row-hover\">\n<tr class=\"row-2\">\n\t<td colspan=\"3\" class=\"column-1\"><strong style=\"display: block; text-align: center;\">Base<\/strong><\/td>\n<\/tr>\n<tr class=\"row-3\">\n\t<td class=\"column-1\">ADLLVDSTTL<\/td><td class=\"column-2\">299915<\/td><td class=\"column-3\">LVDS to TTL converter board for ADL CPU's (not in stack)<br \/>\n<\/td>\n<\/tr>\n<tr class=\"row-4\">\n\t<td colspan=\"3\" class=\"column-1\">ADLLVDSTTL<strong style=\"display: block; text-align: center;\">Cabels &amp; Accessoires<\/strong><\/td>\n<\/tr>\n<tr class=\"row-5\">\n\t<td class=\"column-1\">ADLLVDS<\/td><td class=\"column-2\">100-9710<\/td><td class=\"column-3\">ADLLVDSTTL cable to ADL CPU'S (QTY1, may need 2)<br \/>\n<\/td>\n<\/tr>\n<tr class=\"row-6\">\n\t<td class=\"column-1\">2.5\u201d\/CFII-CP<\/td><td class=\"column-2\">201-2500<\/td><td class=\"column-3\">2.5\" HD\/SD and CF-II-S PC\/104 mounting plate<br \/>\n<\/td>\n<\/tr>\n<\/tbody>\n<\/table>\n<!-- #tablepress-30 from cache -->\n<p>&nbsp;<\/p>\n","protected":false},"excerpt":{"rendered":"<p>ADLLVDSTTL konwertuje 4-kana\u0142owy LVDS na 18\/24-bitowy TTL do u\u017cytku z p\u0142askimi wy\u015bwietlaczami zgodnymi z TTL. Jego niewielkie rozmiary pozwol\u0105 na monta\u017c w prawie ka\u017cdym miejscu dzi\u0119ki obudowie.<\/p>\n","protected":false},"featured_media":10749,"template":"","meta":{"_acf_changed":false,"inline_featured_image":false,"_monsterinsights_skip_tracking":false,"_monsterinsights_sitenote_active":false,"_monsterinsights_sitenote_note":"","_monsterinsights_sitenote_category":0},"product_brand":[],"product_cat":[106,244],"product_tag":[],"class_list":{"0":"post-3583","1":"product","2":"type-product","3":"status-publish","4":"has-post-thumbnail","6":"product_cat-adl-embedded-solutions","7":"product_cat-akcesoria","9":"first","10":"instock","11":"shipping-taxable","12":"product-type-simple"},"acf":[],"_links":{"self":[{"href":"https:\/\/quantum.com.pl\/pl\/wp-json\/wp\/v2\/product\/3583","targetHints":{"allow":["GET"]}}],"collection":[{"href":"https:\/\/quantum.com.pl\/pl\/wp-json\/wp\/v2\/product"}],"about":[{"href":"https:\/\/quantum.com.pl\/pl\/wp-json\/wp\/v2\/types\/product"}],"wp:featuredmedia":[{"embeddable":true,"href":"https:\/\/quantum.com.pl\/pl\/wp-json\/wp\/v2\/media\/10749"}],"wp:attachment":[{"href":"https:\/\/quantum.com.pl\/pl\/wp-json\/wp\/v2\/media?parent=3583"}],"wp:term":[{"taxonomy":"product_brand","embeddable":true,"href":"https:\/\/quantum.com.pl\/pl\/wp-json\/wp\/v2\/product_brand?post=3583"},{"taxonomy":"product_cat","embeddable":true,"href":"https:\/\/quantum.com.pl\/pl\/wp-json\/wp\/v2\/product_cat?post=3583"},{"taxonomy":"product_tag","embeddable":true,"href":"https:\/\/quantum.com.pl\/pl\/wp-json\/wp\/v2\/product_tag?post=3583"}],"curies":[{"name":"wp","href":"https:\/\/api.w.org\/{rel}","templated":true}]}}