{"id":3590,"date":"2019-07-10T13:53:57","date_gmt":"2019-07-10T11:53:57","guid":{"rendered":"https:\/\/quantum.com.pl\/?post_type=product&#038;p=3590"},"modified":"2020-09-25T13:15:20","modified_gmt":"2020-09-25T11:15:20","slug":"adls15hd","status":"publish","type":"product","link":"https:\/\/quantum.com.pl\/pl\/product\/adls15hd\/","title":{"rendered":"ADLS15HD"},"content":{"rendered":"<p>ADLS15HD, 3.5-calowy wbudowany komputer pok\u0142adowy, opiera si\u0119 na chipsetach Intel\u00ae Atom&#x2122; i Intel\u00ae US15W (Poulsbo&#x2122;). Intel\u00ae Atom&#x2122; jest jednordzeniowym procesorem bazuj\u0105cym na 45nm, kt\u00f3ry szczyci si\u0119 imponuj\u0105c\u0105 moc\u0105 2.64 wat\u00f3w TDP (tylko CPU) i zapewnia korzy\u015bci p\u0142yn\u0105ce z prawdziwej mikroarchitektury Intel\u00ae dla ograniczonych termicznie rynk\u00f3w. Intel\u00ae US15W System Controller Hub (SCH) zawiera wszystkie funkcje starszych architektur GMCH oraz ICH w jednej matrycy.<\/p>\n<p>ADLS15HD wykorzystuje te mo\u017cliwo\u015bci, dostarczaj\u0105c wysok\u0105 wydajno\u015b\u0107 i nisk\u0105 termi\u0119 w kompaktowej obudowie o przek\u0105tnej 3.5 cala. Kontroler graficzny Intel\u00ae prowadzi grafik\u0119 do 1600&#215;1200@60Hz dzi\u0119ki DVI-D i\/lub 18\/24 bit LVDS LCD. Pami\u0119\u0107 jest dodawana przez gniazdo SODIMM200, kt\u00f3re akceptuje do 2GB pami\u0119ci DDR2-400\/533 DRAM. Opr\u00f3cz funkcji ACPI\/APM, ADLS15HD posiada dodatkowo: EIDE, 8xUSB 2.0, 2xRS232 porty COM, klawiatura i mysz PS\/2, AC&#8217;97 i HDA 5.1 Sound oraz Dual Gigabit Ethernet LAN. ADLS15HD ma izolowane wej\u015bcie 24VDC, kt\u00f3re wykazuje tolerancj\u0119 20-30VDC do zasilania p\u0142yty. ADLS15HD zapewnia r\u00f3wnie\u017c wbudowany zasilacz UPS, kt\u00f3ry umo\u017cliwia szybkie, ale bezpieczne wy\u0142\u0105czenie.<\/p>\n<p>ADL Embedded Solutions oferuje bardzo skuteczne aktywne i pasywne rozwi\u0105zania termiczne przeznaczone dla tego produktu.<\/p>\n<h4>Cechy produktu:<\/h4>\n<ul>\n<li>CPU: Intel\u00ae ATOM&#x2122; Z500 Processor (Silverthorne)<\/li>\n<li>CPU Choice: Z510, Z530<\/li>\n<li>Chipset: Intel\u00ae US15W Poulsbo<\/li>\n<li>RAM: Up to 2GB DDR2 533MHz<\/li>\n<\/ul>\n<p>&nbsp;<\/p>\n<h4>Informacje o zamawianiu:<\/h4>\n<p>&nbsp;<\/p>\n\n<table id=\"tablepress-33\" class=\"tablepress tablepress-id-33\">\n<thead>\n<tr class=\"row-1\">\n\t<th class=\"column-1\">ITEM CODES<\/th><th class=\"column-2\">PART#<\/th><th class=\"column-3\">DESCRIPTION<\/th>\n<\/tr>\n<\/thead>\n<tbody class=\"row-striping row-hover\">\n<tr class=\"row-2\">\n\t<td class=\"column-1\"><strong>CPU-Boards<\/strong><\/td><td class=\"column-2\"><\/td><td class=\"column-3\"><\/td>\n<\/tr>\n<tr class=\"row-3\">\n\t<td class=\"column-1\">ADL945HD-T2500<\/td><td class=\"column-2\">294114<\/td><td class=\"column-3\">DualCore 2GHz, 2M cache<\/td>\n<\/tr>\n<tr class=\"row-4\">\n\t<td class=\"column-1\">ADL945HD-T7400<\/td><td class=\"column-2\">294115<\/td><td class=\"column-3\">DualCore 2.16GHz,4M cache<\/td>\n<\/tr>\n<tr class=\"row-5\">\n\t<td class=\"column-1\"><strong>Memories<\/strong><\/td><td class=\"column-2\"><\/td><td class=\"column-3\"><\/td>\n<\/tr>\n<tr class=\"row-6\">\n\t<td class=\"column-1\">DDR2-DRAM1024-(V)<\/td><td class=\"column-2\">996050<\/td><td class=\"column-3\">1GB DDR2 DRAM 667MHZ (V)<\/td>\n<\/tr>\n<tr class=\"row-7\">\n\t<td class=\"column-1\">DDR2-DRAM2048-(V)<\/td><td class=\"column-2\">996150<\/td><td class=\"column-3\">2GB DDR2 DRAM 667MHZ (V)<\/td>\n<\/tr>\n<tr class=\"row-8\">\n\t<td class=\"column-1\">DDR2-DRAM1024-EX-(V)<\/td><td class=\"column-2\">996051<\/td><td class=\"column-3\">1GB DDR2 DRAM-EX 667MHZ (V) -40\u00b0C to +85\u00b0C<\/td>\n<\/tr>\n<tr class=\"row-9\">\n\t<td class=\"column-1\">DDR2-DRAM2048-EX-(V)<\/td><td class=\"column-2\">996151<\/td><td class=\"column-3\">2GB DDR2 DRAM-EX 667MHZ (V) -40\u00b0C to +85\u00b0C<\/td>\n<\/tr>\n<tr class=\"row-10\">\n\t<td class=\"column-1\"><strong>Thermal solutions<\/strong><\/td><td class=\"column-2\"><\/td><td class=\"column-3\"><\/td>\n<\/tr>\n<tr class=\"row-11\">\n\t<td class=\"column-1\">ADL945HD-SPREADER<\/td><td class=\"column-2\">294845<\/td><td class=\"column-3\">heat spreader for chassis mount ADL945HD<\/td>\n<\/tr>\n<tr class=\"row-12\">\n\t<td class=\"column-1\">ADL35-BBHS<\/td><td class=\"column-2\">294152<\/td><td class=\"column-3\">large heat sink for ADLXXXHD CPU's<\/td>\n<\/tr>\n<tr class=\"row-13\">\n\t<td class=\"column-1\">ADL35-LFAN<\/td><td class=\"column-2\">294154<\/td><td class=\"column-3\">large fan for ADL35-BBHS<\/td>\n<\/tr>\n<tr class=\"row-14\">\n\t<td class=\"column-1\">ADL35-SOSET<\/td><td class=\"column-2\">294156<\/td><td class=\"column-3\">stand off set for ADL35-BBHS &amp; LFAN<\/td>\n<\/tr>\n<tr class=\"row-15\">\n\t<td class=\"column-1\">CS-100<\/td><td class=\"column-2\">290010<\/td><td class=\"column-3\">10\"x10\" thermal chassis simulator for development<\/td>\n<\/tr>\n<tr class=\"row-16\">\n\t<td class=\"column-1\"><strong>Cabels &amp; Accessoires\t<\/strong><\/td><td class=\"column-2\"><\/td><td class=\"column-3\"><\/td>\n<\/tr>\n<tr class=\"row-17\">\n\t<td class=\"column-1\">ADL945HD-CK<\/td><td class=\"column-2\">294148<\/td><td class=\"column-3\">Development cable kit for ADL945HD<\/td>\n<\/tr>\n<tr class=\"row-18\">\n\t<td class=\"column-1\">ADL-TTLOPT<\/td><td class=\"column-2\">294001<\/td><td class=\"column-3\">COM Port conversion from RS232 tO TTL<\/td>\n<\/tr>\n<tr class=\"row-19\">\n\t<td class=\"column-1\"><strong>Options<\/strong><\/td><td class=\"column-2\"><\/td><td class=\"column-3\"><\/td>\n<\/tr>\n<tr class=\"row-20\">\n\t<td class=\"column-1\">ADL-ET<\/td><td class=\"column-2\">290000<\/td><td class=\"column-3\">Extended Temperature Screening (\u201340C to +85C)<\/td>\n<\/tr>\n<tr class=\"row-21\">\n\t<td class=\"column-1\">UNDERFILL<\/td><td class=\"column-2\">807707<\/td><td class=\"column-3\">BGA underfill req\u2019d for <1nm BGA solderballs w\/ Ext Temp<\/td>\n<\/tr>\n<tr class=\"row-22\">\n\t<td class=\"column-1\">COATING<\/td><td class=\"column-2\">807706<\/td><td class=\"column-3\">Conformal Coating<\/td>\n<\/tr>\n<tr class=\"row-23\">\n\t<td class=\"column-1\">UNDERFILL\/BONDING\/COATING<\/td><td class=\"column-2\">807709<\/td><td class=\"column-3\">Underfilling, Bonding, and Conformal Coating<\/td>\n<\/tr>\n<\/tbody>\n<\/table>\n<!-- #tablepress-33 from cache -->\n","protected":false},"excerpt":{"rendered":"<p>ADLS15HD, 3.5-calowy wbudowany komputer pok\u0142adowy, opiera si\u0119 na chipsetach Intel\u00ae Atom&#x2122; i Intel\u00ae US15W (Poulsbo&#x2122;). Intel\u00ae Atom&#x2122; jest jednordzeniowym procesorem bazuj\u0105cym na 45nm, kt\u00f3ry szczyci si\u0119 imponuj\u0105c\u0105 moc\u0105 2.64 wat\u00f3w TDP (tylko CPU) i zapewnia korzy\u015bci p\u0142yn\u0105ce z prawdziwej mikroarchitektury Intel\u00ae dla ograniczonych termicznie rynk\u00f3w. Intel\u00ae US15W System Controller Hub (SCH) zawiera wszystkie funkcje starszych architektur GMCH oraz ICH w jednej matrycy.<\/p>\n","protected":false},"featured_media":10713,"template":"","meta":{"_acf_changed":false,"inline_featured_image":false,"_monsterinsights_skip_tracking":false,"_monsterinsights_sitenote_active":false,"_monsterinsights_sitenote_note":"","_monsterinsights_sitenote_category":0},"product_brand":[],"product_cat":[106,108,1584],"product_tag":[],"class_list":{"0":"post-3590","1":"product","2":"type-product","3":"status-publish","4":"has-post-thumbnail","6":"product_cat-adl-embedded-solutions","7":"product_cat-komputery-jednoplytkowe","8":"product_cat-komputery-jednoplytkowe-sbc-2","10":"first","11":"instock","12":"shipping-taxable","13":"product-type-simple"},"acf":[],"_links":{"self":[{"href":"https:\/\/quantum.com.pl\/pl\/wp-json\/wp\/v2\/product\/3590","targetHints":{"allow":["GET"]}}],"collection":[{"href":"https:\/\/quantum.com.pl\/pl\/wp-json\/wp\/v2\/product"}],"about":[{"href":"https:\/\/quantum.com.pl\/pl\/wp-json\/wp\/v2\/types\/product"}],"wp:featuredmedia":[{"embeddable":true,"href":"https:\/\/quantum.com.pl\/pl\/wp-json\/wp\/v2\/media\/10713"}],"wp:attachment":[{"href":"https:\/\/quantum.com.pl\/pl\/wp-json\/wp\/v2\/media?parent=3590"}],"wp:term":[{"taxonomy":"product_brand","embeddable":true,"href":"https:\/\/quantum.com.pl\/pl\/wp-json\/wp\/v2\/product_brand?post=3590"},{"taxonomy":"product_cat","embeddable":true,"href":"https:\/\/quantum.com.pl\/pl\/wp-json\/wp\/v2\/product_cat?post=3590"},{"taxonomy":"product_tag","embeddable":true,"href":"https:\/\/quantum.com.pl\/pl\/wp-json\/wp\/v2\/product_tag?post=3590"}],"curies":[{"name":"wp","href":"https:\/\/api.w.org\/{rel}","templated":true}]}}