{"id":3614,"date":"2019-07-10T15:16:20","date_gmt":"2019-07-10T13:16:20","guid":{"rendered":"https:\/\/quantum.com.pl\/?post_type=product&#038;p=3614"},"modified":"2020-12-04T15:15:29","modified_gmt":"2020-12-04T14:15:29","slug":"adlcf-ii","status":"publish","type":"product","link":"https:\/\/quantum.com.pl\/pl\/product\/adlcf-ii\/","title":{"rendered":"ADLCF-II"},"content":{"rendered":"<h4>Cechy produktu:<\/h4>\n<ul>\n<li>Accepts Type I and II and IDE CF modules<\/li>\n<li>Small size card (2.36\u201dW x 2.0\u201dL x .77\u201dH)<\/li>\n<li>Full Range Capacity in CF to 8GB and beyond<\/li>\n<li>44pin IDE hard drive cable compatible<\/li>\n<li>Remote mounting configuration<\/li>\n<\/ul>\n<p>P\u0142yta interfejsu opracowana w celu umo\u017cliwienia handlu CompactFlash$; karty typu I i II lub IBM MicrodriveTM do wykorzystania jako urz\u0105dzenia pami\u0119ci masowej w interfejsie IDE. Wykorzystuje tryb \u201eprawdziwego IDE\u201d karty CompactFlash&#x2122; i umo\u017cliwia jej dzia\u0142anie jako dysk twardy IDE. Adapter jest ma\u0142y i zaprojektowany tak, aby mo\u017cna go by\u0142o zamontowa\u0107 tam, gdzie jest wygodny w u\u017cyciu z systemami wbudowanymi. W rezultacie system mo\u017ce obs\u0142ugiwa\u0107 wymienne pami\u0119ci masowe p\u00f3\u0142przewodnikowe. Mo\u017ce r\u00f3wnie\u017c zawiera\u0107 zatrzaski i wyrzutniki zatrzaskowe.<\/p>\n<h4>CF Benefits:<\/h4>\n<ul>\n<li>Odporny na zabrudzenia, wstrz\u0105sy, wibracje i temperatur\u0119<\/li>\n<li>Niskie zu\u017cycie energii<\/li>\n<li>Brak ha\u0142asu akustycznego<\/li>\n<li>Sprawdzona niezawodno\u015b\u0107<\/li>\n<li>Szybki czas uruchamiania &#8211; bez spin-up<\/li>\n<li>Wysoka szybko\u015b\u0107 transferu<\/li>\n<\/ul>\n<h4>Informacje o zamawianiu:<\/h4>\n\n<table id=\"tablepress-35\" class=\"tablepress tablepress-id-35\">\n<thead>\n<tr class=\"row-1\">\n\t<th class=\"column-1\"><strong>Item Codes\t<\/strong><\/th><th class=\"column-2\"><strong>Part#\t<\/strong><\/th><th class=\"column-3\"><strong>Description<\/strong><br \/>\n<\/th>\n<\/tr>\n<\/thead>\n<tbody class=\"row-striping row-hover\">\n<tr class=\"row-2\">\n\t<td class=\"column-1\">Base<\/td><td class=\"column-2\"><\/td><td class=\"column-3\"><\/td>\n<\/tr>\n<tr class=\"row-3\">\n\t<td class=\"column-1\">ADLCF-II-S<\/td><td class=\"column-2\">989010<\/td><td class=\"column-3\">CF to IDE Type II single adapter, not for stack<br \/>\n<\/td>\n<\/tr>\n<tr class=\"row-4\">\n\t<td class=\"column-1\">ADLCF-II-D<\/td><td class=\"column-2\">989020<\/td><td class=\"column-3\">CF to IDE Type II dual adapter, not for stack<br \/>\n<\/td>\n<\/tr>\n<tr class=\"row-5\">\n\t<td class=\"column-1\">Options<\/td><td class=\"column-2\"><\/td><td class=\"column-3\"><\/td>\n<\/tr>\n<tr class=\"row-6\">\n\t<td class=\"column-1\">Option E<\/td><td class=\"column-2\">989110<\/td><td class=\"column-3\">Opt. Ejector added to ADLCF-II (one)<br \/>\n<\/td>\n<\/tr>\n<tr class=\"row-7\">\n\t<td class=\"column-1\">Option LE<\/td><td class=\"column-2\">989120<\/td><td class=\"column-3\">Opt. Latching Ejector added to ADLCF-II (one)<br \/>\n<\/td>\n<\/tr>\n<tr class=\"row-8\">\n\t<td class=\"column-1\">Option LH<\/td><td class=\"column-2\">989130<\/td><td class=\"column-3\">Opt. Locking IDE cable header added to ADLCF-II<br \/>\n<\/td>\n<\/tr>\n<tr class=\"row-9\">\n\t<td class=\"column-1\">Option E-D<\/td><td class=\"column-2\">989140<\/td><td class=\"column-3\">Opt. Ejector added to ADLCF-II (for 2nd on dual version)<br \/>\n<\/td>\n<\/tr>\n<tr class=\"row-10\">\n\t<td class=\"column-1\">Option LE-D<\/td><td class=\"column-2\">989150<\/td><td class=\"column-3\">Opt. Latching Ejector added to ADLCF-II (for 2nd on dual)<br \/>\n<\/td>\n<\/tr>\n<\/tbody>\n<\/table>\n<!-- #tablepress-35 from cache -->\n<p>&nbsp;<\/p>\n","protected":false},"excerpt":{"rendered":"<p>P\u0142yta interfejsu opracowana w celu umo\u017cliwienia handlu CompactFlash$; karty typu I i II lub IBM MicrodriveTM do wykorzystania jako urz\u0105dzenia pami\u0119ci masowej w interfejsie IDE. Wykorzystuje tryb \u201eprawdziwego IDE\u201d karty CompactFlash&#x2122; i umo\u017cliwia jej dzia\u0142anie jako dysk twardy IDE.<\/p>\n","protected":false},"featured_media":10744,"template":"","meta":{"_acf_changed":false,"inline_featured_image":false,"_monsterinsights_skip_tracking":false,"_monsterinsights_sitenote_active":false,"_monsterinsights_sitenote_note":"","_monsterinsights_sitenote_category":0},"product_brand":[],"product_cat":[106,244],"product_tag":[],"class_list":{"0":"post-3614","1":"product","2":"type-product","3":"status-publish","4":"has-post-thumbnail","6":"product_cat-adl-embedded-solutions","7":"product_cat-akcesoria","9":"first","10":"instock","11":"shipping-taxable","12":"product-type-simple"},"acf":[],"_links":{"self":[{"href":"https:\/\/quantum.com.pl\/pl\/wp-json\/wp\/v2\/product\/3614","targetHints":{"allow":["GET"]}}],"collection":[{"href":"https:\/\/quantum.com.pl\/pl\/wp-json\/wp\/v2\/product"}],"about":[{"href":"https:\/\/quantum.com.pl\/pl\/wp-json\/wp\/v2\/types\/product"}],"wp:featuredmedia":[{"embeddable":true,"href":"https:\/\/quantum.com.pl\/pl\/wp-json\/wp\/v2\/media\/10744"}],"wp:attachment":[{"href":"https:\/\/quantum.com.pl\/pl\/wp-json\/wp\/v2\/media?parent=3614"}],"wp:term":[{"taxonomy":"product_brand","embeddable":true,"href":"https:\/\/quantum.com.pl\/pl\/wp-json\/wp\/v2\/product_brand?post=3614"},{"taxonomy":"product_cat","embeddable":true,"href":"https:\/\/quantum.com.pl\/pl\/wp-json\/wp\/v2\/product_cat?post=3614"},{"taxonomy":"product_tag","embeddable":true,"href":"https:\/\/quantum.com.pl\/pl\/wp-json\/wp\/v2\/product_tag?post=3614"}],"curies":[{"name":"wp","href":"https:\/\/api.w.org\/{rel}","templated":true}]}}