{"id":3641,"date":"2019-07-10T16:01:10","date_gmt":"2019-07-10T14:01:10","guid":{"rendered":"https:\/\/quantum.com.pl\/?post_type=product&#038;p=3641"},"modified":"2020-12-04T13:54:47","modified_gmt":"2020-12-04T12:54:47","slug":"cb4060","status":"publish","type":"product","link":"https:\/\/quantum.com.pl\/pl\/product\/cb4060\/","title":{"rendered":"CB4060 (ADLQM87PC)"},"content":{"rendered":"<p>ADLQM87PC zapewnia najwy\u017cszy w bran\u017cy GIPS i najg\u0119\u015bciej zapakowany kompleksowy zestaw funkcji. ADLQM87PC bazuje na procesorze Intel Core 4th Generation i Intel 8-Series QM87 PCH Chipset. Ma wbudowane gniazdo Mini PCIe\/mSATA dla WiFi, GPS, bootable flash storage, Trusted Platform Module (TPM v 1.2), 2xUSB 3.0, 1.35 V, 4x SATA 6 GB\/s, 2x GLAN, Display Port, HDMI\/DVI, VGA, etc&#8230; Ca\u0142o\u015b\u0107 ma mniejszy rozmiar, wysoko\u015b\u0107 oraz szerszy zakres temperatur i lepsz\u0105 wytrzyma\u0142o\u015b\u0107 w por\u00f3wnaniu z podstawowym modu\u0142em COM-Express.<\/p>\n<p>ADLQM87PC oferuje znacznie ulepszony silnik graficzny Intel HD4600 z 2 razy lepsz\u0105 wydajno\u015bci\u0105 od poprzedniej grafiki Intel Core 2. generacji. Idealnie nadaje si\u0119 do zastosowa\u0144 w ograniczonych przestrzeniach oraz trudnych lub rozszerzonych temperaturach, w kt\u00f3rych wydajno\u015b\u0107 procesor\u00f3w wielordzeniowych jest kluczowa. Cechuje si\u0119 niezr\u00f3wnan\u0105 skuteczno\u015bci\u0105 w zastosowaniach, takich jak: przetwarzanie radarowe i sonarowe, przetwarzanie sygna\u0142\u00f3w graficznych, taktyczne komenda i kontrola, nadz\u00f3r i rozpoznanie oraz transport i kolej.<\/p>\n<p>ADL Embedded Solutions oferuje wsparcie dla modelowania 3D CAD ADLQM87PC i pe\u0142ne us\u0142ugi projektowania system\u00f3w, kt\u00f3re obejmuj\u0105 niestandardow\u0105 konstrukcj\u0119 obudowy, projektowanie rozwi\u0105za\u0144 termicznych oraz us\u0142ugi integracji system\u00f3w.<\/p>\n<h4>Cechy produktu:<\/h4>\n<ul>\n<li>CPU: Intel\u00ae Core&#x2122; Celeron\/I5\/I7 Processor (Haswell)<\/li>\n<li>CPU Choice: Celeron 2000E, i5-4400E, i7-4700EQ<\/li>\n<li>Chipset: Intel\u00ae QM87 (Lynx Point-M)<\/li>\n<\/ul>\n<p>&nbsp;<\/p>\n<h4>Informacje o zamawianiu:<\/h4>\n<p>&nbsp;<\/p>\n\n<table id=\"tablepress-36\" class=\"tablepress tablepress-id-36 tbody-has-connected-cells\">\n<thead>\n<tr class=\"row-1\">\n\t<th class=\"column-1\">ITEM CODES<\/th><th class=\"column-2\">PART#<\/th><th class=\"column-3\">DESCRIPTION<\/th>\n<\/tr>\n<\/thead>\n<tbody class=\"row-striping row-hover\">\n<tr class=\"row-2\">\n\t<td colspan=\"3\" class=\"column-1\"><strong style=\"display: block; text-align: center;\">CPU-Boards<\/strong><\/td>\n<\/tr>\n<tr class=\"row-3\">\n\t<td class=\"column-1\">ADLQM87PC-4700EQ<\/td><td class=\"column-2\">292750<\/td><td class=\"column-3\">4th Gen Intel i7 Quadcore CPU(4x 2.4GHz, max. Turbo 3.4GHz)<\/td>\n<\/tr>\n<tr class=\"row-4\">\n\t<td class=\"column-1\">ADLQM87PC-4400E<\/td><td class=\"column-2\">292752<\/td><td class=\"column-3\">4th Gen Intel i5 Dualcore CPU(2x 2.7GHz, max. Turbo 3,7GHz)<\/td>\n<\/tr>\n<tr class=\"row-5\">\n\t<td class=\"column-1\">ADLQM87PC-2000E<\/td><td class=\"column-2\">292756<\/td><td class=\"column-3\">Intel Celeron 2000E CPU (2.2GHZ)<\/td>\n<\/tr>\n<tr class=\"row-6\">\n\t<td colspan=\"3\" class=\"column-1\"><strong style=\"display: block; text-align: center;\">Memories<\/strong><\/td>\n<\/tr>\n<tr class=\"row-7\">\n\t<td class=\"column-1\">DDR3L-DRAM4096-(V)<\/td><td class=\"column-2\">997600<\/td><td class=\"column-3\">DDR3L-1333\/1600 MHz 4GB Standard Temperature<\/td>\n<\/tr>\n<tr class=\"row-8\">\n\t<td class=\"column-1\">DDR3L-DRAM8192-(V)<\/td><td class=\"column-2\">997601<\/td><td class=\"column-3\">DDR3L-1333\/1600 MHz 8GB Standard Temperature<\/td>\n<\/tr>\n<tr class=\"row-9\">\n\t<td class=\"column-1\">DDR3L-DRAM4096-EX-(V)<\/td><td class=\"column-2\">997602<\/td><td class=\"column-3\">DDR3L-1333\/1600 MHz 4GB Extended Temperature<\/td>\n<\/tr>\n<tr class=\"row-10\">\n\t<td class=\"column-1\">DDR3L-DRAM8192-EX-(V)<\/td><td class=\"column-2\">997604<\/td><td class=\"column-3\">DDR3L-1333\/1600 MHz 8GB Extended Temperature<\/td>\n<\/tr>\n<tr class=\"row-11\">\n\t<td colspan=\"3\" class=\"column-1\"><strong style=\"display: block; text-align: center;\">Thermal solutions<\/strong><\/td>\n<\/tr>\n<tr class=\"row-12\">\n\t<td class=\"column-1\">ADLQM87PC-FANSINK<\/td><td class=\"column-2\">292762M-SET<\/td><td class=\"column-3\">heat sink (cu enhanced) and fan assembly for ADLQM87PC dual\/quad<\/td>\n<\/tr>\n<tr class=\"row-13\">\n\t<td class=\"column-1\">SPREADER FANSINK DUAL<\/td><td class=\"column-2\">292416M-SET<\/td><td class=\"column-3\">Heatsink with dual fan assembly for ADLQM67\/87PC to be mounted on top of ADL SP0600\/SP1000 typical bench- &amp; development use only!<\/td>\n<\/tr>\n<tr class=\"row-14\">\n\t<td class=\"column-1\">ADLQM87PC-SP0600<\/td><td class=\"column-2\">292760M<\/td><td class=\"column-3\">0.6\" heat spreader (cu enhanced) for ADLQM87PC<\/td>\n<\/tr>\n<tr class=\"row-15\">\n\t<td class=\"column-1\">ADLQM87PCPC-SP1000<\/td><td class=\"column-2\">292761M<\/td><td class=\"column-3\">1.0\" heat spreader (cu enhanced) for ADLQM87PC<\/td>\n<\/tr>\n<tr class=\"row-16\">\n\t<td class=\"column-1\">CS-100<\/td><td class=\"column-2\">290010<\/td><td class=\"column-3\">10\"x10\" thermal chassis simulator for development<\/td>\n<\/tr>\n<tr class=\"row-17\">\n\t<td colspan=\"3\" class=\"column-1\"><strong style=\"display: block; text-align: center;\">Cables&amp;Accessoires<\/strong><\/td>\n<\/tr>\n<tr class=\"row-18\">\n\t<td class=\"column-1\">ADLQM87PC-CK<\/td><td class=\"column-2\">292770<\/td><td class=\"column-3\">Development cable kit for ADLQM87PC (W\/O SATA,GPIO,USB3,HDMI, DVI,DISPLAY PORT)<\/td>\n<\/tr>\n<tr class=\"row-19\">\n\t<td class=\"column-1\">STANDOFF-MSS<\/td><td class=\"column-2\">293406<\/td><td class=\"column-3\">standoff 0.6\" (15,24mm) PC\/104 M3, QTY 1 precision milled<\/td>\n<\/tr>\n<tr class=\"row-20\">\n\t<td class=\"column-1\">STANDOFF-1\"M3\t<\/td><td class=\"column-2\">293436<\/td><td class=\"column-3\">standoff 1.0\" (25,40 mm) PC\/104 M3, QTY 1 precision<\/td>\n<\/tr>\n<tr class=\"row-21\">\n\t<td class=\"column-1\">ADL-HDSATA<\/td><td class=\"column-2\">100-9915<\/td><td class=\"column-3\">Cable 4x SATA high density<\/td>\n<\/tr>\n<tr class=\"row-22\">\n\t<td class=\"column-1\">ADL-HDVGA<\/td><td class=\"column-2\">100-9920<\/td><td class=\"column-3\">Cable VGA CON high density<\/td>\n<\/tr>\n<tr class=\"row-23\">\n\t<td class=\"column-1\">ADL-USB3-HD<\/td><td class=\"column-2\">100-9925<\/td><td class=\"column-3\">Cable 2x USB 3.0 high density<\/td>\n<\/tr>\n<tr class=\"row-24\">\n\t<td class=\"column-1\">ADL-DVI-HD<\/td><td class=\"column-2\">100-9935<\/td><td class=\"column-3\">Cable DVI-D\/F high density<\/td>\n<\/tr>\n<tr class=\"row-25\">\n\t<td class=\"column-1\">ADL-DP-HD<\/td><td class=\"column-2\">100-9940<\/td><td class=\"column-3\">Cable Display port high density<\/td>\n<\/tr>\n<tr class=\"row-26\">\n\t<td class=\"column-1\">mSATA\/PCI Express Mini Card mounting option<\/td><td class=\"column-2\">46199042<\/td><td class=\"column-3\">Set for mechanical mounting of mSATA or PCI Express Mini Card-Modul on ADL CPU-Board<\/td>\n<\/tr>\n<tr class=\"row-27\">\n\t<td colspan=\"3\" class=\"column-1\"><strong style=\"display: block; text-align: center;\">Options<\/strong><\/td>\n<\/tr>\n<tr class=\"row-28\">\n\t<td class=\"column-1\">ADL-ET<\/td><td class=\"column-2\">290000<\/td><td class=\"column-3\">Extended Temperature Screening (\u201340C to +85C)<\/td>\n<\/tr>\n<tr class=\"row-29\">\n\t<td class=\"column-1\">UNDERFILL<\/td><td class=\"column-2\">807707<\/td><td class=\"column-3\">BGA underfill req\u2019d for <1nm BGA solderballs w\/ Ext Temp<\/td>\n<\/tr>\n<tr class=\"row-30\">\n\t<td class=\"column-1\">COATING<\/td><td class=\"column-2\">807706<\/td><td class=\"column-3\">Conformal Coating<\/td>\n<\/tr>\n<tr class=\"row-31\">\n\t<td class=\"column-1\">UNDERFILL\/BONDING\/COATING<\/td><td class=\"column-2\">807709<\/td><td class=\"column-3\">Underfilling, Bonding, and Conformal Coating<\/td>\n<\/tr>\n<\/tbody>\n<\/table>\n<!-- #tablepress-36 from cache -->\n","protected":false},"excerpt":{"rendered":"<p>ADLQM87PC zapewnia najwy\u017cszy w bran\u017cy GIPS i najg\u0119\u015bciej zapakowany kompleksowy zestaw funkcji. ADLQM87PC bazuje na procesorze Intel Core 4th Generation i Intel 8-Series QM87 PCH Chipset. Ma wbudowane gniazdo Mini PCIe\/mSATA dla WiFi, GPS, bootable flash storage, Trusted Platform Module (TPM v 1.2), 2xUSB 3.0, 1.35 V, 4x SATA 6 GB\/s, 2x GLAN, Display Port, HDMI\/DVI, VGA, etc&#8230; Ca\u0142o\u015b\u0107 ma mniejszy rozmiar, wysoko\u015b\u0107 oraz szerszy zakres temperatur i lepsz\u0105 wytrzyma\u0142o\u015b\u0107 w por\u00f3wnaniu z podstawowym modu\u0142em COM-Express.<\/p>\n","protected":false},"featured_media":10707,"template":"","meta":{"_acf_changed":false,"inline_featured_image":false,"_monsterinsights_skip_tracking":false,"_monsterinsights_sitenote_active":false,"_monsterinsights_sitenote_note":"","_monsterinsights_sitenote_category":0},"product_brand":[],"product_cat":[106,108,1584],"product_tag":[],"class_list":{"0":"post-3641","1":"product","2":"type-product","3":"status-publish","4":"has-post-thumbnail","6":"product_cat-adl-embedded-solutions","7":"product_cat-komputery-jednoplytkowe","8":"product_cat-komputery-jednoplytkowe-sbc-2","10":"first","11":"instock","12":"shipping-taxable","13":"product-type-simple"},"acf":[],"_links":{"self":[{"href":"https:\/\/quantum.com.pl\/pl\/wp-json\/wp\/v2\/product\/3641","targetHints":{"allow":["GET"]}}],"collection":[{"href":"https:\/\/quantum.com.pl\/pl\/wp-json\/wp\/v2\/product"}],"about":[{"href":"https:\/\/quantum.com.pl\/pl\/wp-json\/wp\/v2\/types\/product"}],"wp:featuredmedia":[{"embeddable":true,"href":"https:\/\/quantum.com.pl\/pl\/wp-json\/wp\/v2\/media\/10707"}],"wp:attachment":[{"href":"https:\/\/quantum.com.pl\/pl\/wp-json\/wp\/v2\/media?parent=3641"}],"wp:term":[{"taxonomy":"product_brand","embeddable":true,"href":"https:\/\/quantum.com.pl\/pl\/wp-json\/wp\/v2\/product_brand?post=3641"},{"taxonomy":"product_cat","embeddable":true,"href":"https:\/\/quantum.com.pl\/pl\/wp-json\/wp\/v2\/product_cat?post=3641"},{"taxonomy":"product_tag","embeddable":true,"href":"https:\/\/quantum.com.pl\/pl\/wp-json\/wp\/v2\/product_tag?post=3641"}],"curies":[{"name":"wp","href":"https:\/\/api.w.org\/{rel}","templated":true}]}}