{"id":3648,"date":"2019-07-10T16:00:35","date_gmt":"2019-07-10T14:00:35","guid":{"rendered":"https:\/\/quantum.com.pl\/?post_type=product&#038;p=3648"},"modified":"2020-12-04T15:58:35","modified_gmt":"2020-12-04T14:58:35","slug":"cs-100","status":"publish","type":"product","link":"https:\/\/quantum.com.pl\/pl\/product\/cs-100\/","title":{"rendered":"CS-100"},"content":{"rendered":"<h4>Cechy produktu:<\/h4>\n<ul>\n<li>10\u201d X 10\u201d X 1\/2\u201d Thermal Chassis Simulator<\/li>\n<li>Run Fanless in a Development Environment<\/li>\n<li>Simulates \u201cReal World\u201d Thermal Dissipation on the Benchtop<\/li>\n<li>Precision Milled Standoffs for 0.600\u201d and 1.000\u201d Clearance<\/li>\n<li>K-100 Powder Cast, Precision Milled Aluminum<\/li>\n<li>Universal Mount Pattern Supports all ADL Thermal Solutions<\/li>\n<li>Compatible with both M3 and 4-40 Hardware<\/li>\n<li>Represents an Aluminum Enclosure of 200sq in. Surface Area<\/li>\n<\/ul>\n<p>CS-100 to zwini\u0119ta obudowa o powierzchni 100 cm2, kt\u00f3ra s\u0142u\u017cy do zapewnienia masy termicznej i powierzchni ch\u0142odzenia radiacyjnego do pasywnego ch\u0142odzenia procesor\u00f3w ADL Embedded Solutions. Wywiercony za pomoc\u0105 uniwersalnego wzoru monta\u017cowego ADL Embedded Solutions, CS-100 jest kompatybilny ze wszystkimi rozpraszaczami ciep\u0142a i rurami ADL Embedded Solutions PC\/104, niezale\u017cnie od procesora, na kt\u00f3rym jest zamontowany. Do\u0142\u0105czony zestaw zawiera zar\u00f3wno sprz\u0119t M3, jak i 4-40, a tak\u017ce precyzyjne wsporniki wspieraj\u0105ce rozwi\u0105zania likwiduj\u0105ce rozrzutnik 0,600 \u201dlub 1 000\u201d.<\/p>\n<p>Zbudowany z blachy odlewanej proszkowo Blanchard, p\u0142asko\u015b\u0107 powierzchni jest wi\u0119ksza ni\u017c 0,001 cala. Anodowanie daje jednostce podstawow\u0105 emisyjno\u015b\u0107 0,75 i wi\u0119ksz\u0105 oraz reprezentuje obszar promieniowania obudowy aluminiowej z 200 cm2 powierzchni. Rejestruj\u0105c zg\u0142oszon\u0105 temperatur\u0119 procesora, temperatur\u0119 p\u0142yty i temperatur\u0119 otoczenia, mo\u017cna \u0142atwo okre\u015bli\u0107 odniesienie do wydajno\u015bci cieplnej dla konkretnego zastosowania, a newralgiczne decyzje dotycz\u0105ce powierzchni radiacyjnej obudowy mo\u017cna \u0142atwo odczyta\u0107 i przetestowa\u0107 w odniesieniu do podanych danych.<\/p>\n<p>CS-100 jest r\u00f3wnie\u017c wdra\u017cany jako platforma programistyczna do sprawdzania pasywnych system\u00f3w ch\u0142odzenia. Dodatkowe pary otwor\u00f3w na obwodzie s\u0105 po\u0142\u0105czone wpuszczonym rowkiem z ty\u0142u CS-100. W po\u0142\u0105czeniu z nylonowymi elementami, te pary otwor\u00f3w zapewniaj\u0105 wygodne punkty mocowania i odci\u0105\u017cenia kabli interfejsu z zamontowanego procesora PC\/104. Utrzymuj\u0105c kable w czysto\u015bci i zapobiegaj\u0105c nadmiernym szkodom dla z\u0142\u0105czy na p\u0142ycie g\u0142\u00f3wnej PC\/104, CS-100 staje si\u0119 centralnym elementem pasywnego prototypowania.<\/p>\n<p>&nbsp;<\/p>\n<h4>Informacje o zamawianiu:<\/h4>\n\n<table id=\"tablepress-37\" class=\"tablepress tablepress-id-37 tbody-has-connected-cells\">\n<thead>\n<tr class=\"row-1\">\n\t<th class=\"column-1\"><strong>Item Codes\t<\/strong><\/th><th class=\"column-2\"><strong>Part#\t<\/strong><\/th><th class=\"column-3\"><strong>Description<\/strong><br \/>\n<\/th>\n<\/tr>\n<\/thead>\n<tbody class=\"row-striping row-hover\">\n<tr class=\"row-2\">\n\t<td colspan=\"3\" class=\"column-1\"><strong style=\"display: block; text-align: center;\">Base<\/strong><\/td>\n<\/tr>\n<tr class=\"row-3\">\n\t<td class=\"column-1\">CS-100<\/td><td class=\"column-2\">290010<\/td><td class=\"column-3\">10\u201d X 10\u201d X 1\/2\u201d Thermal Chassis Simulator<br \/>\n<\/td>\n<\/tr>\n<\/tbody>\n<\/table>\n<!-- #tablepress-37 from cache -->\n","protected":false},"excerpt":{"rendered":"<p>CS-100 to zwini\u0119ta obudowa o powierzchni 100 cm2, kt\u00f3ra s\u0142u\u017cy do zapewnienia masy termicznej i powierzchni ch\u0142odzenia radiacyjnego do pasywnego ch\u0142odzenia procesor\u00f3w ADL Embedded Solutions. Wywiercony za pomoc\u0105 uniwersalnego wzoru monta\u017cowego ADL Embedded Solutions, CS-100 jest kompatybilny ze wszystkimi rozpraszaczami ciep\u0142a i rurami ADL Embedded Solutions PC\/104, niezale\u017cnie od procesora, na kt\u00f3rym jest zamontowany.<\/p>\n","protected":false},"featured_media":10742,"template":"","meta":{"_acf_changed":false,"inline_featured_image":false,"_monsterinsights_skip_tracking":false,"_monsterinsights_sitenote_active":false,"_monsterinsights_sitenote_note":"","_monsterinsights_sitenote_category":0},"product_brand":[],"product_cat":[106,244],"product_tag":[],"class_list":{"0":"post-3648","1":"product","2":"type-product","3":"status-publish","4":"has-post-thumbnail","6":"product_cat-adl-embedded-solutions","7":"product_cat-akcesoria","9":"first","10":"instock","11":"shipping-taxable","12":"product-type-simple"},"acf":[],"_links":{"self":[{"href":"https:\/\/quantum.com.pl\/pl\/wp-json\/wp\/v2\/product\/3648","targetHints":{"allow":["GET"]}}],"collection":[{"href":"https:\/\/quantum.com.pl\/pl\/wp-json\/wp\/v2\/product"}],"about":[{"href":"https:\/\/quantum.com.pl\/pl\/wp-json\/wp\/v2\/types\/product"}],"wp:featuredmedia":[{"embeddable":true,"href":"https:\/\/quantum.com.pl\/pl\/wp-json\/wp\/v2\/media\/10742"}],"wp:attachment":[{"href":"https:\/\/quantum.com.pl\/pl\/wp-json\/wp\/v2\/media?parent=3648"}],"wp:term":[{"taxonomy":"product_brand","embeddable":true,"href":"https:\/\/quantum.com.pl\/pl\/wp-json\/wp\/v2\/product_brand?post=3648"},{"taxonomy":"product_cat","embeddable":true,"href":"https:\/\/quantum.com.pl\/pl\/wp-json\/wp\/v2\/product_cat?post=3648"},{"taxonomy":"product_tag","embeddable":true,"href":"https:\/\/quantum.com.pl\/pl\/wp-json\/wp\/v2\/product_tag?post=3648"}],"curies":[{"name":"wp","href":"https:\/\/api.w.org\/{rel}","templated":true}]}}