{"id":3669,"date":"2019-07-10T16:28:00","date_gmt":"2019-07-10T14:28:00","guid":{"rendered":"https:\/\/quantum.com.pl\/?post_type=product&#038;p=3669"},"modified":"2020-12-04T13:33:25","modified_gmt":"2020-12-04T12:33:25","slug":"adlsst","status":"publish","type":"product","link":"https:\/\/quantum.com.pl\/pl\/product\/adlsst\/","title":{"rendered":"ADLSST"},"content":{"rendered":"<h4>Cechy produktu:<\/h4>\n<ul>\n<li>Linux-Based, Command Line Health Monitor Utility<\/li>\n<li>Output Board Data Including Serial Number, BIOS Version, PIC Firmware, etc.<\/li>\n<li>Output DTS CPU Temperature Data<\/li>\n<li>Output Temperature Data from other Board Locations<\/li>\n<li>Output Power Supply Voltages<\/li>\n<li>Output UPS Data if Available<\/li>\n<li>Datalogging Feature<\/li>\n<li>Heatsink Verification Function<\/li>\n<\/ul>\n<p>Narz\u0119dzie ADLSST System Sensor Technology wprowadza do \u015brodowiska Linux ten sam typ funkcji monitorowania stanu procesora, kt\u00f3re wcze\u015bniej by\u0142y dost\u0119pne tylko w \u015brodowisku Windows.<\/p>\n<p>ADLSST jest newralgicznym narz\u0119dziem dla projektant\u00f3w i in\u017cynier\u00f3w, kt\u00f3ry umo\u017cliwia monitorowanie wszystkich kluczowych napi\u0119\u0107 i temperatur procesora, kt\u00f3re s\u0105 decyduj\u0105ce dla optymalizacji wydajno\u015bci, przy zachowaniu dozwolonych parametr\u00f3w pracy procesora. Dla klient\u00f3w wykonuj\u0105cych w\u0142asn\u0105 instalacj\u0119 rozwi\u0105zania termicznego, do\u0142\u0105czona jest funkcja weryfikacji radiatora w celu przetestowania jego prawid\u0142owej instalacji.<\/p>\n<p>Inne dost\u0119pne dane obejmuj\u0105 UPS, numer seryjny p\u0142yty, wersj\u0119 oprogramowania uk\u0142adowego, wersj\u0119 BIOS-u, histori\u0119 dzia\u0142ania i rejestracj\u0119 danych, kt\u00f3re mog\u0105 pom\u00f3c w kwestiach dokumentacji i pomocy technicznej.<\/p>\n<p>&nbsp;<\/p>\n","protected":false},"excerpt":{"rendered":"<p>Narz\u0119dzie ADLSST System Sensor Technology wprowadza do \u015brodowiska Linux ten sam typ funkcji monitorowania stanu procesora, kt\u00f3re wcze\u015bniej by\u0142y dost\u0119pne tylko w \u015brodowisku Windows.<\/p>\n<p>ADLSST jest newralgicznym narz\u0119dziem dla projektant\u00f3w i in\u017cynier\u00f3w, kt\u00f3ry umo\u017cliwia monitorowanie wszystkich kluczowych napi\u0119\u0107 i temperatur procesora, kt\u00f3re s\u0105 decyduj\u0105ce dla optymalizacji wydajno\u015bci, przy zachowaniu dozwolonych parametr\u00f3w pracy procesora.<\/p>\n","protected":false},"featured_media":10740,"template":"","meta":{"_acf_changed":false,"inline_featured_image":false,"_monsterinsights_skip_tracking":false,"_monsterinsights_sitenote_active":false,"_monsterinsights_sitenote_note":"","_monsterinsights_sitenote_category":0},"product_brand":[],"product_cat":[106,244,1536],"product_tag":[],"class_list":{"0":"post-3669","1":"product","2":"type-product","3":"status-publish","4":"has-post-thumbnail","6":"product_cat-adl-embedded-solutions","7":"product_cat-akcesoria","8":"product_cat-kategorie","10":"first","11":"instock","12":"shipping-taxable","13":"product-type-simple"},"acf":[],"_links":{"self":[{"href":"https:\/\/quantum.com.pl\/pl\/wp-json\/wp\/v2\/product\/3669","targetHints":{"allow":["GET"]}}],"collection":[{"href":"https:\/\/quantum.com.pl\/pl\/wp-json\/wp\/v2\/product"}],"about":[{"href":"https:\/\/quantum.com.pl\/pl\/wp-json\/wp\/v2\/types\/product"}],"wp:featuredmedia":[{"embeddable":true,"href":"https:\/\/quantum.com.pl\/pl\/wp-json\/wp\/v2\/media\/10740"}],"wp:attachment":[{"href":"https:\/\/quantum.com.pl\/pl\/wp-json\/wp\/v2\/media?parent=3669"}],"wp:term":[{"taxonomy":"product_brand","embeddable":true,"href":"https:\/\/quantum.com.pl\/pl\/wp-json\/wp\/v2\/product_brand?post=3669"},{"taxonomy":"product_cat","embeddable":true,"href":"https:\/\/quantum.com.pl\/pl\/wp-json\/wp\/v2\/product_cat?post=3669"},{"taxonomy":"product_tag","embeddable":true,"href":"https:\/\/quantum.com.pl\/pl\/wp-json\/wp\/v2\/product_tag?post=3669"}],"curies":[{"name":"wp","href":"https:\/\/api.w.org\/{rel}","templated":true}]}}