{"id":3670,"date":"2019-07-10T16:32:31","date_gmt":"2019-07-10T14:32:31","guid":{"rendered":"https:\/\/quantum.com.pl\/?post_type=product&#038;p=3670"},"modified":"2020-12-04T13:50:42","modified_gmt":"2020-12-04T12:50:42","slug":"cb4055","status":"publish","type":"product","link":"https:\/\/quantum.com.pl\/pl\/product\/cb4055\/","title":{"rendered":"CB4055 (ADLQM67PC)"},"content":{"rendered":"<p>ADLQM67PC posiada pierwszy czterordzeniowy procesor dost\u0119pny w obudowie PC\/104. 2nd\/3rd Generation Intel Core&#x2122; i7 Processor zawiera najnowsz\u0105 wbudowan\u0105 platform\u0119 dwuprocesorow\u0105 firmy Intel. Procesor 2. generacji i7 integruje silnik Intel HD Graphics 3000 z AVX (Advanced Vector Extensions), jak r\u00f3wnie\u017c funkcjami kontrolera tradycyjnej pami\u0119ci GMCH. QM67 Platform Controller Hub (PCH) zapewnia przepustowo\u015b\u0107 PCI-Express I\/O przy dwukrotnej szybko\u015bci (5 GT\/s) wcze\u015bniejszych platform i7 lub Core 2 Duo.<\/p>\n<p>ADLQM67PC jest idealny do wymagaj\u0105cych warunk\u00f3w, w kt\u00f3rych wysoka wydajno\u015b\u0107 procesora jest kluczowa. Cechuje si\u0119 niezr\u00f3wnan\u0105 skuteczno\u015bci\u0105 w zastosowaniach, takich jak: przetwarzanie radarowe i sonarowe, przetwarzanie sygna\u0142\u00f3w graficznych, taktyczne komenda i kontrola, nadz\u00f3r i rozpoznanie oraz transport i kolej.<\/p>\n<p>Opr\u00f3cz mo\u017cliwo\u015bci zastosowania w trudnych warunkach \u015brodowiskowych, ADLQM67PC cechuje si\u0119 dodatkowym zestawem funkcji. Posiada dyskretny 16-bitowy cyfrowy port I\/O, a tak\u017ce oddzielne interfejsy VGA, LVDS, HDMI i Display Port. ADLQM67PC ma r\u00f3wnie\u017c 2x porty RS232 COM, 2x SATA 6Gb\/s z obs\u0142ug\u0105 RAID, 8x USB 2.0, dwa startowe Gigabit Ethernet LAN, HDA 7.1 i bottom-stacking PCIe\/104 V2.01 (typ 1) obs\u0142uguj\u0105cy przepustowo\u015b\u0107 Gen2 5 GT\/s \u2013 to tylko niekt\u00f3re z jego dost\u0119pnych funkcji.<\/p>\n<p>ADL Embedded Solutions oferuje wysoce efektywne aktywne i pasywne rozwi\u0105zania termiczne przeznaczone dla tego produktu.<\/p>\n<h4>Cechy produktu:<\/h4>\n<ul>\n<li>CPU: Intel\u00ae Core&#x2122; Celeron\/I5\/I7 Processor (Sandy Bridge, Ivy Bridge)<\/li>\n<li>CPU Choice: i7-2655LE, i7-2715QE, i7-3517UE<\/li>\n<li>Chipset: Intel\u00ae QM67 (Cougar Point-M)<\/li>\n<\/ul>\n<h4><\/h4>\n<h4>Informacje o zamawianiu:<\/h4>\n<p>&nbsp;<\/p>\n\n<table id=\"tablepress-38\" class=\"tablepress tablepress-id-38 tbody-has-connected-cells\">\n<thead>\n<tr class=\"row-1\">\n\t<th class=\"column-1\">ITEM CODES<\/th><th class=\"column-2\">PART#<\/th><th class=\"column-3\">DESCRIPTION<\/th>\n<\/tr>\n<\/thead>\n<tbody class=\"row-striping row-hover\">\n<tr class=\"row-2\">\n\t<td colspan=\"3\" class=\"column-1\"><strong style=\"display: block; text-align: center;\">CPU-Boards<\/strong><\/td>\n<\/tr>\n<tr class=\"row-3\">\n\t<td class=\"column-1\">ADLQM67PC-2715QE<\/td><td class=\"column-2\">292600<\/td><td class=\"column-3\">2nd Gen Intel i7 Quadcore CPU (4x 2.1GHz, max. Turbo 3.0GHz)<\/td>\n<\/tr>\n<tr class=\"row-4\">\n\t<td class=\"column-1\">ADLQM67PC-2655LE<\/td><td class=\"column-2\">292602<\/td><td class=\"column-3\">2nd Gen Intel i7 Dualcore CPU (2x 2.2GHZ, max. Turbo 2.9GHz)<\/td>\n<\/tr>\n<tr class=\"row-5\">\n\t<td class=\"column-1\">ADLQM67PC-3517UE<\/td><td class=\"column-2\">292609<\/td><td class=\"column-3\">3rd Gen Intel i7 Dualcore CPU (2x 1.7GHZ, max. Turbo 2.8GHz)<\/td>\n<\/tr>\n<tr class=\"row-6\">\n\t<td colspan=\"3\" class=\"column-1\"><strong style=\"display: block; text-align: center;\">Memories<\/strong><\/td>\n<\/tr>\n<tr class=\"row-7\">\n\t<td class=\"column-1\">DDR3-DRAM2048-(V)<\/td><td class=\"column-2\">997506<\/td><td class=\"column-3\">2GB DDR3 DRAM 1333MHZ 1R(V)<\/td>\n<\/tr>\n<tr class=\"row-8\">\n\t<td class=\"column-1\">DDR3-DRAM4096-(V)<\/td><td class=\"column-2\">997507<\/td><td class=\"column-3\">4GB DDR3 DRAM 1333MHZ (V)<\/td>\n<\/tr>\n<tr class=\"row-9\">\n\t<td class=\"column-1\">DDR3-DRAM8192-(V)<\/td><td class=\"column-2\">997508<\/td><td class=\"column-3\">8GB DDR3 DRAM 1333MHZ (V)<\/td>\n<\/tr>\n<tr class=\"row-10\">\n\t<td class=\"column-1\">DDR3-DRAM2048-EX-(V)<\/td><td class=\"column-2\">997516<\/td><td class=\"column-3\">2GB DDR3 DRAM-EX 1333MHZ 1R(V) -40\u00b0C to +85\u00b0C<\/td>\n<\/tr>\n<tr class=\"row-11\">\n\t<td class=\"column-1\">DDR3-DRAM4096-EX-(V)<\/td><td class=\"column-2\">997517<\/td><td class=\"column-3\">4GB DDR3 DRAM-EX 1333MHZ (V) -40\u00b0C to +85\u00b0C<\/td>\n<\/tr>\n<tr class=\"row-12\">\n\t<td class=\"column-1\">DDR3-DRAM8192-EX-(V)<\/td><td class=\"column-2\">997518<\/td><td class=\"column-3\">8GB DDR3 DRAM-EX 1333MHZ (V) -40\u00b0C to +85\u00b0C<\/td>\n<\/tr>\n<tr class=\"row-13\">\n\t<td colspan=\"3\" class=\"column-1\"><strong style=\"display: block; text-align: center;\">Thermal solutions<\/strong><\/td>\n<\/tr>\n<tr class=\"row-14\">\n\t<td class=\"column-1\">ADLQM67PC-FANSINK<\/td><td class=\"column-2\">292610M-SET<\/td><td class=\"column-3\">heat sink (cu enhanced) and fan assembly for ADLQM67PC dual\/quad<\/td>\n<\/tr>\n<tr class=\"row-15\">\n\t<td class=\"column-1\">SPREADER FANSINK DUAL<\/td><td class=\"column-2\">292416M-SET<\/td><td class=\"column-3\">Heatsink with dual fan assembly for ADLQM67\/87PC to be mounted on top of ADL SP0600\/SP1000 typical bench- &amp; development use only!<\/td>\n<\/tr>\n<tr class=\"row-16\">\n\t<td class=\"column-1\">ADLQM67PC-SP0600<\/td><td class=\"column-2\">292612M<\/td><td class=\"column-3\">0.6\" heat spreader (cu enhanced) for ADLQM67PC dual\/quad<\/td>\n<\/tr>\n<tr class=\"row-17\">\n\t<td class=\"column-1\">ADLQM67PC-3517UE-SP0600<\/td><td class=\"column-2\">292619M-SET<\/td><td class=\"column-3\">0.6\" heat spreader (cu enhanced) for ADLQM67PC dual<\/td>\n<\/tr>\n<tr class=\"row-18\">\n\t<td class=\"column-1\">ADLQM67PC-SP1000<\/td><td class=\"column-2\">292614M<\/td><td class=\"column-3\">1.0\" heat spreader (cu enhanced) for ADLQM67PC dual\/quad<\/td>\n<\/tr>\n<tr class=\"row-19\">\n\t<td class=\"column-1\">ADLQM67PC-3517UE-SP1000<\/td><td class=\"column-2\">292623M-SET<\/td><td class=\"column-3\">1.0\" heat spreader (cu enhanced) for ADLQM67PC dual<\/td>\n<\/tr>\n<tr class=\"row-20\">\n\t<td class=\"column-1\">CS-100<\/td><td class=\"column-2\">290010<\/td><td class=\"column-3\">10\"x10\" thermal chassis simulator for development<\/td>\n<\/tr>\n<tr class=\"row-21\">\n\t<td colspan=\"3\" class=\"column-1\"><strong style=\"display: block; text-align: center;\">Cables&amp;Accessoires<\/strong><\/td>\n<\/tr>\n<tr class=\"row-22\">\n\t<td class=\"column-1\">ADLQM67PC-CK<\/td><td class=\"column-2\">292520<\/td><td class=\"column-3\">Development cable kit for ADLD25PC\/N2000PC &amp; ADLQM67PC. FOR QM67PC SECOND LAN CABLE (ADLGBLAN-2MM 100-9720) REQUIRED<\/td>\n<\/tr>\n<tr class=\"row-23\">\n\t<td class=\"column-1\">STANDOFF-MSS<\/td><td class=\"column-2\">293406<\/td><td class=\"column-3\">.6\" (15.24mm) PC\/104 M3, QTY 1 precision milled SS stand-off\/post<\/td>\n<\/tr>\n<tr class=\"row-24\">\n\t<td class=\"column-1\">STANDOFF-1\"M3\t<\/td><td class=\"column-2\">293436<\/td><td class=\"column-3\">1\" PC\/104 M3, QTY 1 precision milled SS stand-off\/post<\/td>\n<\/tr>\n<tr class=\"row-25\">\n\t<td class=\"column-1\">ADLLVDSTTL<\/td><td class=\"column-2\">299915<\/td><td class=\"column-3\">LVDS to TTL converter board for ADL CPU'S (not in stack)<\/td>\n<\/tr>\n<tr class=\"row-26\">\n\t<td class=\"column-1\">ADL-GPIO<\/td><td class=\"column-2\">100-9732<\/td><td class=\"column-3\">Cable 2mm 16bit GPIO<\/td>\n<\/tr>\n<tr class=\"row-27\">\n\t<td class=\"column-1\">ADL2MM-HDMI<\/td><td class=\"column-2\">100-9745<\/td><td class=\"column-3\">Cable 2MM to PNL MT HDMI\/F 15\"<\/td>\n<\/tr>\n<tr class=\"row-28\">\n\t<td class=\"column-1\">ADL2MM-DVID<\/td><td class=\"column-2\">100-9750<\/td><td class=\"column-3\">Cable 2MM to PNL MT DVI-D\/F 15\"<\/td>\n<\/tr>\n<tr class=\"row-29\">\n\t<td class=\"column-1\">ADL2MM-DP<\/td><td class=\"column-2\">100-9755<\/td><td class=\"column-3\">cable 2MM to PNL MT DisplayPort 15\"<\/td>\n<\/tr>\n<tr class=\"row-30\">\n\t<td colspan=\"3\" class=\"column-1\"><strong style=\"display: block; text-align: center;\">Options<\/strong><\/td>\n<\/tr>\n<tr class=\"row-31\">\n\t<td class=\"column-1\">ADL-ET<\/td><td class=\"column-2\">290000<\/td><td class=\"column-3\">Extended Temperature Screening (\u201340C to +85C)<\/td>\n<\/tr>\n<tr class=\"row-32\">\n\t<td class=\"column-1\">UNDERFILL<\/td><td class=\"column-2\">807707<\/td><td class=\"column-3\">BGA underfill req\u2019d for <1nm BGA solderballs w\/ Ext Temp<\/td>\n<\/tr>\n<tr class=\"row-33\">\n\t<td class=\"column-1\">COATING<\/td><td class=\"column-2\">807706<\/td><td class=\"column-3\">Conformal Coating<\/td>\n<\/tr>\n<tr class=\"row-34\">\n\t<td class=\"column-1\">UNDERFILL\/BONDING\/COATING<\/td><td class=\"column-2\">807709<\/td><td class=\"column-3\">Underfilling, Bonding, and Conformal Coating<\/td>\n<\/tr>\n<\/tbody>\n<\/table>\n<!-- #tablepress-38 from cache -->\n","protected":false},"excerpt":{"rendered":"<p>ADLQM67PC posiada pierwszy czterordzeniowy procesor dost\u0119pny w obudowie PC\/104. 2nd\/3rd Generation Intel Core&#x2122; i7 Processor zawiera najnowsz\u0105 wbudowan\u0105 platform\u0119 dwuprocesorow\u0105 firmy Intel. Procesor 2. generacji i7 integruje silnik Intel HD Graphics 3000 z AVX (Advanced Vector Extensions), jak r\u00f3wnie\u017c funkcjami kontrolera tradycyjnej pami\u0119ci GMCH. QM67 Platform Controller Hub (PCH) zapewnia przepustowo\u015b\u0107 PCI-Express I\/O przy dwukrotnej szybko\u015bci (5 GT\/s) wcze\u015bniejszych platform i7 lub Core 2 Duo.<\/p>\n","protected":false},"featured_media":10705,"template":"","meta":{"_acf_changed":false,"inline_featured_image":false,"_monsterinsights_skip_tracking":false,"_monsterinsights_sitenote_active":false,"_monsterinsights_sitenote_note":"","_monsterinsights_sitenote_category":0},"product_brand":[],"product_cat":[106,1584,108],"product_tag":[],"class_list":{"0":"post-3670","1":"product","2":"type-product","3":"status-publish","4":"has-post-thumbnail","6":"product_cat-adl-embedded-solutions","7":"product_cat-komputery-jednoplytkowe-sbc-2","8":"product_cat-komputery-jednoplytkowe","10":"first","11":"instock","12":"shipping-taxable","13":"product-type-simple"},"acf":[],"_links":{"self":[{"href":"https:\/\/quantum.com.pl\/pl\/wp-json\/wp\/v2\/product\/3670","targetHints":{"allow":["GET"]}}],"collection":[{"href":"https:\/\/quantum.com.pl\/pl\/wp-json\/wp\/v2\/product"}],"about":[{"href":"https:\/\/quantum.com.pl\/pl\/wp-json\/wp\/v2\/types\/product"}],"wp:featuredmedia":[{"embeddable":true,"href":"https:\/\/quantum.com.pl\/pl\/wp-json\/wp\/v2\/media\/10705"}],"wp:attachment":[{"href":"https:\/\/quantum.com.pl\/pl\/wp-json\/wp\/v2\/media?parent=3670"}],"wp:term":[{"taxonomy":"product_brand","embeddable":true,"href":"https:\/\/quantum.com.pl\/pl\/wp-json\/wp\/v2\/product_brand?post=3670"},{"taxonomy":"product_cat","embeddable":true,"href":"https:\/\/quantum.com.pl\/pl\/wp-json\/wp\/v2\/product_cat?post=3670"},{"taxonomy":"product_tag","embeddable":true,"href":"https:\/\/quantum.com.pl\/pl\/wp-json\/wp\/v2\/product_tag?post=3670"}],"curies":[{"name":"wp","href":"https:\/\/api.w.org\/{rel}","templated":true}]}}