{"id":3691,"date":"2019-07-10T17:14:24","date_gmt":"2019-07-10T15:14:24","guid":{"rendered":"https:\/\/quantum.com.pl\/?post_type=product&#038;p=3691"},"modified":"2020-12-04T13:56:44","modified_gmt":"2020-12-04T12:56:44","slug":"cb4063-2","status":"publish","type":"product","link":"https:\/\/quantum.com.pl\/pl\/product\/cb4063-2\/","title":{"rendered":"CB4063 (ADLE3800PC)"},"content":{"rendered":"<p>ADLE3800PC bazuje na pierwszej rodzinie produkt\u00f3w Intel System-on-Chip (SoC) E3800 Atom, wykorzystuj\u0105cej technologi\u0119 Intel 22nm 3D Tri-gate. Oferuje znacznie lepsz\u0105 skuteczno\u015b\u0107 obliczeniow\u0105 i efektywno\u015b\u0107 energetyczn\u0105 oraz silnik graficzny Intel 7. generacji, kt\u00f3ry zapewnia osza\u0142amiaj\u0105c\u0105 wydajno\u015b\u0107 graficzn\u0105. Ulepszone mo\u017cliwo\u015bci zarz\u0105dzania energi\u0105 powoduj\u0105, \u017ce moc w trybie czuwania jest mierzona w miliwatach, co pozwala na kilkudniowy czas czuwania.<\/p>\n<p>ADLE3800PC jest idealny do trudnych, rozszerzonych temperatur w inteligentnych systemach o rygorystycznych rozmiarach, wadze i mocy (SWAP). Posiada szerok\u0105 temperatur\u0119 po\u0142\u0105czenia termicznego (Tj) w zakresie od -40C do +85C z opcj\u0105 przesiewow\u0105 ADL. Standardowa temperatura robocza wynosi od -25C do +75C. Silnik graficzny ma mo\u017cliwo\u015b\u0107 dekodowania 10 lub wi\u0119cej strumieni wideo 1080p, ma zintegrowane przyspieszenie sprz\u0119towe dla dekodowania wideo H.264, MVC, VPG8, VC1\/WMV9 i innych standard\u00f3w. Obs\u0142uguje r\u00f3wnie\u017c DirectX 11, Open GL 4.0, odtwarzanie wideo Full HD, obs\u0142ug\u0119 dw\u00f3ch wy\u015bwietlaczy i maksymaln\u0105 rozdzielczo\u015b\u0107 2560 x 1600 @ 60Hz.<\/p>\n<p>ADLE3800PC nadaje si\u0119 szczeg\u00f3lnie do zastosowa\u0144 w trudnych warunkach, takich jak: sterowanie przemys\u0142owe i automatyka czy komunikacja w pojazdach i systemy Infotainment dla komercyjnych flot transportowych. Doskona\u0142a grafika i niska moc sprawiaj\u0105 r\u00f3wnie\u017c, \u017ce produkt ten jest idealny dla mobilnej informatyki, przeno\u015bnych urz\u0105dze\u0144 medycznych i autonomicznych mobilnych system\u00f3w do zastosowa\u0144 cywilnych, komercyjnych oraz obronnych.<\/p>\n<h4>Cechy produktu:<\/h4>\n<ul>\n<li>CPU: Intel\u00ae Atom&#x2122; E3800 Processor (Bay Trail)<\/li>\n<li>CPU Choice: Dual Core E3827, Quad Core E3845<\/li>\n<li>Chipset: Intel\u00ae SoC<\/li>\n<\/ul>\n<p>&nbsp;<\/p>\n<h4>Informacje o zamawianiu:<\/h4>\n<p>&nbsp;<\/p>\n\n<table id=\"tablepress-40\" class=\"tablepress tablepress-id-40 tbody-has-connected-cells\">\n<thead>\n<tr class=\"row-1\">\n\t<th class=\"column-1\">ITEM CODES<\/th><th class=\"column-2\">PART#<\/th><th class=\"column-3\">DESCRIPTION<\/th>\n<\/tr>\n<\/thead>\n<tbody class=\"row-striping row-hover\">\n<tr class=\"row-2\">\n\t<td colspan=\"3\" class=\"column-1\"><strong style=\"display: block; text-align: center;\">CPU-Boards<\/strong><\/td>\n<\/tr>\n<tr class=\"row-3\">\n\t<td class=\"column-1\">ADLE3800PC-E3845<\/td><td class=\"column-2\">292800<\/td><td class=\"column-3\">4th Gen Intel ATOM QuadCore CPU (4x 1.91GHz)<\/td>\n<\/tr>\n<tr class=\"row-4\">\n\t<td class=\"column-1\">ADLE3800PC-E3827<\/td><td class=\"column-2\">292802<\/td><td class=\"column-3\">4th Gen Intel ATOM DualCore CPU (2x 1.75GHz)<\/td>\n<\/tr>\n<tr class=\"row-5\">\n\t<td colspan=\"3\" class=\"column-1\"><strong style=\"display: block; text-align: center;\">Memories<\/strong><\/td>\n<\/tr>\n<tr class=\"row-6\">\n\t<td class=\"column-1\">DDR3L-DRAM2048-(V)<\/td><td class=\"column-2\">997598<\/td><td class=\"column-3\">2GB DDR3L DRAM 1600MHZ (V)<\/td>\n<\/tr>\n<tr class=\"row-7\">\n\t<td class=\"column-1\">DDR3L-DRAM4096-(V)<\/td><td class=\"column-2\">997600<\/td><td class=\"column-3\">4GB DDR3L DRAM 1600MHZ (V)<\/td>\n<\/tr>\n<tr class=\"row-8\">\n\t<td class=\"column-1\">DDR3L-DRAM8192-(V)<\/td><td class=\"column-2\">997601<\/td><td class=\"column-3\">8GB DDR3L DRAM 1600MHZ (V)<\/td>\n<\/tr>\n<tr class=\"row-9\">\n\t<td class=\"column-1\">DDR3L-DRAM2048-EX-(V)<\/td><td class=\"column-2\">997599<\/td><td class=\"column-3\">2GB DDR3L DRAM 1600MHZ (V) -40\u00b0C TO +85\u00b0C<\/td>\n<\/tr>\n<tr class=\"row-10\">\n\t<td class=\"column-1\">DDR3L-DRAM4096-EX-(V)<\/td><td class=\"column-2\">997602<\/td><td class=\"column-3\">4GB DDR3L DRAM-EX 1600MHZ (V) -40\u00b0C TO +85\u00b0C<\/td>\n<\/tr>\n<tr class=\"row-11\">\n\t<td class=\"column-1\">DDR3L-DRAM8192-EX-(V)<\/td><td class=\"column-2\">997604<\/td><td class=\"column-3\">8GB DDR3L DRAM-EX 1600MHZ (V) -40\u00b0C TO +85\u00b0C<\/td>\n<\/tr>\n<tr class=\"row-12\">\n\t<td colspan=\"3\" class=\"column-1\"><strong style=\"display: block; text-align: center;\">Thermal solutions<\/strong><\/td>\n<\/tr>\n<tr class=\"row-13\">\n\t<td class=\"column-1\">ADLE3800PC-FANSINK<\/td><td class=\"column-2\">292812M-SET<\/td><td class=\"column-3\">2\" x 2\" heat sink and fan assembly for ADLE3800PC<\/td>\n<\/tr>\n<tr class=\"row-14\">\n\t<td class=\"column-1\">ADLE3800PC-LP<\/td><td class=\"column-2\">292810M<\/td><td class=\"column-3\">Low Profile Passive Heatsink<\/td>\n<\/tr>\n<tr class=\"row-15\">\n\t<td class=\"column-1\">ADLE3800PC-SP0600<\/td><td class=\"column-2\">292806M<\/td><td class=\"column-3\">0.600\u201d Heat Spreader<\/td>\n<\/tr>\n<tr class=\"row-16\">\n\t<td class=\"column-1\">ADLE3800PC-SP1000<\/td><td class=\"column-2\">292808M<\/td><td class=\"column-3\">1.000\u201d Heat Spreader<\/td>\n<\/tr>\n<tr class=\"row-17\">\n\t<td class=\"column-1\">CS-100<\/td><td class=\"column-2\">290010<\/td><td class=\"column-3\">10\"x10\" thermal chassis simulator for development<\/td>\n<\/tr>\n<tr class=\"row-18\">\n\t<td colspan=\"3\" class=\"column-1\"><strong style=\"display: block; text-align: center;\">Cables&amp;Accessoires<\/strong><\/td>\n<\/tr>\n<tr class=\"row-19\">\n\t<td class=\"column-1\">ADLE3800PC-CK<\/td><td class=\"column-2\">292820<\/td><td class=\"column-3\">Development cable kit for ADLE3800PC (W\/O SATA,GPIO,USB3,HDMI, DVI,DISPLAY PORT)<\/td>\n<\/tr>\n<tr class=\"row-20\">\n\t<td class=\"column-1\">STANDOFF-MSS<\/td><td class=\"column-2\">293406<\/td><td class=\"column-3\">.6\" (15.24mm) PC\/104 M3, QTY 1 precision milles ss stand-off\/post<\/td>\n<\/tr>\n<tr class=\"row-21\">\n\t<td class=\"column-1\">STANDOFF-1\"M3\t<\/td><td class=\"column-2\">293436<\/td><td class=\"column-3\">1\" PC\/104 M3, QTY 1 precision milles ss stand-off\/post<\/td>\n<\/tr>\n<tr class=\"row-22\">\n\t<td class=\"column-1\">ADL-HDSATA<\/td><td class=\"column-2\">100-9915<\/td><td class=\"column-3\">4x SATA high density cable<\/td>\n<\/tr>\n<tr class=\"row-23\">\n\t<td class=\"column-1\">ADL-HDVGA<\/td><td class=\"column-2\">100-9920<\/td><td class=\"column-3\">VGA CON high density cable<\/td>\n<\/tr>\n<tr class=\"row-24\">\n\t<td class=\"column-1\">ADL-USB3-HD<\/td><td class=\"column-2\">100-9925<\/td><td class=\"column-3\">2x USB 3.0 high density cable<\/td>\n<\/tr>\n<tr class=\"row-25\">\n\t<td class=\"column-1\">ADL-DVI-HD<\/td><td class=\"column-2\">100-9935<\/td><td class=\"column-3\">DVI-D\/F high density cable<\/td>\n<\/tr>\n<tr class=\"row-26\">\n\t<td class=\"column-1\">ADL-DP-HD<\/td><td class=\"column-2\">100-9940<\/td><td class=\"column-3\">Display port high density cable<\/td>\n<\/tr>\n<tr class=\"row-27\">\n\t<td class=\"column-1\">2MM SYST\/SMBUS\/LEDS\/BATT\/PWR CABLE<\/td><td class=\"column-2\">100-9741<\/td><td class=\"column-3\">2MM SYST\/SMBUS\/LEDS\/BATT\/PWR CABLE FOR ADLE3800PC<\/td>\n<\/tr>\n<tr class=\"row-28\">\n\t<td class=\"column-1\">2MM SYST\/BATT\/PWR CABLE<\/td><td class=\"column-2\">100-9742<\/td><td class=\"column-3\">2MM SYST\/BATT\/PWR CABLE FOR ADLE3800PC<\/td>\n<\/tr>\n<tr class=\"row-29\">\n\t<td class=\"column-1\">mSATA\/PCI Express Mini Card mounting option<\/td><td class=\"column-2\">46199042<\/td><td class=\"column-3\">Set for mechanical mounting of mSATA or PCI Express Mini Card-Modul on ADL CPU-Board<\/td>\n<\/tr>\n<tr class=\"row-30\">\n\t<td colspan=\"3\" class=\"column-1\"><strong style=\"display: block; text-align: center;\">Options<\/strong><\/td>\n<\/tr>\n<tr class=\"row-31\">\n\t<td class=\"column-1\">ADL-ET<\/td><td class=\"column-2\">290000<\/td><td class=\"column-3\">Extended Temperature Screening (\u201340C to +85C)<\/td>\n<\/tr>\n<tr class=\"row-32\">\n\t<td class=\"column-1\">UNDERFILL<\/td><td class=\"column-2\">807707<\/td><td class=\"column-3\">BGA underfill req\u2019d for <1nm BGA solderballs w\/ Ext Temp<\/td>\n<\/tr>\n<tr class=\"row-33\">\n\t<td class=\"column-1\">COATING<\/td><td class=\"column-2\">807706<\/td><td class=\"column-3\">Conformal Coating<\/td>\n<\/tr>\n<tr class=\"row-34\">\n\t<td class=\"column-1\">UNDERFILL\/BONDING\/COATING<\/td><td class=\"column-2\">807709<\/td><td class=\"column-3\">Underfilling, Bonding, and Conformal Coating<\/td>\n<\/tr>\n<\/tbody>\n<\/table>\n<!-- #tablepress-40 from cache -->\n","protected":false},"excerpt":{"rendered":"<p>ADLE3800PC bazuje na pierwszej rodzinie produkt\u00f3w Intel System-on-Chip (SoC) E3800 Atom, wykorzystuj\u0105cej technologi\u0119 Intel 22nm 3D Tri-gate. Oferuje znacznie lepsz\u0105 skuteczno\u015b\u0107 obliczeniow\u0105 i efektywno\u015b\u0107 energetyczn\u0105 oraz silnik graficzny Intel 7. generacji, kt\u00f3ry zapewnia osza\u0142amiaj\u0105c\u0105 wydajno\u015b\u0107 graficzn\u0105. Ulepszone mo\u017cliwo\u015bci zarz\u0105dzania energi\u0105 powoduj\u0105, \u017ce moc w trybie czuwania jest mierzona w miliwatach, co pozwala na kilkudniowy czas czuwania.<\/p>\n","protected":false},"featured_media":10703,"template":"","meta":{"_acf_changed":false,"inline_featured_image":false,"_monsterinsights_skip_tracking":false,"_monsterinsights_sitenote_active":false,"_monsterinsights_sitenote_note":"","_monsterinsights_sitenote_category":0},"product_brand":[],"product_cat":[106,108,1584],"product_tag":[],"class_list":{"0":"post-3691","1":"product","2":"type-product","3":"status-publish","4":"has-post-thumbnail","6":"product_cat-adl-embedded-solutions","7":"product_cat-komputery-jednoplytkowe","8":"product_cat-komputery-jednoplytkowe-sbc-2","10":"first","11":"instock","12":"shipping-taxable","13":"product-type-simple"},"acf":[],"_links":{"self":[{"href":"https:\/\/quantum.com.pl\/pl\/wp-json\/wp\/v2\/product\/3691","targetHints":{"allow":["GET"]}}],"collection":[{"href":"https:\/\/quantum.com.pl\/pl\/wp-json\/wp\/v2\/product"}],"about":[{"href":"https:\/\/quantum.com.pl\/pl\/wp-json\/wp\/v2\/types\/product"}],"wp:featuredmedia":[{"embeddable":true,"href":"https:\/\/quantum.com.pl\/pl\/wp-json\/wp\/v2\/media\/10703"}],"wp:attachment":[{"href":"https:\/\/quantum.com.pl\/pl\/wp-json\/wp\/v2\/media?parent=3691"}],"wp:term":[{"taxonomy":"product_brand","embeddable":true,"href":"https:\/\/quantum.com.pl\/pl\/wp-json\/wp\/v2\/product_brand?post=3691"},{"taxonomy":"product_cat","embeddable":true,"href":"https:\/\/quantum.com.pl\/pl\/wp-json\/wp\/v2\/product_cat?post=3691"},{"taxonomy":"product_tag","embeddable":true,"href":"https:\/\/quantum.com.pl\/pl\/wp-json\/wp\/v2\/product_tag?post=3691"}],"curies":[{"name":"wp","href":"https:\/\/api.w.org\/{rel}","templated":true}]}}