{"id":3749,"date":"2019-07-12T19:39:54","date_gmt":"2019-07-12T17:39:54","guid":{"rendered":"https:\/\/quantum.com.pl\/?post_type=product&#038;p=3749"},"modified":"2020-12-04T14:58:07","modified_gmt":"2020-12-04T13:58:07","slug":"security-device-for-iiot-small-footprint","status":"publish","type":"product","link":"https:\/\/quantum.com.pl\/pl\/product\/security-device-for-iiot-small-footprint\/","title":{"rendered":"Security Device for IIoT (Small Footprint)"},"content":{"rendered":"<p>Security Device for IIoT (Small Footprint) zosta\u0142 opracowany dla du\u017cej korporacji mi\u0119dzynarodowej z siedzib\u0105 w Europie, kt\u00f3ra specjalizuje si\u0119 w zaufanym oprogramowaniu i us\u0142ugach bezpiecze\u0144stwa. ADL opracowa\u0142a kompaktowy Intel Atom-based Embedded PC (EPC), aby umo\u017cliwi\u0107 klientom rozw\u00f3j w przemys\u0142owych zastosowaniach IoT.<\/p>\n<p>Ma\u0142y, solidny, d\u0142ugoterminowo dost\u0119pny! W\u0142a\u015bnie taki produkt otrzymujesz dzi\u0119ki ADL Embedded-PC. Przemys\u0142owe p\u0142yty procesora o niewielkich wymiarach \u2013 tylko 75 x 75mm \u2013 otwieraj\u0105 przed tob\u0105 zupe\u0142nie nowe mo\u017cliwo\u015bci zastosowa\u0144.<\/p>\n<p>Dzi\u0119ki procesorom SoC z Intel&#8217;s Embedded Roadmap, te wbudowane komputery s\u0105 zaprojektowane z my\u015bl\u0105 o d\u0142ugiej \u017cywotno\u015bci w twoich zastosowaniach. Przylutowana pami\u0119\u0107 RAM i dyski SSD zapewniaj\u0105 dodatkowe bezpiecze\u0144stwo w po\u0142\u0105czeniu z du\u017c\u0105 \u0142atwo\u015bci\u0105 obs\u0142ugi podczas konserwacji.<\/p>\n<h4>KORZY\u015aCI DLA KLIENT\u00d3W<\/h4>\n<ul>\n<li>Niestandardowe kolory (zielone, bia\u0142e, czarne) \u2013 idealne do wdra\u017cania w r\u00f3\u017cnych zastosowaniach z r\u00f3\u017cnymi funkcjami oprogramowania<\/li>\n<li>Obs\u0142uga BIOS dla niestandardowego urz\u0105dzenia pami\u0119ci masowej M.2 Crypto<\/li>\n<li>Wytrzyma\u0142a konstrukcja<\/li>\n<li>Praca w szerokim zakresie temperatur<\/li>\n<\/ul>\n","protected":false},"excerpt":{"rendered":"<p>Security Device for IIoT (Small Footprint) zosta\u0142 opracowany dla du\u017cej korporacji mi\u0119dzynarodowej z siedzib\u0105 w Europie, kt\u00f3ra specjalizuje si\u0119 w zaufanym oprogramowaniu i us\u0142ugach bezpiecze\u0144stwa. ADL opracowa\u0142a kompaktowy Intel Atom-based Embedded PC (EPC), aby umo\u017cliwi\u0107 klientom rozw\u00f3j w przemys\u0142owych zastosowaniach IoT.<\/p>\n","protected":false},"featured_media":10785,"template":"","meta":{"_acf_changed":false,"inline_featured_image":false,"_monsterinsights_skip_tracking":false,"_monsterinsights_sitenote_active":false,"_monsterinsights_sitenote_note":"","_monsterinsights_sitenote_category":0},"product_brand":[],"product_cat":[106,246],"product_tag":[],"class_list":{"0":"post-3749","1":"product","2":"type-product","3":"status-publish","4":"has-post-thumbnail","6":"product_cat-adl-embedded-solutions","7":"product_cat-komputery-kompaktowe","9":"first","10":"instock","11":"shipping-taxable","12":"product-type-simple"},"acf":[],"_links":{"self":[{"href":"https:\/\/quantum.com.pl\/pl\/wp-json\/wp\/v2\/product\/3749","targetHints":{"allow":["GET"]}}],"collection":[{"href":"https:\/\/quantum.com.pl\/pl\/wp-json\/wp\/v2\/product"}],"about":[{"href":"https:\/\/quantum.com.pl\/pl\/wp-json\/wp\/v2\/types\/product"}],"wp:featuredmedia":[{"embeddable":true,"href":"https:\/\/quantum.com.pl\/pl\/wp-json\/wp\/v2\/media\/10785"}],"wp:attachment":[{"href":"https:\/\/quantum.com.pl\/pl\/wp-json\/wp\/v2\/media?parent=3749"}],"wp:term":[{"taxonomy":"product_brand","embeddable":true,"href":"https:\/\/quantum.com.pl\/pl\/wp-json\/wp\/v2\/product_brand?post=3749"},{"taxonomy":"product_cat","embeddable":true,"href":"https:\/\/quantum.com.pl\/pl\/wp-json\/wp\/v2\/product_cat?post=3749"},{"taxonomy":"product_tag","embeddable":true,"href":"https:\/\/quantum.com.pl\/pl\/wp-json\/wp\/v2\/product_tag?post=3749"}],"curies":[{"name":"wp","href":"https:\/\/api.w.org\/{rel}","templated":true}]}}