{"id":3754,"date":"2019-07-12T20:03:36","date_gmt":"2019-07-12T18:03:36","guid":{"rendered":"https:\/\/quantum.com.pl\/?post_type=product&#038;p=3754"},"modified":"2020-12-04T14:56:34","modified_gmt":"2020-12-04T13:56:34","slug":"cyberthreat-security-edge-device-small-footprint","status":"publish","type":"product","link":"https:\/\/quantum.com.pl\/pl\/product\/cyberthreat-security-edge-device-small-footprint\/","title":{"rendered":"Cyberthreat Security Edge Device (Small Footprint)"},"content":{"rendered":"<p>Cyberthreat Security Edge Device (Small Footprint) zosta\u0142 zaprojektowany z my\u015bl\u0105 o modernizacji istniej\u0105cej infrastruktury podstacji zasilania, kt\u00f3rej zagra\u017caj\u0105 r\u00f3\u017cne czynniki, ADL zaprojektowa\u0142 kompaktowe urz\u0105dzenie z wieloma istotnymi funkcjami \u2013 wytrzyma\u0142\u0105 konstrukcj\u0105, szerok\u0105 temperatur\u0105 i napi\u0119ciem oraz niestandardowymi I\/O dla \u0142atwego wdra\u017cania.<\/p>\n<p>Ma\u0142y, solidny, d\u0142ugoterminowo dost\u0119pny! W\u0142a\u015bnie taki produkt otrzymujesz dzi\u0119ki ADL Embedded-PC. Przemys\u0142owe p\u0142yty procesora o niewielkich wymiarach \u2013 tylko 75 x 75mm \u2013 otwieraj\u0105 przed tob\u0105 zupe\u0142nie nowe mo\u017cliwo\u015bci zastosowa\u0144.<\/p>\n<p>Dzi\u0119ki procesorom SoC z Intel&#8217;s Embedded Roadmap, te wbudowane komputery s\u0105 zaprojektowane z my\u015bl\u0105 o d\u0142ugiej \u017cywotno\u015bci w twoich zastosowaniach. Przylutowana pami\u0119\u0107 RAM i dyski SSD zapewniaj\u0105 dodatkowe bezpiecze\u0144stwo w po\u0142\u0105czeniu z du\u017c\u0105 \u0142atwo\u015bci\u0105 obs\u0142ugi podczas konserwacji.<\/p>\n<h4>KORZY\u015aCI DLA KLIENT\u00d3W:<\/h4>\n<ul>\n<li>Kompaktowy rozmiar<\/li>\n<li>Szeroka temperatura robocza (od -40C do 85\u00b0C)<\/li>\n<li>D\u0142ugoterminowa dost\u0119pno\u015b\u0107 \u2013 15 lat<\/li>\n<li>Custom Mezzanine do Address GPIO, Wide Input Voltage, LED oraz Configuration Switch Requirements<\/li>\n<\/ul>\n","protected":false},"excerpt":{"rendered":"<p>Cyberthreat Security Edge Device (Small Footprint) zosta\u0142 zaprojektowany z my\u015bl\u0105 o modernizacji istniej\u0105cej infrastruktury podstacji zasilania, kt\u00f3rej zagra\u017caj\u0105 r\u00f3\u017cne czynniki, ADL zaprojektowa\u0142 kompaktowe urz\u0105dzenie z wieloma istotnymi funkcjami \u2013 wytrzyma\u0142\u0105 konstrukcj\u0105, szerok\u0105 temperatur\u0105 i napi\u0119ciem oraz niestandardowymi I\/O dla \u0142atwego wdra\u017cania.<\/p>\n","protected":false},"featured_media":10783,"template":"","meta":{"_acf_changed":false,"inline_featured_image":false,"_monsterinsights_skip_tracking":false,"_monsterinsights_sitenote_active":false,"_monsterinsights_sitenote_note":"","_monsterinsights_sitenote_category":0},"product_brand":[],"product_cat":[106,246],"product_tag":[],"class_list":{"0":"post-3754","1":"product","2":"type-product","3":"status-publish","4":"has-post-thumbnail","6":"product_cat-adl-embedded-solutions","7":"product_cat-komputery-kompaktowe","9":"first","10":"instock","11":"shipping-taxable","12":"product-type-simple"},"acf":[],"_links":{"self":[{"href":"https:\/\/quantum.com.pl\/pl\/wp-json\/wp\/v2\/product\/3754","targetHints":{"allow":["GET"]}}],"collection":[{"href":"https:\/\/quantum.com.pl\/pl\/wp-json\/wp\/v2\/product"}],"about":[{"href":"https:\/\/quantum.com.pl\/pl\/wp-json\/wp\/v2\/types\/product"}],"wp:featuredmedia":[{"embeddable":true,"href":"https:\/\/quantum.com.pl\/pl\/wp-json\/wp\/v2\/media\/10783"}],"wp:attachment":[{"href":"https:\/\/quantum.com.pl\/pl\/wp-json\/wp\/v2\/media?parent=3754"}],"wp:term":[{"taxonomy":"product_brand","embeddable":true,"href":"https:\/\/quantum.com.pl\/pl\/wp-json\/wp\/v2\/product_brand?post=3754"},{"taxonomy":"product_cat","embeddable":true,"href":"https:\/\/quantum.com.pl\/pl\/wp-json\/wp\/v2\/product_cat?post=3754"},{"taxonomy":"product_tag","embeddable":true,"href":"https:\/\/quantum.com.pl\/pl\/wp-json\/wp\/v2\/product_tag?post=3754"}],"curies":[{"name":"wp","href":"https:\/\/api.w.org\/{rel}","templated":true}]}}