{"id":3764,"date":"2019-07-12T21:32:35","date_gmt":"2019-07-12T19:32:35","guid":{"rendered":"https:\/\/quantum.com.pl\/?post_type=product&#038;p=3764"},"modified":"2020-12-04T14:57:22","modified_gmt":"2020-12-04T13:57:22","slug":"security-device-for-iiot-additional-i-o","status":"publish","type":"product","link":"https:\/\/quantum.com.pl\/pl\/product\/security-device-for-iiot-additional-i-o\/","title":{"rendered":"Security Device for IIoT (Additional I\/O)"},"content":{"rendered":"<p>Security Device for IIoT (Additional I\/O) zosta\u0142 opracowany dla du\u017cej korporacji mi\u0119dzynarodowej z siedzib\u0105 w Europie, kt\u00f3ra specjalizuje si\u0119 w zaufanym oprogramowaniu i us\u0142ugach bezpiecze\u0144stwa. ADL opracowa\u0142a kompaktowy Intel Atom-based Embedded PC (EPC), aby umo\u017cliwi\u0107 klientom rozw\u00f3j w przemys\u0142owych zastosowaniach IoT.<\/p>\n<p>Z\u0142\u0105cze Edge-Connect na p\u0142ycie procesora zapewnia dost\u0119p do szerokiej gamy szybkich sygna\u0142\u00f3w, co pozwala uzyska\u0107 ogromny wyb\u00f3r rozszerze\u0144.<\/p>\n<p>Potrzebujesz skalowalnych rozszerze\u0144 klasy przemys\u0142owej? Dost\u0119pne s\u0105 d\u0142ugie listy kart mPCIe i M.2, takich jak WiFi, Bluetooth, 4G\/5G, CAN i CAN-FD, jak r\u00f3wnie\u017c typowe Fieldbuses automatyki przemys\u0142owej, np. Profibus\u2026 i inne.<\/p>\n<h4>KORZY\u015aCI DLA KLIENT\u00d3W<\/h4>\n<ul>\n<li>Niestandardowe kolory (zielone, bia\u0142e, czarne) \u2013 idealne do wdra\u017cania w r\u00f3\u017cnych zastosowaniach z r\u00f3\u017cnymi funkcjami oprogramowania<\/li>\n<li>Obs\u0142uga BIOS dla niestandardowego urz\u0105dzenia pami\u0119ci masowej M.2 Crypto<\/li>\n<li>Wytrzyma\u0142a konstrukcja<\/li>\n<li>Praca w szerokim zakresie temperatur<\/li>\n<\/ul>\n","protected":false},"excerpt":{"rendered":"<p>Security Device for IIoT (Additional I\/O) zosta\u0142 opracowany dla du\u017cej korporacji mi\u0119dzynarodowej z siedzib\u0105 w Europie, kt\u00f3ra specjalizuje si\u0119 w zaufanym oprogramowaniu i us\u0142ugach bezpiecze\u0144stwa. ADL opracowa\u0142a kompaktowy Intel Atom-based Embedded PC (EPC), aby umo\u017cliwi\u0107 klientom rozw\u00f3j w przemys\u0142owych zastosowaniach IoT.<\/p>\n","protected":false},"featured_media":10785,"template":"","meta":{"_acf_changed":false,"inline_featured_image":false,"_monsterinsights_skip_tracking":false,"_monsterinsights_sitenote_active":false,"_monsterinsights_sitenote_note":"","_monsterinsights_sitenote_category":0},"product_brand":[],"product_cat":[106,246],"product_tag":[],"class_list":{"0":"post-3764","1":"product","2":"type-product","3":"status-publish","4":"has-post-thumbnail","6":"product_cat-adl-embedded-solutions","7":"product_cat-komputery-kompaktowe","9":"first","10":"instock","11":"shipping-taxable","12":"product-type-simple"},"acf":[],"_links":{"self":[{"href":"https:\/\/quantum.com.pl\/pl\/wp-json\/wp\/v2\/product\/3764","targetHints":{"allow":["GET"]}}],"collection":[{"href":"https:\/\/quantum.com.pl\/pl\/wp-json\/wp\/v2\/product"}],"about":[{"href":"https:\/\/quantum.com.pl\/pl\/wp-json\/wp\/v2\/types\/product"}],"wp:featuredmedia":[{"embeddable":true,"href":"https:\/\/quantum.com.pl\/pl\/wp-json\/wp\/v2\/media\/10785"}],"wp:attachment":[{"href":"https:\/\/quantum.com.pl\/pl\/wp-json\/wp\/v2\/media?parent=3764"}],"wp:term":[{"taxonomy":"product_brand","embeddable":true,"href":"https:\/\/quantum.com.pl\/pl\/wp-json\/wp\/v2\/product_brand?post=3764"},{"taxonomy":"product_cat","embeddable":true,"href":"https:\/\/quantum.com.pl\/pl\/wp-json\/wp\/v2\/product_cat?post=3764"},{"taxonomy":"product_tag","embeddable":true,"href":"https:\/\/quantum.com.pl\/pl\/wp-json\/wp\/v2\/product_tag?post=3764"}],"curies":[{"name":"wp","href":"https:\/\/api.w.org\/{rel}","templated":true}]}}