{"id":3769,"date":"2019-07-12T21:42:03","date_gmt":"2019-07-12T19:42:03","guid":{"rendered":"https:\/\/quantum.com.pl\/?post_type=product&#038;p=3769"},"modified":"2020-12-04T14:55:25","modified_gmt":"2020-12-04T13:55:25","slug":"cyberthreat-security-edge-device-additional-i-o","status":"publish","type":"product","link":"https:\/\/quantum.com.pl\/pl\/product\/cyberthreat-security-edge-device-additional-i-o\/","title":{"rendered":"Cyberthreat Security Edge Device (Additional I\/O)"},"content":{"rendered":"<p>Cyberthreat Security Edge Device (Additional I\/O) zosta\u0142 zaprojektowany z my\u015bl\u0105 o modernizacji istniej\u0105cej infrastruktury podstacji zasilania, kt\u00f3rej zagra\u017caj\u0105 r\u00f3\u017cne czynniki, ADL zaprojektowa\u0142 kompaktowe urz\u0105dzenie z wieloma istotnymi funkcjami \u2013 wytrzyma\u0142\u0105 konstrukcj\u0105, szerok\u0105 temperatur\u0105 i napi\u0119ciem oraz niestandardowymi I\/O dla \u0142atwego wdra\u017cania.<\/p>\n<p>Z\u0142\u0105cze Edge-Connect na p\u0142ycie procesora zapewnia dost\u0119p do szerokiej gamy szybkich sygna\u0142\u00f3w, co pozwala uzyska\u0107 ogromny wyb\u00f3r rozszerze\u0144.<\/p>\n<p>Potrzebujesz skalowalnych rozszerze\u0144 klasy przemys\u0142owej? Dost\u0119pne s\u0105 d\u0142ugie listy kart mPCIe i M.2, takich jak WiFi, Bluetooth, 4G\/5G, CAN i CAN-FD, jak r\u00f3wnie\u017c typowe Fieldbuses automatyki przemys\u0142owej, np. Profibus\u2026 i inne.<\/p>\n<h4>KORZY\u015aCI DLA KLIENT\u00d3W:<\/h4>\n<ul>\n<li>Kompaktowy rozmiar<\/li>\n<li>Szeroka temperatura robocza (od -40C do 85\u00b0C)<\/li>\n<li>D\u0142ugoterminowa dost\u0119pno\u015b\u0107 \u2013 15 lat<\/li>\n<li>Custom Mezzanine do Address GPIO, Wide Input Voltage, LED oraz Configuration Switch Requirements<\/li>\n<\/ul>\n","protected":false},"excerpt":{"rendered":"<p>Cyberthreat Security Edge Device (Additional I\/O) zosta\u0142 zaprojektowany z my\u015bl\u0105 o modernizacji istniej\u0105cej infrastruktury podstacji zasilania, kt\u00f3rej zagra\u017caj\u0105 r\u00f3\u017cne czynniki, ADL zaprojektowa\u0142 kompaktowe urz\u0105dzenie z wieloma istotnymi funkcjami \u2013 wytrzyma\u0142\u0105 konstrukcj\u0105, szerok\u0105 temperatur\u0105 i napi\u0119ciem oraz niestandardowymi I\/O dla \u0142atwego wdra\u017cania.<\/p>\n","protected":false},"featured_media":10783,"template":"","meta":{"_acf_changed":false,"inline_featured_image":false,"_monsterinsights_skip_tracking":false,"_monsterinsights_sitenote_active":false,"_monsterinsights_sitenote_note":"","_monsterinsights_sitenote_category":0},"product_brand":[],"product_cat":[106,246],"product_tag":[],"class_list":{"0":"post-3769","1":"product","2":"type-product","3":"status-publish","4":"has-post-thumbnail","6":"product_cat-adl-embedded-solutions","7":"product_cat-komputery-kompaktowe","9":"first","10":"instock","11":"shipping-taxable","12":"product-type-simple"},"acf":[],"_links":{"self":[{"href":"https:\/\/quantum.com.pl\/pl\/wp-json\/wp\/v2\/product\/3769","targetHints":{"allow":["GET"]}}],"collection":[{"href":"https:\/\/quantum.com.pl\/pl\/wp-json\/wp\/v2\/product"}],"about":[{"href":"https:\/\/quantum.com.pl\/pl\/wp-json\/wp\/v2\/types\/product"}],"wp:featuredmedia":[{"embeddable":true,"href":"https:\/\/quantum.com.pl\/pl\/wp-json\/wp\/v2\/media\/10783"}],"wp:attachment":[{"href":"https:\/\/quantum.com.pl\/pl\/wp-json\/wp\/v2\/media?parent=3769"}],"wp:term":[{"taxonomy":"product_brand","embeddable":true,"href":"https:\/\/quantum.com.pl\/pl\/wp-json\/wp\/v2\/product_brand?post=3769"},{"taxonomy":"product_cat","embeddable":true,"href":"https:\/\/quantum.com.pl\/pl\/wp-json\/wp\/v2\/product_cat?post=3769"},{"taxonomy":"product_tag","embeddable":true,"href":"https:\/\/quantum.com.pl\/pl\/wp-json\/wp\/v2\/product_tag?post=3769"}],"curies":[{"name":"wp","href":"https:\/\/api.w.org\/{rel}","templated":true}]}}