{"id":3773,"date":"2019-07-12T21:46:32","date_gmt":"2019-07-12T19:46:32","guid":{"rendered":"https:\/\/quantum.com.pl\/?post_type=product&#038;p=3773"},"modified":"2020-12-04T14:53:23","modified_gmt":"2020-12-04T13:53:23","slug":"compact-military-avionics-edge-device-additional-i-o","status":"publish","type":"product","link":"https:\/\/quantum.com.pl\/pl\/product\/compact-military-avionics-edge-device-additional-i-o\/","title":{"rendered":"Compact, Military Avionics Edge Device (Additional I\/O)"},"content":{"rendered":"<p>Compact, Military Avionics Edge Device (Additional I\/O) zosta\u0142 opracowany na podstawie poprzedniego niestandardowego projektu. To kompaktowe urz\u0105dzenie posiada MILCOTS \u00bc Brick Power Supply do kompatybilno\u015bci napi\u0119cia z dost\u0119pn\u0105 wojskow\u0105 Avionics Power. Mo\u017cesz teraz wykorzysta\u0107 swoje oryginalne oprogramowanie do zastosowa\u0144 cyberbezpiecze\u0144stwa w nowym \u015brodowisku.<\/p>\n<p>Z\u0142\u0105cze Edge-Connect na p\u0142ycie procesora zapewnia dost\u0119p do szerokiej gamy szybkich sygna\u0142\u00f3w, co pozwala uzyska\u0107 ogromny wyb\u00f3r rozszerze\u0144.<\/p>\n<p>Potrzebujesz skalowalnych rozszerze\u0144 klasy przemys\u0142owej? Dost\u0119pne s\u0105 d\u0142ugie listy kart mPCIe i M.2, takich jak WiFi, Bluetooth, 4G\/5G, CAN i CAN-FD, jak r\u00f3wnie\u017c typowe Fieldbuses automatyki przemys\u0142owej, np. Profibus\u2026 i inne.<\/p>\n<h4>KORZY\u015aCI DLA KLIENT\u00d3W:<\/h4>\n<ul>\n<li>Kompaktowy rozmiar<\/li>\n<li>Dostosowany MILCOTS Power Supply<\/li>\n<li>Szeroka temperatura robocza (-40C do 85 \u00b0C)<\/li>\n<li>D\u0142ugoterminowa dost\u0119pno\u015b\u0107 \u2013 15 lat<\/li>\n<\/ul>\n","protected":false},"excerpt":{"rendered":"<p>Compact, Military Avionics Edge Device (Additional I\/O) zosta\u0142 opracowany na podstawie poprzedniego niestandardowego projektu. To kompaktowe urz\u0105dzenie posiada MILCOTS \u00bc Brick Power Supply do kompatybilno\u015bci napi\u0119cia z dost\u0119pn\u0105 wojskow\u0105 Avionics Power. Mo\u017cesz teraz wykorzysta\u0107 swoje oryginalne oprogramowanie do zastosowa\u0144 cyberbezpiecze\u0144stwa w nowym \u015brodowisku.<\/p>\n","protected":false},"featured_media":10781,"template":"","meta":{"_acf_changed":false,"inline_featured_image":false,"_monsterinsights_skip_tracking":false,"_monsterinsights_sitenote_active":false,"_monsterinsights_sitenote_note":"","_monsterinsights_sitenote_category":0},"product_brand":[],"product_cat":[106,246],"product_tag":[],"class_list":{"0":"post-3773","1":"product","2":"type-product","3":"status-publish","4":"has-post-thumbnail","6":"product_cat-adl-embedded-solutions","7":"product_cat-komputery-kompaktowe","9":"first","10":"instock","11":"shipping-taxable","12":"product-type-simple"},"acf":[],"_links":{"self":[{"href":"https:\/\/quantum.com.pl\/pl\/wp-json\/wp\/v2\/product\/3773","targetHints":{"allow":["GET"]}}],"collection":[{"href":"https:\/\/quantum.com.pl\/pl\/wp-json\/wp\/v2\/product"}],"about":[{"href":"https:\/\/quantum.com.pl\/pl\/wp-json\/wp\/v2\/types\/product"}],"wp:featuredmedia":[{"embeddable":true,"href":"https:\/\/quantum.com.pl\/pl\/wp-json\/wp\/v2\/media\/10781"}],"wp:attachment":[{"href":"https:\/\/quantum.com.pl\/pl\/wp-json\/wp\/v2\/media?parent=3773"}],"wp:term":[{"taxonomy":"product_brand","embeddable":true,"href":"https:\/\/quantum.com.pl\/pl\/wp-json\/wp\/v2\/product_brand?post=3773"},{"taxonomy":"product_cat","embeddable":true,"href":"https:\/\/quantum.com.pl\/pl\/wp-json\/wp\/v2\/product_cat?post=3773"},{"taxonomy":"product_tag","embeddable":true,"href":"https:\/\/quantum.com.pl\/pl\/wp-json\/wp\/v2\/product_tag?post=3773"}],"curies":[{"name":"wp","href":"https:\/\/api.w.org\/{rel}","templated":true}]}}