{"id":3778,"date":"2019-07-12T22:03:05","date_gmt":"2019-07-12T20:03:05","guid":{"rendered":"https:\/\/quantum.com.pl\/?post_type=product&#038;p=3778"},"modified":"2020-05-07T21:25:45","modified_gmt":"2020-05-07T19:25:45","slug":"security-device-for-iiot-low-profile","status":"publish","type":"product","link":"https:\/\/quantum.com.pl\/pl\/product\/security-device-for-iiot-low-profile\/","title":{"rendered":"Security Device for IIoT (Low Profile)"},"content":{"rendered":"<p>Security Device for IIoT (Low Profile) zosta\u0142 opracowany dla du\u017cej korporacji mi\u0119dzynarodowej z siedzib\u0105 w Europie, kt\u00f3ra specjalizuje si\u0119 w zaufanym oprogramowaniu i us\u0142ugach bezpiecze\u0144stwa. ADL opracowa\u0142a kompaktowy Intel Atom-based Embedded PC (EPC), aby umo\u017cliwi\u0107 klientom rozw\u00f3j w przemys\u0142owych zastosowaniach IoT.<\/p>\n<p>Istniej\u0105 r\u00f3\u017cne opcje do wyboru. Niezale\u017cnie od tego, czy d\u0105\u017cysz do uzyskania ultra p\u0142askiej konstrukcji w pionie, czy te\u017c rozmiar systemu jest ograniczony w wymiarach, kontrolery SBC firmy ADL Embedded Solutions s\u0105 dost\u0119pne w r\u00f3\u017cnych rozmiarach i dostosuj\u0105 si\u0119 do twoich oczekiwa\u0144!<\/p>\n<p>Naszym celem jest twoje zadowolenie dzi\u0119ki solidnym i bezpiecznym systemom. W zwi\u0105zku z tym, integralno\u015b\u0107 sygna\u0142u, solidna funkcja i d\u0142uga niezawodno\u015b\u0107 musz\u0105 by\u0107 brane pod uwag\u0119 przy wyborze p\u0142yty procesora i karty rozszerze\u0144. Zapytaj nas o wymagane rozszerzenia \u2013 razem wdro\u017cymy tw\u00f3j odpowiedni system.<\/p>\n<h4>KORZY\u015aCI DLA KLIENT\u00d3W<\/h4>\n<ul>\n<li>Niestandardowe kolory (zielone, bia\u0142e, czarne) \u2013 idealne do wdra\u017cania w r\u00f3\u017cnych zastosowaniach z r\u00f3\u017cnymi funkcjami oprogramowania<\/li>\n<li>Obs\u0142uga BIOS dla niestandardowego urz\u0105dzenia pami\u0119ci masowej M.2 Crypto<\/li>\n<li>Wytrzyma\u0142a konstrukcja<\/li>\n<li>Praca w szerokim zakresie temperatur<\/li>\n<\/ul>\n","protected":false},"excerpt":{"rendered":"<p>Security Device for IIoT (Low Profile) zosta\u0142 opracowany dla du\u017cej korporacji mi\u0119dzynarodowej z siedzib\u0105 w Europie, kt\u00f3ra specjalizuje si\u0119 w zaufanym oprogramowaniu i us\u0142ugach bezpiecze\u0144stwa. ADL opracowa\u0142a kompaktowy Intel Atom-based Embedded PC (EPC), aby umo\u017cliwi\u0107 klientom rozw\u00f3j w przemys\u0142owych zastosowaniach IoT.<\/p>\n","protected":false},"featured_media":10785,"template":"","meta":{"_acf_changed":false,"inline_featured_image":false,"_monsterinsights_skip_tracking":false,"_monsterinsights_sitenote_active":false,"_monsterinsights_sitenote_note":"","_monsterinsights_sitenote_category":0},"product_brand":[],"product_cat":[106,246],"product_tag":[],"class_list":{"0":"post-3778","1":"product","2":"type-product","3":"status-publish","4":"has-post-thumbnail","6":"product_cat-adl-embedded-solutions","7":"product_cat-komputery-kompaktowe","9":"first","10":"instock","11":"shipping-taxable","12":"product-type-simple"},"acf":[],"_links":{"self":[{"href":"https:\/\/quantum.com.pl\/pl\/wp-json\/wp\/v2\/product\/3778","targetHints":{"allow":["GET"]}}],"collection":[{"href":"https:\/\/quantum.com.pl\/pl\/wp-json\/wp\/v2\/product"}],"about":[{"href":"https:\/\/quantum.com.pl\/pl\/wp-json\/wp\/v2\/types\/product"}],"wp:featuredmedia":[{"embeddable":true,"href":"https:\/\/quantum.com.pl\/pl\/wp-json\/wp\/v2\/media\/10785"}],"wp:attachment":[{"href":"https:\/\/quantum.com.pl\/pl\/wp-json\/wp\/v2\/media?parent=3778"}],"wp:term":[{"taxonomy":"product_brand","embeddable":true,"href":"https:\/\/quantum.com.pl\/pl\/wp-json\/wp\/v2\/product_brand?post=3778"},{"taxonomy":"product_cat","embeddable":true,"href":"https:\/\/quantum.com.pl\/pl\/wp-json\/wp\/v2\/product_cat?post=3778"},{"taxonomy":"product_tag","embeddable":true,"href":"https:\/\/quantum.com.pl\/pl\/wp-json\/wp\/v2\/product_tag?post=3778"}],"curies":[{"name":"wp","href":"https:\/\/api.w.org\/{rel}","templated":true}]}}