{"id":3783,"date":"2019-07-12T22:11:00","date_gmt":"2019-07-12T20:11:00","guid":{"rendered":"https:\/\/quantum.com.pl\/?post_type=product&#038;p=3783"},"modified":"2020-12-04T14:55:54","modified_gmt":"2020-12-04T13:55:54","slug":"cyberthreat-security-edge-device-low-profile","status":"publish","type":"product","link":"https:\/\/quantum.com.pl\/pl\/product\/cyberthreat-security-edge-device-low-profile\/","title":{"rendered":"Cyberthreat Security Edge Device (Low Profile)"},"content":{"rendered":"<p>Cyberthreat Security Edge Device (Low Profile) zosta\u0142 zaprojektowany z my\u015bl\u0105 o modernizacji istniej\u0105cej infrastruktury podstacji zasilania, kt\u00f3rej zagra\u017caj\u0105 r\u00f3\u017cne czynniki, ADL zaprojektowa\u0142 kompaktowe urz\u0105dzenie z wieloma istotnymi funkcjami \u2013 wytrzyma\u0142\u0105 konstrukcj\u0105, szerok\u0105 temperatur\u0105 i napi\u0119ciem oraz niestandardowymi I\/O dla \u0142atwego wdra\u017cania.<\/p>\n<p>Istniej\u0105 r\u00f3\u017cne opcje do wyboru. Niezale\u017cnie od tego, czy d\u0105\u017cysz do uzyskania ultra p\u0142askiej konstrukcji w pionie, czy te\u017c rozmiar systemu jest ograniczony w wymiarach, kontrolery SBC firmy ADL Embedded Solutions s\u0105 dost\u0119pne w r\u00f3\u017cnych rozmiarach i dostosuj\u0105 si\u0119 do twoich oczekiwa\u0144!<\/p>\n<p>Naszym celem jest twoje zadowolenie dzi\u0119ki solidnym i bezpiecznym systemom. W zwi\u0105zku z tym, integralno\u015b\u0107 sygna\u0142u, solidna funkcja i d\u0142uga niezawodno\u015b\u0107 musz\u0105 by\u0107 brane pod uwag\u0119 przy wyborze p\u0142yty procesora i karty rozszerze\u0144. Zapytaj nas o wymagane rozszerzenia \u2013 razem wdro\u017cymy tw\u00f3j odpowiedni system.<\/p>\n<h4>KORZY\u015aCI DLA KLIENT\u00d3W:<\/h4>\n<ul>\n<li>Kompaktowy rozmiar<\/li>\n<li>Szeroka temperatura robocza (od -40C do 85\u00b0C)<\/li>\n<li>D\u0142ugoterminowa dost\u0119pno\u015b\u0107 \u2013 15 lat<\/li>\n<li>Custom Mezzanine do Address GPIO, Wide Input Voltage, LED oraz Configuration Switch Requirements<\/li>\n<\/ul>\n","protected":false},"excerpt":{"rendered":"<p>Cyberthreat Security Edge Device (Low Profile) zosta\u0142 zaprojektowany z my\u015bl\u0105 o modernizacji istniej\u0105cej infrastruktury podstacji zasilania, kt\u00f3rej zagra\u017caj\u0105 r\u00f3\u017cne czynniki, ADL zaprojektowa\u0142 kompaktowe urz\u0105dzenie z wieloma istotnymi funkcjami \u2013 wytrzyma\u0142\u0105 konstrukcj\u0105, szerok\u0105 temperatur\u0105 i napi\u0119ciem oraz niestandardowymi I\/O dla \u0142atwego wdra\u017cania.<\/p>\n","protected":false},"featured_media":10783,"template":"","meta":{"_acf_changed":false,"inline_featured_image":false,"_monsterinsights_skip_tracking":false,"_monsterinsights_sitenote_active":false,"_monsterinsights_sitenote_note":"","_monsterinsights_sitenote_category":0},"product_brand":[],"product_cat":[106,246],"product_tag":[],"class_list":{"0":"post-3783","1":"product","2":"type-product","3":"status-publish","4":"has-post-thumbnail","6":"product_cat-adl-embedded-solutions","7":"product_cat-komputery-kompaktowe","9":"first","10":"instock","11":"shipping-taxable","12":"product-type-simple"},"acf":[],"_links":{"self":[{"href":"https:\/\/quantum.com.pl\/pl\/wp-json\/wp\/v2\/product\/3783","targetHints":{"allow":["GET"]}}],"collection":[{"href":"https:\/\/quantum.com.pl\/pl\/wp-json\/wp\/v2\/product"}],"about":[{"href":"https:\/\/quantum.com.pl\/pl\/wp-json\/wp\/v2\/types\/product"}],"wp:featuredmedia":[{"embeddable":true,"href":"https:\/\/quantum.com.pl\/pl\/wp-json\/wp\/v2\/media\/10783"}],"wp:attachment":[{"href":"https:\/\/quantum.com.pl\/pl\/wp-json\/wp\/v2\/media?parent=3783"}],"wp:term":[{"taxonomy":"product_brand","embeddable":true,"href":"https:\/\/quantum.com.pl\/pl\/wp-json\/wp\/v2\/product_brand?post=3783"},{"taxonomy":"product_cat","embeddable":true,"href":"https:\/\/quantum.com.pl\/pl\/wp-json\/wp\/v2\/product_cat?post=3783"},{"taxonomy":"product_tag","embeddable":true,"href":"https:\/\/quantum.com.pl\/pl\/wp-json\/wp\/v2\/product_tag?post=3783"}],"curies":[{"name":"wp","href":"https:\/\/api.w.org\/{rel}","templated":true}]}}